{"id":17607,"date":"2021-10-12T03:07:55","date_gmt":"2021-10-12T01:07:55","guid":{"rendered":"https:\/\/sacslab.com\/muj-ucet\/"},"modified":"2024-09-04T14:59:08","modified_gmt":"2024-09-04T12:59:08","slug":"muj-ucet","status":"publish","type":"page","link":"https:\/\/sacslab.com\/cs\/muj-ucet\/","title":{"rendered":"M\u016fj \u00fa\u010det"},"content":{"rendered":"<div class=\"woocommerce\"><\/div>\n","protected":false},"excerpt":{"rendered":"","protected":false},"author":40,"featured_media":0,"parent":0,"menu_order":0,"comment_status":"closed","ping_status":"closed","template":"","meta":{"inline_featured_image":false,"footnotes":""},"class_list":["post-17607","page","type-page","status-publish","hentry"],"_links":{"self":[{"href":"https:\/\/sacslab.com\/cs\/wp-json\/wp\/v2\/pages\/17607","targetHints":{"allow":["GET"]}}],"collection":[{"href":"https:\/\/sacslab.com\/cs\/wp-json\/wp\/v2\/pages"}],"about":[{"href":"https:\/\/sacslab.com\/cs\/wp-json\/wp\/v2\/types\/page"}],"author":[{"embeddable":true,"href":"https:\/\/sacslab.com\/cs\/wp-json\/wp\/v2\/users\/40"}],"replies":[{"embeddable":true,"href":"https:\/\/sacslab.com\/cs\/wp-json\/wp\/v2\/comments?post=17607"}],"version-history":[{"count":0,"href":"https:\/\/sacslab.com\/cs\/wp-json\/wp\/v2\/pages\/17607\/revisions"}],"wp:attachment":[{"href":"https:\/\/sacslab.com\/cs\/wp-json\/wp\/v2\/media?parent=17607"}],"curies":[{"name":"wp","href":"https:\/\/api.w.org\/{rel}","templated":true}]}}