{"id":17698,"date":"2021-10-14T02:24:40","date_gmt":"2021-10-14T00:24:40","guid":{"rendered":"https:\/\/sacslab.com\/o-nas\/"},"modified":"2025-04-23T11:03:26","modified_gmt":"2025-04-23T09:03:26","slug":"o-nas","status":"publish","type":"page","link":"https:\/\/sacslab.com\/cs\/o-nas\/","title":{"rendered":"O n\u00e1s"},"content":{"rendered":"\t\t<div data-elementor-type=\"wp-page\" data-elementor-id=\"17698\" class=\"elementor elementor-17698 elementor-587\" data-elementor-post-type=\"page\">\n\t\t\t\t\t\t<div class=\"elementor-section elementor-top-section elementor-element elementor-element-df3f5b8 elementor-section-stretched elementor-section-boxed elementor-section-height-default elementor-section-height-default\" data-id=\"df3f5b8\" data-element_type=\"section\" data-e-type=\"section\" data-settings=\"{&quot;stretch_section&quot;:&quot;section-stretched&quot;,&quot;background_background&quot;:&quot;classic&quot;}\">\n\t\t\t\t\t\t\t<div class=\"elementor-background-overlay\"><\/div>\n\t\t\t\t\t\t\t<div class=\"elementor-container elementor-column-gap-no\">\n\t\t\t\t\t<div class=\"elementor-column elementor-col-100 elementor-top-column elementor-element elementor-element-942bc6f\" data-id=\"942bc6f\" data-element_type=\"column\" data-e-type=\"column\">\n\t\t\t<div class=\"elementor-widget-wrap elementor-element-populated\">\n\t\t\t\t\t\t<div class=\"elementor-element elementor-element-ec076b7 elementor-widget elementor-widget-heading\" data-id=\"ec076b7\" data-element_type=\"widget\" data-e-type=\"widget\" data-widget_type=\"heading.default\">\n\t\t\t\t<div class=\"elementor-widget-container\">\n\t\t\t\t\t<h2 class=\"elementor-heading-title elementor-size-default\"><b>Spole\u010dnost SACSLAB<sup><\/sup><\/b>  je l\u00eddrem v oblasti v\u00fdroby a distribuce profesion\u00e1ln\u00edch \u010distic\u00edch a prac\u00edch prost\u0159edk\u016f<\/h2>\t\t\t\t<\/div>\n\t\t\t\t<\/div>\n\t\t\t\t<section class=\"elementor-section elementor-inner-section elementor-element elementor-element-b9f57b2 elementor-section-boxed elementor-section-height-default elementor-section-height-default\" data-id=\"b9f57b2\" data-element_type=\"section\" data-e-type=\"section\">\n\t\t\t\t\t\t<div class=\"elementor-container elementor-column-gap-default\">\n\t\t\t\t\t<div class=\"elementor-column elementor-col-50 elementor-inner-column elementor-element elementor-element-98eee66\" data-id=\"98eee66\" data-element_type=\"column\" data-e-type=\"column\">\n\t\t\t<div class=\"elementor-widget-wrap elementor-element-populated\">\n\t\t\t\t\n\t\t<div class=\"elementor-element elementor-element-f5d907b elementor-widget elementor-widget-text-editor\" data-id=\"f5d907b\" data-element_type=\"widget\" data-e-type=\"widget\" data-widget_type=\"text-editor.default\">\n\t\t\t\t<div class=\"elementor-widget-container\">\n\t\t\t\t\t\t\t\t\t<p><strong>Na\u0161e spole\u010dnost se zab\u00fdv\u00e1 v\u00fdvojem, v\u00fdrobou a distribuc\u00ed profesion\u00e1ln\u00edch \u010distic\u00edch a prac\u00edch prost\u0159edk\u016f nejvy\u0161\u0161\u00ed kvality, kter\u00e9 zaru\u010duj\u00ed efektivitu a spolehlivost \u010di\u0161t\u011bn\u00ed ve v\u0161ech odv\u011btv\u00edch.<\/strong><\/p><p>S dlouholet\u00fdmi zku\u0161enostmi, odbornost\u00ed a neust\u00e1l\u00fdm z\u00e1jmem o inovace v oblasti \u010distoty jsme vytvo\u0159ili \u0161irokou \u0161k\u00e1lu profesion\u00e1ln\u00edch produkt\u016f.<\/p><p><strong>\u010cistic\u00ed a prac\u00ed prost\u0159edky<\/strong> zna\u010dky SACSLAB jsou p\u0159edev\u0161\u00edm ur\u010deny pro hotely, restaurace, penziony a v\u0161echny oblasti, kde je vy\u017eadov\u00e1na profesion\u00e1ln\u00ed a hygienick\u00e1 \u010distota.<\/p>\t\t\t\t\t\t\t\t<\/div>\n\t\t\t\t<\/div>\n\t\t\t\t\t<\/div>\n\t\t<\/div>\n\t\t\t\t<div class=\"elementor-column elementor-col-50 elementor-inner-column elementor-element elementor-element-3a6b0b3\" data-id=\"3a6b0b3\" data-element_type=\"column\" data-e-type=\"column\">\n\t\t\t<div class=\"elementor-widget-wrap elementor-element-populated\">\n\t\t\t\t\t\t<div class=\"elementor-element elementor-element-f28379d elementor-widget elementor-widget-text-editor\" data-id=\"f28379d\" data-element_type=\"widget\" data-e-type=\"widget\" data-widget_type=\"text-editor.default\">\n\t\t\t\t<div class=\"elementor-widget-container\">\n\t\t\t\t\t\t\t\t\t<p><strong>Nab\u00edz\u00edme komplexn\u00ed program \u00faklidu a \u010di\u0161t\u011bn\u00ed,<\/strong> kter\u00fd zefektivn\u00ed \u00faklid ka\u017ed\u00e9ho podniku zaveden\u00edm syst\u00e9mu \u00faklidu, jen\u017e je sestaven kombinac\u00ed vhodn\u00fdch \u010distic\u00edch prost\u0159edk\u016f, pom\u016fcek a \u00faklidov\u00e9 techniky. Vypracovali jsme sanit\u00e1rn\u00ed pl\u00e1ny a postupy \u00faklidu, kter\u00e9 jsou jednoduch\u00fdm pr\u016fvodcem pro v\u00e1\u0161 \u00faklidov\u00fd person\u00e1l.<\/p><p><strong>Nab\u00edz\u00edme firm\u00e1m<\/strong> mo\u017enost zefektivnit \u00fadr\u017ebu \u010distoty prost\u0159ednictv\u00edm \u0161kolen\u00ed pro zam\u011bstnance odpov\u011bdn\u00e9 za \u00faklid a po\u0159\u00e1dek. Spr\u00e1vn\u011b vy\u0161kolen\u00fd person\u00e1l se stane nepostradatelnou sou\u010d\u00e1st\u00ed v\u0161ech podnik\u016f, kde je \u010distota, po\u0159\u00e1dek a spokojenost z\u00e1kazn\u00edka nejvy\u0161\u0161\u00ed prioritou.<\/p>\t\t\t\t\t\t\t\t<\/div>\n\t\t\t\t<\/div>\n\t\t\t\t\t<\/div>\n\t\t<\/div>\n\t\t\t\t\t<\/div>\n\t\t<\/section>\n\t\t\t\t\t<\/div>\n\t\t<\/div>\n\t\t\t\t\t<\/div>\n\t\t<\/div>\n\t\t\t\t<div class=\"elementor-section elementor-top-section elementor-element elementor-element-297f137 elementor-section-stretched elementor-section-boxed elementor-section-height-default elementor-section-height-default\" data-id=\"297f137\" data-element_type=\"section\" data-e-type=\"section\" data-settings=\"{&quot;stretch_section&quot;:&quot;section-stretched&quot;}\">\n\t\t\t\t\t\t<div class=\"elementor-container elementor-column-gap-no\">\n\t\t\t\t\t<div class=\"elementor-column elementor-col-50 elementor-top-column elementor-element elementor-element-4caa925\" data-id=\"4caa925\" data-element_type=\"column\" data-e-type=\"column\" data-settings=\"{&quot;background_background&quot;:&quot;classic&quot;}\">\n\t\t\t<div class=\"elementor-widget-wrap elementor-element-populated\">\n\t\t\t\t\t\t<div class=\"elementor-element elementor-element-1ad6b8f img-box elementor-widget elementor-widget-image\" data-id=\"1ad6b8f\" data-element_type=\"widget\" data-e-type=\"widget\" data-widget_type=\"image.default\">\n\t\t\t\t<div class=\"elementor-widget-container\">\n\t\t\t\t\t\t\t\t\t\t\t\t\t\t\t<img fetchpriority=\"high\" decoding=\"async\" width=\"980\" height=\"655\" src=\"https:\/\/sacslab.com\/wp-content\/uploads\/2025\/03\/01-1024x684.jpg\" class=\"attachment-large size-large wp-image-35517\" alt=\"\" srcset=\"https:\/\/sacslab.com\/wp-content\/uploads\/2025\/03\/01-1024x684.jpg 1024w, https:\/\/sacslab.com\/wp-content\/uploads\/2025\/03\/01-300x200.jpg 300w, https:\/\/sacslab.com\/wp-content\/uploads\/2025\/03\/01-768x513.jpg 768w, https:\/\/sacslab.com\/wp-content\/uploads\/2025\/03\/01-1536x1025.jpg 1536w, https:\/\/sacslab.com\/wp-content\/uploads\/2025\/03\/01-2048x1367.jpg 2048w, https:\/\/sacslab.com\/wp-content\/uploads\/2025\/03\/01-450x300.jpg 450w, https:\/\/sacslab.com\/wp-content\/uploads\/2025\/03\/01-800x534.jpg 800w, https:\/\/sacslab.com\/wp-content\/uploads\/2025\/03\/01-64x43.jpg 64w\" sizes=\"(max-width: 980px) 100vw, 980px\" \/>\t\t\t\t\t\t\t\t\t\t\t\t\t\t\t<\/div>\n\t\t\t\t<\/div>\n\t\t\t\t\t<\/div>\n\t\t<\/div>\n\t\t\t\t<div class=\"elementor-column elementor-col-50 elementor-top-column elementor-element elementor-element-f40f394\" data-id=\"f40f394\" data-element_type=\"column\" data-e-type=\"column\">\n\t\t\t<div class=\"elementor-widget-wrap elementor-element-populated\">\n\t\t\t\t\t\t<div class=\"elementor-element elementor-element-853283c elementor-widget elementor-widget-heading\" data-id=\"853283c\" data-element_type=\"widget\" data-e-type=\"widget\" data-widget_type=\"heading.default\">\n\t\t\t\t<div class=\"elementor-widget-container\">\n\t\t\t\t\t<h2 class=\"elementor-heading-title elementor-size-default\">Priority<\/h2>\t\t\t\t<\/div>\n\t\t\t\t<\/div>\n\t\t\t\t<div class=\"elementor-element elementor-element-8c42cd3 elementor-widget elementor-widget-text-editor\" data-id=\"8c42cd3\" data-element_type=\"widget\" data-e-type=\"widget\" data-widget_type=\"text-editor.default\">\n\t\t\t\t<div class=\"elementor-widget-container\">\n\t\t\t\t\t\t\t\t\t<p>Na\u0161\u00edm c\u00edlem je neust\u00e1le inovovat a nab\u00edzet \u0159e\u0161en\u00ed, kter\u00e1 zaru\u010duj\u00ed vynikaj\u00edc\u00ed v\u00fdsledky a uspokoj\u00ed v\u0161echny pot\u0159eby v oblasti \u010di\u0161t\u011bn\u00ed a \u00faklidu. V\u011b\u0159\u00edme, \u017ee s va\u0161\u00ed podporou m\u016f\u017eeme vytvo\u0159it \u010dist\u0161\u00ed a zdrav\u011bj\u0161\u00ed sv\u011bt.<\/p><p>\u00a0<\/p>\t\t\t\t\t\t\t\t<\/div>\n\t\t\t\t<\/div>\n\t\t\t\t<div class=\"elementor-element elementor-element-e81485c elementor-widget elementor-widget-text-editor\" data-id=\"e81485c\" data-element_type=\"widget\" data-e-type=\"widget\" data-widget_type=\"text-editor.default\">\n\t\t\t\t<div class=\"elementor-widget-container\">\n\t\t\t\t\t\t\t\t\t<p><strong>Pro v\u00edce informac\u00ed n\u00e1s nev\u00e1hejte kontaktovat.<\/strong><\/p>\t\t\t\t\t\t\t\t<\/div>\n\t\t\t\t<\/div>\n\t\t\t\t<div class=\"elementor-element elementor-element-e4f9c10 elementor-align-left elementor-mobile-align-left elementor-widget elementor-widget-button\" data-id=\"e4f9c10\" data-element_type=\"widget\" data-e-type=\"widget\" data-widget_type=\"button.default\">\n\t\t\t\t<div class=\"elementor-widget-container\">\n\t\t\t\t\t\t\t\t\t<div class=\"elementor-button-wrapper\">\n\t\t\t\t\t<a class=\"elementor-button elementor-button-link elementor-size-sm\" href=\"https:\/\/sacslab.com\/cs\/kontakt\/\">\n\t\t\t\t\t\t<span class=\"elementor-button-content-wrapper\">\n\t\t\t\t\t\t\t\t\t<span class=\"elementor-button-text\">KONTAKT<\/span>\n\t\t\t\t\t<\/span>\n\t\t\t\t\t<\/a>\n\t\t\t\t<\/div>\n\t\t\t\t\t\t\t\t<\/div>\n\t\t\t\t<\/div>\n\t\t\t\t\t<\/div>\n\t\t<\/div>\n\t\t\t\t\t<\/div>\n\t\t<\/div>\n\t\t\t\t<div class=\"elementor-section elementor-top-section elementor-element elementor-element-5534a84 elementor-section-stretched elementor-reverse-tablet elementor-reverse-mobile_extra elementor-reverse-mobile elementor-section-boxed elementor-section-height-default elementor-section-height-default\" data-id=\"5534a84\" data-element_type=\"section\" data-e-type=\"section\" data-settings=\"{&quot;stretch_section&quot;:&quot;section-stretched&quot;}\">\n\t\t\t\t\t\t<div class=\"elementor-container elementor-column-gap-no\">\n\t\t\t\t\t<div class=\"elementor-column elementor-col-50 elementor-top-column elementor-element elementor-element-4439f83\" data-id=\"4439f83\" data-element_type=\"column\" data-e-type=\"column\">\n\t\t\t<div class=\"elementor-widget-wrap elementor-element-populated\">\n\t\t\t\t\t\t<div class=\"elementor-element elementor-element-050d777 elementor-widget elementor-widget-heading\" data-id=\"050d777\" data-element_type=\"widget\" data-e-type=\"widget\" data-widget_type=\"heading.default\">\n\t\t\t\t<div class=\"elementor-widget-container\">\n\t\t\t\t\t<h2 class=\"elementor-heading-title elementor-size-default\">Profesion\u00e1ln\u00ed prac\u00ed a \u010distic\u00ed prost\u0159edky\n<\/h2>\t\t\t\t<\/div>\n\t\t\t\t<\/div>\n\t\t\t\t<div class=\"elementor-element elementor-element-e355243 elementor-widget elementor-widget-text-editor\" data-id=\"e355243\" data-element_type=\"widget\" data-e-type=\"widget\" data-widget_type=\"text-editor.default\">\n\t\t\t\t<div class=\"elementor-widget-container\">\n\t\t\t\t\t\t\t\t\t<p><strong>Vyvinuli jsme \u0159adu profesion\u00e1ln\u00edch prac\u00edch prost\u0159edk\u016f<\/strong>, kter\u00e9 neobsahuj\u00ed agresivn\u00ed l\u00e1tky, jako jsou fosf\u00e1ty, fosfon\u00e1ty, ropn\u00e9 deriv\u00e1ty, chl\u00f3r a syntetick\u00e9 parfemace. Tyto jsme nahradili ekologick\u00fdmi aktivn\u00edmi slo\u017ekami, kter\u00e9 jsou maxim\u00e1ln\u011b \u00fa\u010dinn\u00e9 a biologicky odbourateln\u00e9. P\u0159i v\u00fdrob\u011b pou\u017e\u00edv\u00e1me modern\u00ed technologie a nejkvalitn\u011bj\u0161\u00ed suroviny, kter\u00e9 p\u0159in\u00e1\u0161ej\u00ed vynikaj\u00edc\u00ed v\u00fdsledky, \u010d\u00edm\u017e spl\u0148uj\u00ed nejvy\u0161\u0161\u00ed standardy kvality a \u00fa\u010dinnosti pro dokonale \u010dist\u00e9 pr\u00e1dlo.<\/p><p><strong>V nab\u00eddce profesion\u00e1ln\u00edch \u010distic\u00edch prost\u0159edk\u016f<\/strong> poskytujeme \u0161irokou \u0161k\u00e1lu \u00fa\u010dinn\u00fdch produkt\u016f specializovan\u00fdch na r\u016fzn\u00e9 oblasti \u010di\u0161t\u011bn\u00ed. Pou\u017e\u00edv\u00e1me povrchov\u011b aktivn\u00ed l\u00e1tky, kter\u00e9 jsou v souladu s po\u017eadavky Na\u0159\u00edzen\u00ed Evropsk\u00e9ho parlamentu a Rady (ES) \u010d. 648\/2004 o detergentech. Krom\u011b toho nab\u00edz\u00edme i v\u00fdrobky, kter\u00e9 nemaj\u00ed klasifikaci nebezpe\u010dnosti.<\/p><p>Na\u0161i odborn\u00edci jsou p\u0159ipraveni poskytnout v\u00e1m individu\u00e1ln\u00ed podporu a poradenstv\u00ed, aby v\u00e1m pomohli vybrat nejvhodn\u011bj\u0161\u00ed \u010distic\u00ed \u0159e\u0161en\u00ed pro va\u0161e konkr\u00e9tn\u00ed pot\u0159eby. Jsme tu, abychom v\u00e1m pomohli udr\u017eet va\u0161e prost\u0159ed\u00ed \u010dist\u00e9, bezpe\u010dn\u00e9 a zdrav\u00e9.<\/p><p><strong>Pokud hled\u00e1te spolehliv\u00e9ho partnera, kter\u00fd v\u00e1m pom\u016f\u017ee udr\u017eet v\u00e1\u0161 prostor \u010dist\u00fd a bezpe\u010dn\u00fd, nev\u00e1hejte n\u00e1s kontaktovat.<\/strong> V SACSLAB jsme p\u0159ipraveni spolupracovat s v\u00e1mi na dosa\u017een\u00ed optim\u00e1ln\u00edch v\u00fdsledk\u016f. P\u0159ipojte se k n\u00e1m a za\u017eijte rozd\u00edl, kter\u00fd m\u016f\u017eeme p\u0159in\u00e9st va\u0161\u00ed \u010distot\u011b.<\/p>\t\t\t\t\t\t\t\t<\/div>\n\t\t\t\t<\/div>\n\t\t\t\t\t<\/div>\n\t\t<\/div>\n\t\t\t\t<div class=\"elementor-column elementor-col-50 elementor-top-column elementor-element elementor-element-f839fbd\" data-id=\"f839fbd\" data-element_type=\"column\" data-e-type=\"column\">\n\t\t\t<div class=\"elementor-widget-wrap elementor-element-populated\">\n\t\t\t\t\t\t<div class=\"elementor-element elementor-element-a560801 elementor-widget elementor-widget-image\" data-id=\"a560801\" data-element_type=\"widget\" data-e-type=\"widget\" data-widget_type=\"image.default\">\n\t\t\t\t<div class=\"elementor-widget-container\">\n\t\t\t\t\t\t\t\t\t\t\t\t\t\t\t<img decoding=\"async\" width=\"945\" height=\"1024\" src=\"https:\/\/sacslab.com\/wp-content\/uploads\/2024\/04\/LD01-kombo-1-945x1024.jpg\" class=\"attachment-large size-large wp-image-22631\" alt=\"\" srcset=\"https:\/\/sacslab.com\/wp-content\/uploads\/2024\/04\/LD01-kombo-1-945x1024.jpg 945w, https:\/\/sacslab.com\/wp-content\/uploads\/2024\/04\/LD01-kombo-1-277x300.jpg 277w, https:\/\/sacslab.com\/wp-content\/uploads\/2024\/04\/LD01-kombo-1-768x832.jpg 768w, https:\/\/sacslab.com\/wp-content\/uploads\/2024\/04\/LD01-kombo-1-450x488.jpg 450w, https:\/\/sacslab.com\/wp-content\/uploads\/2024\/04\/LD01-kombo-1-800x867.jpg 800w, https:\/\/sacslab.com\/wp-content\/uploads\/2024\/04\/LD01-kombo-1-64x69.jpg 64w, https:\/\/sacslab.com\/wp-content\/uploads\/2024\/04\/LD01-kombo-1.jpg 1400w\" sizes=\"(max-width: 945px) 100vw, 945px\" \/>\t\t\t\t\t\t\t\t\t\t\t\t\t\t\t<\/div>\n\t\t\t\t<\/div>\n\t\t\t\t\t<\/div>\n\t\t<\/div>\n\t\t\t\t\t<\/div>\n\t\t<\/div>\n\t\t\t\t<section class=\"elementor-section elementor-top-section elementor-element elementor-element-fadca00 elementor-section-full_width elementor-section-stretched elementor-section-height-default elementor-section-height-default\" data-id=\"fadca00\" data-element_type=\"section\" data-e-type=\"section\" data-settings=\"{&quot;stretch_section&quot;:&quot;section-stretched&quot;}\">\n\t\t\t\t\t\t<div class=\"elementor-container elementor-column-gap-default\">\n\t\t\t\t\t<div class=\"elementor-column elementor-col-100 elementor-top-column elementor-element elementor-element-76f1369\" data-id=\"76f1369\" data-element_type=\"column\" data-e-type=\"column\">\n\t\t\t<div class=\"elementor-widget-wrap elementor-element-populated\">\n\t\t\t\t\t\t<div class=\"elementor-element elementor-element-7a56d4c elementor-arrows-position-inside elementor-widget elementor-widget-global elementor-global-30318 elementor-widget-image-carousel\" data-id=\"7a56d4c\" data-element_type=\"widget\" data-e-type=\"widget\" data-settings=\"{&quot;navigation&quot;:&quot;arrows&quot;,&quot;lazyload&quot;:&quot;yes&quot;,&quot;autoplay&quot;:&quot;yes&quot;,&quot;pause_on_hover&quot;:&quot;yes&quot;,&quot;pause_on_interaction&quot;:&quot;yes&quot;,&quot;autoplay_speed&quot;:5000,&quot;infinite&quot;:&quot;yes&quot;,&quot;speed&quot;:500}\" data-widget_type=\"image-carousel.default\">\n\t\t\t\t<div class=\"elementor-widget-container\">\n\t\t\t\t\t\t\t<div class=\"elementor-image-carousel-wrapper swiper\" role=\"region\" aria-roledescription=\"carousel\" aria-label=\"Obr\u00e1zkov\u00fd kot\u00fa\u010d\" dir=\"ltr\">\n\t\t\t<div class=\"elementor-image-carousel swiper-wrapper swiper-image-stretch\" aria-live=\"off\">\n\t\t\t\t\t\t\t\t<div class=\"swiper-slide\" role=\"group\" aria-roledescription=\"slide\" aria-label=\"1 z 3\"><figure class=\"swiper-slide-inner\"><img class=\"swiper-slide-image swiper-lazy\" data-src=\"https:\/\/sacslab.com\/wp-content\/uploads\/2025\/03\/03-scaled.jpg\" alt=\"03\" \/><div class=\"swiper-lazy-preloader\"><\/div><\/figure><\/div><div class=\"swiper-slide\" role=\"group\" aria-roledescription=\"slide\" aria-label=\"2 z 3\"><figure class=\"swiper-slide-inner\"><img class=\"swiper-slide-image swiper-lazy\" data-src=\"https:\/\/sacslab.com\/wp-content\/uploads\/2025\/03\/05-scaled.jpg\" alt=\"05\" \/><div class=\"swiper-lazy-preloader\"><\/div><\/figure><\/div><div class=\"swiper-slide\" role=\"group\" aria-roledescription=\"slide\" aria-label=\"3 z 3\"><figure class=\"swiper-slide-inner\"><img class=\"swiper-slide-image swiper-lazy\" data-src=\"https:\/\/sacslab.com\/wp-content\/uploads\/2025\/03\/04-scaled.jpg\" alt=\"04\" \/><div class=\"swiper-lazy-preloader\"><\/div><\/figure><\/div>\t\t\t<\/div>\n\t\t\t\t\t\t\t\t\t\t\t\t<div class=\"elementor-swiper-button elementor-swiper-button-prev\" role=\"button\" tabindex=\"0\">\n\t\t\t\t\t\t<svg aria-hidden=\"true\" class=\"e-font-icon-svg e-eicon-chevron-left\" viewBox=\"0 0 1000 1000\" xmlns=\"http:\/\/www.w3.org\/2000\/svg\"><path d=\"M646 125C629 125 613 133 604 142L308 442C296 454 292 471 292 487 292 504 296 521 308 533L604 854C617 867 629 875 646 875 663 875 679 871 692 858 704 846 713 829 713 812 713 796 708 779 692 767L438 487 692 225C700 217 708 204 708 187 708 171 704 154 692 142 675 129 663 125 646 125Z\"><\/path><\/svg>\t\t\t\t\t<\/div>\n\t\t\t\t\t<div class=\"elementor-swiper-button elementor-swiper-button-next\" role=\"button\" tabindex=\"0\">\n\t\t\t\t\t\t<svg aria-hidden=\"true\" class=\"e-font-icon-svg e-eicon-chevron-right\" viewBox=\"0 0 1000 1000\" xmlns=\"http:\/\/www.w3.org\/2000\/svg\"><path d=\"M696 533C708 521 713 504 713 487 713 471 708 454 696 446L400 146C388 133 375 125 354 125 338 125 325 129 313 142 300 154 292 171 292 187 292 204 296 221 308 233L563 492 304 771C292 783 288 800 288 817 288 833 296 850 308 863 321 871 338 875 354 875 371 875 388 867 400 854L696 533Z\"><\/path><\/svg>\t\t\t\t\t<\/div>\n\t\t\t\t\n\t\t\t\t\t\t\t\t\t<\/div>\n\t\t\t\t\t\t<\/div>\n\t\t\t\t<\/div>\n\t\t\t\t\t<\/div>\n\t\t<\/div>\n\t\t\t\t\t<\/div>\n\t\t<\/section>\n\t\t\t\t<\/div>\n\t\t","protected":false},"excerpt":{"rendered":"<p>Spole\u010dnost SACSLAB je l\u00eddrem v oblasti v\u00fdroby a distribuce profesion\u00e1ln\u00edch \u010distic\u00edch a prac\u00edch prost\u0159edk\u016f Na\u0161e spole\u010dnost se zab\u00fdv\u00e1 v\u00fdvojem, v\u00fdrobou a distribuc\u00ed profesion\u00e1ln\u00edch \u010distic\u00edch a prac\u00edch prost\u0159edk\u016f nejvy\u0161\u0161\u00ed kvality, kter\u00e9 zaru\u010duj\u00ed efektivitu a spolehlivost \u010di\u0161t\u011bn\u00ed ve v\u0161ech odv\u011btv\u00edch. S dlouholet\u00fdmi zku\u0161enostmi, odbornost\u00ed a neust\u00e1l\u00fdm z\u00e1jmem o inovace v oblasti \u010distoty jsme vytvo\u0159ili \u0161irokou \u0161k\u00e1lu profesion\u00e1ln\u00edch [&hellip;]<\/p>\n","protected":false},"author":40,"featured_media":0,"parent":0,"menu_order":0,"comment_status":"closed","ping_status":"closed","template":"template-homepage.php","meta":{"inline_featured_image":false,"footnotes":""},"class_list":["post-17698","page","type-page","status-publish","hentry"],"_links":{"self":[{"href":"https:\/\/sacslab.com\/cs\/wp-json\/wp\/v2\/pages\/17698","targetHints":{"allow":["GET"]}}],"collection":[{"href":"https:\/\/sacslab.com\/cs\/wp-json\/wp\/v2\/pages"}],"about":[{"href":"https:\/\/sacslab.com\/cs\/wp-json\/wp\/v2\/types\/page"}],"author":[{"embeddable":true,"href":"https:\/\/sacslab.com\/cs\/wp-json\/wp\/v2\/users\/40"}],"replies":[{"embeddable":true,"href":"https:\/\/sacslab.com\/cs\/wp-json\/wp\/v2\/comments?post=17698"}],"version-history":[{"count":0,"href":"https:\/\/sacslab.com\/cs\/wp-json\/wp\/v2\/pages\/17698\/revisions"}],"wp:attachment":[{"href":"https:\/\/sacslab.com\/cs\/wp-json\/wp\/v2\/media?parent=17698"}],"curies":[{"name":"wp","href":"https:\/\/api.w.org\/{rel}","templated":true}]}}