{"id":16624,"date":"2024-07-11T14:32:30","date_gmt":"2024-07-11T12:32:30","guid":{"rendered":"https:\/\/sacslab.com\/neza\u0159azen\u00e9\/tc01-nahradni-lahev-s-uhlovou-tryskou-750ml\/"},"modified":"2025-04-13T18:26:55","modified_gmt":"2025-04-13T16:26:55","slug":"tc01-pracovni-lahev-s-uhlovou-tryskou-750ml-prazdna","status":"publish","type":"product","link":"https:\/\/sacslab.com\/cs\/tc01-pracovni-lahev-s-uhlovou-tryskou-750ml-prazdna\/","title":{"rendered":"TC01 &#8211; PRACOVN\u00cd l\u00e1hev s \u00fahlovou tryskou 750ml &#8211; pr\u00e1zdna"},"content":{"rendered":"<p><strong>Praktick\u00e1 pracovn\u00ed l\u00e1hev<\/strong> s objemem 750 ml je navr\u017eena tak, aby usnadnila p\u0159el\u00e9v\u00e1n\u00ed \u010distic\u00edch prost\u0159edk\u016f z velk\u00e9ho 10L kanystru. Tento syst\u00e9m p\u0159el\u00e9v\u00e1n\u00ed umo\u017e\u0148uje snadn\u00e9 a efektivn\u00ed dopln\u011bn\u00ed pracovn\u00ed l\u00e1hve \u010distic\u00edm prost\u0159edkem p\u0159\u00edmo z kanystru prost\u0159ednictv\u00edm <strong>kohoutku<\/strong> (p\u0159\u00edslu\u0161enstv\u00ed). <strong>EDS \u2013 Ekologick\u00e1 d\u00e1vkovac\u00ed stanice<\/strong> je praktick\u00e9 \u0159e\u0161en\u00ed, kter\u00e9 se vyu\u017e\u00edv\u00e1 v oblasti hotelnictv\u00ed, gastronomie a v\u0161ude tam, kde je vy\u017eadov\u00e1no efektivn\u00ed \u00faklid.<\/p>\n<p><strong>Hlavn\u00ed v\u00fdhody:<\/strong><\/p>\n<ul>\n<li><strong>Jednoduch\u00e9 dopln\u011bn\u00ed:<\/strong>\u00a0Kohoutek napojen\u00fd na 10L kanystr umo\u017e\u0148uje bezprobl\u00e9mov\u00e9 a p\u0159esn\u00e9 p\u0159el\u00e9v\u00e1n\u00ed \u010distic\u00edch prost\u0159edk\u016f do pracovn\u00edch lahv\u00ed. Sta\u010d\u00ed otev\u0159\u00edt kohoutek a naplnit l\u00e1hev.<\/li>\n<li><strong>Ozna\u010den\u00e1 etiketou:<\/strong>\u00a0L\u00e1hev je v\u017edy vybavena etiketou, kter\u00e1 umo\u017e\u0148uje jasn\u011b identifikovat obsah, \u010d\u00edm\u017e se minimalizuje riziko z\u00e1m\u011bny \u010distic\u00edch prost\u0159edk\u016f.<\/li>\n<li><strong>Prakti\u010dnost:<\/strong> S objemem 750 ml je l\u00e1hev praktick\u00e1 pro ka\u017edodenn\u00ed pou\u017eit\u00ed.<\/li>\n<li><strong>Op\u011btovn\u00e9 dopln\u011bn\u00ed:<\/strong> Tento syst\u00e9m umo\u017e\u0148uje op\u011btovn\u00e9 dopln\u011bn\u00ed \u010distic\u00edho prost\u0159edku do pracovn\u00ed l\u00e1hve z velk\u00e9ho balen\u00ed, \u010d\u00edm\u017e se sni\u017euje mno\u017estv\u00ed obalov\u00e9ho odpadu.<\/li>\n<\/ul>\n<p>Praktick\u00fd syst\u00e9m p\u0159el\u00e9v\u00e1n\u00ed je ide\u00e1ln\u00edm \u0159e\u0161en\u00edm pro profesion\u00e1ln\u00ed pou\u017eit\u00ed.<\/p>\n<p>V\u00edce o syst\u00e9mu <strong>EDS- Ekologick\u00e1 d\u00e1vkovac\u00ed stanice<\/strong> naleznete <a href=\"\/cs\/eds\"><strong>ZDE<\/strong><\/a>.<\/p>\n","protected":false},"excerpt":{"rendered":"<p><strong>Pracovn\u00ed l\u00e1hev<\/strong> je ide\u00e1ln\u00edm \u0159e\u0161en\u00edm pro prost\u0159ed\u00ed s vysokou spot\u0159ebou \u010distic\u00edch prost\u0159edk\u016f. Je navr\u017eena pro snadn\u00e9 a bezpe\u010dn\u00e9 p\u0159el\u00e9v\u00e1n\u00ed \u010distic\u00edch prost\u0159edk\u016f z velk\u00e9ho 10L kanystru do men\u0161\u00edch pracovn\u00edch lahv\u00ed, co\u017e usnad\u0148uje manipulaci \u00faklidov\u00e9mu person\u00e1lu. Jednoduch\u00fd zp\u016fsob d\u00e1vkov\u00e1n\u00ed prob\u00edh\u00e1 prost\u0159ednictv\u00edm syst\u00e9mu <strong>EDS \u2013 Ekologick\u00e1 d\u00e1vkovac\u00ed stanice<\/strong>.<\/p>\n<p>Pomoc\u00ed praktick\u00e9ho <strong>kohoutku<\/strong> (p\u0159\u00edslu\u0161enstv\u00ed) p\u0159ipojen\u00e9ho ke kanystru umo\u017e\u0148uje pohodln\u011b a p\u0159esn\u011b naplnit ozna\u010den\u00e9 pracovn\u00ed l\u00e1hve po\u017eadovan\u00fdm \u010distic\u00edm prost\u0159edkem. Tento syst\u00e9m p\u0159in\u00e1\u0161\u00ed do skladu po\u0159\u00e1dek, p\u0159ehled a efektivn\u00ed spr\u00e1vu va\u0161ich \u010distic\u00edch z\u00e1sob.<\/p>\n","protected":false},"featured_media":22344,"template":"","meta":{"inline_featured_image":false},"product_cat":[320],"product_tag":[],"class_list":{"0":"post-16624","1":"product","2":"type-product","3":"status-publish","4":"has-post-thumbnail","6":"product_cat-pracovni-lahve","8":"first","9":"instock","10":"taxable","11":"shipping-taxable","12":"purchasable","13":"product-type-simple"},"bundled_by":[],"bundle_stock_status":"instock","bundle_stock_quantity":150,"bundle_virtual":false,"bundle_layout":"","bundle_add_to_cart_form_location":"","bundle_editable_in_cart":false,"bundle_sold_individually_context":"","bundle_item_grouping":"","bundle_min_size":"","bundle_max_size":"","bundle_price":[],"bundled_items":[],"bundle_sell_ids":[],"_links":{"self":[{"href":"https:\/\/sacslab.com\/cs\/wp-json\/wp\/v2\/product\/16624","targetHints":{"allow":["GET"]}}],"collection":[{"href":"https:\/\/sacslab.com\/cs\/wp-json\/wp\/v2\/product"}],"about":[{"href":"https:\/\/sacslab.com\/cs\/wp-json\/wp\/v2\/types\/product"}],"wp:featuredmedia":[{"embeddable":true,"href":"https:\/\/sacslab.com\/cs\/wp-json\/wp\/v2\/media\/22344"}],"wp:attachment":[{"href":"https:\/\/sacslab.com\/cs\/wp-json\/wp\/v2\/media?parent=16624"}],"wp:term":[{"taxonomy":"product_cat","embeddable":true,"href":"https:\/\/sacslab.com\/cs\/wp-json\/wp\/v2\/product_cat?post=16624"},{"taxonomy":"product_tag","embeddable":true,"href":"https:\/\/sacslab.com\/cs\/wp-json\/wp\/v2\/product_tag?post=16624"}],"curies":[{"name":"wp","href":"https:\/\/api.w.org\/{rel}","templated":true}]}}