{"id":17395,"date":"2024-05-09T01:15:27","date_gmt":"2024-05-08T23:15:27","guid":{"rendered":"https:\/\/sacslab.com\/neza\u0159azen\u00e9\/tc02-cistic-toalet\/"},"modified":"2025-06-01T17:21:24","modified_gmt":"2025-06-01T15:21:24","slug":"tc02-cistic-toalet","status":"publish","type":"product","link":"https:\/\/sacslab.com\/cs\/tc02-cistic-toalet\/","title":{"rendered":"TC02 &#8211; \u010cISTI\u010c TOALET"},"content":{"rendered":"<p><strong>TC02 &#8211; \u010cisti\u010d toalet<\/strong><\/p>\n<p>Vysoce \u00fa\u010dinn\u00fd gelov\u00fd \u010disti\u010d ur\u010den\u00fd ke ka\u017edodenn\u00edmu \u010di\u0161t\u011bn\u00ed toalet, piso\u00e1r\u016f, umyvadel, van, d\u0159ez\u016f a dal\u0161\u00edho sanit\u00e1rn\u00edho vybaven\u00ed.<br \/>\nD\u00edky sv\u00e9mu \u00fa\u010dinn\u00e9mu slo\u017een\u00ed snadno odstra\u0148uje b\u011b\u017en\u00e9 ne\u010distoty, v\u00e1penat\u00e9 usazeniny a mo\u010dov\u00fd k\u00e1men a zanech\u00e1v\u00e1 povrchy z\u00e1\u0159iv\u011b \u010dist\u00e9 a leskl\u00e9.<br \/>\nBezbarv\u00fd \u010distic\u00ed prost\u0159edek na toalety dokonale p\u0159ilne ke st\u011bn\u00e1m z\u00e1chodov\u00e9 m\u00edsy, \u010d\u00edm\u017e zaji\u0161\u0165uje dlouhotrvaj\u00edc\u00ed \u010distic\u00ed \u00fa\u010dinek a preventivn\u011b zabra\u0148uje usazov\u00e1n\u00ed vodn\u00edho a mo\u010dov\u00e9ho kamene. Zanech\u00e1v\u00e1 p\u0159\u00edjemnou v\u016fni.<\/p>\n<p><strong>N\u00c1VOD K POU\u0179IT\u00cd: <\/strong><\/p>\n<ul>\n<li>P\u0159\u00edpravek naneste pod horn\u00ed okraj a na st\u011bny z\u00e1chodov\u00e9 m\u00edsy.<\/li>\n<li>Nechte p\u016fsobit 1-10 minut v z\u00e1vislosti na stupni zne\u010di\u0161t\u011bn\u00ed.<\/li>\n<li>Opl\u00e1chn\u011bte \u010distou vodou.<\/li>\n<\/ul>\n<p><strong>D\u00c1VKOV\u00c1N\u00cd:<\/strong><\/p>\n<p>TC02 je ur\u010den pro p\u0159\u00edmou a jednoduchou aplikaci. Pro dosa\u017een\u00ed optim\u00e1ln\u00edho \u010distic\u00edho \u00fa\u010dinku pou\u017eijte dostate\u010dn\u00e9 mno\u017estv\u00ed p\u0159\u00edpravku podle pot\u0159eby.<\/p>\n<p><strong>SKLADOV\u00c1N\u00cd:<\/strong><\/p>\n<p>Skladujte p\u0159i teplot\u011b 5\u201330 \u00b0C. Chra\u0148te p\u0159ed p\u0159\u00edm\u00fdm slune\u010dn\u00edm sv\u011btlem. Spot\u0159ebujte do data uveden\u00e9ho na obalu.<\/p>\n<p><strong>UPOZORN\u011aN\u00cd:<br \/>\n<\/strong>Spole\u010dnost SACSLAB s.r.o. nep\u0159eb\u00edr\u00e1 odpov\u011bdnost za jak\u00e9koliv \u0161kody, v\u010detn\u011b p\u0159\u00edm\u00e9 nebo nep\u0159\u00edm\u00e9 \u00fajmy, zp\u016fsoben\u00e9 nespr\u00e1vn\u00fdm pou\u017eit\u00edm, nedodr\u017een\u00edm pokyn\u016f k pou\u017eit\u00ed nebo nevhodnou manipulac\u00ed s produktem.<\/p>\n<p>U\u017eivatel je povinen p\u0159ed pou\u017eit\u00edm ov\u011b\u0159it vhodnost produktu pro konkr\u00e9tn\u00ed \u00fa\u010del a zajistit dodr\u017eov\u00e1n\u00ed v\u0161ech relevantn\u00edch bezpe\u010dnostn\u00edch p\u0159edpis\u016f, v\u010detn\u011b pokyn\u016f uveden\u00fdch v bezpe\u010dnostn\u00edm listu (SDS).<\/p>\n<p>Toto prohl\u00e1\u0161en\u00ed neomezuje ani nevy\u0159azuje odpov\u011bdnost za smrt, zran\u011bn\u00ed nebo jin\u00e9 p\u0159\u00edpady, kdy je vylou\u010den\u00ed odpov\u011bdnosti nep\u0159\u00edpustn\u00e9 podle platn\u00fdch pr\u00e1vn\u00edch p\u0159edpis\u016f.<\/p>\n<p><strong>D\u016eLE\u017dIT\u00c9:<\/strong><\/p>\n<p>P\u0159ed pou\u017eit\u00edm si v\u017edy p\u0159e\u010dt\u011bte ozna\u010den\u00ed a informace o v\u00fdrobku v p\u0159ilo\u017een\u00fdch dokumentech \u201c<strong>KE STA\u017dEN\u00cd<\/strong>\u201c.<\/p>\n<div class=\"testo\">\n<h4>OBLASTI POU\u017dIT\u00cd:<\/h4>\n<table class=\"tab_application\">\n<thead>\n<tr>\n<th><strong>OBLAST<\/strong><\/th>\n<th>HLAVN\u00cd VYU\u017dIT\u00cd<\/th>\n<th>OSTATN\u00cd VYU\u017dIT\u00cd<\/th>\n<\/tr>\n<\/thead>\n<tbody>\n<tr>\n<td>GERER\u00c1LN\u00cd<\/td>\n<td><\/td>\n<td><\/td>\n<\/tr>\n<tr>\n<td>UMYV\u00c1RENSK\u00c1<\/td>\n<td><\/td>\n<td><img decoding=\"async\" class=\"sacslab-checked\" src=\"https:\/\/sacslab.com\/wp-content\/uploads\/2024\/06\/checked-yellow.svg\" \/><\/td>\n<\/tr>\n<tr>\n<td>SANIT\u00c1RN\u00cd<\/td>\n<td><img decoding=\"async\" class=\"sacslab-checked\" src=\"https:\/\/sacslab.com\/wp-content\/uploads\/2024\/06\/checked-red.svg\" \/><\/td>\n<td><\/td>\n<\/tr>\n<tr>\n<td>KUCHY\u0147SK\u00c1<\/td>\n<td><\/td>\n<td><\/td>\n<\/tr>\n<tr>\n<td>DEZINFEK\u010cN\u00cd<\/td>\n<td><\/td>\n<td><\/td>\n<\/tr>\n<tr>\n<td>SPECI\u00c1LN\u00cd<\/td>\n<td><\/td>\n<td><\/td>\n<\/tr>\n<\/tbody>\n<\/table>\n<\/div>\n<div class=\"testo\">\n<h4>TC02 &#8211; TOILET CLEANER \u00a0pH \u2248 1,0<\/h4>\n<p>Uveden\u00e1 hodnota pH se vztahuje na konkr\u00e9tn\u00ed prac\u00ed prost\u0159edek nebo koncentr\u00e1t prac\u00edho prost\u0159edku.<\/p>\n<table class=\"tab_application\">\n<thead>\n<tr>\n<th><strong>TITUL <\/strong><\/th>\n<th>pH<\/th>\n<\/tr>\n<\/thead>\n<tbody>\n<tr>\n<td>VYSOCE KYSEL\u00dd | pH 0-2<\/td>\n<td><img decoding=\"async\" class=\"sacslab-checked\" src=\"https:\/\/sacslab.com\/wp-content\/uploads\/2024\/06\/checked-black.svg\" \/><\/td>\n<\/tr>\n<tr>\n<td>ST\u0158EDN\u011a KYSEL\u00c9 | pH 2-5<\/td>\n<td><\/td>\n<\/tr>\n<tr>\n<td>NEUTR\u00c1LN\u00cd | pH 5-8<\/td>\n<td><\/td>\n<\/tr>\n<tr>\n<td>ST\u0158EDN\u011a ALKALICK\u00dd | pH 8-11<\/td>\n<\/tr>\n<tr>\n<td>VYSOCE ALKALICK\u00c9 | pH 11-15<\/td>\n<td><\/td>\n<\/tr>\n<\/tbody>\n<\/table>\n<\/div>\n","protected":false},"excerpt":{"rendered":"<p><strong style=\"font-size: 1.41575em;\">Profesion\u00e1ln\u00ed \u010distic\u00ed prost\u0159edek<\/strong><\/p>\n<p><img fetchpriority=\"high\" decoding=\"async\" class=\"alignnone wp-image-22622 size-medium\" src=\"https:\/\/sacslab.com\/wp-content\/uploads\/2024\/04\/certificate-ISO.svg\" alt=\"\" width=\"300\" height=\"300\" \/><\/p>\n<div class=\"e18-eigenschaften\"><strong>TC02 \u010cisti\u010d toalet<\/strong> \u2013 vysoce \u00fa\u010dinn\u00fd gelov\u00fd prost\u0159edek na ka\u017edodenn\u00ed \u010di\u0161t\u011bn\u00ed toalet, piso\u00e1r\u016f, d\u0159ez\u016f, van, umyvadel a dal\u0161\u00ed sanit\u00e1rn\u00ed keramiky. Zabra\u0148uje usazov\u00e1n\u00ed vodn\u00edho kamene a zaji\u0161\u0165uje dlouhotrvaj\u00edc\u00ed \u010distotu a sv\u011b\u017eest koupelen a WC.<\/div>\n<div><\/div>\n<ul>\n<li><strong>Ka\u017edodenn\u00ed \u00fadr\u017eba WC<\/strong><\/li>\n<li><strong>Sanit\u00e1rn\u00ed keramika<\/strong><\/li>\n<li><strong>Umyvadla<\/strong><\/li>\n<li><strong>Odstra\u0148uje b\u011b\u017en\u00e9 zne\u010di\u0161t\u011bn\u00ed, v\u00e1penat\u00e9 usazeniny a mo\u010dov\u00fd k\u00e1men<\/strong><\/li>\n<li><strong>Zabra\u0148uje usazov\u00e1n\u00ed vodn\u00edho kamene<\/strong><\/li>\n<li><strong>Neobsahuje fosf\u00e1ty<\/strong><\/li>\n<li><strong>Osv\u011b\u017euj\u00edc\u00ed v\u016fn\u011b<\/strong><\/li>\n<li><strong>pH \u2248 1,0<\/strong><\/li>\n<\/ul>\n","protected":false},"featured_media":22349,"template":"","meta":{"inline_featured_image":false},"product_cat":[319,376],"product_tag":[377],"class_list":{"0":"post-17395","1":"product","2":"type-product","3":"status-publish","4":"has-post-thumbnail","6":"product_cat-cistici-prostredky","7":"product_cat-sanitarni-oblast","8":"product_tag-kuchynska-oblast-cs","10":"first","11":"instock","12":"taxable","13":"shipping-taxable","14":"purchasable","15":"product-type-variable"},"bundled_by":["20478"],"bundle_stock_status":"instock","bundle_stock_quantity":null,"bundle_virtual":false,"bundle_layout":"","bundle_add_to_cart_form_location":"","bundle_editable_in_cart":false,"bundle_sold_individually_context":"","bundle_item_grouping":"","bundle_min_size":"","bundle_max_size":"","bundle_price":[],"bundled_items":[],"bundle_sell_ids":[],"_links":{"self":[{"href":"https:\/\/sacslab.com\/cs\/wp-json\/wp\/v2\/product\/17395","targetHints":{"allow":["GET"]}}],"collection":[{"href":"https:\/\/sacslab.com\/cs\/wp-json\/wp\/v2\/product"}],"about":[{"href":"https:\/\/sacslab.com\/cs\/wp-json\/wp\/v2\/types\/product"}],"wp:featuredmedia":[{"embeddable":true,"href":"https:\/\/sacslab.com\/cs\/wp-json\/wp\/v2\/media\/22349"}],"wp:attachment":[{"href":"https:\/\/sacslab.com\/cs\/wp-json\/wp\/v2\/media?parent=17395"}],"wp:term":[{"taxonomy":"product_cat","embeddable":true,"href":"https:\/\/sacslab.com\/cs\/wp-json\/wp\/v2\/product_cat?post=17395"},{"taxonomy":"product_tag","embeddable":true,"href":"https:\/\/sacslab.com\/cs\/wp-json\/wp\/v2\/product_tag?post=17395"}],"curies":[{"name":"wp","href":"https:\/\/api.w.org\/{rel}","templated":true}]}}