{"id":17444,"date":"2024-05-09T02:02:45","date_gmt":"2024-05-09T00:02:45","guid":{"rendered":"https:\/\/sacslab.com\/neza\u0159azen\u00e9\/sc01-cistic-vodniho-kamene\/"},"modified":"2025-06-01T17:31:20","modified_gmt":"2025-06-01T15:31:20","slug":"sc01-cistic-vodniho-kamene","status":"publish","type":"product","link":"https:\/\/sacslab.com\/cs\/sc01-cistic-vodniho-kamene\/","title":{"rendered":"SC01 &#8211; \u010cISTI\u010c VODN\u00cdHO KAMENE"},"content":{"rendered":"<p><strong>SC01 &#8211; \u010cisti\u010d vodn\u00edho kamene<\/strong><\/p>\n<p>V\u00fdkonn\u00fd \u010distic\u00ed prost\u0159edek ur\u010den\u00fd speci\u00e1ln\u011b pro gener\u00e1ln\u00ed \u010di\u0161t\u011bn\u00ed a \u010di\u0161t\u011bn\u00ed v\u0161ech povrch\u016f v um\u00fdv\u00e1rn\u00e1ch a sanit\u00e1rn\u00edch za\u0159\u00edzen\u00edch.<br \/>\nTento \u010distic\u00ed prost\u0159edek je mimo\u0159\u00e1dn\u011b \u00fa\u010dinn\u00fd p\u0159i odstra\u0148ov\u00e1n\u00ed vodn\u00edho kamene, rzi, oleje, mo\u010di a dal\u0161\u00edch usazenin, zaji\u0161\u0165uje hloubkov\u00e9 \u010di\u0161t\u011bn\u00ed a navrac\u00ed povrch\u016fm jejich p\u016fvodn\u00ed lesk.<br \/>\nJe vhodn\u00fd k \u010di\u0161t\u011bn\u00ed \u0161irok\u00e9 \u0161k\u00e1ly povrch\u016f, v\u010detn\u011b keramiky, dla\u017edic, umyvadel, van, vodovodn\u00edch bateri\u00ed, z\u00e1chodov\u00fdch m\u00eds, piso\u00e1r\u016f, sprchov\u00fdch vani\u010dek a z\u00e1st\u011bn, sou\u010d\u00e1st\u00ed z nerezov\u00e9 oceli a dal\u0161\u00edch za\u0159izovac\u00edch p\u0159edm\u011bt\u016f.<br \/>\nTento v\u00fdrobek je ide\u00e1ln\u00ed pro profesion\u00e1ln\u00ed i dom\u00e1c\u00ed pou\u017eit\u00ed, kde je vy\u017eadov\u00e1na vysok\u00e1 \u00fa\u010dinnost a spolehlivost p\u0159i odstra\u0148ov\u00e1n\u00ed nejodoln\u011bj\u0161\u00edch ne\u010distot.<\/p>\n<div class=\"_chat-messages_ybums_17\">\n<div class=\"_chat-messages__inner_ybums_20\">\n<div>\n<div class=\"_message-item_tj7m6_1\">\n<div class=\"_message-item__content_tj7m6_9\">\n<div class=\"_message-content_3ffle_2 _message-content--markdown_3ffle_20\">\n<p><strong>UPOZORN\u011aN\u00cd:<\/strong><\/p>\n<\/div>\n<\/div>\n<\/div>\n<\/div>\n<\/div>\n<\/div>\n<p>SC01 nen\u00ed vhodn\u00fd pro povrchy m\u00e9n\u011b odoln\u00e9 v\u016f\u010di kyselin\u00e1m.<br \/>\nP\u0159ed pou\u017eit\u00edm na nov\u00e9m nebo nezn\u00e1m\u00e9m povrchu doporu\u010dujeme vyzkou\u0161et na mal\u00e9 nen\u00e1padn\u00e9 plo\u0161e.<\/p>\n<p><strong>N\u00c1VOD K POU\u017dIT\u00cd: <\/strong><\/p>\n<ul>\n<li>Nast\u0159\u00edkejte p\u0159\u00edpravek na zne\u010di\u0161t\u011bn\u00e1 m\u00edsta pomoc\u00ed rozpra\u0161ova\u010de<\/li>\n<li>Nechte p\u016fsobit 1-10 minut v z\u00e1vislosti na stupni zne\u010di\u0161t\u011bn\u00ed.<\/li>\n<li>Vy\u010dist\u011bte povrch m\u011bkk\u00fdm padem.<\/li>\n<li>Opl\u00e1chn\u011bte \u010distou vodou.<\/li>\n<\/ul>\n<p><strong>D\u00c1VKOV\u00c1N\u00cd:<\/strong><\/p>\n<p>Pou\u017e\u00edvejte podle pot\u0159eby a stupn\u011b zne\u010di\u0161t\u011bn\u00ed. Ne\u0159e\u010fte, aplikujte p\u0159\u00edmo na povrch.<\/p>\n<p><strong>SKLADOV\u00c1N\u00cd:<\/strong><\/p>\n<p>Skladujte p\u0159i teplot\u011b 5\u201330 \u00b0C. Chra\u0148te p\u0159ed p\u0159\u00edm\u00fdm slune\u010dn\u00edm sv\u011btlem. Spot\u0159ebujte do data uveden\u00e9ho na obalu.<\/p>\n<p><strong>UPOZORN\u011aN\u00cd:<\/strong><\/p>\n<p>Spole\u010dnost SACSLAB s.r.o. nep\u0159eb\u00edr\u00e1 odpov\u011bdnost za jak\u00e9koliv \u0161kody, v\u010detn\u011b p\u0159\u00edm\u00e9 nebo nep\u0159\u00edm\u00e9 \u00fajmy, zp\u016fsoben\u00e9 nespr\u00e1vn\u00fdm pou\u017eit\u00edm, nedodr\u017een\u00edm pokyn\u016f k pou\u017eit\u00ed nebo nevhodnou manipulac\u00ed s produktem.<\/p>\n<p>U\u017eivatel je povinen p\u0159ed pou\u017eit\u00edm ov\u011b\u0159it vhodnost produktu pro konkr\u00e9tn\u00ed \u00fa\u010del a zajistit dodr\u017eov\u00e1n\u00ed v\u0161ech relevantn\u00edch bezpe\u010dnostn\u00edch p\u0159edpis\u016f, v\u010detn\u011b pokyn\u016f uveden\u00fdch v bezpe\u010dnostn\u00edm listu (SDS).<\/p>\n<p>Toto prohl\u00e1\u0161en\u00ed neomezuje ani nevy\u0159azuje odpov\u011bdnost za smrt, zran\u011bn\u00ed nebo jin\u00e9 p\u0159\u00edpady, kdy je vylou\u010den\u00ed odpov\u011bdnosti nep\u0159\u00edpustn\u00e9 podle platn\u00fdch pr\u00e1vn\u00edch p\u0159edpis\u016f.<\/p>\n<p><strong>D\u016eLE\u017dIT\u00c9:<\/strong><\/p>\n<p>P\u0159ed pou\u017eit\u00edm si v\u017edy p\u0159e\u010dt\u011bte ozna\u010den\u00ed a informace o v\u00fdrobku v p\u0159ilo\u017een\u00fdch dokumentech \u201c<strong>KE STA\u017dEN\u00cd<\/strong>\u201c.<\/p>\n<div class=\"testo\">\n<h4>OBLASTI POU\u017dIT\u00cd:<\/h4>\n<table class=\"tab_application\">\n<thead>\n<tr>\n<th><strong>OBLAST<\/strong><\/th>\n<th>HLAVN\u00cd VYU\u017dIT\u00cd<\/th>\n<th>OSTATN\u00cd VYU\u017dIT\u00cd<\/th>\n<\/tr>\n<\/thead>\n<tbody>\n<tr>\n<td>GENER\u00c1LN\u00cd<\/td>\n<td><\/td>\n<td><\/td>\n<\/tr>\n<tr>\n<td>UMYV\u00c1RENSK\u00c1<\/td>\n<td><img decoding=\"async\" class=\"sacslab-checked\" src=\"https:\/\/sacslab.com\/wp-content\/uploads\/2024\/06\/checked-yellow.svg\" \/><\/td>\n<td><\/td>\n<\/tr>\n<tr>\n<td>SANIT\u00c1RN\u00cd<\/td>\n<td><\/td>\n<td><img decoding=\"async\" class=\"sacslab-checked\" src=\"https:\/\/sacslab.com\/wp-content\/uploads\/2024\/06\/checked-red.svg\" \/><\/td>\n<\/tr>\n<tr>\n<td>KUCHY\u0147SK\u00c1<\/td>\n<td><\/td>\n<td><img decoding=\"async\" class=\"sacslab-checked\" src=\"https:\/\/sacslab.com\/wp-content\/uploads\/2024\/06\/checked-green.svg\" \/><\/td>\n<\/tr>\n<tr>\n<td>DEZINFEK\u010cN\u00cd<\/td>\n<td><\/td>\n<td><\/td>\n<\/tr>\n<tr>\n<td>SPECI\u00c1LN\u00cd<\/td>\n<td><\/td>\n<td><\/td>\n<\/tr>\n<\/tbody>\n<\/table>\n<\/div>\n<div class=\"testo\">\n<h4>SC01 &#8211; SCALE CLEANER \u00a0pH &lt; 1,0<\/h4>\n<p>Uveden\u00e1 hodnota pH se vztahuje na konkr\u00e9tn\u00ed prac\u00ed prost\u0159edek nebo koncentr\u00e1t prac\u00edho prost\u0159edku.<\/p>\n<table class=\"tab_application\">\n<thead>\n<tr>\n<th><strong>TITUL <\/strong><\/th>\n<th>pH<\/th>\n<\/tr>\n<\/thead>\n<tbody>\n<tr>\n<td>VYSOCE KYSEL\u00dd | pH 0-2<\/td>\n<td><img decoding=\"async\" class=\"sacslab-checked\" src=\"https:\/\/sacslab.com\/wp-content\/uploads\/2024\/06\/checked-black.svg\" \/><\/td>\n<\/tr>\n<tr>\n<td>ST\u0158EDN\u011a KYSEL\u00c9 | pH 2-5<\/td>\n<td><\/td>\n<\/tr>\n<tr>\n<td>NEUTR\u00c1LN\u00cd | pH 5-8<\/td>\n<td><\/td>\n<\/tr>\n<tr>\n<td>ST\u0158EDN\u011a ALKALICK\u00dd | pH 8-11<\/td>\n<td><\/td>\n<\/tr>\n<tr>\n<td>VYSOCE ALKALICK\u00c9 | pH 11-15<\/td>\n<td><\/td>\n<\/tr>\n<\/tbody>\n<\/table>\n<\/div>\n","protected":false},"excerpt":{"rendered":"<p><strong style=\"font-size: 1.41575em;\">Profesion\u00e1ln\u00ed \u010distic\u00ed prost\u0159edek<\/strong><\/p>\n<p><img fetchpriority=\"high\" decoding=\"async\" class=\"alignnone wp-image-22622 size-medium\" src=\"https:\/\/sacslab.com\/wp-content\/uploads\/2024\/04\/certificate-ISO.svg\" alt=\"\" width=\"300\" height=\"300\" \/><\/p>\n<div class=\"e18-eigenschaften\">\n<p><strong>SC01 \u010cisti\u010d vodn\u00edho kamene <\/strong>\u2013 razantn\u00ed p\u0159\u00edpravek na odstran\u011bn\u00ed vodn\u00edho kamene, rzi a usazenin. Vhodn\u00fd pro sanit\u00e1rn\u00ed keramiku, toalety, obklady, umyvadla, vany, sprchy, baterie a nerez. Ur\u010den\u00fd pro pou\u017eit\u00ed v sanit\u00e1rn\u00edch a myc\u00edch oblastech. Zanech\u00e1v\u00e1 dlouhotrvaj\u00edc\u00ed \u010distotu a sv\u011b\u017eest.<\/p>\n<ul>\n<li data-start=\"298\" data-end=\"444\"><strong>Umyvadla, vany<\/strong><\/li>\n<li data-start=\"298\" data-end=\"444\"><strong>Sprchov\u00e9 kouty<\/strong><\/li>\n<li data-start=\"298\" data-end=\"444\"><strong>Vodovodn\u00ed baterie<\/strong><\/li>\n<li data-start=\"298\" data-end=\"444\"><strong>Obklady<\/strong><\/li>\n<li data-start=\"298\" data-end=\"444\"><strong>Intenzivn\u00ed a hloubkov\u00e9 \u010di\u0161t\u011bn\u00ed<\/strong><\/li>\n<li data-start=\"298\" data-end=\"444\"><strong>Vysoce \u00fa\u010dinn\u00fd proti vodn\u00edmu kameni a rzi<\/strong><\/li>\n<li><strong><strong>pH &lt; 1,0\u00a0<\/strong><\/strong><\/li>\n<\/ul>\n<\/div>\n","protected":false},"featured_media":22364,"template":"","meta":{"inline_featured_image":false},"product_cat":[319,376],"product_tag":[386,377],"class_list":{"0":"post-17444","1":"product","2":"type-product","3":"status-publish","4":"has-post-thumbnail","6":"product_cat-cistici-prostredky","7":"product_cat-sanitarni-oblast","8":"product_tag-kuchynsky-prostor","9":"product_tag-kuchynska-oblast-cs","11":"first","12":"instock","13":"featured","14":"taxable","15":"shipping-taxable","16":"purchasable","17":"product-type-variable"},"bundled_by":["20478"],"bundle_stock_status":"instock","bundle_stock_quantity":null,"bundle_virtual":false,"bundle_layout":"","bundle_add_to_cart_form_location":"","bundle_editable_in_cart":false,"bundle_sold_individually_context":"","bundle_item_grouping":"","bundle_min_size":"","bundle_max_size":"","bundle_price":[],"bundled_items":[],"bundle_sell_ids":[],"_links":{"self":[{"href":"https:\/\/sacslab.com\/cs\/wp-json\/wp\/v2\/product\/17444","targetHints":{"allow":["GET"]}}],"collection":[{"href":"https:\/\/sacslab.com\/cs\/wp-json\/wp\/v2\/product"}],"about":[{"href":"https:\/\/sacslab.com\/cs\/wp-json\/wp\/v2\/types\/product"}],"wp:featuredmedia":[{"embeddable":true,"href":"https:\/\/sacslab.com\/cs\/wp-json\/wp\/v2\/media\/22364"}],"wp:attachment":[{"href":"https:\/\/sacslab.com\/cs\/wp-json\/wp\/v2\/media?parent=17444"}],"wp:term":[{"taxonomy":"product_cat","embeddable":true,"href":"https:\/\/sacslab.com\/cs\/wp-json\/wp\/v2\/product_cat?post=17444"},{"taxonomy":"product_tag","embeddable":true,"href":"https:\/\/sacslab.com\/cs\/wp-json\/wp\/v2\/product_tag?post=17444"}],"curies":[{"name":"wp","href":"https:\/\/api.w.org\/{rel}","templated":true}]}}