{"id":17475,"date":"2024-05-09T01:47:57","date_gmt":"2024-05-08T23:47:57","guid":{"rendered":"https:\/\/sacslab.com\/neza\u0159azen\u00e9\/fc02-parfemovany-cistic-podlah\/"},"modified":"2025-08-19T21:36:27","modified_gmt":"2025-08-19T19:36:27","slug":"fc02-cistic-podlahy-parfumovany","status":"publish","type":"product","link":"https:\/\/sacslab.com\/cs\/fc02-cistic-podlahy-parfumovany\/","title":{"rendered":"FC02 &#8211; \u010cISTI\u010c PODLAHY PARF\u00c9MOVAN\u00dd"},"content":{"rendered":"<p><strong>FC02 &#8211; \u010cisti\u010d podlahy parfumovan\u00fd<\/strong><\/p>\n<p>Vysoce parf\u00e9movan\u00fd koncentrovan\u00fd \u010distic\u00ed prost\u0159edek speci\u00e1ln\u011b navr\u017een\u00fd pro z\u00e1kladn\u00ed ka\u017edodenn\u00ed \u010di\u0161t\u011bn\u00ed v\u0161ech vodou omyvateln\u00fdch povrch\u016f.<br \/>\nJe ur\u010den k \u010di\u0161t\u011bn\u00ed r\u016fzn\u00fdch povrch\u016f v\u010detn\u011b dla\u017edic, PVC, linolea, vinylu, lakovan\u00fdch parket, lamin\u00e1tov\u00fdch povrch\u016f a dal\u0161\u00edch.<br \/>\nJeho p\u011bniv\u00e9 slo\u017een\u00ed poskytuje v\u00fdjime\u010dn\u00fd \u010distic\u00ed v\u00fdkon, zanech\u00e1v\u00e1 povrchy \u010dist\u00e9 a vo\u0148av\u00e9, poskytuje maxim\u00e1ln\u00ed \u00fa\u010dinek s minim\u00e1ln\u00edm \u00fasil\u00edm a jeho koncentrovan\u00e9 slo\u017een\u00ed umo\u017e\u0148uje \u00fa\u010dinn\u00e9 \u010di\u0161t\u011bn\u00ed i p\u0159i n\u00edzk\u00fdch d\u00e1vk\u00e1ch, co\u017e z n\u011bj \u010din\u00ed cenov\u011b v\u00fdhodn\u00e9 \u0159e\u0161en\u00ed pro ka\u017edodenn\u00ed \u00faklid.<br \/>\nPovrchov\u011b aktivn\u00ed l\u00e1tky \u00fa\u010dinn\u011b odstra\u0148uj\u00ed ne\u010distoty, mastnotu a skvrny a zanech\u00e1vaj\u00ed povrchy z\u00e1\u0159iv\u011b \u010dist\u00e9.<\/p>\n<p><strong>N\u00c1VOD K POU\u017dIT\u00cd:<\/strong><\/p>\n<ul>\n<li>Povrchy \u010dist\u011bte b\u011b\u017en\u00fdm mokr\u00fdm zp\u016fsobem.<\/li>\n<li>Na\u0159e\u010fte p\u0159\u00edpravek dle doporu\u010den\u00e9ho d\u00e1vkov\u00e1n\u00ed a naneste na zne\u010di\u0161t\u011bn\u00fd povrch mopem nebo hadrem.<\/li>\n<\/ul>\n<p><strong>D\u00c1VKOV\u00c1N\u00cd:<\/strong><\/p>\n<p><strong>\u00a0<\/strong>Pou\u017eijte 2\u20135 ml prost\u0159edku na 1 litr vody v z\u00e1vislosti na stupni zne\u010di\u0161t\u011bn\u00ed povrchu.<\/p>\n<p><strong>SKLADOV\u00c1N\u00cd:<\/strong><\/p>\n<p>Skladujte p\u0159i teplot\u011b 5\u201330 \u00b0C. Chra\u0148te p\u0159ed p\u0159\u00edm\u00fdm slune\u010dn\u00edm sv\u011btlem. Spot\u0159ebujte do data uveden\u00e9ho na obalu.<\/p>\n<p><strong>UPOZORN\u011aN\u00cd:<\/strong><\/p>\n<p>Spole\u010dnost SACSLAB s.r.o. nep\u0159eb\u00edr\u00e1 odpov\u011bdnost za jak\u00e9koliv \u0161kody, v\u010detn\u011b p\u0159\u00edm\u00e9 nebo nep\u0159\u00edm\u00e9 \u00fajmy, zp\u016fsoben\u00e9 nespr\u00e1vn\u00fdm pou\u017eit\u00edm, nedodr\u017een\u00edm pokyn\u016f k pou\u017eit\u00ed nebo nevhodnou manipulac\u00ed s produktem.<\/p>\n<p>U\u017eivatel je povinen p\u0159ed pou\u017eit\u00edm ov\u011b\u0159it vhodnost produktu pro konkr\u00e9tn\u00ed \u00fa\u010del a zajistit dodr\u017eov\u00e1n\u00ed v\u0161ech relevantn\u00edch bezpe\u010dnostn\u00edch p\u0159edpis\u016f, v\u010detn\u011b pokyn\u016f uveden\u00fdch v bezpe\u010dnostn\u00edm listu (SDS).<\/p>\n<p>Toto prohl\u00e1\u0161en\u00ed neomezuje ani nevy\u0159azuje odpov\u011bdnost za smrt, zran\u011bn\u00ed nebo jin\u00e9 p\u0159\u00edpady, kdy je vylou\u010den\u00ed odpov\u011bdnosti nep\u0159\u00edpustn\u00e9 podle platn\u00fdch pr\u00e1vn\u00edch p\u0159edpis\u016f.<\/p>\n<p><strong>D\u016eLE\u017dIT\u00c9:<\/strong><\/p>\n<p>P\u0159ed pou\u017eit\u00edm si v\u017edy p\u0159e\u010dt\u011bte ozna\u010den\u00ed a informace o v\u00fdrobku v p\u0159ilo\u017een\u00fdch dokumentech \u201c<strong>KE STA\u017dEN\u00cd<\/strong>\u201c.<\/p>\n<div class=\"testo\">\n<h4>OBLASTI POU\u017dIT\u00cd:<\/h4>\n<table class=\"tab_application\">\n<thead>\n<tr>\n<th><strong>OBLAST<\/strong><\/th>\n<th>HLAVN\u00cd VYU\u017dIT\u00cd<\/th>\n<th>OSTATN\u00cd VYU\u017dIT\u00cd<\/th>\n<\/tr>\n<\/thead>\n<tbody>\n<tr>\n<td>GENER\u00c1LN\u00cd<\/td>\n<td><img decoding=\"async\" class=\"sacslab-checked\" src=\"https:\/\/sacslab.com\/wp-content\/uploads\/2024\/06\/checked-blue.svg\" \/><\/td>\n<td><\/td>\n<\/tr>\n<tr>\n<td>UMYV\u00c1RENSK\u00c1<\/td>\n<td><\/td>\n<td><img decoding=\"async\" class=\"sacslab-checked\" src=\"https:\/\/sacslab.com\/wp-content\/uploads\/2024\/06\/checked-yellow.svg\" \/><\/td>\n<\/tr>\n<tr>\n<td>SANIT\u00c1RN\u00cd<\/td>\n<td><\/td>\n<td><img decoding=\"async\" class=\"sacslab-checked\" src=\"https:\/\/sacslab.com\/wp-content\/uploads\/2024\/06\/checked-red.svg\" \/><\/td>\n<\/tr>\n<tr>\n<td>KUCHY\u0147SK\u00c1<\/td>\n<td><\/td>\n<td><img decoding=\"async\" class=\"sacslab-checked\" src=\"https:\/\/sacslab.com\/wp-content\/uploads\/2024\/06\/checked-green.svg\" \/><\/td>\n<\/tr>\n<tr>\n<td>DEZINFEK\u010cN\u00cd<\/td>\n<td><\/td>\n<td><\/td>\n<\/tr>\n<tr>\n<td>SPECI\u00c1LN\u00cd<\/td>\n<td><\/td>\n<td><\/td>\n<\/tr>\n<\/tbody>\n<\/table>\n<\/div>\n<div class=\"testo\">\n<h4>FC02 &#8211; FLOOR CLEANER PERFUMED \u00a0pH \u2248 6,0<\/h4>\n<p>Uveden\u00e1 hodnota pH se vztahuje na konkr\u00e9tn\u00ed prac\u00ed prost\u0159edek nebo koncentr\u00e1t prac\u00edho prost\u0159edku.<\/p>\n<table class=\"tab_application\">\n<thead>\n<tr>\n<th><strong>TITUL <\/strong><\/th>\n<th>pH<\/th>\n<\/tr>\n<\/thead>\n<tbody>\n<tr>\n<td>VYSOCE KYSEL\u00dd | pH 0-2<\/td>\n<td><\/td>\n<\/tr>\n<tr>\n<td>ST\u0158EDN\u011a KYSEL\u00c9 | pH 2-5<\/td>\n<td><\/td>\n<\/tr>\n<tr>\n<td>NEUTR\u00c1LN\u00cd | pH 5-8<\/td>\n<td><img decoding=\"async\" class=\"sacslab-checked\" src=\"https:\/\/sacslab.com\/wp-content\/uploads\/2024\/06\/checked-black.svg\" \/><\/td>\n<\/tr>\n<tr>\n<td>ST\u0158EDN\u011a ALKALICK\u00dd | pH 8-11<\/td>\n<td><\/td>\n<\/tr>\n<tr>\n<td>VYSOCE ALKALICK\u00c9 | pH 11-15<\/td>\n<td><\/td>\n<\/tr>\n<\/tbody>\n<\/table>\n<\/div>\n","protected":false},"excerpt":{"rendered":"<p><strong style=\"font-size: 1.41575em;\">Profesion\u00e1ln\u00ed \u010distic\u00ed prost\u0159edek<\/strong><\/p>\n<p><img fetchpriority=\"high\" decoding=\"async\" class=\"alignnone wp-image-22622 size-medium\" src=\"https:\/\/sacslab.com\/wp-content\/uploads\/2024\/04\/certificate-ISO.svg\" alt=\"\" width=\"300\" height=\"300\" \/><\/p>\n<div class=\"e18-eigenschaften\">\n<p><strong>FC02 \u010cisti\u010d podlahy parfumovan\u00fd<\/strong> \u2013 koncentrovan\u00fd, vysoce parf\u00e9movan\u00fd \u010distic\u00ed prost\u0159edek, speci\u00e1ln\u011b navr\u017een\u00fd pro b\u011b\u017en\u00e9 ka\u017edodenn\u00ed \u010di\u0161t\u011bn\u00ed podlah a v\u0161ech vodou omyvateln\u00fdch ploch.<\/p>\n<ul>\n<li style=\"list-style-type: none;\">\n<ul>\n<li><strong>Koncentr\u00e1t<\/strong><\/li>\n<li><strong>Univerz\u00e1ln\u00ed pou\u017eit\u00ed:<\/strong><\/li>\n<li><strong>Podlahy, dla\u017eba, PVC<\/strong><\/li>\n<li><strong>Linoleum, vinyl, lakovan\u00e9 parkety<\/strong><\/li>\n<li><strong>Lamin\u00e1tov\u00e9 povrchy<\/strong><\/li>\n<li><strong>Dlouhotrvaj\u00edc\u00ed v\u016fn\u011b<\/strong><\/li>\n<li><strong>pH \u2248 6,0<\/strong><\/li>\n<\/ul>\n<\/li>\n<\/ul>\n<\/div>\n","protected":false},"featured_media":22251,"template":"","meta":{"inline_featured_image":false},"product_cat":[319,395],"product_tag":[386,396,377],"class_list":{"0":"post-17475","1":"product","2":"type-product","3":"status-publish","4":"has-post-thumbnail","6":"product_cat-cistici-prostredky","7":"product_cat-generalni-oblast","8":"product_tag-kuchynsky-prostor","9":"product_tag-sanitarni-oblast","10":"product_tag-kuchynska-oblast-cs","12":"first","13":"instock","14":"taxable","15":"shipping-taxable","16":"purchasable","17":"product-type-variable"},"bundled_by":["20478"],"bundle_stock_status":"instock","bundle_stock_quantity":null,"bundle_virtual":false,"bundle_layout":"","bundle_add_to_cart_form_location":"","bundle_editable_in_cart":false,"bundle_sold_individually_context":"","bundle_item_grouping":"","bundle_min_size":"","bundle_max_size":"","bundle_price":[],"bundled_items":[],"bundle_sell_ids":[],"_links":{"self":[{"href":"https:\/\/sacslab.com\/cs\/wp-json\/wp\/v2\/product\/17475","targetHints":{"allow":["GET"]}}],"collection":[{"href":"https:\/\/sacslab.com\/cs\/wp-json\/wp\/v2\/product"}],"about":[{"href":"https:\/\/sacslab.com\/cs\/wp-json\/wp\/v2\/types\/product"}],"wp:featuredmedia":[{"embeddable":true,"href":"https:\/\/sacslab.com\/cs\/wp-json\/wp\/v2\/media\/22251"}],"wp:attachment":[{"href":"https:\/\/sacslab.com\/cs\/wp-json\/wp\/v2\/media?parent=17475"}],"wp:term":[{"taxonomy":"product_cat","embeddable":true,"href":"https:\/\/sacslab.com\/cs\/wp-json\/wp\/v2\/product_cat?post=17475"},{"taxonomy":"product_tag","embeddable":true,"href":"https:\/\/sacslab.com\/cs\/wp-json\/wp\/v2\/product_tag?post=17475"}],"curies":[{"name":"wp","href":"https:\/\/api.w.org\/{rel}","templated":true}]}}