{"id":17490,"date":"2024-05-09T02:10:00","date_gmt":"2024-05-09T00:10:00","guid":{"rendered":"https:\/\/sacslab.com\/neza\u0159azen\u00e9\/ac01-alkoholovy-cistic\/"},"modified":"2025-05-31T10:53:04","modified_gmt":"2025-05-31T08:53:04","slug":"ac01-alkoholovy-cistic","status":"publish","type":"product","link":"https:\/\/sacslab.com\/cs\/ac01-alkoholovy-cistic\/","title":{"rendered":"AC01 &#8211; ALKOHOLOV\u00dd \u010cISTI\u010c"},"content":{"rendered":"<p><strong>AC01 &#8211; Alkoholov\u00fd \u010disti\u010d<\/strong><\/p>\n<p>Univerz\u00e1ln\u00ed alkoholov\u00fd \u010disti\u010d ur\u010den\u00fd k rychl\u00e9mu a d\u016fkladn\u00e9mu \u010di\u0161t\u011bn\u00ed r\u016fzn\u00fdch omyvateln\u00fdch povrch\u016f.<br \/>\nTento \u010distic\u00ed prost\u0159edek je ide\u00e1ln\u00ed pro \u0161irokou \u0161k\u00e1lu materi\u00e1l\u016f v\u010detn\u011b plast\u016f, skla, keramiky, zrcadel, lamin\u00e1tu, lakovan\u00e9ho d\u0159eva a n\u00e1bytku.<br \/>\nJe vhodn\u00fd zejm\u00e9na pro pou\u017eit\u00ed v kancel\u00e1\u0159sk\u00e9m, bytov\u00e9m a hotelov\u00e9m prost\u0159ed\u00ed, kde je vy\u017eadov\u00e1no pravideln\u00e9 a \u00fa\u010dinn\u00e9 \u010di\u0161t\u011bn\u00ed.<\/p>\n<p>Tento produkt nen\u00ed vhodn\u00fd pro pou\u017eit\u00ed na d\u0159evo bez povrchov\u00e9 \u00fapravy. Jeho siln\u00e9 \u010distic\u00ed vlastnosti by mohly po\u0161kodit takov\u00e9 materi\u00e1ly.<\/p>\n<p><strong>N\u00c1VOD K POU\u017dIT\u00cd:<\/strong><\/p>\n<p><strong>\u00a0<\/strong>Prost\u0159edek nast\u0159\u00edkejte na suchou ut\u011brku pomoc\u00ed rozpra\u0161ova\u010de a vy\u010dist\u011bte zne\u010di\u0161t\u011bn\u00fd povrch, nebo naneste p\u0159\u00edmo na zne\u010di\u0161t\u011bn\u00fd povrch a set\u0159ete do sucha.<\/p>\n<p><strong>D\u00c1VKOV\u00c1N\u00cd:<\/strong><\/p>\n<p>Pou\u017eijte dostate\u010dn\u00e9 mno\u017estv\u00ed prost\u0159edku pomoc\u00ed rozpra\u0161ova\u010de podle pot\u0159eby, abyste zajistili d\u016fkladn\u00e9 vy\u010di\u0161t\u011bn\u00ed.<\/p>\n<p><strong>SKLADOV\u00c1N\u00cd:<\/strong><\/p>\n<p>Skladujte p\u0159i teplot\u011b 5\u201330 \u00b0C. Chra\u0148te p\u0159ed p\u0159\u00edm\u00fdm slune\u010dn\u00edm sv\u011btlem. Spot\u0159ebujte do data uveden\u00e9ho na obalu.<\/p>\n<p><strong>UPOZORN\u011aN\u00cd:<\/strong><\/p>\n<p>Spole\u010dnost SACSLAB s.r.o. nep\u0159eb\u00edr\u00e1 odpov\u011bdnost za jak\u00e9koliv \u0161kody, v\u010detn\u011b p\u0159\u00edm\u00e9 nebo nep\u0159\u00edm\u00e9 \u00fajmy, zp\u016fsoben\u00e9 nespr\u00e1vn\u00fdm pou\u017eit\u00edm, nedodr\u017een\u00edm pokyn\u016f k pou\u017eit\u00ed nebo nevhodnou manipulac\u00ed s produktem.<\/p>\n<p>U\u017eivatel je povinen p\u0159ed pou\u017eit\u00edm ov\u011b\u0159it vhodnost produktu pro konkr\u00e9tn\u00ed \u00fa\u010del a zajistit dodr\u017eov\u00e1n\u00ed v\u0161ech relevantn\u00edch bezpe\u010dnostn\u00edch p\u0159edpis\u016f, v\u010detn\u011b pokyn\u016f uveden\u00fdch v bezpe\u010dnostn\u00edm listu (SDS).<\/p>\n<p>Toto prohl\u00e1\u0161en\u00ed neomezuje ani nevy\u0159azuje odpov\u011bdnost za smrt, zran\u011bn\u00ed nebo jin\u00e9 p\u0159\u00edpady, kdy je vylou\u010den\u00ed odpov\u011bdnosti nep\u0159\u00edpustn\u00e9 podle platn\u00fdch pr\u00e1vn\u00edch p\u0159edpis\u016f.<\/p>\n<p><strong>D\u016eLE\u017dIT\u00c9:<\/strong><\/p>\n<p>P\u0159ed pou\u017eit\u00edm si v\u017edy p\u0159e\u010dt\u011bte ozna\u010den\u00ed a informace o v\u00fdrobku v p\u0159ilo\u017een\u00fdch dokumentech \u201c<strong>KE STA\u017dEN\u00cd<\/strong>\u201c.<\/p>\n<div class=\"testo\">\n<h4>OBLASTI POU\u017dIT\u00cd:<\/h4>\n<table class=\"tab_application\">\n<thead>\n<tr>\n<th><strong>OBLAST<\/strong><\/th>\n<th>HLAVN\u00cd VYU\u017dIT\u00cd<\/th>\n<th>OSTATN\u00cd VYU\u017dIT\u00cd<\/th>\n<\/tr>\n<\/thead>\n<tbody>\n<tr>\n<td>GENER\u00c1LN\u00cd<\/td>\n<td><img decoding=\"async\" class=\"sacslab-checked\" src=\"https:\/\/sacslab.com\/wp-content\/uploads\/2024\/06\/checked-blue.svg\" \/><\/td>\n<td><\/td>\n<\/tr>\n<tr>\n<td>UMYV\u00c1RENSK\u00c1<\/td>\n<td><\/td>\n<td><img decoding=\"async\" class=\"sacslab-checked\" src=\"https:\/\/sacslab.com\/wp-content\/uploads\/2024\/06\/checked-yellow.svg\" \/><\/td>\n<\/tr>\n<tr>\n<td>SANIT\u00c1RN\u00cd<\/td>\n<td><\/td>\n<td><\/td>\n<\/tr>\n<tr>\n<td>KUCHY\u0147SK\u00c1<\/td>\n<td><\/td>\n<td><img decoding=\"async\" class=\"sacslab-checked\" src=\"https:\/\/sacslab.com\/wp-content\/uploads\/2024\/06\/checked-green.svg\" \/><\/td>\n<\/tr>\n<tr>\n<td>DEZINFEK\u010cN\u00cd<\/td>\n<td><\/td>\n<td><\/td>\n<\/tr>\n<tr>\n<td>SPECI\u00c1LN\u00cd<\/td>\n<td><\/td>\n<td><img decoding=\"async\" class=\"sacslab-checked\" src=\"https:\/\/sacslab.com\/wp-content\/uploads\/2024\/06\/checked.svg\" \/><\/td>\n<\/tr>\n<\/tbody>\n<\/table>\n<\/div>\n<div class=\"testo\">\n<h4>AC01 &#8211; ALCOHOL CLEANER\u00a0 pH \u2248 11<\/h4>\n<p>Uveden\u00e1 hodnota pH se vztahuje na konkr\u00e9tn\u00ed prac\u00ed prost\u0159edek nebo koncentr\u00e1t prac\u00edho prost\u0159edku.<\/p>\n<table class=\"tab_application\">\n<thead>\n<tr>\n<th><strong>TITUL <\/strong><\/th>\n<th>pH<\/th>\n<\/tr>\n<\/thead>\n<tbody>\n<tr>\n<td>VYSOCE KYSEL\u00dd | pH 0-2<\/td>\n<td><\/td>\n<\/tr>\n<tr>\n<td>ST\u0158EDN\u011a KYSEL\u00c9 | pH 2-5<\/td>\n<td><\/td>\n<\/tr>\n<tr>\n<td>NEUTR\u00c1LN\u00cd | pH 5-8<\/td>\n<td><\/td>\n<\/tr>\n<tr>\n<td>ST\u0158EDN\u011a ALKALICK\u00dd | pH 8-11<\/td>\n<td><img decoding=\"async\" class=\"sacslab-checked\" src=\"https:\/\/sacslab.com\/wp-content\/uploads\/2024\/06\/checked-black.svg\" \/><\/td>\n<\/tr>\n<tr>\n<td>VYSOCE ALKALICK\u00c9 | pH 11-15<\/td>\n<td><\/td>\n<\/tr>\n<\/tbody>\n<\/table>\n<\/div>\n","protected":false},"excerpt":{"rendered":"<h5><strong style=\"font-size: 1.41575em;\">Profesion\u00e1ln\u00ed \u010distic\u00ed prost\u0159edek<\/strong><\/h5>\n<h3><img fetchpriority=\"high\" decoding=\"async\" class=\"alignnone wp-image-22622 size-medium\" src=\"https:\/\/sacslab.com\/wp-content\/uploads\/2024\/04\/certificate-ISO.svg\" alt=\"\" width=\"300\" height=\"300\" \/><\/h3>\n<p><strong>AC01 Alkoholov\u00fd \u010disti\u010d<\/strong> &#8211; univerz\u00e1ln\u00ed alkoholov\u00fd \u010distic\u00ed prost\u0159edek navr\u017een\u00fd pro rychl\u00e9 a d\u016fkladn\u00e9 \u010di\u0161t\u011bn\u00ed r\u016fzn\u00fdch omyvateln\u00fdch povrch\u016f (sklo, plast, keramika, zrcadla, lakovan\u00e9 d\u0159evo, n\u00e1bytek). \u00da\u010dinn\u011b odstra\u0148uje b\u011b\u017en\u00e9 denn\u00ed ne\u010distoty, jako jsou otisky prst\u016f, prach, \u0161mouhy a dal\u0161\u00ed ne\u010distoty.<\/p>\n<ul>\n<li><strong>\u010ci\u0161t\u011bn\u00ed<\/strong><\/li>\n<li><strong>Le\u0161t\u011bn\u00ed<\/strong><\/li>\n<li><strong>Odstra\u0148ov\u00e1n\u00ed ne\u010distot, otisk\u016f prst\u016f, prachu a \u0161mouh<\/strong><\/li>\n<li><strong>Univerz\u00e1ln\u00ed pou\u017eit\u00ed<\/strong><\/li>\n<li><strong>Dotykov\u00e9 plochy<\/strong><\/li>\n<li><strong>pH \u2248 11,0<\/strong><\/li>\n<\/ul>\n","protected":false},"featured_media":22266,"template":"","meta":{"inline_featured_image":false},"product_cat":[319,395],"product_tag":[386,398,377],"class_list":{"0":"post-17490","1":"product","2":"type-product","3":"status-publish","4":"has-post-thumbnail","6":"product_cat-cistici-prostredky","7":"product_cat-generalni-oblast","8":"product_tag-kuchynsky-prostor","9":"product_tag-specialni-oblast","10":"product_tag-kuchynska-oblast-cs","12":"first","13":"instock","14":"taxable","15":"shipping-taxable","16":"purchasable","17":"product-type-variable"},"bundled_by":["20478"],"bundle_stock_status":"instock","bundle_stock_quantity":null,"bundle_virtual":false,"bundle_layout":"","bundle_add_to_cart_form_location":"","bundle_editable_in_cart":false,"bundle_sold_individually_context":"","bundle_item_grouping":"","bundle_min_size":"","bundle_max_size":"","bundle_price":[],"bundled_items":[],"bundle_sell_ids":[],"_links":{"self":[{"href":"https:\/\/sacslab.com\/cs\/wp-json\/wp\/v2\/product\/17490","targetHints":{"allow":["GET"]}}],"collection":[{"href":"https:\/\/sacslab.com\/cs\/wp-json\/wp\/v2\/product"}],"about":[{"href":"https:\/\/sacslab.com\/cs\/wp-json\/wp\/v2\/types\/product"}],"wp:featuredmedia":[{"embeddable":true,"href":"https:\/\/sacslab.com\/cs\/wp-json\/wp\/v2\/media\/22266"}],"wp:attachment":[{"href":"https:\/\/sacslab.com\/cs\/wp-json\/wp\/v2\/media?parent=17490"}],"wp:term":[{"taxonomy":"product_cat","embeddable":true,"href":"https:\/\/sacslab.com\/cs\/wp-json\/wp\/v2\/product_cat?post=17490"},{"taxonomy":"product_tag","embeddable":true,"href":"https:\/\/sacslab.com\/cs\/wp-json\/wp\/v2\/product_tag?post=17490"}],"curies":[{"name":"wp","href":"https:\/\/api.w.org\/{rel}","templated":true}]}}