{"id":17513,"date":"2024-05-09T02:31:35","date_gmt":"2024-05-09T00:31:35","guid":{"rendered":"https:\/\/sacslab.com\/neza\u0159azen\u00e9\/ls01-tekute-mydlo\/"},"modified":"2025-06-01T18:09:00","modified_gmt":"2025-06-01T16:09:00","slug":"ls01-tekute-mydlo","status":"publish","type":"product","link":"https:\/\/sacslab.com\/cs\/ls01-tekute-mydlo\/","title":{"rendered":"LS01 &#8211; TEKUT\u00c9 M\u00ddDLO"},"content":{"rendered":"<p><strong>LS01 &#8211; Tekut\u00e9 m\u00fddlo<\/strong><\/p>\n<p>Ur\u010deno pro ka\u017edodenn\u00ed hygienu rukou. Zanech\u00e1v\u00e1 ruce \u010dist\u00e9, jemn\u00e9 a sv\u011b\u017e\u00ed. M\u00fddlo je dermatologicky p\u0159\u00edzniv\u00e9 d\u00edky sv\u00e9mu neutr\u00e1ln\u00edmu pH, co\u017e znamen\u00e1, \u017ee je \u0161etrn\u00e9 k poko\u017ece a minimalizuje riziko podr\u00e1\u017ed\u011bn\u00ed i p\u0159i \u010dast\u00e9m pou\u017e\u00edv\u00e1n\u00ed.<\/p>\n<p>Tekut\u00e9 m\u00fddlo LS01 obsahuje speci\u00e1ln\u00ed ochrann\u00e9 slo\u017eky, kter\u00e9 pom\u00e1haj\u00ed p\u0159edch\u00e1zet vysou\u0161en\u00ed rukou a zaji\u0161\u0165uj\u00ed, \u017ee poko\u017eka z\u016fstane hydratovan\u00e1 a jemn\u00e1 i p\u0159i opakovan\u00e9m myt\u00ed.<br \/>\nToto tekut\u00e9 m\u00fddlo je vhodn\u00e9 pro v\u0161echny typy poko\u017eky a je ide\u00e1ln\u00ed pro pou\u017eit\u00ed doma, v kancel\u00e1\u0159\u00edch, na ve\u0159ejn\u00fdch m\u00edstech a v dal\u0161\u00edch prost\u0159ed\u00edch, kde je vy\u017eadov\u00e1na \u010dast\u00e1 hygiena rukou.<\/p>\n<p><strong>N\u00c1VOD K POU\u017dIT\u00cd:<\/strong><\/p>\n<p>Na mokr\u00e9 ruce naneste p\u0159im\u011b\u0159en\u00e9 mno\u017estv\u00ed m\u00fddla, d\u016fkladn\u011b je rozet\u0159ete, aby se vytvo\u0159ila p\u011bna, a pot\u00e9 je opl\u00e1chn\u011bte \u010distou vodou.<\/p>\n<p><strong>D\u00c1VKOVAN\u00cd:<\/strong><\/p>\n<p>Pou\u017e\u00edvejte podle pot\u0159eby k zaji\u0161t\u011bn\u00ed d\u016fkladn\u00e9 hygieny rukou.<\/p>\n<p><strong>SKLADOV\u00c1N\u00cd:<\/strong><\/p>\n<p>Skladujte p\u0159i teplot\u011b 5\u201330 \u00b0C. Chra\u0148te p\u0159ed p\u0159\u00edm\u00fdm slune\u010dn\u00edm sv\u011btlem. Spot\u0159ebujte do data uveden\u00e9ho na obalu.<\/p>\n<div class=\"testo\">\n<h4>OBLASTI POU\u017dIT\u00cd:<\/h4>\n<table class=\"tab_application\">\n<thead>\n<tr>\n<th><strong>OBLAST<\/strong><\/th>\n<th>HLAVN\u00cd VYU\u017dIT\u00cd<\/th>\n<th>OSTATN\u00cd VYU\u017dIT\u00cd<\/th>\n<\/tr>\n<\/thead>\n<tbody>\n<tr>\n<td>GENER\u00c1LN\u00cd<\/td>\n<td><\/td>\n<td><\/td>\n<\/tr>\n<tr>\n<td>UMYV\u00c1RENSK\u00c1<\/td>\n<td><img decoding=\"async\" class=\"sacslab-checked\" src=\"https:\/\/sacslab.com\/wp-content\/uploads\/2024\/06\/checked-yellow.svg\" \/><\/td>\n<td><\/td>\n<\/tr>\n<tr>\n<td>SANIT\u00c1RN\u00cd<\/td>\n<td><\/td>\n<td><img decoding=\"async\" class=\"sacslab-checked\" src=\"https:\/\/sacslab.com\/wp-content\/uploads\/2024\/06\/checked-red.svg\" \/><\/td>\n<\/tr>\n<tr>\n<td>KUCHYNSK\u00c1<\/td>\n<td><\/td>\n<td><img decoding=\"async\" class=\"sacslab-checked\" src=\"https:\/\/sacslab.com\/wp-content\/uploads\/2024\/06\/checked-green.svg\" \/><\/td>\n<\/tr>\n<tr>\n<td>DISINFEK\u010cN\u00cd<\/td>\n<td><\/td>\n<td><\/td>\n<\/tr>\n<tr>\n<td>SPECI\u00c1LN\u00cd<\/td>\n<td><\/td>\n<td><\/td>\n<\/tr>\n<\/tbody>\n<\/table>\n<\/div>\n<div class=\"testo\">\n<h4>LS01 &#8211; LIQUID SOAP \u00a0pH \u2248 6,0<\/h4>\n<p>Uveden\u00e1 hodnota pH se vztahuje na konkr\u00e9tn\u00ed prac\u00ed prost\u0159edek nebo koncentr\u00e1t prac\u00edho prost\u0159edku.<\/p>\n<table class=\"tab_application\">\n<thead>\n<tr>\n<th><strong>TITUL <\/strong><\/th>\n<th>pH<\/th>\n<\/tr>\n<\/thead>\n<tbody>\n<tr>\n<td>VYSOCE KYSEL\u00c9 | pH 0-2<\/td>\n<td><\/td>\n<\/tr>\n<tr>\n<td>ST\u0158EDN\u00cd KYSELINA | pH 2-5<\/td>\n<td><\/td>\n<\/tr>\n<tr>\n<td>NEUTR\u00c1LN\u00cd | pH 5-8<\/td>\n<td><img decoding=\"async\" class=\"sacslab-checked\" src=\"https:\/\/sacslab.com\/wp-content\/uploads\/2024\/06\/checked-black.svg\" \/><\/td>\n<\/tr>\n<tr>\n<td>ST\u0158EDN\u011a ALKALICK\u00dd | pH 8-11<\/td>\n<td><\/td>\n<\/tr>\n<tr>\n<td>VYSOCE ALKALICK\u00c9 | pH 11-15<\/td>\n<td><\/td>\n<\/tr>\n<\/tbody>\n<\/table>\n<\/div>\n","protected":false},"excerpt":{"rendered":"<h3><img fetchpriority=\"high\" decoding=\"async\" class=\"alignnone wp-image-22622 size-medium\" src=\"https:\/\/sacslab.com\/wp-content\/uploads\/2024\/04\/certificate-ISO.svg\" alt=\"\" width=\"300\" height=\"300\" \/><\/h3>\n<div class=\"e18-eigenschaften\">\n<p><strong>LS01 Tekut\u00e9 m\u00fddlo \u2013 <\/strong>s neutr\u00e1ln\u00edm pH, ide\u00e1ln\u00ed pro ka\u017edodenn\u00ed pou\u017eit\u00ed. Zanech\u00e1v\u00e1 ruce \u010dist\u00e9, jemn\u00e9 a sv\u011b\u017e\u00ed.<\/p>\n<ul>\n<li><strong>Neutr\u00e1ln\u00ed pH<\/strong><\/li>\n<li><strong>Vhodn\u00e9 pro ka\u017edodenn\u00ed pou\u017eit\u00ed<\/strong><\/li>\n<li><strong>Obsahuje ochrann\u00e9 l\u00e1tky<\/strong><\/li>\n<li><strong>Zabra\u0148uje vysych\u00e1n\u00ed rukou<\/strong><\/li>\n<li><strong>pH \u2248 6,0<\/strong><\/li>\n<\/ul>\n<\/div>\n","protected":false},"featured_media":22409,"template":"","meta":{"inline_featured_image":false},"product_cat":[319,403],"product_tag":[386,396],"class_list":{"0":"post-17513","1":"product","2":"type-product","3":"status-publish","4":"has-post-thumbnail","6":"product_cat-cistici-prostredky","7":"product_cat-umyvarenska-oblast","8":"product_tag-kuchynsky-prostor","9":"product_tag-sanitarni-oblast","11":"first","12":"instock","13":"taxable","14":"shipping-taxable","15":"purchasable","16":"product-type-variable"},"bundled_by":["20478"],"bundle_stock_status":"instock","bundle_stock_quantity":null,"bundle_virtual":false,"bundle_layout":"","bundle_add_to_cart_form_location":"","bundle_editable_in_cart":false,"bundle_sold_individually_context":"","bundle_item_grouping":"","bundle_min_size":"","bundle_max_size":"","bundle_price":[],"bundled_items":[],"bundle_sell_ids":[],"_links":{"self":[{"href":"https:\/\/sacslab.com\/cs\/wp-json\/wp\/v2\/product\/17513","targetHints":{"allow":["GET"]}}],"collection":[{"href":"https:\/\/sacslab.com\/cs\/wp-json\/wp\/v2\/product"}],"about":[{"href":"https:\/\/sacslab.com\/cs\/wp-json\/wp\/v2\/types\/product"}],"wp:featuredmedia":[{"embeddable":true,"href":"https:\/\/sacslab.com\/cs\/wp-json\/wp\/v2\/media\/22409"}],"wp:attachment":[{"href":"https:\/\/sacslab.com\/cs\/wp-json\/wp\/v2\/media?parent=17513"}],"wp:term":[{"taxonomy":"product_cat","embeddable":true,"href":"https:\/\/sacslab.com\/cs\/wp-json\/wp\/v2\/product_cat?post=17513"},{"taxonomy":"product_tag","embeddable":true,"href":"https:\/\/sacslab.com\/cs\/wp-json\/wp\/v2\/product_tag?post=17513"}],"curies":[{"name":"wp","href":"https:\/\/api.w.org\/{rel}","templated":true}]}}