{"id":17514,"date":"2024-05-09T02:16:36","date_gmt":"2024-05-09T00:16:36","guid":{"rendered":"https:\/\/sacslab.com\/neza\u0159azen\u00e9\/fe01-extra-cistic-podlah\/"},"modified":"2025-06-01T21:09:25","modified_gmt":"2025-06-01T19:09:25","slug":"fe01-extra-cistic-podlah","status":"publish","type":"product","link":"https:\/\/sacslab.com\/cs\/fe01-extra-cistic-podlah\/","title":{"rendered":"FE01 &#8211; EXTRA \u010cISTI\u010c PODLAH"},"content":{"rendered":"<p><strong>FE01 &#8211; Extra \u010disti\u010d podlah<\/strong><\/p>\n<p>Koncentrovan\u00fd \u010distic\u00ed prost\u0159edek ur\u010den\u00fd pro hloubkov\u00e9 \u010di\u0161t\u011bn\u00ed a efektivn\u00ed \u00faklid. Tento p\u0159\u00edpravek je navr\u017een p\u0159edev\u0161\u00edm na odstra\u0148ov\u00e1n\u00ed siln\u00fdch ne\u010distot. Ide\u00e1ln\u00ed pro gener\u00e1ln\u00ed \u00faklid.<\/p>\n<p><strong>D\u016fle\u017eit\u00e9 upozorn\u011bn\u00ed:<\/strong><\/p>\n<p>FE01 Extra \u010disti\u010d podlah &#8211; je vhodn\u00fd pouze na tvrd\u00e9 povrchy odoln\u00e9 v\u016f\u010di kyselin\u00e1m.<br \/>\n<strong>Nepou\u017e\u00edvejte na materi\u00e1ly obsahuj\u00edc\u00ed v\u00e1penec a jin\u00e9 materi\u00e1ly, kter\u00e9 nejsou odoln\u00e9 v\u016f\u010di kyselin\u00e1m, jako je mramor, travertin, \u017eula atd.<\/strong><br \/>\nRovn\u011b\u017e se nedoporu\u010duje na povrchy z nerezov\u00e9 oceli, vodovodn\u00ed baterie, barevn\u00e9 akrylov\u00e9 p\u0159edm\u011bty, n\u00e1bytek atd.<br \/>\nP\u0159\u00edpravek m\u016f\u017ee zp\u016fsobit m\u00edrn\u00e9 zesv\u011btlen\u00ed sp\u00e1r a nem\u011bl by se pou\u017e\u00edvat v kombinaci s p\u0159\u00edpravky na b\u00e1zi aktivn\u00edho chl\u00f3ru.<\/p>\n<p><strong>N\u00c1VOD K POU\u017dIT\u00cd: <\/strong><\/p>\n<ul>\n<li>Povrchy \u010dist\u011bte b\u011b\u017en\u00fdm mokr\u00fdm zp\u016fsobem.<\/li>\n<li>Na\u0159e\u010fte p\u0159\u00edpravek dle doporu\u010den\u00e9ho d\u00e1vkov\u00e1n\u00ed a naneste na zne\u010di\u0161t\u011bn\u00fd povrch mopem nebo hadrem.<\/li>\n<li>Po aplikaci odsajte zne\u010di\u0161t\u011bn\u00fd roztok mokr\u00fdm vysava\u010dem a opl\u00e1chn\u011bte povrch \u010distou vodou.<\/li>\n<\/ul>\n<div>\n<p><strong>D\u00c1VKOV\u00c1N\u00cd:<\/strong><\/p>\n<\/div>\n<div>\n<p><strong>\u00a0<\/strong>Pou\u017eijte <strong>5\u201320 ml<\/strong> prost\u0159edku <strong>na 1 litr vody<\/strong> v z\u00e1vislosti na stupni zne\u010di\u0161t\u011bn\u00ed povrchu.<\/p>\n<\/div>\n<p><strong>SKLADOV\u00c1N\u00cd:<\/strong><\/p>\n<p>Skladujte p\u0159i teplot\u011b 5\u201330 \u00b0C. Chra\u0148te p\u0159ed p\u0159\u00edm\u00fdm slune\u010dn\u00edm sv\u011btlem. Spot\u0159ebujte do data uveden\u00e9ho na obalu.<\/p>\n<p><strong>UPOZORN\u011aN\u00cd:<\/strong><\/p>\n<p>Spole\u010dnost SACSLAB s.r.o. nep\u0159eb\u00edr\u00e1 odpov\u011bdnost za jak\u00e9koliv \u0161kody, v\u010detn\u011b p\u0159\u00edm\u00e9 nebo nep\u0159\u00edm\u00e9 \u00fajmy, zp\u016fsoben\u00e9 nespr\u00e1vn\u00fdm pou\u017eit\u00edm, nedodr\u017een\u00edm pokyn\u016f k pou\u017eit\u00ed nebo nevhodnou manipulac\u00ed s produktem.<\/p>\n<p>U\u017eivatel je povinen p\u0159ed pou\u017eit\u00edm ov\u011b\u0159it vhodnost produktu pro konkr\u00e9tn\u00ed \u00fa\u010del a zajistit dodr\u017eov\u00e1n\u00ed v\u0161ech relevantn\u00edch bezpe\u010dnostn\u00edch p\u0159edpis\u016f, v\u010detn\u011b pokyn\u016f uveden\u00fdch v bezpe\u010dnostn\u00edm listu (SDS).<\/p>\n<p>Toto prohl\u00e1\u0161en\u00ed neomezuje ani nevy\u0159azuje odpov\u011bdnost za smrt, zran\u011bn\u00ed nebo jin\u00e9 p\u0159\u00edpady, kdy je vylou\u010den\u00ed odpov\u011bdnosti nep\u0159\u00edpustn\u00e9 podle platn\u00fdch pr\u00e1vn\u00edch p\u0159edpis\u016f.<\/p>\n<p><strong>D\u016eLE\u017dIT\u00c9:<\/strong><\/p>\n<p>P\u0159ed pou\u017eit\u00edm si v\u017edy p\u0159e\u010dt\u011bte ozna\u010den\u00ed a informace o v\u00fdrobku v p\u0159ilo\u017een\u00fdch dokumentech \u201c<strong>KE STA\u017dEN\u00cd<\/strong>\u201c.<\/p>\n<div class=\"testo\">\n<h4>OBLASTI POU\u017dIT\u00cd:<\/h4>\n<table class=\"tab_application\">\n<thead>\n<tr>\n<th><strong>OBLAST<\/strong><\/th>\n<th>HLAVN\u00cd VYU\u017dIT\u00cd<\/th>\n<th>OSTATN\u00cd VYU\u017dIT\u00cd<\/th>\n<\/tr>\n<\/thead>\n<tbody>\n<tr>\n<td>GENER\u00c1LN\u00cd<\/td>\n<td><\/td>\n<td><img decoding=\"async\" class=\"sacslab-checked\" src=\"https:\/\/sacslab.com\/wp-content\/uploads\/2024\/06\/checked-blue.svg\" \/><\/td>\n<\/tr>\n<tr>\n<td>UMYV\u00c1RENSK\u00c1<\/td>\n<td><img decoding=\"async\" class=\"sacslab-checked\" src=\"https:\/\/sacslab.com\/wp-content\/uploads\/2024\/06\/checked-yellow.svg\" \/><\/td>\n<td><\/td>\n<\/tr>\n<tr>\n<td>SANIT\u00c1RN\u00cd<\/td>\n<td><img decoding=\"async\" class=\"sacslab-checked\" src=\"https:\/\/sacslab.com\/wp-content\/uploads\/2024\/06\/checked-red.svg\" \/><\/td>\n<td><\/td>\n<\/tr>\n<tr>\n<td>KUCHY\u0147SK\u00c1<\/td>\n<td><\/td>\n<td><img decoding=\"async\" class=\"sacslab-checked\" src=\"https:\/\/sacslab.com\/wp-content\/uploads\/2024\/06\/checked-green.svg\" \/><\/td>\n<\/tr>\n<tr>\n<td>DEZINFE\u010cN\u00cd<\/td>\n<td><\/td>\n<td><\/td>\n<\/tr>\n<tr>\n<td>SPECI\u00c1LN\u00cd<\/td>\n<td><\/td>\n<td><img decoding=\"async\" class=\"sacslab-checked\" src=\"https:\/\/sacslab.com\/wp-content\/uploads\/2024\/06\/checked.svg\" \/><\/td>\n<\/tr>\n<\/tbody>\n<\/table>\n<\/div>\n<div class=\"testo\">\n<h4>FE01 &#8211; FLOOR CLEANER EXTRA \u00a0pH &lt; 1,0<\/h4>\n<p>Uveden\u00e1 hodnota pH se vztahuje na konkr\u00e9tn\u00ed prac\u00ed prost\u0159edek nebo koncentr\u00e1t prac\u00edho prost\u0159edku.<\/p>\n<table class=\"tab_application\">\n<thead>\n<tr>\n<th><strong>TITUL <\/strong><\/th>\n<th>pH<\/th>\n<\/tr>\n<\/thead>\n<tbody>\n<tr>\n<td>VYSOCE KYSEL\u00dd | pH 0-2<\/td>\n<td><img decoding=\"async\" class=\"sacslab-checked\" src=\"https:\/\/sacslab.com\/wp-content\/uploads\/2024\/06\/checked-black.svg\" \/><\/td>\n<\/tr>\n<tr>\n<td>ST\u0158EDN\u011a KYSEL\u00c9 | pH 2-5<\/td>\n<td><\/td>\n<\/tr>\n<tr>\n<td>NEUTR\u00c1LN\u00cd | pH 5-8<\/td>\n<td><\/td>\n<\/tr>\n<tr>\n<td>ST\u0158EDN\u011a ALKALICK\u00dd | pH 8-11<\/td>\n<td><\/td>\n<\/tr>\n<tr>\n<td>VYSOCE ALKALICK\u00c9 | pH 11-15<\/td>\n<td><\/td>\n<\/tr>\n<\/tbody>\n<\/table>\n<\/div>\n","protected":false},"excerpt":{"rendered":"<h4><strong>Profesion\u00e1ln\u00ed \u010distic\u00ed prost\u0159edek<\/strong><\/h4>\n<h6><\/h6>\n<p><img fetchpriority=\"high\" decoding=\"async\" class=\"alignnone wp-image-22622 size-medium\" src=\"https:\/\/sacslab.com\/wp-content\/uploads\/2024\/04\/certificate-ISO.svg\" alt=\"\" width=\"300\" height=\"300\" \/><\/p>\n<p><strong>FE01 Extra \u010disti\u010d na podlahy<\/strong> \u2013 vysoko koncentrovan\u00fd, m\u00edrn\u011b p\u011bniv\u00fd \u010distic\u00ed prost\u0159edek, speci\u00e1ln\u011b navr\u017een\u00fd na siln\u00e9 zne\u010di\u0161t\u011bn\u00ed. Ide\u00e1ln\u00ed pro hloubkov\u00e9 \u010di\u0161t\u011bn\u00ed: odstra\u0148uje usazeniny v\u010detn\u011b v\u00e1penat\u00fdch, miner\u00e1ln\u00edch a ho\u0159e\u010dnat\u00fdch zbytk\u016f, mo\u010dov\u00e9ho a vodn\u00edho kamene, rzi, zbytk\u016f barvy a cementov\u00fdch n\u00e1nos\u016f.<\/p>\n<ul>\n<li style=\"list-style-type: none;\">\n<ul>\n<li><strong>Koncentr\u00e1t<\/strong><\/li>\n<li><strong>Na siln\u00e9 zne\u010di\u0161t\u011bn\u00ed<\/strong><\/li>\n<li><strong>Gener\u00e1ln\u00ed \u00faklid<\/strong><\/li>\n<li><strong>Postavebn\u00ed \u010di\u0161t\u011bn\u00ed<\/strong><\/li>\n<li><strong>Odstra\u0148uje usazeniny<\/strong><\/li>\n<li><strong>pH &lt; 1,0<\/strong><\/li>\n<\/ul>\n<\/li>\n<\/ul>\n","protected":false},"featured_media":22454,"template":"","meta":{"inline_featured_image":false},"product_cat":[319,404],"product_tag":[405,386,396,377],"class_list":{"0":"post-17514","1":"product","2":"type-product","3":"status-publish","4":"has-post-thumbnail","6":"product_cat-cistici-prostredky","7":"product_cat-specialni-oblast","8":"product_tag-generalni-oblast","9":"product_tag-kuchynsky-prostor","10":"product_tag-sanitarni-oblast","11":"product_tag-kuchynska-oblast-cs","13":"first","14":"instock","15":"taxable","16":"shipping-taxable","17":"purchasable","18":"product-type-variable"},"bundled_by":["20478"],"bundle_stock_status":"instock","bundle_stock_quantity":null,"bundle_virtual":false,"bundle_layout":"","bundle_add_to_cart_form_location":"","bundle_editable_in_cart":false,"bundle_sold_individually_context":"","bundle_item_grouping":"","bundle_min_size":"","bundle_max_size":"","bundle_price":[],"bundled_items":[],"bundle_sell_ids":[],"_links":{"self":[{"href":"https:\/\/sacslab.com\/cs\/wp-json\/wp\/v2\/product\/17514","targetHints":{"allow":["GET"]}}],"collection":[{"href":"https:\/\/sacslab.com\/cs\/wp-json\/wp\/v2\/product"}],"about":[{"href":"https:\/\/sacslab.com\/cs\/wp-json\/wp\/v2\/types\/product"}],"wp:featuredmedia":[{"embeddable":true,"href":"https:\/\/sacslab.com\/cs\/wp-json\/wp\/v2\/media\/22454"}],"wp:attachment":[{"href":"https:\/\/sacslab.com\/cs\/wp-json\/wp\/v2\/media?parent=17514"}],"wp:term":[{"taxonomy":"product_cat","embeddable":true,"href":"https:\/\/sacslab.com\/cs\/wp-json\/wp\/v2\/product_cat?post=17514"},{"taxonomy":"product_tag","embeddable":true,"href":"https:\/\/sacslab.com\/cs\/wp-json\/wp\/v2\/product_tag?post=17514"}],"curies":[{"name":"wp","href":"https:\/\/api.w.org\/{rel}","templated":true}]}}