{"id":17578,"date":"2024-05-09T09:53:09","date_gmt":"2024-05-09T07:53:09","guid":{"rendered":"https:\/\/sacslab.com\/neza\u0159azen\u00e9\/dc01-dezinfekcni-cisteni\/"},"modified":"2025-06-18T10:33:38","modified_gmt":"2025-06-18T08:33:38","slug":"dc01-dezinfekcni-cisteni","status":"publish","type":"product","link":"https:\/\/sacslab.com\/cs\/dc01-dezinfekcni-cisteni\/","title":{"rendered":"DC01 &#8211; DEZINFEK\u010cN\u00cd \u010cI\u0160T\u011aN\u00cd"},"content":{"rendered":"<p><strong>DC01 &#8211; Dezinfek\u010dn\u00ed \u010distic\u00ed prost\u0159edek <\/strong><\/p>\n<p>Modern\u00ed \u010distic\u00ed prost\u0159edek pro pou\u017eit\u00ed ve v\u0161ech oblastech \u00faklidu, v\u010detn\u011b administrativn\u00edch, kancel\u00e1\u0159sk\u00fdch, obytn\u00fdch a hotelov\u00fdch prostor, kde je vy\u017eadov\u00e1na d\u016fkladn\u00e1 hygiena a \u010distota. Univerz\u00e1ln\u00ed vlastnosti tohoto p\u0159\u00edpravku zaji\u0161\u0165uj\u00ed praktick\u00e9 a v\u0161estrann\u00e9 pou\u017eit\u00ed p\u0159i ka\u017edodenn\u00edm \u00faklidu.<\/p>\n<p><strong>VLASTNOSTI:\u00a0<\/strong><\/p>\n<ul>\n<li><strong>Rychl\u00fd \u00fa\u010dinek:<\/strong> DC01 p\u016fsob\u00ed pouze 30 sekund, co\u017e umo\u017e\u0148uje rychlou a \u00fa\u010dinnou dezinfekci povrch\u016f.<\/li>\n<li><strong>\u0160irok\u00e9 spektrum \u00fa\u010dinnosti:<\/strong> d\u00edky sv\u00fdm virucidn\u00edm, baktericidn\u00edm a fungicidn\u00edm \u00fa\u010dink\u016fm \u00fa\u010dinn\u011b ni\u010d\u00ed viry, bakterie a pl\u00edsn\u011b, \u010d\u00edm\u017e p\u0159isp\u00edv\u00e1 k udr\u017een\u00ed hygieny a \u010distoty.<\/li>\n<\/ul>\n<p><strong>N\u00c1VOD K POU\u017dIT\u00cd:<\/strong><\/p>\n<ul>\n<li>Aplikujte v\u00a0dostate\u010dn\u00e9m mno\u017estv\u00ed p\u0159\u00edmo na \u010di\u0161t\u011bn\u00fd povrch (post\u0159ikem, ot\u00edr\u00e1n\u00edm, sm\u00e1\u010den\u00edm, p\u0159\u00edmou aplikac\u00ed) a \u010dist\u011bte dle pot\u0159eby a stupn\u011b zne\u010di\u0161t\u011bn\u00ed.<\/li>\n<li>Doba p\u016fsoben\u00ed 30 s.<\/li>\n<li>Po 30 s opl\u00e1chn\u011bte a ot\u0159ete.<\/li>\n<li>Pro profesion\u00e1ln\u00ed i neprofesion\u00e1ln\u00ed pou\u017eit\u00ed.<\/li>\n<\/ul>\n<p><strong>D\u00c1VKOV\u00c1N\u00cd:<\/strong><\/p>\n<p>K\u00a0p\u0159\u00edm\u00e9mu pou\u017eit\u00ed.<\/p>\n<p><strong>SKLADOV\u00c1N\u00cd:<\/strong><\/p>\n<p>Skladujte p\u0159i teplot\u011b 5\u201330 \u00b0C. Chra\u0148te p\u0159ed p\u0159\u00edm\u00fdm slune\u010dn\u00edm sv\u011btlem. Spot\u0159ebujte do data uveden\u00e9ho na obalu.<\/p>\n<p><strong>UPOZORN\u011aN\u00cd:<br \/>\n<\/strong>Spole\u010dnost SACSLAB s.r.o. nep\u0159eb\u00edr\u00e1 odpov\u011bdnost za jak\u00e9koliv \u0161kody, v\u010detn\u011b p\u0159\u00edm\u00e9 nebo nep\u0159\u00edm\u00e9 \u00fajmy, zp\u016fsoben\u00e9 nespr\u00e1vn\u00fdm pou\u017eit\u00edm, nedodr\u017een\u00edm pokyn\u016f k pou\u017eit\u00ed nebo nevhodnou manipulac\u00ed s produktem.<\/p>\n<p>U\u017eivatel je povinen p\u0159ed pou\u017eit\u00edm ov\u011b\u0159it vhodnost produktu pro konkr\u00e9tn\u00ed \u00fa\u010del a zajistit dodr\u017eov\u00e1n\u00ed v\u0161ech relevantn\u00edch bezpe\u010dnostn\u00edch p\u0159edpis\u016f, v\u010detn\u011b pokyn\u016f uveden\u00fdch v bezpe\u010dnostn\u00edm listu (SDS).<\/p>\n<p>Toto prohl\u00e1\u0161en\u00ed neomezuje ani nevy\u0159azuje odpov\u011bdnost za smrt, zran\u011bn\u00ed nebo jin\u00e9 p\u0159\u00edpady, kdy je vylou\u010den\u00ed odpov\u011bdnosti nep\u0159\u00edpustn\u00e9 podle platn\u00fdch pr\u00e1vn\u00edch p\u0159edpis\u016f.<\/p>\n<p><strong>D\u016eLE\u017dIT\u00c9:<\/strong><\/p>\n<p>P\u0159ed pou\u017eit\u00edm si v\u017edy p\u0159e\u010dt\u011bte ozna\u010den\u00ed a informace o v\u00fdrobku v p\u0159ilo\u017een\u00fdch dokumentech \u201c<strong>KE STA\u017dEN\u00cd<\/strong>\u201c.<\/p>\n<table style=\"font-weight: 400;\">\n<tbody>\n<tr>\n<td colspan=\"4\" width=\"604\">\n<p style=\"text-align: center;\"><strong>DC01 &#8211; DISINFECTING CLEANING<\/strong><\/p>\n<\/td>\n<\/tr>\n<tr>\n<td width=\"151\">\u00fa\u010dinky<\/td>\n<td width=\"151\"><strong>VIRUCIDN\u00cd<\/strong><\/td>\n<td width=\"151\"><strong>BAKTERICIDN\u00cd<\/strong><\/td>\n<td width=\"151\"><strong>FUNGICIDN\u00cd<\/strong><\/td>\n<\/tr>\n<tr>\n<td width=\"151\">doba p\u016fsoben\u00ed<\/td>\n<td width=\"151\"><strong>30 s<\/strong><\/td>\n<td width=\"151\"><strong>30 s<\/strong><\/td>\n<td width=\"151\"><strong>30 s<\/strong><\/td>\n<\/tr>\n<tr>\n<td width=\"151\">proti<\/td>\n<td width=\"151\">obalen\u00e9 viry<\/td>\n<td width=\"151\">Staphylococcus aureus, Escherichia coli, Enterococcus hirae<\/td>\n<td width=\"151\">kvasinkovit\u00e9 houby<\/td>\n<\/tr>\n<tr>\n<td width=\"151\">testovan\u00fd dle<\/td>\n<td width=\"151\">\u010cSN EN 14476+A2<\/td>\n<td width=\"151\">EN 13697+A1<\/td>\n<td width=\"151\">EN 13697+A1<\/td>\n<\/tr>\n<tr>\n<td width=\"151\">za podm\u00ednek<\/td>\n<td width=\"151\">vy\u0161\u0161\u00ed zne\u010di\u0161t\u011bn\u00ed<\/td>\n<td width=\"151\">ni\u017e\u0161\u00ed zne\u010di\u0161t\u011bn\u00ed<\/td>\n<td width=\"151\">ni\u017e\u0161\u00ed zne\u010di\u0161t\u011bn\u00ed<\/td>\n<\/tr>\n<tr>\n<td width=\"151\">zdravotnictv\u00ed<\/td>\n<td width=\"151\">ano<\/td>\n<td width=\"151\">ne<\/td>\n<td width=\"151\">ne<\/td>\n<\/tr>\n<\/tbody>\n<\/table>\n<div class=\"testo\">\n<h4><\/h4>\n<h4>OBLASTI POU\u017dIT\u00cd:<\/h4>\n<table class=\"tab_application\">\n<thead>\n<tr>\n<th><strong>OBLAST<\/strong><\/th>\n<th>HLAVN\u00cd VYU\u017dIT\u00cd<\/th>\n<th>OSTATN\u00cd VYU\u017dIT\u00cd<\/th>\n<\/tr>\n<\/thead>\n<tbody>\n<tr>\n<td>GENER\u00c1LN\u00cd<\/td>\n<td><\/td>\n<td><img decoding=\"async\" class=\"sacslab-checked\" src=\"https:\/\/sacslab.com\/wp-content\/uploads\/2024\/06\/checked-blue.svg\" \/><\/td>\n<\/tr>\n<tr>\n<td>UMAV\u00c1RENSK\u00c1<\/td>\n<td><\/td>\n<td><img decoding=\"async\" class=\"sacslab-checked\" src=\"https:\/\/sacslab.com\/wp-content\/uploads\/2024\/06\/checked-yellow.svg\" \/><\/td>\n<\/tr>\n<tr>\n<td>SANIT\u00c1RN\u00cd<\/td>\n<td><\/td>\n<td><img decoding=\"async\" class=\"sacslab-checked\" src=\"https:\/\/sacslab.com\/wp-content\/uploads\/2024\/06\/checked-red.svg\" \/><\/td>\n<\/tr>\n<tr>\n<td>KUCHY\u0147SK\u00c1<\/td>\n<td><\/td>\n<td><img decoding=\"async\" class=\"sacslab-checked\" src=\"https:\/\/sacslab.com\/wp-content\/uploads\/2024\/06\/checked-green.svg\" \/><\/td>\n<\/tr>\n<tr>\n<td>DEZINFEK\u010cN\u00cd<\/td>\n<td><img decoding=\"async\" class=\"sacslab-checked\" src=\"https:\/\/sacslab.com\/wp-content\/uploads\/2024\/06\/checked-gray.svg\" \/><\/td>\n<td><\/td>\n<\/tr>\n<tr>\n<td>SPECI\u00c1LN\u00cd<\/td>\n<td><\/td>\n<td><img decoding=\"async\" class=\"sacslab-checked\" src=\"https:\/\/sacslab.com\/wp-content\/uploads\/2024\/06\/checked.svg\" \/><\/td>\n<\/tr>\n<\/tbody>\n<\/table>\n<\/div>\n<div class=\"testo\">\n<h4>DC01 &#8211; DISINFECTING CLEANING \u00a0pH \u2248 10,6<\/h4>\n<p>Uveden\u00e1 hodnota pH se vztahuje na konkr\u00e9tn\u00ed prac\u00ed prost\u0159edek nebo koncentr\u00e1t prac\u00edho prost\u0159edku.<\/p>\n<table class=\"tab_application\">\n<thead>\n<tr>\n<th><strong>TITUL <\/strong><\/th>\n<th>pH<\/th>\n<\/tr>\n<\/thead>\n<tbody>\n<tr>\n<td>VYSOCE KYSEL\u00dd | pH 0-2<\/td>\n<td><\/td>\n<\/tr>\n<tr>\n<td>ST\u0158EDN\u011a KYSEL\u00c9 | pH 2-5<\/td>\n<td><\/td>\n<\/tr>\n<tr>\n<td>NEUTR\u00c1LN\u00cd | pH 5-8<\/td>\n<td><\/td>\n<\/tr>\n<tr>\n<td>ST\u0158EDN\u011a ALKALICK\u00dd | pH 8-11<\/td>\n<td><img decoding=\"async\" class=\"sacslab-checked\" src=\"https:\/\/sacslab.com\/wp-content\/uploads\/2024\/06\/checked-black.svg\" \/><\/td>\n<\/tr>\n<tr>\n<td>VYSOCE ALKALICK\u00c9 | pH 11-15<\/td>\n<td><\/td>\n<\/tr>\n<\/tbody>\n<\/table>\n<\/div>\n","protected":false},"excerpt":{"rendered":"<p><strong style=\"font-size: 1.41575em;\">Profesion\u00e1ln\u00ed \u010distic\u00ed prost\u0159edek<\/strong><\/p>\n<p><img fetchpriority=\"high\" decoding=\"async\" class=\"alignnone wp-image-22622 size-medium\" src=\"https:\/\/sacslab.com\/wp-content\/uploads\/2024\/04\/certificate-ISO.svg\" alt=\"\" width=\"300\" height=\"300\" \/><\/p>\n<p><strong>DC01 Dezinfek\u010dn\u00ed \u010di\u0161t\u011bn\u00ed<\/strong> \u2013 kapaln\u00fd dezinfek\u010dn\u00ed prost\u0159edek nov\u00e9 generace pro \u010di\u0161t\u011bn\u00ed a dezinfekci v jednom kroku. Vhodn\u00fd pro pou\u017eit\u00ed ve v\u0161ech oblastech \u00faklidu. Virucidn\u00ed, baktericidn\u00ed a fungicidn\u00ed \u00fa\u010dinky. Doba p\u016fsoben\u00ed: 30 sekund. Univerz\u00e1ln\u011b pou\u017eiteln\u00fd na dotykov\u00e9 a pevn\u00e9 povrchy.<\/p>\n<div class=\"e19-anwendungsbereiche\">\n<article class=\"w-full text-token-text-primary focus-visible:outline-2 focus-visible:outline-offset-[-4px]\" dir=\"auto\" data-testid=\"conversation-turn-193\" data-scroll-anchor=\"true\">\n<div class=\"m-auto text-base py-[18px] px-3 md:px-4 w-full md:px-5 lg:px-4 xl:px-5\">\n<div class=\"mx-auto flex flex-1 gap-4 text-base md:gap-5 lg:gap-6 md:max-w-3xl lg:max-w-[40rem] xl:max-w-[48rem]\">\n<div class=\"group\/conversation-turn relative flex w-full min-w-0 flex-col agent-turn\">\n<div class=\"flex-col gap-1 md:gap-3\">\n<div class=\"flex max-w-full flex-col flex-grow\">\n<div class=\"min-h-8 text-message flex w-full flex-col items-end gap-2 whitespace-normal break-words [.text-message+&amp;]:mt-5\" dir=\"auto\" data-message-author-role=\"assistant\" data-message-id=\"27111961-430e-4087-af02-185ebade0bca\" data-message-model-slug=\"gpt-4o-mini\">\n<div class=\"flex w-full flex-col gap-1 empty:hidden first:pt-[3px]\">\n<div class=\"markdown prose w-full break-words dark:prose-invert light\">\n<ul>\n<li style=\"list-style-type: none;\">\n<ul>\n<li><strong>Doba p\u016fsoben\u00ed:<\/strong> 30 sekund<\/li>\n<li><strong>\u00da\u010dinky:<\/strong> Virucidn\u00ed, baktericidn\u00ed a fungicidn\u00ed<\/li>\n<li><strong>Pou\u017eit\u00ed:<\/strong> N\u00e1bytek, pevn\u00e9 plochy, dotykov\u00e9 plochy<\/li>\n<li><strong>pH \u2248 10,6<\/strong><\/li>\n<\/ul>\n<\/li>\n<\/ul>\n<\/div>\n<\/div>\n<\/div>\n<\/div>\n<\/div>\n<\/div>\n<\/div>\n<\/div>\n<\/article>\n<\/div>\n","protected":false},"featured_media":35452,"template":"","meta":{"inline_featured_image":false},"product_cat":[319,412],"product_tag":[405,386,396,398,377],"class_list":{"0":"post-17578","1":"product","2":"type-product","3":"status-publish","4":"has-post-thumbnail","6":"product_cat-cistici-prostredky","7":"product_cat-dezinfekcni-oblast","8":"product_tag-generalni-oblast","9":"product_tag-kuchynsky-prostor","10":"product_tag-sanitarni-oblast","11":"product_tag-specialni-oblast","12":"product_tag-kuchynska-oblast-cs","14":"first","15":"instock","16":"taxable","17":"shipping-taxable","18":"purchasable","19":"product-type-variable"},"bundled_by":["20478"],"bundle_stock_status":"instock","bundle_stock_quantity":null,"bundle_virtual":false,"bundle_layout":"","bundle_add_to_cart_form_location":"","bundle_editable_in_cart":false,"bundle_sold_individually_context":"","bundle_item_grouping":"","bundle_min_size":"","bundle_max_size":"","bundle_price":[],"bundled_items":[],"bundle_sell_ids":[],"_links":{"self":[{"href":"https:\/\/sacslab.com\/cs\/wp-json\/wp\/v2\/product\/17578","targetHints":{"allow":["GET"]}}],"collection":[{"href":"https:\/\/sacslab.com\/cs\/wp-json\/wp\/v2\/product"}],"about":[{"href":"https:\/\/sacslab.com\/cs\/wp-json\/wp\/v2\/types\/product"}],"wp:featuredmedia":[{"embeddable":true,"href":"https:\/\/sacslab.com\/cs\/wp-json\/wp\/v2\/media\/35452"}],"wp:attachment":[{"href":"https:\/\/sacslab.com\/cs\/wp-json\/wp\/v2\/media?parent=17578"}],"wp:term":[{"taxonomy":"product_cat","embeddable":true,"href":"https:\/\/sacslab.com\/cs\/wp-json\/wp\/v2\/product_cat?post=17578"},{"taxonomy":"product_tag","embeddable":true,"href":"https:\/\/sacslab.com\/cs\/wp-json\/wp\/v2\/product_tag?post=17578"}],"curies":[{"name":"wp","href":"https:\/\/api.w.org\/{rel}","templated":true}]}}