{"id":18174,"date":"2024-03-15T00:54:44","date_gmt":"2024-03-14T23:54:44","guid":{"rendered":"https:\/\/sacslab.com\/neza\u0159azen\u00e9\/bc01-cistic-koupelen\/"},"modified":"2025-06-01T17:54:11","modified_gmt":"2025-06-01T15:54:11","slug":"bc01-cistic-koupelen","status":"publish","type":"product","link":"https:\/\/sacslab.com\/cs\/bc01-cistic-koupelen\/","title":{"rendered":"BC01 &#8211; \u010cISTI\u010c KOUPELEN"},"content":{"rendered":"<p><strong>BC01 \u010cisti\u010d koupelen<\/strong><\/p>\n<p>Vysoce v\u00fdkonn\u00fd parf\u00e9my \u010distic\u00ed prost\u0159edek na denn\u00ed \u00faklid a hygienickou \u010distotu myc\u00edch a sanit\u00e1rn\u00edch povrch\u016f \u2013 zejm\u00e9na koupelen, vodovodn\u00edch bateri\u00ed, umyvadel, van, toalet, obklad\u016f, sprchov\u00fdch kout\u016f, chromovan\u00fdch \u010d\u00e1st\u00ed a vybaven\u00ed. Odstra\u0148uje b\u011b\u017en\u00e9 ne\u010distoty, usazeniny vodn\u00edho kamene a rzi. Omezuje usazov\u00e1n\u00ed vody a vodn\u00edho kamene. Zanech\u00e1v\u00e1 povrch leskl\u00fd.<\/p>\n<p><strong>N\u00c1VOD NA POU\u017dIT\u00cd:<\/strong><\/p>\n<p>Nast\u0159\u00edkejte prost\u0159edek na zne\u010di\u0161t\u011bn\u00e1 m\u00edsta, nechte kr\u00e1tce p\u016fsobit, vy\u010dist\u011bte m\u011bkk\u00fdm had\u0159\u00edkem, opl\u00e1chn\u011bte vodou a osu\u0161te.<\/p>\n<p><strong>D\u00c1VKOV\u00c1N\u00cd:<\/strong><\/p>\n<p>\u010cistic\u00ed prost\u0159edek aplikujte pomoc\u00ed rozpra\u0161ova\u010de na zne\u010di\u0161t\u011bn\u00fd povrch podle pot\u0159eby.<\/p>\n<p><strong>SKLADOV\u00c1N\u00cd:<\/strong><\/p>\n<p>Skladujte p\u0159i teplot\u011b 5\u201330 \u00b0C. Chra\u0148te p\u0159ed p\u0159\u00edm\u00fdm slune\u010dn\u00edm sv\u011btlem. Spot\u0159ebujte do data uveden\u00e9ho na obalu.<\/p>\n<p><strong>UPOZORN\u011aN\u00cd:<\/strong><\/p>\n<p>Spole\u010dnost SACSLAB s.r.o. nep\u0159eb\u00edr\u00e1 odpov\u011bdnost za jak\u00e9koliv \u0161kody, v\u010detn\u011b p\u0159\u00edm\u00e9 nebo nep\u0159\u00edm\u00e9 \u00fajmy, zp\u016fsoben\u00e9 nespr\u00e1vn\u00fdm pou\u017eit\u00edm, nedodr\u017een\u00edm pokyn\u016f k pou\u017eit\u00ed nebo nevhodnou manipulac\u00ed s produktem.<\/p>\n<p>U\u017eivatel je povinen p\u0159ed pou\u017eit\u00edm ov\u011b\u0159it vhodnost produktu pro konkr\u00e9tn\u00ed \u00fa\u010del a zajistit dodr\u017eov\u00e1n\u00ed v\u0161ech relevantn\u00edch bezpe\u010dnostn\u00edch p\u0159edpis\u016f, v\u010detn\u011b pokyn\u016f uveden\u00fdch v bezpe\u010dnostn\u00edm listu (SDS).<\/p>\n<p>Toto prohl\u00e1\u0161en\u00ed neomezuje ani nevy\u0159azuje odpov\u011bdnost za smrt, zran\u011bn\u00ed nebo jin\u00e9 p\u0159\u00edpady, kdy je vylou\u010den\u00ed odpov\u011bdnosti nep\u0159\u00edpustn\u00e9 podle platn\u00fdch pr\u00e1vn\u00edch p\u0159edpis\u016f.<\/p>\n<p><strong>D\u016eLE\u017dIT\u00c9:<\/strong><\/p>\n<p>P\u0159ed pou\u017eit\u00edm si v\u017edy p\u0159e\u010dt\u011bte ozna\u010den\u00ed a informace o v\u00fdrobku v p\u0159ilo\u017een\u00fdch dokumentech \u201c<strong>KE STA\u017dEN\u00cd<\/strong>\u201c.<\/p>\n<div class=\"testo\">\n<h4>OBLASTI POU\u017dIT\u00cd:<\/h4>\n<table class=\"tab_application\">\n<thead>\n<tr>\n<th><strong>OBLAST<\/strong><\/th>\n<th>HLAVN\u00cd VYU\u017dIT\u00cd<\/th>\n<th>OSTATN\u00cd VYU\u017dIT\u00cd<\/th>\n<\/tr>\n<\/thead>\n<tbody>\n<tr>\n<td>GENER\u00c1LN\u00cd<\/td>\n<td><\/td>\n<td><\/td>\n<\/tr>\n<tr>\n<td>UMYV\u00c1RENSK\u00c1<\/td>\n<td><img decoding=\"async\" class=\"sacslab-checked\" src=\"https:\/\/sacslab.com\/wp-content\/uploads\/2024\/06\/checked-yellow.svg\" \/><\/td>\n<td><\/td>\n<\/tr>\n<tr>\n<td>SANIT\u00c1RN\u00cd<\/td>\n<td><\/td>\n<td><img decoding=\"async\" class=\"sacslab-checked\" src=\"https:\/\/sacslab.com\/wp-content\/uploads\/2024\/06\/checked-red.svg\" \/><\/td>\n<\/tr>\n<tr>\n<td>KUCHY\u0147SK\u00c1<\/td>\n<td><\/td>\n<td><img decoding=\"async\" class=\"sacslab-checked\" src=\"https:\/\/sacslab.com\/wp-content\/uploads\/2024\/06\/checked-green.svg\" \/><\/td>\n<\/tr>\n<tr>\n<td>DEZINFEK\u010cN\u00cd<\/td>\n<td><\/td>\n<td><\/td>\n<\/tr>\n<tr>\n<td>SPECI\u00c1LN\u00cd<\/td>\n<td><\/td>\n<td><\/td>\n<\/tr>\n<\/tbody>\n<\/table>\n<\/div>\n<div class=\"testo\">\n<h4>BC01 &#8211; BATHROOM CLEANER \u00a0pH \u2248 2,5<\/h4>\n<p>Uv\u00e1d\u011bn\u00e1 hodnota pH je v\u017edy hodnota pH p\u0159\u00edmo prost\u0159edku nebo koncentr\u00e1tu.<\/p>\n<table class=\"tab_application\">\n<thead>\n<tr>\n<th><strong>TITUL <\/strong><\/th>\n<th>pH<\/th>\n<\/tr>\n<\/thead>\n<tbody>\n<tr>\n<td>PH m\u00e9dia &#8211; pH \u2248 2,5<\/td>\n<td><\/td>\n<\/tr>\n<tr>\n<td>VYSOCE KYSEL\u00c9 | pH 0-2<\/td>\n<td><\/td>\n<\/tr>\n<tr>\n<td>ST\u0158EDN\u00cd KYSELINA | pH 2-5<\/td>\n<td><img decoding=\"async\" class=\"sacslab-checked\" src=\"https:\/\/sacslab.com\/wp-content\/uploads\/2024\/06\/checked.svg\" \/><\/td>\n<\/tr>\n<tr>\n<td>NEUTR\u00c1LN\u00cd | pH 5-8<\/td>\n<td><\/td>\n<\/tr>\n<tr>\n<td>ST\u0158EDN\u011a ALKALICK\u00dd | pH 8-11<\/td>\n<td><\/td>\n<\/tr>\n<tr>\n<td>VYSOCE ALKALICK\u00c9 | pH 11-15<\/td>\n<td><\/td>\n<\/tr>\n<\/tbody>\n<\/table>\n<\/div>\n","protected":false},"excerpt":{"rendered":"<p><strong style=\"font-size: 1.41575em;\">Profesion\u00e1ln\u00ed \u010distic\u00ed prost\u0159edek<\/strong><\/p>\n<p><strong style=\"font-size: 1.41575em;\"><img fetchpriority=\"high\" decoding=\"async\" class=\"alignnone wp-image-22622 size-medium\" src=\"https:\/\/sacslab.com\/wp-content\/uploads\/2024\/04\/certificate-ISO.svg\" alt=\"\" width=\"300\" height=\"300\" \/><\/strong><\/p>\n<p><strong>BC01 \u010cisti\u010d koupelen<\/strong> \u2013 p\u0159\u00edpravek speci\u00e1ln\u011b ur\u010den\u00fd pro ka\u017edodenn\u00ed \u010di\u0161t\u011bn\u00ed um\u00fdvac\u00edch a hygienick\u00fdch povrch\u016f: koupelny, umyvadla, vany, sprchov\u00e9 kouty, baterie, kachli\u010dky a dal\u0161\u00ed sanit\u00e1rn\u00ed keramika. Zabra\u0148uje usazov\u00e1n\u00ed vodn\u00edho kamene, zanech\u00e1v\u00e1 leskl\u00fd povrch a p\u0159\u00edjemnou v\u016fni.<\/p>\n<ul>\n<li><strong>Sanit\u00e1rn\u00ed keramika<\/strong><\/li>\n<li><strong>Koupelny, sprchov\u00e9 kouty<\/strong><\/li>\n<li><strong>Um\u00fdvadla, vany<\/strong><\/li>\n<li><strong>Obklady<\/strong><\/li>\n<li><strong>Vodovodn\u00ed baterie<\/strong><\/li>\n<li><strong>Chromovan\u00e9 \u010d\u00e1sti<\/strong><\/li>\n<li><strong>Odstra\u0148uje usazeniny vodn\u00edho kamene a rzi<\/strong><\/li>\n<li><strong>Nerezov\u00e9 za\u0159\u00edzen\u00ed<\/strong><\/li>\n<li><strong>pH \u2248 2,5<\/strong><\/li>\n<\/ul>\n","protected":false},"featured_media":22394,"template":"","meta":{"inline_featured_image":false},"product_cat":[319,403],"product_tag":[386,396],"class_list":{"0":"post-18174","1":"product","2":"type-product","3":"status-publish","4":"has-post-thumbnail","6":"product_cat-cistici-prostredky","7":"product_cat-umyvarenska-oblast","8":"product_tag-kuchynsky-prostor","9":"product_tag-sanitarni-oblast","11":"first","12":"instock","13":"taxable","14":"shipping-taxable","15":"purchasable","16":"product-type-variable"},"bundled_by":["20478"],"bundle_stock_status":"instock","bundle_stock_quantity":null,"bundle_virtual":false,"bundle_layout":"","bundle_add_to_cart_form_location":"","bundle_editable_in_cart":false,"bundle_sold_individually_context":"","bundle_item_grouping":"","bundle_min_size":"","bundle_max_size":"","bundle_price":[],"bundled_items":[],"bundle_sell_ids":[],"_links":{"self":[{"href":"https:\/\/sacslab.com\/cs\/wp-json\/wp\/v2\/product\/18174","targetHints":{"allow":["GET"]}}],"collection":[{"href":"https:\/\/sacslab.com\/cs\/wp-json\/wp\/v2\/product"}],"about":[{"href":"https:\/\/sacslab.com\/cs\/wp-json\/wp\/v2\/types\/product"}],"wp:featuredmedia":[{"embeddable":true,"href":"https:\/\/sacslab.com\/cs\/wp-json\/wp\/v2\/media\/22394"}],"wp:attachment":[{"href":"https:\/\/sacslab.com\/cs\/wp-json\/wp\/v2\/media?parent=18174"}],"wp:term":[{"taxonomy":"product_cat","embeddable":true,"href":"https:\/\/sacslab.com\/cs\/wp-json\/wp\/v2\/product_cat?post=18174"},{"taxonomy":"product_tag","embeddable":true,"href":"https:\/\/sacslab.com\/cs\/wp-json\/wp\/v2\/product_tag?post=18174"}],"curies":[{"name":"wp","href":"https:\/\/api.w.org\/{rel}","templated":true}]}}