{"id":18579,"date":"2024-04-19T14:07:00","date_gmt":"2024-04-19T12:07:00","guid":{"rendered":"https:\/\/sacslab.com\/neza\u0159azen\u00e9\/tc01-cistic-toalet-extrem\/"},"modified":"2025-06-01T17:11:40","modified_gmt":"2025-06-01T15:11:40","slug":"tc01-cistic-toalet-extrem","status":"publish","type":"product","link":"https:\/\/sacslab.com\/cs\/tc01-cistic-toalet-extrem\/","title":{"rendered":"TC01 &#8211; \u010cISTI\u010c TOALET EXTREM"},"content":{"rendered":"<p><strong>TC01 &#8211; \u010cisti\u010d toalet <\/strong><strong>EXTR\u00c9M<\/strong><\/p>\n<p>Mimo\u0159\u00e1dn\u011b \u00fa\u010dinn\u00fd gelov\u00fd \u010disti\u010d speci\u00e1ln\u011b vyvinut\u00fd pro gener\u00e1ln\u00ed \u010di\u0161t\u011bn\u00ed, zejm\u00e9na pro hloubkov\u00e9 \u010di\u0161t\u011bn\u00ed toalet a sanit\u00e1rn\u00ed keramiky.<br \/>\nTento p\u0159\u00edpravek \u010dist\u00ed dlouhodob\u00e9 usazeniny a ne\u010distoty, je ide\u00e1ln\u00ed pro d\u016fkladn\u00e9 odstran\u011bn\u00ed vodn\u00edho kamene, miner\u00e1ln\u00edch, ho\u0159e\u010dnat\u00fdch, mo\u010dov\u00fdch a v\u00e1penat\u00fdch usazenin a rzi.<br \/>\nD\u00edky speci\u00e1ln\u00edmu slo\u017een\u00ed p\u0159\u00edpravek p\u016fsob\u00ed pod vodn\u00ed hladinou a je maxim\u00e1ln\u011b \u00fa\u010dinn\u00fd pro pou\u017eit\u00ed v m\u00edstech s tvrdou vodou a vysok\u00fdm provozn\u00edm zat\u00ed\u017een\u00edm.<br \/>\n\u00da\u010dinn\u011b \u010dist\u00ed i t\u011b\u017eko p\u0159\u00edstupn\u00e1 m\u00edsta, zanech\u00e1v\u00e1 toalety z\u00e1\u0159iv\u011b \u010dist\u00e9 a zaji\u0161\u0165uje vysokou \u00farove\u0148 hygieny.<br \/>\nUr\u010deno pro povrchy odoln\u00e9 v\u016f\u010di kyselin\u00e1m.<\/p>\n<p><strong>N\u00c1VOD K POU\u017dIT\u00cd:\u00a0<\/strong><\/p>\n<ul>\n<li>P\u0159\u00edpravek naneste pod horn\u00ed okraj a na st\u011bny z\u00e1chodov\u00e9 m\u00edsy.<\/li>\n<li>Nechte p\u016fsobit 1-10 minut v z\u00e1vislosti na stupni zne\u010di\u0161t\u011bn\u00ed.<\/li>\n<li>\u010ci\u0161t\u011bn\u00ed kart\u00e1\u010dem<\/li>\n<li>Opl\u00e1chn\u011bte \u010distou vodou.<\/li>\n<\/ul>\n<p><strong>D\u00c1VKOV\u00c1N\u00cd:<\/strong><\/p>\n<p>Prost\u0159edek je ur\u010den k p\u0159\u00edm\u00e9 aplikaci a ne\u0159ed\u00ed se. Pro dosa\u017een\u00ed optim\u00e1ln\u00edho \u010distic\u00edho \u00fa\u010dinku pou\u017eijte dostate\u010dn\u00e9 mno\u017estv\u00ed p\u0159\u00edpravku podle pot\u0159eby.<\/p>\n<p><strong>SKLADOV\u00c1N\u00cd:<\/strong><\/p>\n<p>Skladujte p\u0159i teplot\u011b 5\u201330 \u00b0C. Chra\u0148te p\u0159ed p\u0159\u00edm\u00fdm slune\u010dn\u00edm sv\u011btlem. Spot\u0159ebujte do data uveden\u00e9ho na obalu.<\/p>\n<p><strong>UPOZORN\u011aN\u00cd:<\/strong><\/p>\n<p>Spole\u010dnost SACSLAB s.r.o. nep\u0159eb\u00edr\u00e1 odpov\u011bdnost za jak\u00e9koliv \u0161kody, v\u010detn\u011b p\u0159\u00edm\u00e9 nebo nep\u0159\u00edm\u00e9 \u00fajmy, zp\u016fsoben\u00e9 nespr\u00e1vn\u00fdm pou\u017eit\u00edm, nedodr\u017een\u00edm pokyn\u016f k pou\u017eit\u00ed nebo nevhodnou manipulac\u00ed s produktem.<\/p>\n<p>U\u017eivatel je povinen p\u0159ed pou\u017eit\u00edm ov\u011b\u0159it vhodnost produktu pro konkr\u00e9tn\u00ed \u00fa\u010del a zajistit dodr\u017eov\u00e1n\u00ed v\u0161ech relevantn\u00edch bezpe\u010dnostn\u00edch p\u0159edpis\u016f, v\u010detn\u011b pokyn\u016f uveden\u00fdch v bezpe\u010dnostn\u00edm listu (SDS).<\/p>\n<p>Toto prohl\u00e1\u0161en\u00ed neomezuje ani nevy\u0159azuje odpov\u011bdnost za smrt, zran\u011bn\u00ed nebo jin\u00e9 p\u0159\u00edpady, kdy je vylou\u010den\u00ed odpov\u011bdnosti nep\u0159\u00edpustn\u00e9 podle platn\u00fdch pr\u00e1vn\u00edch p\u0159edpis\u016f.<\/p>\n<p><strong>D\u016eLE\u017dIT\u00c9:<\/strong><\/p>\n<p>P\u0159ed pou\u017eit\u00edm si v\u017edy p\u0159e\u010dt\u011bte ozna\u010den\u00ed a informace o v\u00fdrobku v p\u0159ilo\u017een\u00fdch dokumentech \u201c<strong>KE STA\u017dEN\u00cd<\/strong>\u201c.<\/p>\n<div class=\"testo\">\n<h4>OBLASTI POU\u017dIT\u00cd:<\/h4>\n<table class=\"tab_application\">\n<thead>\n<tr>\n<th><strong>OBLAST<\/strong><\/th>\n<th>HLAVN\u00cd VYU\u017dIT\u00cd<\/th>\n<th>OSTATN\u00cd VYU\u017dIT\u00cd<\/th>\n<\/tr>\n<\/thead>\n<tbody>\n<tr>\n<td>GENER\u00c1LN\u00cd<\/td>\n<td><\/td>\n<td><\/td>\n<\/tr>\n<tr>\n<td>UMYV\u00c1RENSK\u00c1<\/td>\n<td><\/td>\n<td><img decoding=\"async\" class=\"sacslab-checked\" src=\"https:\/\/sacslab.com\/wp-content\/uploads\/2024\/06\/checked-yellow.svg\" \/><\/td>\n<\/tr>\n<tr>\n<td>SANIT\u00c1RN\u00cd<\/td>\n<td><img decoding=\"async\" class=\"sacslab-checked\" src=\"https:\/\/sacslab.com\/wp-content\/uploads\/2024\/06\/checked-red.svg\" \/><\/td>\n<td><\/td>\n<\/tr>\n<tr>\n<td>KUCHY\u0147SK\u00c1<\/td>\n<td><\/td>\n<td><\/td>\n<\/tr>\n<tr>\n<td>DEZINFEK\u010cN\u00cd<\/td>\n<td><\/td>\n<td><\/td>\n<\/tr>\n<tr>\n<td>SPECI\u00c1LN\u00cd<\/td>\n<td><\/td>\n<td><img decoding=\"async\" class=\"sacslab-checked\" src=\"https:\/\/sacslab.com\/wp-content\/uploads\/2024\/06\/checked.svg\" \/><\/td>\n<\/tr>\n<\/tbody>\n<\/table>\n<\/div>\n<div class=\"testo\">\n<h4>TC01 &#8211; EXTREME TOILET CLEANER \u00a0pH &lt; 1,0<\/h4>\n<p>Uveden\u00e1 hodnota pH se vztahuje na konkr\u00e9tn\u00ed prac\u00ed prost\u0159edek nebo koncentr\u00e1t prac\u00edho prost\u0159edku.<\/p>\n<table class=\"tab_application\">\n<thead>\n<tr>\n<th><strong>TITUL <\/strong><\/th>\n<th>pH<\/th>\n<\/tr>\n<\/thead>\n<tbody>\n<tr>\n<td>VYSOCE KYSEL\u00dd | pH 0-2<\/td>\n<td><img decoding=\"async\" class=\"sacslab-checked\" src=\"https:\/\/sacslab.com\/wp-content\/uploads\/2024\/06\/checked-black.svg\" \/><\/td>\n<\/tr>\n<tr>\n<td>ST\u0158EDN\u011a KYSEL\u00c9 | pH 2-5<\/td>\n<td><\/td>\n<\/tr>\n<tr>\n<td>NEUTR\u00c1LN\u00cd | pH 5-8<\/td>\n<td><\/td>\n<\/tr>\n<tr>\n<td>ST\u0158EDN\u011a ALKALICK\u00dd | pH 8-11<\/td>\n<td><\/td>\n<\/tr>\n<tr>\n<td>VYSOCE ALKALICK\u00c9 | pH 11-15<\/td>\n<td><\/td>\n<\/tr>\n<\/tbody>\n<\/table>\n<\/div>\n","protected":false},"excerpt":{"rendered":"<p><strong style=\"font-size: 1.41575em;\">Profesion\u00e1ln\u00ed \u010distic\u00ed prost\u0159edek<\/strong><\/p>\n<p><img fetchpriority=\"high\" decoding=\"async\" class=\"alignnone wp-image-22622 size-medium\" src=\"https:\/\/sacslab.com\/wp-content\/uploads\/2024\/04\/certificate-ISO.svg\" alt=\"\" width=\"300\" height=\"300\" \/><\/p>\n<div class=\"e18-eigenschaften\"><strong>TC01 \u010cisti\u010d toalet <\/strong><strong>EXTR\u00c9M<\/strong><strong>\u00a0<\/strong>&#8211; vysoce \u00fa\u010dinn\u00fd tekut\u00fd gel ur\u010den\u00fd pro gener\u00e1ln\u00ed \u010di\u0161t\u011bn\u00ed toalet, piso\u00e1r\u016f a sanit\u00e1rn\u00ed keramiky. P\u0159\u00edpravek speci\u00e1ln\u011b vyvinut\u00fd pro hloubkov\u00e9 \u010di\u0161t\u011bn\u00ed, zaji\u0161\u0165uje z\u00e1\u0159ivou \u010distotu a vysokou \u00farove\u0148 hygieny i v t\u011bch nejn\u00e1ro\u010dn\u011bj\u0161\u00edch podm\u00ednk\u00e1ch.<\/div>\n<p>&nbsp;<\/p>\n<ul>\n<li style=\"list-style-type: none;\">\n<ul>\n<li><strong>Hlubok\u00e9 \u010di\u0161t\u011bn\u00ed toalet a piso\u00e1r\u016f<\/strong><\/li>\n<li><strong>Sanit\u00e1rn\u00ed keramika<\/strong><\/li>\n<li><strong>Maxim\u00e1ln\u011b \u00fa\u010dinn\u00fd na vodn\u00ed k\u00e1men<\/strong><\/li>\n<li><strong>\u010cist\u00ed dlouhodob\u00e9 usazeniny a ne\u010distoty<\/strong><\/li>\n<li><strong>Odstra\u0148uje usazeniny: miner\u00e1ln\u00ed, ho\u0159e\u010dnat\u00e9, mo\u010dov\u00e9 v\u00e1penat\u00e9 a rez<\/strong><\/li>\n<li><strong>P\u016fsob\u00ed i pod vodn\u00ed hladinou<\/strong><\/li>\n<li><strong>pH &lt; 1,0<\/strong><\/li>\n<\/ul>\n<\/li>\n<\/ul>\n","protected":false},"featured_media":22334,"template":"","meta":{"inline_featured_image":false},"product_cat":[319,376],"product_tag":[398,377],"class_list":{"0":"post-18579","1":"product","2":"type-product","3":"status-publish","4":"has-post-thumbnail","6":"product_cat-cistici-prostredky","7":"product_cat-sanitarni-oblast","8":"product_tag-specialni-oblast","9":"product_tag-kuchynska-oblast-cs","11":"first","12":"instock","13":"taxable","14":"shipping-taxable","15":"purchasable","16":"product-type-variable"},"bundled_by":["20478"],"bundle_stock_status":"instock","bundle_stock_quantity":null,"bundle_virtual":false,"bundle_layout":"","bundle_add_to_cart_form_location":"","bundle_editable_in_cart":false,"bundle_sold_individually_context":"","bundle_item_grouping":"","bundle_min_size":"","bundle_max_size":"","bundle_price":[],"bundled_items":[],"bundle_sell_ids":[],"_links":{"self":[{"href":"https:\/\/sacslab.com\/cs\/wp-json\/wp\/v2\/product\/18579","targetHints":{"allow":["GET"]}}],"collection":[{"href":"https:\/\/sacslab.com\/cs\/wp-json\/wp\/v2\/product"}],"about":[{"href":"https:\/\/sacslab.com\/cs\/wp-json\/wp\/v2\/types\/product"}],"wp:featuredmedia":[{"embeddable":true,"href":"https:\/\/sacslab.com\/cs\/wp-json\/wp\/v2\/media\/22334"}],"wp:attachment":[{"href":"https:\/\/sacslab.com\/cs\/wp-json\/wp\/v2\/media?parent=18579"}],"wp:term":[{"taxonomy":"product_cat","embeddable":true,"href":"https:\/\/sacslab.com\/cs\/wp-json\/wp\/v2\/product_cat?post=18579"},{"taxonomy":"product_tag","embeddable":true,"href":"https:\/\/sacslab.com\/cs\/wp-json\/wp\/v2\/product_tag?post=18579"}],"curies":[{"name":"wp","href":"https:\/\/api.w.org\/{rel}","templated":true}]}}