{"id":18594,"date":"2024-04-19T14:12:28","date_gmt":"2024-04-19T12:12:28","guid":{"rendered":"https:\/\/sacslab.com\/neza\u0159azen\u00e9\/kc01-cistic-kuchyne\/"},"modified":"2025-06-01T16:59:13","modified_gmt":"2025-06-01T14:59:13","slug":"kc01-kuchynsky-cistic","status":"publish","type":"product","link":"https:\/\/sacslab.com\/cs\/kc01-kuchynsky-cistic\/","title":{"rendered":"KC01 &#8211; KUCHY\u0147SK\u00dd \u010cISTI\u010c"},"content":{"rendered":"<p><strong>KC01 &#8211; Kuchy\u0148sk\u00fd \u010disti\u010d<\/strong><\/p>\n<p>Speci\u00e1ln\u011b vyvinut\u00fd \u010distic\u00ed prost\u0159edek ur\u010den\u00fd k d\u016fkladn\u00e9mu ka\u017edodenn\u00edmu \u010di\u0161t\u011bn\u00ed v\u0161ech kuchy\u0148sk\u00fdch povrch\u016f a ploch v oblasti potravin.<br \/>\nTento v\u00fdrobek je ur\u010den k \u010di\u0161t\u011bn\u00ed kuchy\u0148sk\u00e9ho n\u00e1bytku, nerezov\u00fdch sou\u010d\u00e1st\u00ed a za\u0159\u00edzen\u00ed, obklad\u016f, v\u0161ech pracovn\u00edch desek a dal\u0161\u00edch tvrd\u00fdch povrch\u016f.<br \/>\nKC01 razantn\u011b odstra\u0148uje kuchy\u0148skou mastnotu a jeho vysok\u00e1 \u010distic\u00ed s\u00edla zanech\u00e1v\u00e1 povrchy hygienicky \u010dist\u00e9.<br \/>\nP\u0159\u00edpravek \u00fa\u010dinn\u011b odstra\u0148uje i ty nejodoln\u011bj\u0161\u00ed ne\u010distoty a zaji\u0161\u0165uje \u010distotu a lesk kuchy\u0148sk\u00fdch povrch\u016f a vybaven\u00ed pro profesion\u00e1ln\u00ed i dom\u00e1c\u00ed pou\u017eit\u00ed.<\/p>\n<p><strong>N\u00c1VOD K POU\u017dIT\u00cd: <\/strong><\/p>\n<ul>\n<li>P\u0159\u00edpravek nast\u0159\u00edkejte p\u0159\u00edmo na zne\u010di\u0161t\u011bn\u00fd povrch nebo naneste na suchou ut\u011brku.<\/li>\n<li>D\u016fkladn\u011b set\u0159ete, aby byla mastnota a ne\u010distoty zcela odstran\u011bny.<\/li>\n<\/ul>\n<p><strong>D\u00c1VKOV\u00c1N\u00cd: <\/strong><\/p>\n<p>Pro d\u016fkladn\u00e9 vy\u010di\u0161t\u011bn\u00ed pou\u017eijte odpov\u00eddaj\u00edc\u00ed mno\u017estv\u00ed p\u0159\u00edpravku podle pot\u0159eby.<\/p>\n<p><strong>SKLADOV\u00c1N\u00cd:<\/strong><\/p>\n<p>Skladujte p\u0159i teplot\u011b 5\u201330 \u00b0C. Chra\u0148te p\u0159ed p\u0159\u00edm\u00fdm slune\u010dn\u00edm sv\u011btlem. Spot\u0159ebujte do data uveden\u00e9ho na obalu.<\/p>\n<p><strong>UPOZORN\u011aN\u00cd:<\/strong><\/p>\n<p>Spole\u010dnost SACSLAB s.r.o. nep\u0159eb\u00edr\u00e1 odpov\u011bdnost za jak\u00e9koliv \u0161kody, v\u010detn\u011b p\u0159\u00edm\u00e9 nebo nep\u0159\u00edm\u00e9 \u00fajmy, zp\u016fsoben\u00e9 nespr\u00e1vn\u00fdm pou\u017eit\u00edm, nedodr\u017een\u00edm pokyn\u016f k pou\u017eit\u00ed nebo nevhodnou manipulac\u00ed s produktem.<\/p>\n<p>U\u017eivatel je povinen p\u0159ed pou\u017eit\u00edm ov\u011b\u0159it vhodnost produktu pro konkr\u00e9tn\u00ed \u00fa\u010del a zajistit dodr\u017eov\u00e1n\u00ed v\u0161ech relevantn\u00edch bezpe\u010dnostn\u00edch p\u0159edpis\u016f, v\u010detn\u011b pokyn\u016f uveden\u00fdch v bezpe\u010dnostn\u00edm listu (SDS).<\/p>\n<p>Toto prohl\u00e1\u0161en\u00ed neomezuje ani nevy\u0159azuje odpov\u011bdnost za smrt, zran\u011bn\u00ed nebo jin\u00e9 p\u0159\u00edpady, kdy je vylou\u010den\u00ed odpov\u011bdnosti nep\u0159\u00edpustn\u00e9 podle platn\u00fdch pr\u00e1vn\u00edch p\u0159edpis\u016f.<\/p>\n<p><strong>D\u016eLE\u017dIT\u00c9:<\/strong><\/p>\n<p>P\u0159ed pou\u017eit\u00edm si v\u017edy p\u0159e\u010dt\u011bte ozna\u010den\u00ed a informace o v\u00fdrobku v p\u0159ilo\u017een\u00fdch dokumentech \u201c<strong>KE STA\u017dEN\u00cd<\/strong>\u201c.<\/p>\n<div class=\"testo\">\n<h4>OBLASTI POU\u017dIT\u00cd:<\/h4>\n<table class=\"tab_application\">\n<thead>\n<tr>\n<th><strong>OBLAST<\/strong><\/th>\n<th>HLAVN\u00cd VYU\u017dIT\u00cd<\/th>\n<th>OSTATN\u00cd VYU\u017dIT\u00cd<\/th>\n<\/tr>\n<\/thead>\n<tbody>\n<tr>\n<td>GENER\u00c1LN\u00cd<\/td>\n<td><\/td>\n<td><img decoding=\"async\" class=\"sacslab-checked\" src=\"https:\/\/sacslab.com\/wp-content\/uploads\/2024\/06\/checked-blue.svg\" \/><\/td>\n<\/tr>\n<tr>\n<td>UMYV\u00c1RENSK\u00c1<\/td>\n<td><\/td>\n<td><\/td>\n<\/tr>\n<tr>\n<td>SANIT\u00c1RN\u00cd<\/td>\n<td><\/td>\n<td><\/td>\n<\/tr>\n<tr>\n<td>KUCHY\u0147SK\u00c1<\/td>\n<td><img decoding=\"async\" class=\"sacslab-checked\" src=\"https:\/\/sacslab.com\/wp-content\/uploads\/2024\/06\/checked-green.svg\" \/><\/td>\n<td><\/td>\n<\/tr>\n<tr>\n<td>DEZINFEK\u010cN\u00cd<\/td>\n<td><\/td>\n<td><\/td>\n<\/tr>\n<tr>\n<td>SPECI\u00c1LN\u00cd<\/td>\n<td><\/td>\n<td><\/td>\n<\/tr>\n<\/tbody>\n<\/table>\n<\/div>\n<div class=\"testo\">\n<h4>KC01 &#8211; KITCHEN CLEANER \u00a0pH \u2248 11,0<\/h4>\n<p>Uveden\u00e1 hodnota pH se vztahuje na konkr\u00e9tn\u00ed prac\u00ed prost\u0159edek nebo koncentr\u00e1t prac\u00edho prost\u0159edku.<\/p>\n<table class=\"tab_application\">\n<thead>\n<tr>\n<th><strong>TITUL <\/strong><\/th>\n<th>pH<\/th>\n<\/tr>\n<\/thead>\n<tbody>\n<tr>\n<td>VYSOCE KYSEL\u00dd | pH 0-2<\/td>\n<td><\/td>\n<\/tr>\n<tr>\n<td>ST\u0158EDN\u011a KYSEL\u00c9 | pH 2-5<\/td>\n<td><\/td>\n<\/tr>\n<tr>\n<td>NEUTR\u00c1LN\u00cd | pH 5-8<\/td>\n<td><\/td>\n<\/tr>\n<tr>\n<td>ST\u0158EDN\u011a ALKALICK\u00dd | pH 8-11<\/td>\n<td><img decoding=\"async\" class=\"sacslab-checked\" src=\"https:\/\/sacslab.com\/wp-content\/uploads\/2024\/06\/checked-black.svg\" \/><\/td>\n<\/tr>\n<tr>\n<td>VYSOCE ALKALICK\u00c9 | pH 11-15<\/td>\n<td><\/td>\n<\/tr>\n<\/tbody>\n<\/table>\n<\/div>\n","protected":false},"excerpt":{"rendered":"<p><strong style=\"font-size: 1.41575em;\">Profesion\u00e1ln\u00ed \u010distic\u00ed prost\u0159edek<\/strong><\/p>\n<p><img fetchpriority=\"high\" decoding=\"async\" class=\"alignnone wp-image-22622 size-medium\" src=\"https:\/\/sacslab.com\/wp-content\/uploads\/2024\/04\/certificate-ISO.svg\" alt=\"\" width=\"300\" height=\"300\" \/><\/p>\n<div class=\"e18-eigenschaften\">\n<p><strong>KC01 Kuchy\u0148sk\u00fd \u010disti\u010d<\/strong>\u00a0&#8211; vysoce \u00fa\u010dinn\u00fd \u010distic\u00ed prost\u0159edek speci\u00e1ln\u011b navr\u017een\u00fd pro ka\u017edodenn\u00ed odstra\u0148ov\u00e1n\u00ed kuchy\u0148sk\u00e9 mastnoty a \u010di\u0161t\u011bn\u00ed v\u0161ech kuchy\u0148sk\u00fdch povrch\u016f, spot\u0159ebi\u010d\u016f a vybaven\u00ed.<\/p>\n<ul>\n<li style=\"list-style-type: none;\">\n<ul>\n<li><strong>\u00da\u010dinn\u00fd proti kuchy\u0148sk\u00e9 mastnot\u011b<\/strong><\/li>\n<li><strong>Vhodn\u00e9 pro kuchy\u0148sk\u00e9 povrchy, spot\u0159ebi\u010de a vybaven\u00ed<\/strong><\/li>\n<li><strong>Obklady, kuchy\u0148sk\u00fd n\u00e1bytek, pracovn\u00ed desky, spot\u0159ebi\u010de<\/strong><\/li>\n<li><strong>Vysok\u00e1 \u00fa\u010dinnost\u00a0<\/strong><\/li>\n<li><strong>pH \u2248 11,0<\/strong><\/li>\n<\/ul>\n<\/li>\n<\/ul>\n<\/div>\n","protected":false},"featured_media":22316,"template":"","meta":{"inline_featured_image":false},"product_cat":[319,384],"product_tag":[405],"class_list":{"0":"post-18594","1":"product","2":"type-product","3":"status-publish","4":"has-post-thumbnail","6":"product_cat-cistici-prostredky","7":"product_cat-kuchynska-oblast","8":"product_tag-generalni-oblast","10":"first","11":"instock","12":"taxable","13":"shipping-taxable","14":"purchasable","15":"product-type-variable"},"bundled_by":["20478"],"bundle_stock_status":"instock","bundle_stock_quantity":null,"bundle_virtual":false,"bundle_layout":"","bundle_add_to_cart_form_location":"","bundle_editable_in_cart":false,"bundle_sold_individually_context":"","bundle_item_grouping":"","bundle_min_size":"","bundle_max_size":"","bundle_price":[],"bundled_items":[],"bundle_sell_ids":[],"_links":{"self":[{"href":"https:\/\/sacslab.com\/cs\/wp-json\/wp\/v2\/product\/18594","targetHints":{"allow":["GET"]}}],"collection":[{"href":"https:\/\/sacslab.com\/cs\/wp-json\/wp\/v2\/product"}],"about":[{"href":"https:\/\/sacslab.com\/cs\/wp-json\/wp\/v2\/types\/product"}],"wp:featuredmedia":[{"embeddable":true,"href":"https:\/\/sacslab.com\/cs\/wp-json\/wp\/v2\/media\/22316"}],"wp:attachment":[{"href":"https:\/\/sacslab.com\/cs\/wp-json\/wp\/v2\/media?parent=18594"}],"wp:term":[{"taxonomy":"product_cat","embeddable":true,"href":"https:\/\/sacslab.com\/cs\/wp-json\/wp\/v2\/product_cat?post=18594"},{"taxonomy":"product_tag","embeddable":true,"href":"https:\/\/sacslab.com\/cs\/wp-json\/wp\/v2\/product_tag?post=18594"}],"curies":[{"name":"wp","href":"https:\/\/api.w.org\/{rel}","templated":true}]}}