{"id":23544,"date":"2024-11-20T10:37:25","date_gmt":"2024-11-20T09:37:25","guid":{"rendered":"https:\/\/sacslab.com\/?post_type=product&#038;p=23544"},"modified":"2025-06-01T22:42:15","modified_gmt":"2025-06-01T20:42:15","slug":"fp03-cistic-podlah-performance-pro-myci-stroje","status":"publish","type":"product","link":"https:\/\/sacslab.com\/cs\/fp03-cistic-podlah-performance-pro-myci-stroje\/","title":{"rendered":"FP03 \u2013 \u010cISTI\u010c PODLAH PERFORMANCE &#8211; pro myc\u00ed stroje"},"content":{"rendered":"<p><strong>FP03 \u2013 \u010cisti\u010d podlah PERFORMANCE &#8211; pro \u010distic\u00ed stroje<\/strong><\/p>\n<p>Vysoce \u00fa\u010dinn\u00fd \u010distic\u00ed prost\u0159edek, speci\u00e1ln\u011b navr\u017een\u00fd pro strojov\u00e9 \u010di\u0161t\u011bn\u00ed podlah v prost\u0159ed\u00edch s intenzivn\u00edm zne\u010di\u0161t\u011bn\u00edm. Pokro\u010dil\u00e9 aktivn\u00ed slo\u017eky poskytuj\u00ed v\u00fdjime\u010dn\u00e9 \u010distic\u00ed a odma\u0161\u0165ovac\u00ed vlastnosti, d\u00edky \u010demu\u017e je vhodn\u00fd zejm\u00e9na pro pou\u017eit\u00ed v oprav\u00e1rensk\u00fdch d\u00edln\u00e1ch a stroj\u00edrensk\u00fdch provozech, kde se \u010dasto pou\u017e\u00edvaj\u00ed maziva nebo oleje. Ide\u00e1ln\u00ed pro odstra\u0148ov\u00e1n\u00ed pr\u016fmyslov\u00fdch ne\u010distot, v\u010detn\u011b mastnoty, olej\u016f, tukov\u00fdch usazenin, zbytk\u016f m\u00fddla, grafitu a \u0161p\u00edny. Tento \u010distic\u00ed prost\u0159edek je vhodn\u00fd pro pravidelnou \u00fadr\u017ebu podlah a v\u0161ech pevn\u00fdch, vodou omyvateln\u00fdch povrch\u016f, v\u010detn\u011b PVC, epoxidov\u00fdch prysky\u0159ic, asfaltu, kamene a dal\u0161\u00edch materi\u00e1l\u016f odoln\u00fdch v\u016f\u010di z\u00e1sadit\u00fdm l\u00e1tk\u00e1m. Je tak\u00e9 vhodn\u00fd pro ru\u010dn\u00ed \u010di\u0161t\u011bn\u00ed.<\/p>\n<p><strong>N\u00c1VOD K POU\u017dIT\u00cd:<\/strong><\/p>\n<p>\u010cist\u011bte povrch pomoc\u00ed myc\u00edho stroje nebo ru\u010dn\u011b podle pot\u0159eby.<\/p>\n<p><strong>D\u00c1VKOV\u00c1N\u00cd:<\/strong><\/p>\n<p>5\u201310 ml \/ 1 l<\/p>\n<p><strong>SKLADOV\u00c1N\u00cd:<\/strong><\/p>\n<p>Skladujte p\u0159i teplot\u011b 5\u201330 \u00b0C. Chra\u0148te p\u0159ed p\u0159\u00edm\u00fdm slune\u010dn\u00edm sv\u011btlem. Spot\u0159ebujte do data uveden\u00e9ho na obalu.<\/p>\n<p><strong>UPOZORN\u011aN\u00cd:<br \/>\n<\/strong>Spole\u010dnost SACSLAB s.r.o. nep\u0159eb\u00edr\u00e1 odpov\u011bdnost za jak\u00e9koliv \u0161kody, v\u010detn\u011b p\u0159\u00edm\u00e9 nebo nep\u0159\u00edm\u00e9 \u00fajmy, zp\u016fsoben\u00e9 nespr\u00e1vn\u00fdm pou\u017eit\u00edm, nedodr\u017een\u00edm pokyn\u016f k pou\u017eit\u00ed nebo nevhodnou manipulac\u00ed s produktem.<\/p>\n<p>U\u017eivatel je povinen p\u0159ed pou\u017eit\u00edm ov\u011b\u0159it vhodnost produktu pro konkr\u00e9tn\u00ed \u00fa\u010del a zajistit dodr\u017eov\u00e1n\u00ed v\u0161ech relevantn\u00edch bezpe\u010dnostn\u00edch p\u0159edpis\u016f, v\u010detn\u011b pokyn\u016f uveden\u00fdch v bezpe\u010dnostn\u00edm listu (SDS).<\/p>\n<p>Toto prohl\u00e1\u0161en\u00ed neomezuje ani nevy\u0159azuje odpov\u011bdnost za smrt, zran\u011bn\u00ed nebo jin\u00e9 p\u0159\u00edpady, kdy je vylou\u010den\u00ed odpov\u011bdnosti nep\u0159\u00edpustn\u00e9 podle platn\u00fdch pr\u00e1vn\u00edch p\u0159edpis\u016f.<\/p>\n<p><strong>D\u016eLE\u017dIT\u00c9:<\/strong><\/p>\n<p>P\u0159ed pou\u017eit\u00edm si v\u017edy p\u0159e\u010dt\u011bte ozna\u010den\u00ed a informace o v\u00fdrobku v p\u0159ilo\u017een\u00fdch dokumentech \u201c<strong>KE STA\u017dEN\u00cd<\/strong>\u201c.<\/p>\n<div class=\"testo\">\n<h4>OBLASTI POU\u017dIT\u00cd:<\/h4>\n<table class=\"tab_application\">\n<thead>\n<tr>\n<th><strong>OBLAST<\/strong><\/th>\n<th>HLAVN\u00cd VYU\u017dIT\u00cd<\/th>\n<th>OSTATN\u00cd VYU\u017dIT\u00cd<\/th>\n<\/tr>\n<\/thead>\n<tbody>\n<tr>\n<td>GENER\u00c1LN\u00cd<\/td>\n<td><\/td>\n<td><img decoding=\"async\" class=\"sacslab-checked\" src=\"https:\/\/sacslab.com\/wp-content\/uploads\/2024\/06\/checked-blue.svg\" \/><\/td>\n<\/tr>\n<tr>\n<td>UM\u00ddV\u00c1RENSK\u00c1<\/td>\n<td><\/td>\n<td><img decoding=\"async\" class=\"sacslab-checked\" src=\"https:\/\/sacslab.com\/wp-content\/uploads\/2024\/06\/checked-yellow.svg\" \/><\/td>\n<\/tr>\n<tr>\n<td>SANIT\u00c1RN\u00cd<\/td>\n<td><\/td>\n<td><img decoding=\"async\" class=\"sacslab-checked\" src=\"https:\/\/sacslab.com\/wp-content\/uploads\/2024\/06\/checked-red.svg\" \/><\/td>\n<\/tr>\n<tr>\n<td>KUCHY\u0147SK\u00c1<\/td>\n<td><\/td>\n<td><img decoding=\"async\" class=\"sacslab-checked\" src=\"https:\/\/sacslab.com\/wp-content\/uploads\/2024\/06\/checked-green.svg\" \/><\/td>\n<\/tr>\n<tr>\n<td>DEZINFEK\u010cN\u00cd<\/td>\n<td><\/td>\n<td><\/td>\n<\/tr>\n<tr>\n<td>\u0160PECI\u00c1LN\u00cd<\/td>\n<td><img decoding=\"async\" class=\"sacslab-checked\" src=\"https:\/\/sacslab.com\/wp-content\/uploads\/2024\/06\/checked.svg\" \/><\/td>\n<td><\/td>\n<\/tr>\n<\/tbody>\n<\/table>\n<\/div>\n<div class=\"testo\">\n<h4>FP03 &#8211; FLOOR CLEANER PERFORMANCE \u00a0pH \u2248 12,8<\/h4>\n<p>Uveden\u00e1 hodnota pH se vztahuje na konkr\u00e9tn\u00ed prac\u00ed prost\u0159edek nebo koncentr\u00e1t prac\u00edho prost\u0159edku.<\/p>\n<table class=\"tab_application\">\n<thead>\n<tr>\n<th><strong>TITUL <\/strong><\/th>\n<th>pH<\/th>\n<\/tr>\n<\/thead>\n<tbody>\n<tr>\n<td>VYSOCE KYSEL\u00dd | pH 0-2<\/td>\n<td><\/td>\n<\/tr>\n<tr>\n<td>ST\u0158EDN\u011a KYSEL\u00c9 | pH 2-5<\/td>\n<td><\/td>\n<\/tr>\n<tr>\n<td>NEUTR\u00c1LN\u00cd | pH 5-8<\/td>\n<td><\/td>\n<\/tr>\n<tr>\n<td>ST\u0158EDN\u011a ALKALICK\u00dd | pH 8-11<\/td>\n<td><\/td>\n<\/tr>\n<tr>\n<td>VYSOCE ALKALICK\u00c9 | pH 11-15<\/td>\n<td><img decoding=\"async\" class=\"sacslab-checked\" src=\"https:\/\/sacslab.com\/wp-content\/uploads\/2024\/06\/checked-black.svg\" \/><\/td>\n<\/tr>\n<\/tbody>\n<\/table>\n<\/div>\n","protected":false},"excerpt":{"rendered":"<h4><strong>Profesion\u00e1ln\u00ed \u010distic\u00ed prost\u0159edek<\/strong><\/h4>\n<h4><img fetchpriority=\"high\" decoding=\"async\" class=\"alignnone wp-image-22622 size-medium\" src=\"https:\/\/sacslab.com\/wp-content\/uploads\/2024\/04\/certificate-ISO.svg\" alt=\"\" width=\"300\" height=\"300\" \/><\/h4>\n<p><strong>FP03 \u010cisti\u010d podlah Performance<\/strong> \u2013 intenzivn\u00ed \u010distic\u00ed a koncentrovan\u00fd nepeniv\u00fd prost\u0159edek speci\u00e1ln\u011b vyvinut\u00fd pro strojov\u00e9 myt\u00ed podlah. D\u00edky aktivn\u00edm l\u00e1tk\u00e1m nab\u00edz\u00ed vysokou \u00fa\u010dinnost p\u0159i \u010di\u0161t\u011bn\u00ed a odstra\u0148ov\u00e1n\u00ed mastnoty i v extr\u00e9mn\u011b zne\u010di\u0161t\u011bn\u00fdch prost\u0159ed\u00edch. Ide\u00e1ln\u00ed \u0159e\u0161en\u00ed pro pr\u016fmyslov\u00e9 prostory, kde \u00fa\u010dinn\u011b odstra\u0148uje siln\u00e9 olejov\u00e9 a tukov\u00e9 usazeniny, zbytky m\u00fddla, grafitu a \u0161p\u00edny.<\/p>\n<ul>\n<li><strong>Intenzivn\u011b \u010dist\u00ed ne\u010distoty a mastnoty<\/strong><\/li>\n<li><strong>Nep\u011bniv\u00fd koncentr\u00e1t<\/strong><\/li>\n<li><strong>Zm\u011bk\u010duje vodu<\/strong><\/li>\n<li><strong>Bez fosf\u00e1t\u016f<\/strong><\/li>\n<li><strong>Poskytuje maxim\u00e1ln\u00ed \u00fa\u010dinnost a v\u00fdkon<\/strong><\/li>\n<li><strong>pH \u2248 12,8<\/strong><\/li>\n<\/ul>\n","protected":false},"featured_media":23820,"template":"","meta":{"inline_featured_image":false},"product_cat":[319,404,554],"product_tag":[386,377],"class_list":{"0":"post-23544","1":"product","2":"type-product","3":"status-publish","4":"has-post-thumbnail","6":"product_cat-cistici-prostredky","7":"product_cat-specialni-oblast","8":"product_cat-strojni-cisteni","9":"product_tag-kuchynsky-prostor","10":"product_tag-kuchynska-oblast-cs","12":"first","13":"instock","14":"taxable","15":"shipping-taxable","16":"purchasable","17":"product-type-variable"},"bundled_by":["20478"],"bundle_stock_status":"instock","bundle_stock_quantity":null,"bundle_virtual":false,"bundle_layout":"","bundle_add_to_cart_form_location":"","bundle_editable_in_cart":false,"bundle_sold_individually_context":"","bundle_item_grouping":"","bundle_min_size":"","bundle_max_size":"","bundle_price":[],"bundled_items":[],"bundle_sell_ids":[],"_links":{"self":[{"href":"https:\/\/sacslab.com\/cs\/wp-json\/wp\/v2\/product\/23544","targetHints":{"allow":["GET"]}}],"collection":[{"href":"https:\/\/sacslab.com\/cs\/wp-json\/wp\/v2\/product"}],"about":[{"href":"https:\/\/sacslab.com\/cs\/wp-json\/wp\/v2\/types\/product"}],"wp:featuredmedia":[{"embeddable":true,"href":"https:\/\/sacslab.com\/cs\/wp-json\/wp\/v2\/media\/23820"}],"wp:attachment":[{"href":"https:\/\/sacslab.com\/cs\/wp-json\/wp\/v2\/media?parent=23544"}],"wp:term":[{"taxonomy":"product_cat","embeddable":true,"href":"https:\/\/sacslab.com\/cs\/wp-json\/wp\/v2\/product_cat?post=23544"},{"taxonomy":"product_tag","embeddable":true,"href":"https:\/\/sacslab.com\/cs\/wp-json\/wp\/v2\/product_tag?post=23544"}],"curies":[{"name":"wp","href":"https:\/\/api.w.org\/{rel}","templated":true}]}}