{"id":39567,"date":"2025-05-02T11:26:28","date_gmt":"2025-05-02T09:26:28","guid":{"rendered":"https:\/\/sacslab.com\/polyesterova-taska\/"},"modified":"2025-05-03T09:36:17","modified_gmt":"2025-05-03T07:36:17","slug":"polyesterovy-pytel","status":"publish","type":"product","link":"https:\/\/sacslab.com\/cs\/polyesterovy-pytel\/","title":{"rendered":"Polyesterov\u00fd pytel"},"content":{"rendered":"<div class=\"testo ecobox-block\">\n<p><label class=\"title-block\"><span style=\"vertical-align: inherit;\"><span style=\"vertical-align: inherit;\">ECO BOX<\/span><\/span><img decoding=\"async\" class=\"filmop-cetificates\" src=\"https:\/\/sacslab.com\/wp-content\/uploads\/2025\/02\/logo__greenEcoBox-1.svg\" alt=\"Logo EcoBox\" \/><\/label><\/p>\n<div class=\"row\">\n<div class=\"col-md-auto feature-image\"><img decoding=\"async\" src=\"https:\/\/media.filmop.com\/icons\/__logo__Ecosostenibile__.png\" alt=\"EcoBoxLogo\" \/><\/div>\n<div class=\"col-md feature-text\">\n<p><span class=\"ecobox-title\"><span style=\"vertical-align: inherit;\"><span style=\"vertical-align: inherit;\">ECO-FRIENDLY PRODUC<\/span><\/span><\/span><\/p>\n<p><span style=\"vertical-align: inherit;\"><span style=\"vertical-align: inherit;\">V\u00fdrobek se prod\u00e1v\u00e1 v obalu v souladu s legislativn\u00edm dekretem \u010d. 116 z 03.09.2020 o povinnosti environment\u00e1ln\u00edho ozna\u010dov\u00e1n\u00ed pro spr\u00e1vnou likvidaci na konci spot\u0159eby. 99 % kartonov\u00fdch obal\u016f pou\u017e\u00edvan\u00fdch spole\u010dnost\u00ed je vyrobeno v pr\u016fm\u011bru z 80 % z recyklovan\u00e9ho pap\u00edru. <\/span><\/span><\/p>\n<\/div>\n<\/div>\n<\/div>\n<div class=\"testo\">\n<p><label class=\"title-block\"><span style=\"vertical-align: inherit;\"><span style=\"vertical-align: inherit;\">FUNKCE:<\/span><\/span><\/label><\/p>\n<p><span style=\"vertical-align: inherit;\"><span style=\"vertical-align: inherit;\">V\u00fdrobek neobsahuje latex<\/span><\/span><\/p>\n<p>Pro \u00faklidov\u00e9 voz\u00edky<\/p>\n<\/div>\n<div class=\"testo\">\n<p><label class=\"title-block\"><span style=\"vertical-align: inherit;\"><span style=\"vertical-align: inherit;\">MATERI\u00c1L:<\/span><\/span><\/label><\/p>\n<p><span style=\"vertical-align: inherit;\"><span style=\"vertical-align: inherit;\">Polyester<\/span><\/span><\/p>\n<\/div>\n<div class=\"testo\">\n<p><label class=\"title-block\"><span style=\"vertical-align: inherit;\"><span style=\"vertical-align: inherit;\">\u017dIVOTN\u00cd CYKLUS:<\/span><\/span><\/label><\/p>\n<div class=\"col-avvertenze\">Materi\u00e1l obzvl\u00e1\u0161t\u011b odoln\u00fd v\u016f\u010di pran\u00ed (testov\u00e1n na v\u00edce ne\u017e 800 pran\u00ed)<\/div>\n<\/div>\n<div class=\"testo\">\n<p><label class=\"title-block\"><span style=\"vertical-align: inherit;\"><span style=\"vertical-align: inherit;\">POKYNY PRO PRAN\u00cd<\/span><\/span><\/label><\/p>\n<div class=\"col-avvertenze\">Nepou\u017e\u00edvejte aviv\u00e1\u017e.<br \/>\nDobr\u00e1 odolnos\u0165 vo\u010di kyselin\u00e1m a z\u00e1sad\u00e1m zrieden\u00fdm vo vode.<\/div>\n<\/div>\n","protected":false},"excerpt":{"rendered":"<p class=\"\" data-start=\"120\" data-end=\"162\">B\u00edl\u00fd polyesterov\u00fd pytel s barevn\u00fdm pruhem.<\/p>\n<p class=\"\" data-start=\"164\" data-end=\"218\"><strong data-start=\"164\" data-end=\"176\">POU\u017dIT\u00cd:<\/strong><br data-start=\"176\" data-end=\"179\" \/>Pytel ur\u010den\u00fd ke sb\u011bru \u0161pinav\u00e9ho pr\u00e1dla.<\/p>\n<div class=\"wrapper-img-system\"><img decoding=\"async\" class=\"filmop-cetificates\" src=\"https:\/\/sacslab.com\/wp-content\/uploads\/2025\/01\/Logo_Latex_free.svg\" alt=\"Logo\" \/><\/div>\n","protected":false},"featured_media":39559,"template":"","meta":{"inline_featured_image":false},"product_cat":[331,238],"product_tag":[],"class_list":{"0":"post-39567","1":"product","2":"type-product","3":"status-publish","4":"has-post-thumbnail","6":"product_cat-hotelove-voziky-cs","7":"product_cat-uklidove-vybaveni","8":"pa_farba-cervena-cs","9":"pa_farba-modra-cs","10":"pa_farba-zelena-cs","11":"pa_farba-zluty","13":"first","14":"onbackorder","15":"taxable","16":"shipping-taxable","17":"purchasable","18":"product-type-variable"},"bundled_by":[],"bundle_stock_status":"onbackorder","bundle_stock_quantity":null,"bundle_virtual":false,"bundle_layout":"","bundle_add_to_cart_form_location":"","bundle_editable_in_cart":false,"bundle_sold_individually_context":"","bundle_item_grouping":"","bundle_min_size":"","bundle_max_size":"","bundle_price":[],"bundled_items":[],"bundle_sell_ids":[],"_links":{"self":[{"href":"https:\/\/sacslab.com\/cs\/wp-json\/wp\/v2\/product\/39567","targetHints":{"allow":["GET"]}}],"collection":[{"href":"https:\/\/sacslab.com\/cs\/wp-json\/wp\/v2\/product"}],"about":[{"href":"https:\/\/sacslab.com\/cs\/wp-json\/wp\/v2\/types\/product"}],"wp:featuredmedia":[{"embeddable":true,"href":"https:\/\/sacslab.com\/cs\/wp-json\/wp\/v2\/media\/39559"}],"wp:attachment":[{"href":"https:\/\/sacslab.com\/cs\/wp-json\/wp\/v2\/media?parent=39567"}],"wp:term":[{"taxonomy":"product_cat","embeddable":true,"href":"https:\/\/sacslab.com\/cs\/wp-json\/wp\/v2\/product_cat?post=39567"},{"taxonomy":"product_tag","embeddable":true,"href":"https:\/\/sacslab.com\/cs\/wp-json\/wp\/v2\/product_tag?post=39567"}],"curies":[{"name":"wp","href":"https:\/\/api.w.org\/{rel}","templated":true}]}}