{"id":16292,"date":"2024-05-29T13:20:55","date_gmt":"2024-05-29T11:20:55","guid":{"rendered":"https:\/\/sacslab.com\/unkategorisiert\/fensterputzmatte-aus-polyester-kurzgarn\/"},"modified":"2025-08-24T19:04:53","modified_gmt":"2025-08-24T17:04:53","slug":"clarus-w-prime-fensterreinigungsabzieher-mit-bezug","status":"publish","type":"product","link":"https:\/\/sacslab.com\/de\/clarus-w-prime-fensterreinigungsabzieher-mit-bezug\/","title":{"rendered":"CLARUS-W PRIME \u2013 Fensterreinigungsabzieher mit Bezug"},"content":{"rendered":"<p>&nbsp;<\/p>\n<div class=\"testo ecobox-block\">\n<p><label class=\"title-block\"><span style=\"vertical-align: inherit;\"><span style=\"vertical-align: inherit;\">ECO BOX<\/span><\/span><img decoding=\"async\" class=\"filmop-cetificates\" src=\"https:\/\/sacslab.com\/wp-content\/uploads\/2025\/02\/logo__greenEcoBox-1.svg\" alt=\"EcoBox-Logo\" \/><\/label><\/p>\n<div class=\"row\">\n<div class=\"col-md-auto feature-image\"><img decoding=\"async\" class=\"filmop-cetificates\" src=\"https:\/\/sacslab.com\/wp-content\/uploads\/2025\/02\/Riciclo_logo-2.svg\" alt=\"EcoBox-Logo\" \/><\/div>\n<div class=\"col-md feature-text\">\n<p><span class=\"ecobox-title\"><span style=\"vertical-align: inherit;\"><span style=\"vertical-align: inherit;\">ECO-FRIENDLY PRODUCT\u00a0<\/span><\/span><\/span><\/p>\n<p><span style=\"vertical-align: inherit;\"><span style=\"vertical-align: inherit;\">Das Produkt wird in Verpackungen verkauft, die dem Gesetzesdekret 116 vom 03.09.2020 \u00fcber die Verpflichtung zur Umweltkennzeichnung f\u00fcr die ordnungsgem\u00e4\u00dfe Entsorgung am Ende des Gebrauchs entsprechen.<br \/>\n99% der vom Unternehmen verwendeten Kartonverpackungen bestehen aus durchschnittlich 80% recyceltem Papier.<\/span><\/span><\/p>\n<\/div>\n<\/div>\n<\/div>\n<div class=\"testo\">\n<p><label class=\"title-block\"><span style=\"vertical-align: inherit;\"><span style=\"vertical-align: inherit;\">EIGENSCHAFTEN:<\/span><\/span><\/label><\/p>\n<ul>\n<li><span style=\"vertical-align: inherit;\"><span style=\"vertical-align: inherit;\">Der Fensterreiniger ist sehr saugf\u00e4hig und hat ein kurzes Garn, um einen Verlust w\u00e4hrend des Waschgangs zu verhindern.<\/span><\/span><\/li>\n<li><span style=\"vertical-align: inherit;\"><span style=\"vertical-align: inherit;\">Die Gewindeverbindung sichert das Produkt fest am Griff und verhindert ein gef\u00e4hrliches L\u00f6sen.<\/span><\/span><\/li>\n<li><span style=\"vertical-align: inherit;\"><span style=\"vertical-align: inherit;\">Kompatibel mit Uni-Connect: ein System, mit dem Sie denselben Stiel schnell und einfach an jedes Reinigungswerkzeug anschlie\u00dfen und schnell von einem Werkzeug zum anderen wechseln k\u00f6nnen (Mopphalter, Fensterabzieher, Staubwedel&#8230;).<\/span><\/span><\/li>\n<li><span style=\"vertical-align: inherit;\"><span style=\"vertical-align: inherit;\">Kann mit Gewindestielen, Uni-Connect Kegelstielen \u00f8 21 mm und Uni-Connect Kegel-Teleskopstielen \u00f8 23 mm verwendet werden.<\/span><\/span><\/li>\n<\/ul>\n<\/div>\n<p class=\"nota-prodotto\"><span style=\"vertical-align: inherit;\"><span style=\"vertical-align: inherit;\">Kompatibel mit Uni-Connect.<\/span><\/span><\/p>\n<div class=\"testo\">\n<p><label class=\"title-block\"><span style=\"vertical-align: inherit;\"><span style=\"vertical-align: inherit;\">MATERIAL:<\/span><\/span><\/label><\/p>\n<p><span style=\"vertical-align: inherit;\"><span style=\"vertical-align: inherit;\">Tr\u00e4ger: Polypropylen <\/span><\/span><span style=\"vertical-align: inherit;\"><span style=\"vertical-align: inherit;\">Garn: Polyester<\/span><\/span><\/p>\n<\/div>\n<div class=\"testo\">\n<p><label class=\"title-block\"><span style=\"vertical-align: inherit;\"><span style=\"vertical-align: inherit;\">PFLEGE UND WARTUNG:<\/span><\/span><\/label><\/p>\n<div class=\"col-avvertenze\">\n<p><label class=\"subtitle-block\"><span style=\"vertical-align: inherit;\"><span style=\"vertical-align: inherit;\">HINWEISE:<\/span><\/span><\/label><\/p>\n<p><span style=\"vertical-align: inherit;\"><span style=\"vertical-align: inherit;\">Beachten Sie vor dem Waschen sorgf\u00e4ltig die Waschanweisungen und Warnhinweise auf der Waschmittelverpackung (Temperatur und Dosierung) <\/span><\/span><span style=\"vertical-align: inherit;\"><span style=\"vertical-align: inherit;\">Wir empfehlen die Verwendung eines normalen Waschmittels ohne Weichsp\u00fcler. <\/span><\/span><span style=\"vertical-align: inherit;\"><span style=\"vertical-align: inherit;\">Waschen Sie es immer in kaltem Wasser ohne Waschmittel vor, um chemische R\u00fcckst\u00e4nde zu entfernen. <\/span><\/span><span style=\"vertical-align: inherit;\"><span style=\"vertical-align: inherit;\">Wir empfehlen, spezielle Netzbeutel zum Aufwischen zu verwenden.<\/span><\/span><\/p>\n<\/div>\n<div class=\"col-lavaggio\">\n<p>WASCHANLEITUNG F\u00dcR DEN BEZUG AUS POLYESTER KURZFASER:<\/p>\n<p><img decoding=\"async\" src=\"https:\/\/sacslab.com\/wp-content\/uploads\/2025\/02\/logo__40gradi__.png\" alt=\"Logo\" \/><span style=\"vertical-align: inherit;\"><span style=\"vertical-align: inherit;\">Maximale Waschtemperatur: 40\u00b0C<\/span><\/span><\/p>\n<p><img decoding=\"async\" src=\"https:\/\/sacslab.com\/wp-content\/uploads\/2025\/02\/logo__candeggio__.png\" alt=\"Logo\" \/><span style=\"vertical-align: inherit;\"><span style=\"vertical-align: inherit;\">M\u00f6gliches Bleichen &#8211; nur oxidative\/chlorfreie Bleichmittel k\u00f6nnen verwendet werden<\/span><\/span><\/p>\n<p><img decoding=\"async\" src=\"https:\/\/sacslab.com\/wp-content\/uploads\/2025\/02\/logo__asciugatura2__.png\" alt=\"Logo\" \/><span style=\"vertical-align: inherit;\"><span style=\"vertical-align: inherit;\">Darf nicht im W\u00e4schetrockner getrocknet werden<\/span><\/span><\/p>\n<p><img decoding=\"async\" src=\"https:\/\/sacslab.com\/wp-content\/uploads\/2025\/02\/logo__stiratura__.png\" alt=\"Logo\" \/><span style=\"vertical-align: inherit;\"><span style=\"vertical-align: inherit;\">Darf nicht geb\u00fcgelt werden<\/span><\/span><\/p>\n<p><img decoding=\"async\" src=\"https:\/\/sacslab.com\/wp-content\/uploads\/2025\/02\/logo__lavaggiosecco__.png\" alt=\"Logo\" \/><span style=\"vertical-align: inherit;\"><span style=\"vertical-align: inherit;\">Darf nicht chemisch gereinigt werden<\/span><\/span><\/p>\n<p><span style=\"vertical-align: inherit;\"><span style=\"vertical-align: inherit;\">Verwenden Sie keinen Weichsp\u00fcler.<\/span><\/span><\/p>\n<p><span style=\"vertical-align: inherit;\"><span style=\"vertical-align: inherit;\">\u00a0Verwenden Sie alkalische Waschmittel mit einem pH-Wert von 11.<\/span><\/span><\/p>\n<\/div>\n<\/div>\n","protected":false},"excerpt":{"rendered":"<p>Fensterabzieher mit einem Bezug aus polyester Kurzfaser mit hoher Fl\u00fcssigkeitsabsorptionsf\u00e4higkeit und einem stabilen Tragrahm aus hochwertigem Kunststoff.<\/p>\n<p><strong>ANWENDUNG:<\/strong><br \/>\nEin Werkzeug, das f\u00fcr die professionelle Fensterreinigung verwendet wird. Verl\u00e4ngerter Griff mit ergonomischem, praktischn Handling f\u00fcr einfache Bedienung. Der Abzieher ist kompatibel mit dem Uni-Connect-System.<\/p>\n<div class=\"info-system\">\n<div class=\"wrapper-img-system\"><img decoding=\"async\" src=\"https:\/\/media.filmop.com\/icons\/__logo__Uni-Connect__.png\" alt=\"Logo\" \/><\/div>\n<\/div>\n","protected":false},"featured_media":16297,"template":"","meta":{"inline_featured_image":false},"product_cat":[235,282],"product_tag":[],"class_list":{"0":"post-16292","1":"product","2":"type-product","3":"status-publish","4":"has-post-thumbnail","6":"product_cat-reinigungstechnik","7":"product_cat-glas","9":"first","10":"onbackorder","11":"taxable","12":"shipping-taxable","13":"purchasable","14":"product-type-variable"},"bundled_by":[],"bundle_stock_status":"onbackorder","bundle_stock_quantity":null,"bundle_virtual":false,"bundle_layout":"","bundle_add_to_cart_form_location":"","bundle_editable_in_cart":false,"bundle_sold_individually_context":"","bundle_item_grouping":"","bundle_min_size":"","bundle_max_size":"","bundle_price":[],"bundled_items":[],"bundle_sell_ids":[],"_links":{"self":[{"href":"https:\/\/sacslab.com\/de\/wp-json\/wp\/v2\/product\/16292","targetHints":{"allow":["GET"]}}],"collection":[{"href":"https:\/\/sacslab.com\/de\/wp-json\/wp\/v2\/product"}],"about":[{"href":"https:\/\/sacslab.com\/de\/wp-json\/wp\/v2\/types\/product"}],"wp:featuredmedia":[{"embeddable":true,"href":"https:\/\/sacslab.com\/de\/wp-json\/wp\/v2\/media\/16297"}],"wp:attachment":[{"href":"https:\/\/sacslab.com\/de\/wp-json\/wp\/v2\/media?parent=16292"}],"wp:term":[{"taxonomy":"product_cat","embeddable":true,"href":"https:\/\/sacslab.com\/de\/wp-json\/wp\/v2\/product_cat?post=16292"},{"taxonomy":"product_tag","embeddable":true,"href":"https:\/\/sacslab.com\/de\/wp-json\/wp\/v2\/product_tag?post=16292"}],"curies":[{"name":"wp","href":"https:\/\/api.w.org\/{rel}","templated":true}]}}