{"id":16336,"date":"2024-05-29T13:46:27","date_gmt":"2024-05-29T11:46:27","guid":{"rendered":"https:\/\/sacslab.com\/unkategorisiert\/einteilige-stange-mit-italienischem-gewinde-fuer-uni-connect-system\/"},"modified":"2025-04-27T22:45:34","modified_gmt":"2025-04-27T20:45:34","slug":"einteilige-stange-mit-italienischem-gewinde-fuer-das-uni-connect-system","status":"publish","type":"product","link":"https:\/\/sacslab.com\/de\/einteilige-stange-mit-italienischem-gewinde-fuer-das-uni-connect-system\/","title":{"rendered":"EINTEILIGE STANGE MIT ITALIENISCHEM GEWINDE F\u00dcR DAS UNI-CONNECT-SYSTEM"},"content":{"rendered":"<p>&nbsp;<\/p>\n<div class=\"testo ecobox-block\">\n<p><label class=\"title-block\"><span style=\"vertical-align: inherit;\"><span style=\"vertical-align: inherit;\">ECO BOX<\/span><\/span><img decoding=\"async\" class=\"filmop-cetificates\" src=\"https:\/\/sacslab.com\/wp-content\/uploads\/2025\/02\/logo__greenEcoBox-1.svg\" alt=\"EcoBox-Logo\" \/><\/label><\/p>\n<div class=\"row\">\n<div class=\"col-md-auto feature-image\"><img decoding=\"async\" class=\"filmop-cetificates\" src=\"https:\/\/sacslab.com\/wp-content\/uploads\/2025\/02\/Riciclo_logo-2.svg\" alt=\"EcoBox-Logo\" \/><\/div>\n<div class=\"col-md feature-text\">\n<p><span class=\"ecobox-title\"><span style=\"vertical-align: inherit;\"><span style=\"vertical-align: inherit;\">ECO-FRIENDLY PRODUCT<\/span><\/span><\/span><\/p>\n<p><span style=\"vertical-align: inherit;\"><span style=\"vertical-align: inherit;\">Das Produkt wird in Verpackungen verkauft, die dem Gesetzesdekret 116 vom 03.09.2020 \u00fcber die Verpflichtung zur Umweltkennzeichnung f\u00fcr die ordnungsgem\u00e4\u00dfe Entsorgung am Ende des Gebrauchs entsprechen.<br \/>\n99% der vom Unternehmen verwendeten Kartonverpackungen bestehen aus durchschnittlich 80% recyceltem Papier.<\/span><\/span><\/p>\n<\/div>\n<\/div>\n<\/div>\n<div class=\"testo\">\n<p><label class=\"title-block\"><span style=\"vertical-align: inherit;\"><span style=\"vertical-align: inherit;\">EIGENSCHAFTEN:<\/span><\/span><\/label><\/p>\n<ul>\n<li><span style=\"vertical-align: inherit;\"><span style=\"vertical-align: inherit;\">Vollst\u00e4ndig aus Aluminium gefertigt, leicht und aus rostfreiem Stahl.<\/span><\/span><\/li>\n<li><span style=\"vertical-align: inherit;\"><span style=\"vertical-align: inherit;\">Einfache Handhabung dank Gummigriff.<\/span><\/span><\/li>\n<li><span style=\"vertical-align: inherit;\"><span style=\"vertical-align: inherit;\">Der Konus ist so konstruiert, dass er sicher an den Werkzeugen befestigt wird und diese w\u00e4hrend der Reinigungsarbeiten an ihrem Platz h\u00e4lt und ein gef\u00e4hrliches L\u00f6sen verhindert.<\/span><\/span><\/li>\n<li><span style=\"vertical-align: inherit;\"><span style=\"vertical-align: inherit;\">Mit dem Uni-Connect-System k\u00f6nnen Sie denselben Griff schnell und einfach an jedem Reinigungsger\u00e4t anbringen und schnell von einem Werkzeug zum anderen wechseln (Rahmen, Abzieher, Staubtuch&#8230;)<\/span><\/span><\/li>\n<\/ul>\n<\/div>\n<div class=\"testo\">\n<p><label class=\"title-block\"><span style=\"vertical-align: inherit;\"><span style=\"vertical-align: inherit;\">MATERIAL:<\/span><\/span><\/label><\/p>\n<p><span style=\"vertical-align: inherit;\"><span style=\"vertical-align: inherit;\">Eloxiertes Aluminium, Polypropylen-Copolymer, Polyamid und Acetalharz.<\/span><\/span><\/p>\n<\/div>\n","protected":false},"excerpt":{"rendered":"<p>Aluminiumstange mit Kegel und italienischem Gewinde f\u00fcr das Uni-Connect-System.<\/p>\n<p><strong>ANWENDUNG:<\/strong><br \/>\nDas Uni-Connect-System erm\u00f6glicht es, den gleichen Griff schnell und einfach mit jedem Reinigungsger\u00e4t zu verbinden und schnell zwischen verschiedenen Werkzeugen zu wechseln (Rahmen, Wischer, Staubwedel\u2026).<br \/>\nKann zum Reinigen von gro\u00dfen Fenstern, Decken und vertikalen W\u00e4nden verwendet werden, die schwer zu erreichen sind.<\/p>\n<div class=\"info-system\">\n<div class=\"wrapper-img-system\"><img decoding=\"async\" src=\"https:\/\/media.filmop.com\/icons\/__logo__Uni-Connect__.png\" alt=\"Logo\" \/><\/div>\n<\/div>\n","protected":false},"featured_media":16343,"template":"","meta":{"inline_featured_image":false},"product_cat":[235,282],"product_tag":[],"class_list":{"0":"post-16336","1":"product","2":"type-product","3":"status-publish","4":"has-post-thumbnail","6":"product_cat-reinigungstechnik","7":"product_cat-glas","9":"first","10":"onbackorder","11":"taxable","12":"shipping-taxable","13":"purchasable","14":"product-type-variable"},"bundled_by":[],"bundle_stock_status":"onbackorder","bundle_stock_quantity":0,"bundle_virtual":false,"bundle_layout":"","bundle_add_to_cart_form_location":"","bundle_editable_in_cart":false,"bundle_sold_individually_context":"","bundle_item_grouping":"","bundle_min_size":"","bundle_max_size":"","bundle_price":[],"bundled_items":[],"bundle_sell_ids":[],"_links":{"self":[{"href":"https:\/\/sacslab.com\/de\/wp-json\/wp\/v2\/product\/16336","targetHints":{"allow":["GET"]}}],"collection":[{"href":"https:\/\/sacslab.com\/de\/wp-json\/wp\/v2\/product"}],"about":[{"href":"https:\/\/sacslab.com\/de\/wp-json\/wp\/v2\/types\/product"}],"wp:featuredmedia":[{"embeddable":true,"href":"https:\/\/sacslab.com\/de\/wp-json\/wp\/v2\/media\/16343"}],"wp:attachment":[{"href":"https:\/\/sacslab.com\/de\/wp-json\/wp\/v2\/media?parent=16336"}],"wp:term":[{"taxonomy":"product_cat","embeddable":true,"href":"https:\/\/sacslab.com\/de\/wp-json\/wp\/v2\/product_cat?post=16336"},{"taxonomy":"product_tag","embeddable":true,"href":"https:\/\/sacslab.com\/de\/wp-json\/wp\/v2\/product_tag?post=16336"}],"curies":[{"name":"wp","href":"https:\/\/api.w.org\/{rel}","templated":true}]}}