{"id":16614,"date":"2024-07-11T14:32:30","date_gmt":"2024-07-11T12:32:30","guid":{"rendered":"https:\/\/sacslab.com\/unkategorisiert\/tc01-ersatzflasche-mit-abgewinkelter-duese-750ml\/"},"modified":"2025-04-13T21:58:00","modified_gmt":"2025-04-13T19:58:00","slug":"tc01-arbeitsflasche-mit-abgewinkelte-duese750ml-leer","status":"publish","type":"product","link":"https:\/\/sacslab.com\/de\/tc01-arbeitsflasche-mit-abgewinkelte-duese750ml-leer\/","title":{"rendered":"TC01 &#8211; ARBEITSFLASCHE mit abgewinkelte D\u00fcse750ml &#8211; leer"},"content":{"rendered":"<p><strong>Die praktische 750-ml-Arbeitsflasche<\/strong> wurde entwickelt, um das Umf\u00fcllen von Reinigungsmitteln aus einem gro\u00dfen 10-Liter-Kanister zu erleichtern. Dieses Dosiersystem erm\u00f6glicht ein einfaches und effizientes Nachf\u00fcllen der Arbeitsflasche direkt aus dem Kanister \u00fcber einen <strong>Kunststoffhahn<\/strong> (Zubeh\u00f6r).<\/p>\n<p>Die <strong>EDS \u2013 Eco Dispensing Station<\/strong> ist eine praktische L\u00f6sung, die in der Hotellerie, Gastronomie und in allen Bereichen eingesetzt wird, in denen eine effiziente Reinigung unerl\u00e4sslich ist.<\/p>\n<p><strong>Hauptvorteile<\/strong>:<\/p>\n<ul>\n<li><strong>Einfache Nachf\u00fcllung:<\/strong> Der an den 10-Liter-Kanister angeschlossene <strong>Kunststoffhahn<\/strong> erm\u00f6glicht einen nahtlosen und pr\u00e4zisen Transfer von Reinigungsmitteln in Arbeitsflaschen. Einfach den Hahn \u00f6ffnen und die Flasche f\u00fcllen.<\/li>\n<li><strong>Klarheit durch Etikettierung:<\/strong> Die Flasche ist immer mit einem Etikett ausgestattet, das eine klare Identifizierung des Inhalts erm\u00f6glicht und das Risiko der Verwechslung von Reinigungsmitteln minimiert.<\/li>\n<li><strong>Praktikabilit\u00e4t:<\/strong> Mit einem Fassungsverm\u00f6gen von 750 ml ist die Flasche praktisch f\u00fcr den t\u00e4glichen Gebrauch.<\/li>\n<li><strong>Nachf\u00fcllbar<\/strong>: Dieses System erm\u00f6glicht das Nachf\u00fcllen der Arbeitsflasche aus einem gro\u00dfen Beh\u00e4lter und reduziert so den Verpackungsm\u00fcll.<\/li>\n<li><strong>Optimal f\u00fcr den professionellen Einsatz:<\/strong> Das praktische Transfersystem ist eine optimale L\u00f6sung f\u00fcr professionelle Umgebungen.<\/li>\n<\/ul>\n<p>Erfahren Sie hier <a href=\"\/de\/eds\"><strong>mehr<\/strong> <\/a>\u00fcber die <strong>EDS \u2013<\/strong> <strong>Eco Dispensing Station.<\/strong><\/p>\n","protected":false},"excerpt":{"rendered":"<p><strong>Die\u00a0Arbeitsflasche<\/strong>\u00a0ist eine ideale L\u00f6sung f\u00fcr Umgebungen mit hohem Verbrauch an Reinigungsmitteln.<br \/>\nSie wurde entwickelt, um das einfache und sichere Umf\u00fcllen von Reinigungsprodukten aus einem gro\u00dfen 10-Liter-Kanister in kleinere Arbeitsflaschen zu erm\u00f6glichen \u2013 und damit den t\u00e4glichen Umgang f\u00fcr das Reinigungspersonal zu erleichtern.<\/p>\n<p>Die Dosierung erfolgt \u00fcber die\u00a0<strong>EDS \u2013 Eco Dispensing Station<\/strong>\u00a0mithilfe eines praktischen\u00a0<strong>Kunststoffhahns<\/strong>\u00a0(Zubeh\u00f6r), der direkt am 10-Liter-Kanister angebracht wird.<br \/>\nSo k\u00f6nnen klar gekennzeichnete Arbeitsflaschen sauber, bequem und exakt mit der ben\u00f6tigten Reinigungsfl\u00fcssigkeit bef\u00fcllt werden.<\/p>\n<p>Dieses System sorgt f\u00fcr Ordnung, \u00dcbersichtlichkeit und eine effiziente Verwaltung Ihrer Reinigungsmittel im Lager.<\/p>\n","protected":false},"featured_media":22346,"template":"","meta":{"inline_featured_image":false},"product_cat":[326],"product_tag":[],"class_list":{"0":"post-16614","1":"product","2":"type-product","3":"status-publish","4":"has-post-thumbnail","6":"product_cat-arbeitsflaschen","8":"first","9":"instock","10":"taxable","11":"shipping-taxable","12":"purchasable","13":"product-type-simple"},"bundled_by":[],"bundle_stock_status":"instock","bundle_stock_quantity":150,"bundle_virtual":false,"bundle_layout":"","bundle_add_to_cart_form_location":"","bundle_editable_in_cart":false,"bundle_sold_individually_context":"","bundle_item_grouping":"","bundle_min_size":"","bundle_max_size":"","bundle_price":[],"bundled_items":[],"bundle_sell_ids":[],"_links":{"self":[{"href":"https:\/\/sacslab.com\/de\/wp-json\/wp\/v2\/product\/16614","targetHints":{"allow":["GET"]}}],"collection":[{"href":"https:\/\/sacslab.com\/de\/wp-json\/wp\/v2\/product"}],"about":[{"href":"https:\/\/sacslab.com\/de\/wp-json\/wp\/v2\/types\/product"}],"wp:featuredmedia":[{"embeddable":true,"href":"https:\/\/sacslab.com\/de\/wp-json\/wp\/v2\/media\/22346"}],"wp:attachment":[{"href":"https:\/\/sacslab.com\/de\/wp-json\/wp\/v2\/media?parent=16614"}],"wp:term":[{"taxonomy":"product_cat","embeddable":true,"href":"https:\/\/sacslab.com\/de\/wp-json\/wp\/v2\/product_cat?post=16614"},{"taxonomy":"product_tag","embeddable":true,"href":"https:\/\/sacslab.com\/de\/wp-json\/wp\/v2\/product_tag?post=16614"}],"curies":[{"name":"wp","href":"https:\/\/api.w.org\/{rel}","templated":true}]}}