{"id":16981,"date":"2024-05-24T11:31:56","date_gmt":"2024-05-24T09:31:56","guid":{"rendered":"https:\/\/sacslab.com\/unkategorisiert\/filmop-verchromter-wagen-50l\/"},"modified":"2025-04-25T18:16:12","modified_gmt":"2025-04-25T16:16:12","slug":"mopwagen-filmop-verchromt-50l","status":"publish","type":"product","link":"https:\/\/sacslab.com\/de\/mopwagen-filmop-verchromt-50l\/","title":{"rendered":"MOPWAGEN FILMOP \u2013 Verchromt 50L"},"content":{"rendered":"<p>&nbsp;<\/p>\n<div class=\"testo ecobox-block\">\n<p><label class=\"title-block\"><span style=\"vertical-align: inherit;\"><span style=\"vertical-align: inherit;\">ECO BOX<\/span><\/span><img decoding=\"async\" class=\"filmop-cetificates\" src=\"https:\/\/sacslab.com\/wp-content\/uploads\/2025\/02\/logo__greenEcoBox-1.svg\" alt=\"EcoBox-Logo\" \/><\/label><\/p>\n<div class=\"row\">\n<div class=\"col-md-auto feature-image\"><img decoding=\"async\" class=\"filmop-cetificates\" src=\"https:\/\/sacslab.com\/wp-content\/uploads\/2025\/02\/Carbon_footprint_Logo-2.svg\" alt=\"EcoBox-Logo\" \/><\/div>\n<div class=\"col-md feature-text\">\n<p><span class=\"ecobox-title\"><span style=\"vertical-align: inherit;\"><span style=\"vertical-align: inherit;\">CARBON FOOTPRINT<br \/>\n<\/span><\/span><\/span><\/p>\n<p><span style=\"vertical-align: inherit;\"><span style=\"vertical-align: inherit;\">Filmop ist nach dem Carbon Footprint Systematic Approach zertifiziert, der gem\u00e4\u00df UNI EN ISO 14067:2018 durchgef\u00fchrt wird und es erm\u00f6glicht, die Umweltauswirkungen des Produkts in Form von CO <\/span><\/span><sub><span style=\"vertical-align: inherit;\"><span style=\"vertical-align: inherit;\">2<\/span><\/span><\/sub><span style=\"vertical-align: inherit;\"><span style=\"vertical-align: inherit;\"> Aussto\u00dfes in jeder Phase des Lebenszyklus.<\/span><\/span><\/p>\n<\/div>\n<\/div>\n<div class=\"row\">\n<div class=\"col-md-auto feature-image\"><img decoding=\"async\" class=\"filmop-cetificates\" src=\"https:\/\/sacslab.com\/wp-content\/uploads\/2025\/02\/Riciclo_logo-2.svg\" alt=\"EcoBox-Logo\" \/><\/div>\n<div class=\"col-md feature-text\">\n<p><span class=\"ecobox-title\"><span style=\"vertical-align: inherit;\"><span style=\"vertical-align: inherit;\">EKO-FRIENDLY PRODUCT<\/span><\/span><\/span><\/p>\n<p><span style=\"vertical-align: inherit;\"><span style=\"vertical-align: inherit;\">Produkt, das aus trennbaren Materialien hergestellt und am Ende seiner Lebensdauer recycelt werden kann.<\/span><\/span><br \/>\n<span style=\"vertical-align: inherit;\"><span style=\"vertical-align: inherit;\">Das Produkt wird in Verpackungen verkauft, die dem Gesetzesdekret 116 vom 03.09.2020 \u00fcber die Verpflichtung zur Umweltkennzeichnung f\u00fcr die ordnungsgem\u00e4\u00dfe Entsorgung am Ende des Gebrauchs entsprechen. 99% der vom Unternehmen verwendeten Kartonverpackungen bestehen aus durchschnittlich 80% recyceltem Papier.<\/span><\/span><\/p>\n<\/div>\n<\/div>\n<\/div>\n<div class=\"testo\">\n<p><label class=\"title-block\"><span style=\"vertical-align: inherit;\"><span style=\"vertical-align: inherit;\">EIGENSCHAFTEN:<\/span><\/span><\/label><\/p>\n<ul>\n<li><span style=\"vertical-align: inherit;\"><span style=\"vertical-align: inherit;\">Verchromte Stahlkonstruktion.<\/span><\/span><\/li>\n<li><span style=\"vertical-align: inherit;\"><span style=\"vertical-align: inherit;\">Dank der beiden 25-Liter-Eimer kann die Reinigungsl\u00f6sung vom Sp\u00fclwasser getrennt werden, wodurch bessere Reinigungsergebnisse, h\u00f6here Hygiene, Einsparung von Reinigungsmitteln und Verk\u00fcrzung der Arbeitszeit bei minimalem Bedienaufwand erzielt werden.<\/span><\/span><\/li>\n<li><span style=\"vertical-align: inherit;\"><span style=\"vertical-align: inherit;\">Wringer: ideal f\u00fcr Kentucky Mops und das Speedy Mop System.<\/span><\/span><\/li>\n<li><span style=\"vertical-align: inherit;\"><span style=\"vertical-align: inherit;\">Schiebeb\u00fcgel, der die Handhabung des Wagens erleichtert, ausgestattet mit einem verchromten Korb zum Transport von Reinigungswerkzeugen.<\/span><\/span><\/li>\n<\/ul>\n<\/div>\n<div class=\"testo\">\n<p><label class=\"title-block\"><span style=\"vertical-align: inherit;\"><span style=\"vertical-align: inherit;\">MATERIAL:<\/span><\/span><\/label><\/p>\n<p><span style=\"vertical-align: inherit;\"><span style=\"vertical-align: inherit;\">Verchromter Stahl und Polypropylen.<\/span><\/span><\/p>\n<\/div>\n","protected":false},"excerpt":{"rendered":"<p data-start=\"46\" data-end=\"436\"><strong data-start=\"46\" data-end=\"436\">Professioneller Reinigungswagen<\/strong> mit einem verchromten, sto\u00dffesten Rahmen und einer leichten Basis aus Polypropylen-Copolymer f\u00fcr einfache Handhabung. Ausgestattet mit zwei 25-Liter-Eimern mit Farbkennzeichnung zur hygienischen Trennung von Reinigungsl\u00f6sung und Sp\u00fclwasser. Inklusive Presse f\u00fcr schnelles Auswringen des Mopps und einem verchromten Korb f\u00fcr Reinigungszubeh\u00f6r und -mittel.<\/p>\n<p data-start=\"438\" data-end=\"707\"><strong data-start=\"438\" data-end=\"452\">Anwendung:<\/strong><br data-start=\"452\" data-end=\"455\" \/>Perfekt f\u00fcr die Nassreinigung gro\u00dfer Fl\u00e4chen. Geeignet f\u00fcr den professionellen Einsatz in Schulen, B\u00fcros, Hotels, Gesundheitseinrichtungen und anderen gewerblichen Bereichen. Kompakt, langlebig und f\u00fcr den t\u00e4glichen, anspruchsvollen Einsatz konzipiert.<\/p>\n<p><strong>Abmessungen: <\/strong>99x41x88 cm<\/p>\n","protected":false},"featured_media":16982,"template":"","meta":{"inline_featured_image":false},"product_cat":[235,355],"product_tag":[],"class_list":{"0":"post-16981","1":"product","2":"type-product","3":"status-publish","4":"has-post-thumbnail","6":"product_cat-reinigungstechnik","7":"product_cat-mopwagen-und-eimer","9":"first","10":"onbackorder","11":"taxable","12":"shipping-taxable","13":"purchasable","14":"product-type-simple"},"bundled_by":[],"bundle_stock_status":"onbackorder","bundle_stock_quantity":0,"bundle_virtual":false,"bundle_layout":"","bundle_add_to_cart_form_location":"","bundle_editable_in_cart":false,"bundle_sold_individually_context":"","bundle_item_grouping":"","bundle_min_size":"","bundle_max_size":"","bundle_price":[],"bundled_items":[],"bundle_sell_ids":[],"_links":{"self":[{"href":"https:\/\/sacslab.com\/de\/wp-json\/wp\/v2\/product\/16981","targetHints":{"allow":["GET"]}}],"collection":[{"href":"https:\/\/sacslab.com\/de\/wp-json\/wp\/v2\/product"}],"about":[{"href":"https:\/\/sacslab.com\/de\/wp-json\/wp\/v2\/types\/product"}],"wp:featuredmedia":[{"embeddable":true,"href":"https:\/\/sacslab.com\/de\/wp-json\/wp\/v2\/media\/16982"}],"wp:attachment":[{"href":"https:\/\/sacslab.com\/de\/wp-json\/wp\/v2\/media?parent=16981"}],"wp:term":[{"taxonomy":"product_cat","embeddable":true,"href":"https:\/\/sacslab.com\/de\/wp-json\/wp\/v2\/product_cat?post=16981"},{"taxonomy":"product_tag","embeddable":true,"href":"https:\/\/sacslab.com\/de\/wp-json\/wp\/v2\/product_tag?post=16981"}],"curies":[{"name":"wp","href":"https:\/\/api.w.org\/{rel}","templated":true}]}}