{"id":17118,"date":"2024-05-27T15:51:23","date_gmt":"2024-05-27T13:51:23","guid":{"rendered":"https:\/\/sacslab.com\/unkategorisiert\/alpha-6103-mit-wringmaschinenverstaerkung\/"},"modified":"2025-04-25T12:47:40","modified_gmt":"2025-04-25T10:47:40","slug":"reinigungswagen-alpha-6103-mit-boost-wringmaschine-mehrzweck","status":"publish","type":"product","link":"https:\/\/sacslab.com\/de\/reinigungswagen-alpha-6103-mit-boost-wringmaschine-mehrzweck\/","title":{"rendered":"REINIGUNGSWAGEN ALPHA 6103 mit BOOST-Wringmaschine \u2013 mehrzweck"},"content":{"rendered":"<p>&nbsp;<\/p>\n<div class=\"testo ecobox-block\">\n<p><label class=\"title-block\"><span style=\"vertical-align: inherit;\"><span style=\"vertical-align: inherit;\">ECO BOX<\/span><\/span><img decoding=\"async\" class=\"filmop-cetificates\" src=\"https:\/\/sacslab.com\/wp-content\/uploads\/2025\/02\/logo__greenEcoBox-1.svg\" alt=\"EcoBox-Logo\" \/><\/label><\/p>\n<div class=\"row\">\n<div class=\"col-md-auto feature-image\"><img decoding=\"async\" class=\"filmop-cetificates\" src=\"https:\/\/sacslab.com\/wp-content\/uploads\/2025\/02\/CAM_logo-2.svg\" alt=\"EcoBox-Logo\" \/><\/div>\n<div class=\"col-md feature-text\">\n<p><span class=\"ecobox-title\"><span style=\"vertical-align: inherit;\"><span style=\"vertical-align: inherit;\">IN \u00dcBEREINSTIMMUNG MIT DEN EUROP\u00c4ISCHEN GPP-LEITLINIEN F\u00dcR DIE VERWENDUNG VON UMWELTFREUNDLICHEN PRODUKTEN IN DER \u00d6FFENTLICHEN VERWALTUNG.<\/span><\/span><\/span><\/p>\n<p><span style=\"vertical-align: inherit;\"><span style=\"vertical-align: inherit;\">Eimer aus mindestens 50 Gewichtsprozent recyceltem Kunststoff, PSF-zertifiziert, erh\u00e4ltlich in verschiedenen Farben je nach Verwendungszweck <\/span><\/span><span style=\"vertical-align: inherit;\"><span style=\"vertical-align: inherit;\">Hergestellt mit reparaturf\u00e4higen Komponenten und\/oder als Ersatzteile erh\u00e4ltlich, um eine lange Lebensdauer zu gew\u00e4hrleisten.<\/span><\/span><\/p>\n<p>&nbsp;<\/p>\n<\/div>\n<\/div>\n<div class=\"row\">\n<div class=\"col-md-auto feature-image\"><img decoding=\"async\" class=\"filmop-cetificates\" src=\"https:\/\/sacslab.com\/wp-content\/uploads\/2025\/02\/PSV_solo_marchio_azzurro-2.svg\" alt=\"EcoBox-Logo\" \/><\/div>\n<div class=\"col-md feature-text\">\n<p><span class=\"ecobox-title\"><span style=\"vertical-align: inherit;\"><span style=\"vertical-align: inherit;\">PSV-PRODUCT<\/span><\/span><\/span><\/p>\n<p><span style=\"vertical-align: inherit;\"><span style=\"vertical-align: inherit;\">Produkt, das zum Teil aus Kunststoffkomponenten hergestellt wurde, zertifiziert durch PSV &#8211; Plastic Second Life: das erste italienische und europ\u00e4ische Umweltzertifizierungslabel, das die Identifizierung von Produkten aus recyceltem Kunststoff garantiert und erleichtert.<\/span><\/span><\/p>\n<\/div>\n<\/div>\n<div class=\"row\">\n<div class=\"col-md-auto feature-image\"><img decoding=\"async\" class=\"filmop-cetificates\" src=\"https:\/\/sacslab.com\/wp-content\/uploads\/2025\/02\/Carbon_footprint_Logo-2.svg\" alt=\"EcoBox-Logo\" \/><\/div>\n<div class=\"col-md feature-text\">\n<p><span class=\"ecobox-title\"><span style=\"vertical-align: inherit;\"><span style=\"vertical-align: inherit;\">CARBON FOOTPRINT<\/span><\/span><\/span><\/p>\n<p><span style=\"vertical-align: inherit;\"><span style=\"vertical-align: inherit;\">Filmop ist nach dem Systematic Approach Carbon Footprint zertifiziert, der gem\u00e4\u00df UNI EN ISO 14067:2018 umgesetzt wird und die Quantifizierung der Umweltauswirkungen des Produkts, ausgedr\u00fcckt in CO <\/span><\/span><sub><span style=\"vertical-align: inherit;\"><span style=\"vertical-align: inherit;\">2<\/span><\/span><\/sub><span style=\"vertical-align: inherit;\"><span style=\"vertical-align: inherit;\"> die in jeder Phase des Lebenszyklus ausgesto\u00dfen wird.<\/span><\/span><\/p>\n<\/div>\n<\/div>\n<div class=\"row\">\n<div class=\"col-md-auto feature-image\"><img decoding=\"async\" class=\"filmop-cetificates\" src=\"https:\/\/sacslab.com\/wp-content\/uploads\/2025\/02\/Riciclo_logo-2.svg\" alt=\"EcoBox-Logo\" \/><\/div>\n<div class=\"col-md feature-text\">\n<p><span class=\"ecobox-title\"><span style=\"vertical-align: inherit;\"><span style=\"vertical-align: inherit;\">ECO-FRIENDLY PRODUCT<\/span><\/span><\/span><\/p>\n<p><span style=\"vertical-align: inherit;\"><span style=\"vertical-align: inherit;\">Produkt, das aus trennbaren Materialien hergestellt und am Ende seiner Lebensdauer recycelt werden kann.<\/span><\/span><br \/>\n<span style=\"vertical-align: inherit;\"><span style=\"vertical-align: inherit;\">Das Produkt wird in Verpackungen verkauft, die dem Gesetzesdekret 116 vom 03.09.2020 \u00fcber die Verpflichtung zur Umweltkennzeichnung f\u00fcr die ordnungsgem\u00e4\u00dfe Entsorgung am Ende des Gebrauchs entsprechen.<br \/>\n99% der vom Unternehmen verwendeten Kartonverpackungen bestehen aus durchschnittlich 80% recyceltem Papier.<\/span><\/span><\/p>\n<\/div>\n<\/div>\n<\/div>\n<div class=\"testo\">\n<p><label class=\"title-block\"><span style=\"vertical-align: inherit;\"><span style=\"vertical-align: inherit;\">EIGENSCHAFTEN:<\/span><\/span><\/label><\/p>\n<ul>\n<li><span style=\"vertical-align: inherit;\"><span style=\"vertical-align: inherit;\">Hergestellt aus hochwertigem Polypropylen-Copolymer: leicht, sto\u00dffest, hoch belastbar und temperaturbest\u00e4ndig.<\/span><\/span><\/li>\n<li><span style=\"vertical-align: inherit;\"><span style=\"vertical-align: inherit;\">Stark, langlebig, ergonomisch, modular, leicht zu montieren und zu reinigen.<\/span><\/span><\/li>\n<li><span style=\"vertical-align: inherit;\"><span style=\"vertical-align: inherit;\">Die Basis kann mit einem zus\u00e4tzlichen f\u00fcnften Rad in der Mitte ausgestattet werden, um sie im Falle eines schwer beladenen Trolleys noch st\u00e4rker zu machen.<\/span><\/span><\/li>\n<li><span style=\"vertical-align: inherit;\"><span style=\"vertical-align: inherit;\">Vertikale Rahmen garantieren h\u00f6chste Hygiene und trennen den Abfallsammelbereich vom Rest des Wagens.<\/span><\/span><\/li>\n<li><span style=\"vertical-align: inherit;\"><span style=\"vertical-align: inherit;\">Der Sackhalter ist mit einem ergonomischen Griff, Griffst\u00fctzen und einem Haken ausgestattet.<br \/>\nEr ist in verschiedenen Versionen erh\u00e4ltlich: 120 L, 2&#215;60 L, 1&#215;40 L + 1&#215;80 L, 3&#215;40 L.<\/span><\/span><\/li>\n<li>Es besteht die M\u00f6glichkeit, den festen Sackhalter durch einen faltbaren Sackhalter zu ersetzen, der die Gesamtabmessungen des Wagens nach dem Gebrauch reduziert (platzsparender Sackhalter).<\/li>\n<li><span style=\"vertical-align: inherit;\"><span style=\"vertical-align: inherit;\">T\u00fcr f\u00fcr zentrales Staufach mit abnehmbarem Schl\u00fcssel und Griff mit Schl\u00fcsselfach.<\/span><\/span><\/li>\n<li><span style=\"vertical-align: inherit;\"><span style=\"vertical-align: inherit;\">Die massiven Seitenw\u00e4nde und Seitent\u00fcren sind v\u00f6llig glatt und k\u00f6nnen auf Wunsch mit Zeichnungen, Bildern oder Logos individuell gestaltet werden.<\/span><\/span><\/li>\n<li><span style=\"vertical-align: inherit;\"><span style=\"vertical-align: inherit;\">Der zentrale Korb hat ein Etikett, das mit dem Namen des Bedieners, dem Arbeitsbereich oder anderen n\u00fctzlichen Informationen versehen werden kann.<\/span><\/span><\/li>\n<li><span style=\"vertical-align: inherit;\"><span style=\"vertical-align: inherit;\">4 L Eimer in verschiedenen Farben zum Trennen der verschiedenen chemischen L\u00f6sungen, Werkzeuge und Reinigungsger\u00e4te.<\/span><\/span><\/li>\n<li><span style=\"vertical-align: inherit;\"><span style=\"vertical-align: inherit;\">Zwei 15-Liter-Eimer zur Trennung von Reinigungsl\u00f6sung und Sp\u00fclwasser f\u00fcr bessere Reinigungsergebnisse und Hygiene, Einsparung von Wasser, Reinigungsl\u00f6sung und Arbeitszeit und somit minimaler Arbeitsaufwand f\u00fcr den Bediener.<\/span><\/span><\/li>\n<li><span style=\"vertical-align: inherit;\"><span style=\"vertical-align: inherit;\">Flachwringer ideal f\u00fcr alle Nasswischsysteme mit 40 cm langen Flachmopps.<br \/>\nErm\u00f6glicht 20% mehr Auswringen als herk\u00f6mmliche Auswringmaschinen durch den intensiven und gleichm\u00e4\u00dfigen Druck der Auswringplatte auf den Mopp.<br \/>\nErm\u00f6glicht ideales Auswringen in einer Bewegung und reduziert den Kraftaufwand um 50%..<\/span><\/span><\/li>\n<li>Der Trolley kann mit dem \u201aHUSH\u2018-System ausgestattet werden: In die Sackhalterung integrierte sto\u00dfd\u00e4mpfende Kolben erm\u00f6glichen ein sanftes und sehr leises Schlie\u00dfen des Deckels<\/li>\n<li><span style=\"vertical-align: inherit;\"><span style=\"vertical-align: inherit;\">Verschiedene Kombinationen von Einlegeb\u00f6den und Schubladen sind erh\u00e4ltlich: Schubladen 10 L, 22 L, 40 L, ausgestattet mit Auszugsbegrenzer, mit oder ohne Schloss.<\/span><\/span><\/li>\n<li><span style=\"vertical-align: inherit;\"><span style=\"vertical-align: inherit;\">Der Wagen kann mit Haken, K\u00f6rben mit Trennw\u00e4nden, Tragek\u00f6rben, Griffhaltern und vielem anderen Zubeh\u00f6r ausgestattet werden: Wir empfehlen Ihnen, sich in unserem technischen Katalog in der Rubrik &#8222;Komponenten und Zubeh\u00f6r&#8220; unserer Alpha-Wagenreihe \u00fcber die gesamte Palette des verf\u00fcgbaren Zubeh\u00f6rs zu informieren.<\/span><\/span><\/li>\n<li><span style=\"vertical-align: inherit;\"><span style=\"vertical-align: inherit;\">Latexfreies Produkt.<\/span><\/span><\/li>\n<\/ul>\n<\/div>\n<div class=\"testo\">\n<p><label class=\"title-block\"><span style=\"vertical-align: inherit;\"><span style=\"vertical-align: inherit;\">MATERIAL:<\/span><\/span><\/label><\/p>\n<p><span style=\"vertical-align: inherit;\"><span style=\"vertical-align: inherit;\">Polypropylen-Copolymer und Rilsan beschichteter Stahl.<\/span><\/span><\/p>\n<\/div>\n","protected":false},"excerpt":{"rendered":"<p data-start=\"1920\" data-end=\"2098\"><strong data-start=\"1920\" data-end=\"1934\">ANWENDUNG:<\/strong><\/p>\n<p data-start=\"1920\" data-end=\"2098\"><strong>Der vielseitige Reinigungswagen Alpha ist ideal f\u00fcr Bereiche, in denen Staubwischen, Abfallentsorgung, Bodenreinigung und Oberfl\u00e4chenreinigung erforderlich sind.<\/strong><\/p>\n<p data-start=\"2100\" data-end=\"2406\">Hergestellt aus hochwertigem Polypropylen-Copolymer, bietet er ein ergonomisches Design. Vertikale Rahmen trennen den Abfallbereich vom restlichen Wagen und gew\u00e4hrleisten so einen hohen Hygienestandard. Der Wagen verf\u00fcgt \u00fcber Stauraum und einen praktischen Korb f\u00fcr Reinigungsmittel, T\u00fccher oder Werkzeuge.<\/p>\n<p data-start=\"2408\" data-end=\"2739\">Zwei 15-Liter-Eimer erm\u00f6glichen die Trennung von Reinigungsmittel und Sp\u00fclwasser, was die Reinigungseffizienz erh\u00f6ht und die Belastung des Bedieners reduziert. Farblich gekennzeichnete 4-Liter-Eimer dienen der Trennung verschiedener Chemikalien. Die Presse ist f\u00fcr Flachmopps geeignet und reduziert den Kraftaufwand um bis zu 50 %.<\/p>\n<p data-start=\"2741\" data-end=\"2899\">Der Alpha-Wagen ist ein umfassendes System f\u00fcr eine effiziente und komfortable t\u00e4gliche Reinigung mit Fokus auf Umweltfreundlichkeit und einfacher Handhabung.<\/p>\n<p data-start=\"2741\" data-end=\"2899\"><strong><label class=\"title-block\"><span style=\"vertical-align: inherit;\">EIGENSCHAFTEN:<\/span><\/label><\/strong><\/p>\n<ul>\n<li><strong>Abfallsammelbereich<\/strong><\/li>\n<li><strong>Stauraum<\/strong><\/li>\n<li><strong>Korb f\u00fcr Reinigungsmittel, T\u00fccher und Werkzeuge<\/strong><\/li>\n<li><strong>4 L Eimer in verschiedenen Farben<\/strong><\/li>\n<li><strong>Waschset mit BOOST-Wringmaschine (2 x 15 L)<\/strong><\/li>\n<li><strong>Abmessungen: 133x68x114 cm<\/strong><\/li>\n<\/ul>\n<div class=\"info-system\">\n<div class=\"wrapper-img-system\"><img decoding=\"async\" class=\"filmop-cetificates\" src=\"https:\/\/sacslab.com\/wp-content\/uploads\/2025\/01\/Logo_Latex_free.svg\" alt=\"Logo\" \/><\/div>\n<\/div>\n","protected":false},"featured_media":17120,"template":"","meta":{"inline_featured_image":false},"product_cat":[235,321],"product_tag":[],"class_list":{"0":"post-17118","1":"product","2":"type-product","3":"status-publish","4":"has-post-thumbnail","6":"product_cat-reinigungstechnik","7":"product_cat-mehrzweckwagen","9":"first","10":"onbackorder","11":"taxable","12":"shipping-taxable","13":"purchasable","14":"product-type-simple"},"bundled_by":[],"bundle_stock_status":"onbackorder","bundle_stock_quantity":0,"bundle_virtual":false,"bundle_layout":"","bundle_add_to_cart_form_location":"","bundle_editable_in_cart":false,"bundle_sold_individually_context":"","bundle_item_grouping":"","bundle_min_size":"","bundle_max_size":"","bundle_price":[],"bundled_items":[],"bundle_sell_ids":[],"_links":{"self":[{"href":"https:\/\/sacslab.com\/de\/wp-json\/wp\/v2\/product\/17118","targetHints":{"allow":["GET"]}}],"collection":[{"href":"https:\/\/sacslab.com\/de\/wp-json\/wp\/v2\/product"}],"about":[{"href":"https:\/\/sacslab.com\/de\/wp-json\/wp\/v2\/types\/product"}],"wp:featuredmedia":[{"embeddable":true,"href":"https:\/\/sacslab.com\/de\/wp-json\/wp\/v2\/media\/17120"}],"wp:attachment":[{"href":"https:\/\/sacslab.com\/de\/wp-json\/wp\/v2\/media?parent=17118"}],"wp:term":[{"taxonomy":"product_cat","embeddable":true,"href":"https:\/\/sacslab.com\/de\/wp-json\/wp\/v2\/product_cat?post=17118"},{"taxonomy":"product_tag","embeddable":true,"href":"https:\/\/sacslab.com\/de\/wp-json\/wp\/v2\/product_tag?post=17118"}],"curies":[{"name":"wp","href":"https:\/\/api.w.org\/{rel}","templated":true}]}}