{"id":17477,"date":"2024-05-09T02:10:00","date_gmt":"2024-05-09T00:10:00","guid":{"rendered":"https:\/\/sacslab.com\/unkategorisiert\/ac01-alkoholreiniger\/"},"modified":"2025-05-31T10:52:51","modified_gmt":"2025-05-31T08:52:51","slug":"ac01-alkoholreiniger","status":"publish","type":"product","link":"https:\/\/sacslab.com\/de\/ac01-alkoholreiniger\/","title":{"rendered":"AC01 &#8211; ALKOHOLREINIGER"},"content":{"rendered":"<p><strong>AC01 &#8211; Alkoholreiniger<\/strong><\/p>\n<p>Universelles und vielseitiges alkoholbasiertes Reinigungsmittel, das f\u00fcr eine schnelle und gr\u00fcndliche Reinigung verschiedener waschbarer Oberfl\u00e4chen entwickelt wurde. Dieses Produkt ist ideal f\u00fcr eine breite Palette von Materialien, einschlie\u00dflich Kunststoff, Glas, Keramik, Spiegel, Laminat, lackiertes Holz und M\u00f6bel. Es ist besonders geeignet f\u00fcr den Einsatz in Verwaltungs-, B\u00fcro-, Wohn- und Hotelbereichen, wo regelm\u00e4\u00dfige und effektive Reinigung erforderlich ist.<\/p>\n<p>Dieses Produkt ist nicht f\u00fcr die Verwendung auf unbehandeltem Holz geeignet. Seine starken Reinigungseigenschaften k\u00f6nnten solche Materialien besch\u00e4digen.<\/p>\n<p><strong>GEBRAUCHSANWEISUNG<\/strong><strong>:<\/strong><\/p>\n<p>Spr\u00fchen Sie eine ausreichende Menge des Produkts mit einem Spr\u00fchger\u00e4t auf ein trockenes Tuch und reinigen Sie die verschmutzte Oberfl\u00e4che oder spr\u00fchen Sie es direkt auf die Oberfl\u00e4che und wischen Sie trocken.<\/p>\n<p><strong>EMPFOHLENE ANWENDUNG<\/strong><strong>:<\/strong><\/p>\n<p>Spr\u00fchen Sie eine ausreichende Menge des Produkts je nach Bedarf mit einem Spr\u00fchger\u00e4t auf.<\/p>\n<p><strong>LAGERUNG:<\/strong><\/p>\n<p>Bei einer Temperatur von 5-30\u00b0C lagern. Vor direkter Sonneneinstrahlung sch\u00fctzen. Bis zum auf der Verpackung angegebenen Datum verwenden.<\/p>\n<p><strong>WARNUNG:<\/strong><\/p>\n<p>SACSLAB s. r. o. \u00fcbernimmt keine Verantwortung f\u00fcr Sch\u00e4den, einschlie\u00dflich direkter oder indirekter Sch\u00e4den, die durch unsachgem\u00e4\u00dfe Verwendung, Nichteinhaltung der Gebrauchsanweisungen oder unsachgem\u00e4\u00dfe Handhabung des Produkts verursacht werden.<\/p>\n<p>Der Benutzer ist verpflichtet, vor der Verwendung die Eignung des Produkts f\u00fcr den vorgesehenen Zweck zu \u00fcberpr\u00fcfen und die Einhaltung aller relevanten Sicherheitsvorschriften sicherzustellen, einschlie\u00dflich der Anweisungen im Sicherheitsdatenblatt (SDS).<\/p>\n<p>Diese Erkl\u00e4rung schlie\u00dft keine Haftung f\u00fcr Tod, Verletzung oder andere F\u00e4lle aus, in denen eine Haftungsausschluss nach den geltenden rechtlichen Bestimmungen unzul\u00e4ssig ist.<\/p>\n<p><strong>WICHTIG:<\/strong><\/p>\n<p>Lesen Sie vor dem Gebrauch immer das Etikett und die Produktinformationen in den beiliegenden \u201e<strong>DOWNLOAD<\/strong>\u201c-Dokumenten.<\/p>\n<div class=\"testo\">\n<h4>ANWENDUNGSBEREICHE:<\/h4>\n<table class=\"tab_application\">\n<thead>\n<tr>\n<th><strong>BEREICH<\/strong><\/th>\n<th>HAUPTNUTZUNG<\/th>\n<th>ANDERE NUTZUNGEN<\/th>\n<\/tr>\n<\/thead>\n<tbody>\n<tr>\n<td>ALLGEMEINE<\/td>\n<td><img decoding=\"async\" class=\"sacslab-checked\" src=\"https:\/\/sacslab.com\/wp-content\/uploads\/2024\/06\/checked-blue.svg\" \/><\/td>\n<td><\/td>\n<\/tr>\n<tr>\n<td>WASCHBEREICH<\/td>\n<td><\/td>\n<td><img decoding=\"async\" class=\"sacslab-checked\" src=\"https:\/\/sacslab.com\/wp-content\/uploads\/2024\/06\/checked-yellow.svg\" \/><\/td>\n<\/tr>\n<tr>\n<td>SANIT\u00c4RE<\/td>\n<td><\/td>\n<td><\/td>\n<\/tr>\n<tr>\n<td>K\u00dcCHENBEREICH<\/td>\n<td><\/td>\n<td><img decoding=\"async\" class=\"sacslab-checked\" src=\"https:\/\/sacslab.com\/wp-content\/uploads\/2024\/06\/checked-green.svg\" \/><\/td>\n<\/tr>\n<tr>\n<td>DESINFECTIONBEREICH<\/td>\n<td><\/td>\n<td><\/td>\n<\/tr>\n<tr>\n<td>SPEZIELLE<\/td>\n<td><\/td>\n<td><img decoding=\"async\" class=\"sacslab-checked\" src=\"https:\/\/sacslab.com\/wp-content\/uploads\/2024\/06\/checked.svg\" \/><\/td>\n<\/tr>\n<\/tbody>\n<\/table>\n<\/div>\n<div class=\"testo\">\n<h4>AC01 &#8211; ALCOHOL CLEANER\u00a0 pH \u2248 11<\/h4>\n<p>Der angegebene pH-Wert bezieht sich auf das jeweilige Waschmittel oder Waschmittelkonzentrat.<\/p>\n<table class=\"tab_application\">\n<thead>\n<tr>\n<th><strong>TITEL <\/strong><\/th>\n<th>pH<\/th>\n<\/tr>\n<\/thead>\n<tbody>\n<tr>\n<td>STARK SAUER | pH 0-2<\/td>\n<td><\/td>\n<\/tr>\n<tr>\n<td>MITTEL SAUER | pH 2-5<\/td>\n<td><\/td>\n<\/tr>\n<tr>\n<td>NEUTRAL | pH 5-8<\/td>\n<td><\/td>\n<\/tr>\n<tr>\n<td>MITTEL ALKALISCH | pH 8-11<\/td>\n<td><img decoding=\"async\" class=\"sacslab-checked\" src=\"https:\/\/sacslab.com\/wp-content\/uploads\/2024\/06\/checked-black.svg\" \/><\/td>\n<\/tr>\n<tr>\n<td>STARK ALKALISCH | pH 11-15<\/td>\n<td><\/td>\n<\/tr>\n<\/tbody>\n<\/table>\n<\/div>\n","protected":false},"excerpt":{"rendered":"<h5><strong style=\"font-size: 1.41575em;\"><strong>Professionelles Reinigungsmittel<\/strong><\/strong><\/h5>\n<h3><img fetchpriority=\"high\" decoding=\"async\" class=\"alignnone wp-image-22622 size-medium\" src=\"https:\/\/sacslab.com\/wp-content\/uploads\/2024\/04\/certificate-ISO.svg\" alt=\"\" width=\"300\" height=\"300\" \/><\/h3>\n<p><strong>AC01 Alkoholreiniger<\/strong> \u2013 universeller alkoholbasierter Reiniger, der f\u00fcr die schnelle und gr\u00fcndliche Reinigung verschiedener abwaschbarer Oberfl\u00e4chen entwickelt wurde (Glas, Kunststoff, Keramik, Spiegel, lackiertes Holz, M\u00f6bel). Entfernt effektiv allt\u00e4gliche Verschmutzungen wie Fingerabdr\u00fccke, Staub, Schlieren und andere Verschmutzungen.<\/p>\n<ul>\n<li><strong>Reinigung<\/strong><\/li>\n<li><strong>Polieren<\/strong><\/li>\n<li><strong>Entfernt Schmutz, Fingerabdr\u00fccke, Staub und Schlieren<\/strong><\/li>\n<li><strong>Universelle Anwendung<\/strong><\/li>\n<li><strong>Ber\u00fchrungsfl\u00e4chen<\/strong><\/li>\n<li><strong>pH \u2248 11,0<\/strong><\/li>\n<\/ul>\n","protected":false},"featured_media":22268,"template":"","meta":{"inline_featured_image":false},"product_cat":[391,325],"product_tag":[385,397,373],"class_list":{"0":"post-17477","1":"product","2":"type-product","3":"status-publish","4":"has-post-thumbnail","6":"product_cat-allgemeiner-bereich","7":"product_cat-reinigungsmittel","8":"product_tag-kuechenbereich","9":"product_tag-spezialbereich","10":"product_tag-waschbereich","12":"first","13":"instock","14":"taxable","15":"shipping-taxable","16":"purchasable","17":"product-type-variable"},"bundled_by":["20476"],"bundle_stock_status":"instock","bundle_stock_quantity":null,"bundle_virtual":false,"bundle_layout":"","bundle_add_to_cart_form_location":"","bundle_editable_in_cart":false,"bundle_sold_individually_context":"","bundle_item_grouping":"","bundle_min_size":"","bundle_max_size":"","bundle_price":[],"bundled_items":[],"bundle_sell_ids":[],"_links":{"self":[{"href":"https:\/\/sacslab.com\/de\/wp-json\/wp\/v2\/product\/17477","targetHints":{"allow":["GET"]}}],"collection":[{"href":"https:\/\/sacslab.com\/de\/wp-json\/wp\/v2\/product"}],"about":[{"href":"https:\/\/sacslab.com\/de\/wp-json\/wp\/v2\/types\/product"}],"wp:featuredmedia":[{"embeddable":true,"href":"https:\/\/sacslab.com\/de\/wp-json\/wp\/v2\/media\/22268"}],"wp:attachment":[{"href":"https:\/\/sacslab.com\/de\/wp-json\/wp\/v2\/media?parent=17477"}],"wp:term":[{"taxonomy":"product_cat","embeddable":true,"href":"https:\/\/sacslab.com\/de\/wp-json\/wp\/v2\/product_cat?post=17477"},{"taxonomy":"product_tag","embeddable":true,"href":"https:\/\/sacslab.com\/de\/wp-json\/wp\/v2\/product_tag?post=17477"}],"curies":[{"name":"wp","href":"https:\/\/api.w.org\/{rel}","templated":true}]}}