{"id":17571,"date":"2024-05-09T09:53:09","date_gmt":"2024-05-09T07:53:09","guid":{"rendered":"https:\/\/sacslab.com\/unkategorisiert\/dc01-desinfektionsreinigung\/"},"modified":"2025-06-01T20:55:54","modified_gmt":"2025-06-01T18:55:54","slug":"dc01-desinfektionsreiniger","status":"publish","type":"product","link":"https:\/\/sacslab.com\/de\/dc01-desinfektionsreiniger\/","title":{"rendered":"DC01 &#8211; DESINFEKTIONSREINIGER"},"content":{"rendered":"<p><strong>DC01 &#8211; Desinfektionsreiniger<\/strong><\/p>\n<p>Fortschrittlicher Reiniger f\u00fcr den Einsatz in allen Bereichen der Reinigung, einschlie\u00dflich Verwaltungs-, B\u00fcro-, Wohn- und Hotelbereichen, wo gr\u00fcndliche Hygiene und Sauberkeit erforderlich sind. Die vielseitigen Eigenschaften dieses Produkts gew\u00e4hrleisten einen praktischen und vielseitigen Einsatz bei der t\u00e4glichen Reinigung.<\/p>\n<div class=\"_chat-messages_ybums_17\">\n<div class=\"_chat-messages__inner_ybums_20\">\n<div>\n<div class=\"_message-item_tj7m6_1\">\n<div class=\"_message-item__content_tj7m6_9\">\n<div class=\"_message-content_3ffle_2 _message-content--markdown_3ffle_20\">\n<p><strong>MERKMALE:<\/strong><\/p>\n<\/div>\n<\/div>\n<\/div>\n<\/div>\n<\/div>\n<\/div>\n<ul>\n<li><strong>Schnell wirkend:<\/strong>\u00a0DC01 hat eine Einwirkzeit von nur 30 Sekunden und erm\u00f6glicht so eine schnelle und effektive Desinfektion von Oberfl\u00e4chen.<\/li>\n<li><strong>Breites Wirkungsspektrum:<\/strong>\u00a0Dank seiner viruziden, bakteriziden und fungiziden Wirkung t\u00f6tet es effektiv Viren, Bakterien und Pilze ab und tr\u00e4gt so zur Aufrechterhaltung von Hygiene und Sauberkeit bei.<\/li>\n<\/ul>\n<p><strong>GEBRAUCHSANWEISUNG:<\/strong><\/p>\n<ul>\n<li>In ausreichender Menge direkt auf die zu reinigende Fl\u00e4che auftragen (Spr\u00fchen, Wischen, Befeuchten, direktes Auftragen) und je nach Bedarf und Verschmutzungsgrad reinigen.<\/li>\n<li>Wirkungsdauer 30 s.<\/li>\n<li>Nach 30 s absp\u00fclen und abwischen.<\/li>\n<li>Geeignet f\u00fcr den Gebrauch in Beruf und Haushalt.<\/li>\n<\/ul>\n<p><strong>EMPFOHLENE ANWENDUNG:\u00a0<\/strong><\/p>\n<p>Zur direkten Anwendung.<\/p>\n<p><strong>LAGERUNG: <\/strong><\/p>\n<p>Bei einer Temperatur von 5-30\u00b0C lagern. Vor direkter Sonneneinstrahlung sch\u00fctzen. Bis zum auf der Verpackung angegebenen Datum verwenden.<\/p>\n<p><strong>WARNUNG:<\/strong><\/p>\n<p>SACSLAB s. r. o. \u00fcbernimmt keine Verantwortung f\u00fcr Sch\u00e4den, einschlie\u00dflich direkter oder indirekter Sch\u00e4den, die durch unsachgem\u00e4\u00dfe Verwendung, Nichteinhaltung der Gebrauchsanweisungen oder unsachgem\u00e4\u00dfe Handhabung des Produkts verursacht werden.<\/p>\n<p>Der Benutzer ist verpflichtet, vor der Verwendung die Eignung des Produkts f\u00fcr den vorgesehenen Zweck zu \u00fcberpr\u00fcfen und die Einhaltung aller relevanten Sicherheitsvorschriften sicherzustellen, einschlie\u00dflich der Anweisungen im Sicherheitsdatenblatt (SDS).<\/p>\n<p>Diese Erkl\u00e4rung schlie\u00dft keine Haftung f\u00fcr Tod, Verletzung oder andere F\u00e4lle aus, in denen eine Haftungsausschluss nach den geltenden rechtlichen Bestimmungen unzul\u00e4ssig ist.<\/p>\n<p><strong>WICHTIG:<\/strong><\/p>\n<p>Lesen Sie vor dem Gebrauch immer das Etikett und die Produktinformationen in den beiliegenden \u201e<strong>DOWNLOAD<\/strong>\u201c-Dokumenten.<\/p>\n<table style=\"font-weight: 400;\">\n<tbody>\n<tr>\n<td colspan=\"4\" width=\"604\">\n<p style=\"text-align: center;\"><strong>DC01 &#8211; DISINFECTING CLEANING<\/strong><\/p>\n<\/td>\n<\/tr>\n<tr>\n<td width=\"151\">Effecte<\/td>\n<td width=\"151\"><strong>VIRUZIDE<\/strong><\/td>\n<td width=\"161\"><strong>BAKTERIZIDE<\/strong><\/td>\n<td width=\"141\"><strong>FUNGIZIDE<\/strong><\/td>\n<\/tr>\n<tr>\n<td width=\"151\"><strong>Wirkungsdauer<\/strong><\/td>\n<td width=\"151\"><strong>30 sec.<\/strong><\/td>\n<td width=\"161\"><strong>30 sec.<\/strong><\/td>\n<td width=\"141\"><strong>30 sec.<\/strong><\/td>\n<\/tr>\n<tr>\n<td width=\"151\">gegen<\/td>\n<td width=\"151\">umh\u00fcllte Viren<\/td>\n<td width=\"161\">Staphylococcus aureus, Escherichia coli, Enterococcus hirae<\/td>\n<td width=\"141\">hefeartige Pilze<\/td>\n<\/tr>\n<tr>\n<td width=\"151\">gepr\u00fcft gem<\/td>\n<td width=\"151\">\u010cSN EN 14476+A2<\/td>\n<td width=\"161\">EN 13697+A1<\/td>\n<td width=\"141\">EN 13697+A1<\/td>\n<\/tr>\n<tr>\n<td width=\"151\">unter Bedingungen<\/td>\n<td width=\"151\">h\u00f6here Verschmutzung<\/td>\n<td width=\"161\">wenig Verschmutzung<\/td>\n<td width=\"141\">wenig Verschmutzung<\/td>\n<\/tr>\n<tr>\n<td width=\"151\">das Gesundheitswesen<\/td>\n<td width=\"151\">ja<\/td>\n<td width=\"161\">nein<\/td>\n<td width=\"141\">nein<\/td>\n<\/tr>\n<\/tbody>\n<\/table>\n<div class=\"testo\">\n<h4><\/h4>\n<h4>ANWENDUNGSBEREICHE:<\/h4>\n<table class=\"tab_application\">\n<thead>\n<tr>\n<th><strong>BEREICH<\/strong><\/th>\n<th>HAUPTNUTZUNG<\/th>\n<th>ANDERE NUTZUNGEN<\/th>\n<\/tr>\n<\/thead>\n<tbody>\n<tr>\n<td>ALLGEMEINE<\/td>\n<td><\/td>\n<td><img decoding=\"async\" class=\"sacslab-checked\" src=\"https:\/\/sacslab.com\/wp-content\/uploads\/2024\/06\/checked-blue.svg\" \/><\/td>\n<\/tr>\n<tr>\n<td>WASCHBEREICH<\/td>\n<td><\/td>\n<td><img decoding=\"async\" class=\"sacslab-checked\" src=\"https:\/\/sacslab.com\/wp-content\/uploads\/2024\/06\/checked-yellow.svg\" \/><\/td>\n<\/tr>\n<tr>\n<td>SANIT\u00c4RE<\/td>\n<td><\/td>\n<td><img decoding=\"async\" class=\"sacslab-checked\" src=\"https:\/\/sacslab.com\/wp-content\/uploads\/2024\/06\/checked-red.svg\" \/><\/td>\n<\/tr>\n<tr>\n<td>K\u00dcCHENBEREICH<\/td>\n<td><\/td>\n<td><img decoding=\"async\" class=\"sacslab-checked\" src=\"https:\/\/sacslab.com\/wp-content\/uploads\/2024\/06\/checked-green.svg\" \/><\/td>\n<\/tr>\n<tr>\n<td>DESINFEKTIONBEREICH<\/td>\n<td><img decoding=\"async\" class=\"sacslab-checked\" src=\"https:\/\/sacslab.com\/wp-content\/uploads\/2024\/06\/checked-gray.svg\" \/><\/td>\n<td><\/td>\n<\/tr>\n<tr>\n<td>SPEZIELLE<\/td>\n<td><\/td>\n<td><img decoding=\"async\" class=\"sacslab-checked\" src=\"https:\/\/sacslab.com\/wp-content\/uploads\/2024\/06\/checked.svg\" \/><\/td>\n<\/tr>\n<\/tbody>\n<\/table>\n<\/div>\n<div class=\"testo\">\n<h4>DC01 &#8211; DISINFECTING CLEANING \u00a0pH \u2248 10,6<\/h4>\n<p>Der angegebene pH-Wert bezieht sich auf das jeweilige Waschmittel oder Waschmittelkonzentrat.<\/p>\n<table class=\"tab_application\">\n<thead>\n<tr>\n<th><strong>TITEL <\/strong><\/th>\n<th>pH<\/th>\n<\/tr>\n<\/thead>\n<tbody>\n<tr>\n<td>STARK SAUER | pH 0-2<\/td>\n<td><\/td>\n<\/tr>\n<tr>\n<td>MITTEL SAUER | pH 2-5<\/td>\n<td><\/td>\n<\/tr>\n<tr>\n<td>NEUTRAL | pH 5-8<\/td>\n<td><\/td>\n<\/tr>\n<tr>\n<td>MITTEL ALKALISCH | pH 8-11<\/td>\n<td><img decoding=\"async\" class=\"sacslab-checked\" src=\"https:\/\/sacslab.com\/wp-content\/uploads\/2024\/06\/checked-black.svg\" \/><\/td>\n<\/tr>\n<tr>\n<td>STARK ALKALISCH | pH 11-15<\/td>\n<td><\/td>\n<\/tr>\n<\/tbody>\n<\/table>\n<\/div>\n","protected":false},"excerpt":{"rendered":"<p><strong style=\"font-size: 1.41575em;\">Professionelles Reinigungsmittel<\/strong><\/p>\n<p><img fetchpriority=\"high\" decoding=\"async\" class=\"alignnone wp-image-22622 size-medium\" src=\"https:\/\/sacslab.com\/wp-content\/uploads\/2024\/04\/certificate-ISO.svg\" alt=\"\" width=\"300\" height=\"300\" \/><\/p>\n<div class=\"e19-anwendungsbereiche\">\n<p><strong>DC01 Desinfektionsreiniger<\/strong> \u2013 fl\u00fcssiges Desinfektionsmittel der neuen Generation zur Reinigung und Desinfektion in einem Schritt. Geeignet f\u00fcr alle Reinigungsbereiche. Viruzide, bakterizide und fungizide Wirkung. Einwirkzeit: 30 Sekunden. Universell einsetzbar auf Kontakt- und Hartfl\u00e4chen.<\/p>\n<ul>\n<li><strong>Einwirkzeit: <\/strong>30 Sekunden<\/li>\n<li><strong>Wirkungen: <\/strong>Viruzid, bakterizid und fungizid<\/li>\n<li><strong>Anwendungen: <\/strong>M\u00f6bel, feste Oberfl\u00e4chen, Ber\u00fchrungsfl\u00e4chen<\/li>\n<li><strong>pH \u2248 10,6<\/strong><\/li>\n<\/ul>\n<\/div>\n","protected":false},"featured_media":35454,"template":"","meta":{"inline_featured_image":false},"product_cat":[410,325],"product_tag":[402,385,392,397,373],"class_list":{"0":"post-17571","1":"product","2":"type-product","3":"status-publish","4":"has-post-thumbnail","6":"product_cat-desinfektionsbereich","7":"product_cat-reinigungsmittel","8":"product_tag-allgemeiner-bereich","9":"product_tag-kuechenbereich","10":"product_tag-sanitarbereich","11":"product_tag-spezialbereich","12":"product_tag-waschbereich","14":"first","15":"instock","16":"taxable","17":"shipping-taxable","18":"purchasable","19":"product-type-variable"},"bundled_by":["20476"],"bundle_stock_status":"instock","bundle_stock_quantity":null,"bundle_virtual":false,"bundle_layout":"","bundle_add_to_cart_form_location":"","bundle_editable_in_cart":false,"bundle_sold_individually_context":"","bundle_item_grouping":"","bundle_min_size":"","bundle_max_size":"","bundle_price":[],"bundled_items":[],"bundle_sell_ids":[],"_links":{"self":[{"href":"https:\/\/sacslab.com\/de\/wp-json\/wp\/v2\/product\/17571","targetHints":{"allow":["GET"]}}],"collection":[{"href":"https:\/\/sacslab.com\/de\/wp-json\/wp\/v2\/product"}],"about":[{"href":"https:\/\/sacslab.com\/de\/wp-json\/wp\/v2\/types\/product"}],"wp:featuredmedia":[{"embeddable":true,"href":"https:\/\/sacslab.com\/de\/wp-json\/wp\/v2\/media\/35454"}],"wp:attachment":[{"href":"https:\/\/sacslab.com\/de\/wp-json\/wp\/v2\/media?parent=17571"}],"wp:term":[{"taxonomy":"product_cat","embeddable":true,"href":"https:\/\/sacslab.com\/de\/wp-json\/wp\/v2\/product_cat?post=17571"},{"taxonomy":"product_tag","embeddable":true,"href":"https:\/\/sacslab.com\/de\/wp-json\/wp\/v2\/product_tag?post=17571"}],"curies":[{"name":"wp","href":"https:\/\/api.w.org\/{rel}","templated":true}]}}