{"id":18138,"date":"2024-03-15T00:54:44","date_gmt":"2024-03-14T23:54:44","guid":{"rendered":"https:\/\/sacslab.com\/unkategorisiert\/bc01-badreiniger\/"},"modified":"2025-06-01T17:53:50","modified_gmt":"2025-06-01T15:53:50","slug":"bc01-badreiniger","status":"publish","type":"product","link":"https:\/\/sacslab.com\/de\/bc01-badreiniger\/","title":{"rendered":"BC01 &#8211; BADREINIGER"},"content":{"rendered":"<p><strong>BC01 Badreiniger<\/strong><\/p>\n<p>Hochleistungs-Parf\u00fcm-Reiniger f\u00fcr die t\u00e4gliche Reinigung und hygienische Pflege von Wasch- und Sanit\u00e4rfl\u00e4chen \u2013 insbesondere in Badezimmern, an Wasserh\u00e4hnen, Waschbecken, Badewannen, Toiletten, Fliesen, Duschkabinen, verchromten Teilen und Ger\u00e4ten. Entfernt \u00fcbliche Verschmutzungen, Kalk- und Rostablagerungen. Reduziert die Ablagerung von Wasser und Kalk. Hinterl\u00e4sst eine gl\u00e4nzende Oberfl\u00e4che.<\/p>\n<p><strong>GEBRAUCHSANWEISUNG<\/strong><strong>:<\/strong><\/p>\n<p>Das Mittel auf die verschmutzte Stelle aufspr\u00fchen, kurz einwirken lassen, mit einem weichen Tuch reinigen, absp\u00fclen und trocken wischen.<\/p>\n<p><strong>EMPFOHLENE ANWENDUNG<\/strong><strong>:<\/strong><\/p>\n<p>Das Reinigungsmittel je nach Bedarf mit einem Spr\u00fchger\u00e4t auf die verschmutzte Oberfl\u00e4che auftragen.<\/p>\n<p><strong>LAGERUNG:<\/strong><\/p>\n<p>Bei einer Temperatur von 5-30\u00b0C lagern. Vor direkter Sonneneinstrahlung sch\u00fctzen. Bis zum auf der Verpackung angegebenen Datum verwenden.<\/p>\n<p><strong>WARNUNG:<\/strong><\/p>\n<p>SACSLAB s. r. o. \u00fcbernimmt keine Verantwortung f\u00fcr Sch\u00e4den, einschlie\u00dflich direkter oder indirekter Sch\u00e4den, die durch unsachgem\u00e4\u00dfe Verwendung, Nichteinhaltung der Gebrauchsanweisungen oder unsachgem\u00e4\u00dfe Handhabung des Produkts verursacht werden.<\/p>\n<p>Der Benutzer ist verpflichtet, vor der Verwendung die Eignung des Produkts f\u00fcr den vorgesehenen Zweck zu \u00fcberpr\u00fcfen und die Einhaltung aller relevanten Sicherheitsvorschriften sicherzustellen, einschlie\u00dflich der Anweisungen im Sicherheitsdatenblatt (SDS).<\/p>\n<p>Diese Erkl\u00e4rung schlie\u00dft keine Haftung f\u00fcr Tod, Verletzung oder andere F\u00e4lle aus, in denen eine Haftungsausschluss nach den geltenden rechtlichen Bestimmungen unzul\u00e4ssig ist.<\/p>\n<p><strong>WICHTIG:<\/strong><\/p>\n<p>Lesen Sie vor dem Gebrauch immer das Etikett und die Produktinformationen in den beiliegenden \u201e<strong>DOWNLOAD<\/strong>\u201c-Dokumenten.<\/p>\n<div class=\"testo\">\n<h4>ANWENDUNGSBEREICHE:<\/h4>\n<table class=\"tab_application\">\n<thead>\n<tr>\n<th><strong>BEREICH<\/strong><\/th>\n<th>HAUPTNUTZUNG<\/th>\n<th>ANDERE NUTZUNGEN<\/th>\n<\/tr>\n<\/thead>\n<tbody>\n<tr>\n<td>ALLGEMEINE<\/td>\n<td><\/td>\n<td><\/td>\n<\/tr>\n<tr>\n<td>WASCHBEREICH<\/td>\n<td><img decoding=\"async\" class=\"sacslab-checked\" src=\"https:\/\/sacslab.com\/wp-content\/uploads\/2024\/06\/checked-yellow.svg\" \/><\/td>\n<td><\/td>\n<\/tr>\n<tr>\n<td>SANIT\u00c4RE<\/td>\n<td><\/td>\n<td><img decoding=\"async\" class=\"sacslab-checked\" src=\"https:\/\/sacslab.com\/wp-content\/uploads\/2024\/06\/checked-red.svg\" \/><\/td>\n<\/tr>\n<tr>\n<td>K\u00dcCHENBEREICH<\/td>\n<td><\/td>\n<td><img decoding=\"async\" class=\"sacslab-checked\" src=\"https:\/\/sacslab.com\/wp-content\/uploads\/2024\/06\/checked-green.svg\" \/><\/td>\n<\/tr>\n<tr>\n<td>DESIFECTIONBEREICH<\/td>\n<td><\/td>\n<td><\/td>\n<\/tr>\n<tr>\n<td>SPEZIELLE<\/td>\n<td><\/td>\n<td><\/td>\n<\/tr>\n<\/tbody>\n<\/table>\n<\/div>\n<div class=\"testo\">\n<h4>BC01 &#8211; BATHROOM CLEANER \u00a0pH \u2248 2,5<\/h4>\n<p>Der angegebene pH-Wert ist immer der des Mittels oder Konzentrats direkt.<\/p>\n<table class=\"tab_application\">\n<thead>\n<tr>\n<th><strong>TITEL <\/strong><\/th>\n<th>pH<\/th>\n<\/tr>\n<\/thead>\n<tbody>\n<tr>\n<td>PH des Mediums &#8211;\u00a0pH \u2248 2,5<\/td>\n<td><\/td>\n<\/tr>\n<tr>\n<td>STARK SAUER | pH 0-2<\/td>\n<td><\/td>\n<\/tr>\n<tr>\n<td>MITTEL SAUER | pH 2-5<\/td>\n<td><img decoding=\"async\" class=\"sacslab-checked\" src=\"https:\/\/sacslab.com\/wp-content\/uploads\/2024\/06\/checked.svg\" \/><\/td>\n<\/tr>\n<tr>\n<td>NEUTRAL | pH 5-8<\/td>\n<td><\/td>\n<\/tr>\n<tr>\n<td>MITTEL ALKALISCH | pH 8-11<\/td>\n<td><\/td>\n<\/tr>\n<tr>\n<td>STARK ALKALISCH | pH 11-15<\/td>\n<td><\/td>\n<\/tr>\n<\/tbody>\n<\/table>\n<\/div>\n","protected":false},"excerpt":{"rendered":"<p><strong style=\"font-size: 1.41575em;\"><strong>Professionelles Reinigungsmittel<\/strong><\/strong><\/p>\n<p><strong style=\"font-size: 1.41575em;\"><strong><img fetchpriority=\"high\" decoding=\"async\" class=\"alignnone wp-image-22622 size-medium\" src=\"https:\/\/sacslab.com\/wp-content\/uploads\/2024\/04\/certificate-ISO.svg\" alt=\"\" width=\"300\" height=\"300\" \/><\/strong><\/strong><\/p>\n<p><strong>BC01 Badreiniger<\/strong> \u2013 produkt, das speziell f\u00fcr die t\u00e4gliche Reinigung von Wasch- und Hygieneoberfl\u00e4chen entwickelt wurde: Badezimmer, Waschbecken, Badewannen, Duschen, Armaturen, Fliesen und andere Sanit\u00e4rkeramik. Verhindert Kalkablagerungen, hinterl\u00e4sst eine gl\u00e4nzende Oberfl\u00e4che und einen angenehmen Duft.<\/p>\n<ul>\n<li><strong>Sanit\u00e4rkeramik<\/strong><\/li>\n<li><strong>B\u00e4der, Duschen<\/strong><\/li>\n<li><strong>Waschbecken, Badewannen<\/strong><\/li>\n<li><strong>Fliesen<\/strong><\/li>\n<li><strong>Wasserh\u00e4hne<\/strong><\/li>\n<li><strong>Verchromte Teile<\/strong><\/li>\n<li><strong>Entfernt Kalk- und Rostablagerungen<\/strong><\/li>\n<li><strong>Edelstahlger\u00e4te<\/strong><\/li>\n<li><strong>pH \u2248 2,5<\/strong><\/li>\n<\/ul>\n","protected":false},"featured_media":22396,"template":"","meta":{"inline_featured_image":false},"product_cat":[325,400],"product_tag":[385,392],"class_list":{"0":"post-18138","1":"product","2":"type-product","3":"status-publish","4":"has-post-thumbnail","6":"product_cat-reinigungsmittel","7":"product_cat-waschbereich","8":"product_tag-kuechenbereich","9":"product_tag-sanitarbereich","11":"first","12":"instock","13":"taxable","14":"shipping-taxable","15":"purchasable","16":"product-type-variable"},"bundled_by":["20476"],"bundle_stock_status":"instock","bundle_stock_quantity":null,"bundle_virtual":false,"bundle_layout":"","bundle_add_to_cart_form_location":"","bundle_editable_in_cart":false,"bundle_sold_individually_context":"","bundle_item_grouping":"","bundle_min_size":"","bundle_max_size":"","bundle_price":[],"bundled_items":[],"bundle_sell_ids":[],"_links":{"self":[{"href":"https:\/\/sacslab.com\/de\/wp-json\/wp\/v2\/product\/18138","targetHints":{"allow":["GET"]}}],"collection":[{"href":"https:\/\/sacslab.com\/de\/wp-json\/wp\/v2\/product"}],"about":[{"href":"https:\/\/sacslab.com\/de\/wp-json\/wp\/v2\/types\/product"}],"wp:featuredmedia":[{"embeddable":true,"href":"https:\/\/sacslab.com\/de\/wp-json\/wp\/v2\/media\/22396"}],"wp:attachment":[{"href":"https:\/\/sacslab.com\/de\/wp-json\/wp\/v2\/media?parent=18138"}],"wp:term":[{"taxonomy":"product_cat","embeddable":true,"href":"https:\/\/sacslab.com\/de\/wp-json\/wp\/v2\/product_cat?post=18138"},{"taxonomy":"product_tag","embeddable":true,"href":"https:\/\/sacslab.com\/de\/wp-json\/wp\/v2\/product_tag?post=18138"}],"curies":[{"name":"wp","href":"https:\/\/api.w.org\/{rel}","templated":true}]}}