{"id":23547,"date":"2024-11-20T10:37:25","date_gmt":"2024-11-20T09:37:25","guid":{"rendered":"https:\/\/sacslab.com\/?post_type=product&#038;p=23547"},"modified":"2025-06-01T22:42:04","modified_gmt":"2025-06-01T20:42:04","slug":"fp03-bodenreiniger-performance-fuer-reinigungsmaschinen","status":"publish","type":"product","link":"https:\/\/sacslab.com\/de\/fp03-bodenreiniger-performance-fuer-reinigungsmaschinen\/","title":{"rendered":"FP03 \u2013 BODENREINIGER PERFORMANCE &#8211; F\u00fcr Reinigungsmaschinen"},"content":{"rendered":"<p><strong>FP03 \u2013 Bodenreiniger PERFORMANCE &#8211; F\u00fcr Reinigungsmaschinen<\/strong><\/p>\n<p>Ein hochwirksames Reinigungsmittel, speziell entwickelt f\u00fcr die maschinelle Reinigung von B\u00f6den in Umgebungen mit starker Verschmutzung. Fortschrittliche Wirkstoffe bieten au\u00dfergew\u00f6hnliche Reinigungs- und Entfettungseigenschaften, was es besonders geeignet f\u00fcr den Einsatz in Werkst\u00e4tten und Ingenieurbetrieben macht, in denen h\u00e4ufig Schmierstoffe oder \u00d6le verwendet werden. Ideal zum Entfernen von Industrieschmutz, einschlie\u00dflich Fett, \u00d6l, fetthaltiger Ablagerungen, Seifenr\u00fcckst\u00e4nden, Graphit und Schmutz. Dieses Reinigungsmittel eignet sich f\u00fcr die regelm\u00e4\u00dfige Pflege von B\u00f6den und allen festen, wasserabwaschbaren Oberfl\u00e4chen, einschlie\u00dflich PVC-B\u00f6den, Epoxidharzen, Asphalt, Stein und anderen Materialien, die alkalibest\u00e4ndig sind. Auch f\u00fcr die manuelle Reinigung geeignet.<\/p>\n<p><strong>GEBRAUCHSANWEISUNG:<\/strong><\/p>\n<p>Oberfl\u00e4chen mit einer Reinigungsmaschine oder manuell reinigen.<\/p>\n<p><strong>DOSIERUNG:<\/strong><\/p>\n<p>5\u201310 ml \/ 1 l<\/p>\n<p><strong>LAGERUNG:<\/strong><\/p>\n<p>Bei einer Temperatur von 5-30\u00b0C lagern. Vor direkter Sonneneinstrahlung sch\u00fctzen. Bis zum auf der Verpackung angegebenen Datum verwenden.<\/p>\n<p><strong>WARNUNG:<\/strong><\/p>\n<p>SACSLAB s. r. o. \u00fcbernimmt keine Verantwortung f\u00fcr Sch\u00e4den, einschlie\u00dflich direkter oder indirekter Sch\u00e4den, die durch unsachgem\u00e4\u00dfe Verwendung, Nichteinhaltung der Gebrauchsanweisungen oder unsachgem\u00e4\u00dfe Handhabung des Produkts verursacht werden.<\/p>\n<p>Der Benutzer ist verpflichtet, vor der Verwendung die Eignung des Produkts f\u00fcr den vorgesehenen Zweck zu \u00fcberpr\u00fcfen und die Einhaltung aller relevanten Sicherheitsvorschriften sicherzustellen, einschlie\u00dflich der Anweisungen im Sicherheitsdatenblatt (SDS).<\/p>\n<p>Diese Erkl\u00e4rung schlie\u00dft keine Haftung f\u00fcr Tod, Verletzung oder andere F\u00e4lle aus, in denen eine Haftungsausschluss nach den geltenden rechtlichen Bestimmungen unzul\u00e4ssig ist.<\/p>\n<p><strong>WICHTIG:<\/strong><\/p>\n<p>Lesen Sie vor dem Gebrauch immer das Etikett und die Produktinformationen in den beiliegenden \u201e<strong>DOWNLOAD<\/strong>\u201c-Dokumenten.<\/p>\n<div class=\"testo\">\n<h4>ANWENDUNGSBEREICHE:<\/h4>\n<table class=\"tab_application\">\n<thead>\n<tr>\n<th><strong>BEREICH<\/strong><\/th>\n<th>HAUPTNUTZUNG<\/th>\n<th>ANDERE NUTZUNGEN<\/th>\n<\/tr>\n<\/thead>\n<tbody>\n<tr>\n<td>ALLGEMEINE<\/td>\n<td><\/td>\n<td><img decoding=\"async\" class=\"sacslab-checked\" src=\"https:\/\/sacslab.com\/wp-content\/uploads\/2024\/06\/checked-blue.svg\" \/><\/td>\n<\/tr>\n<tr>\n<td>WASCHBEREICH<\/td>\n<td><\/td>\n<td><img decoding=\"async\" class=\"sacslab-checked\" src=\"https:\/\/sacslab.com\/wp-content\/uploads\/2024\/06\/checked-yellow.svg\" \/><\/td>\n<\/tr>\n<tr>\n<td>SANIT\u00c4RE<\/td>\n<td><\/td>\n<td><img decoding=\"async\" class=\"sacslab-checked\" src=\"https:\/\/sacslab.com\/wp-content\/uploads\/2024\/06\/checked-red.svg\" \/><\/td>\n<\/tr>\n<tr>\n<td>K\u00dcCHENBEREICH<\/td>\n<td><\/td>\n<td><img decoding=\"async\" class=\"sacslab-checked\" src=\"https:\/\/sacslab.com\/wp-content\/uploads\/2024\/06\/checked-green.svg\" \/><\/td>\n<\/tr>\n<tr>\n<td>DESINFEKTIONBEREICH<\/td>\n<td><\/td>\n<td><\/td>\n<\/tr>\n<tr>\n<td>SPEZIELLE<\/td>\n<td><img decoding=\"async\" class=\"sacslab-checked\" src=\"https:\/\/sacslab.com\/wp-content\/uploads\/2024\/06\/checked.svg\" \/><\/td>\n<td><\/td>\n<\/tr>\n<\/tbody>\n<\/table>\n<\/div>\n<div class=\"testo\">\n<h4>FP03 &#8211; FLOOR CLEANER PERFORMANCE \u00a0pH \u2248 12,8<\/h4>\n<p>Der angegebene pH-Wert bezieht sich auf das jeweilige Waschmittel oder Waschmittelkonzentrat.<\/p>\n<table class=\"tab_application\">\n<thead>\n<tr>\n<th><strong>TITEL <\/strong><\/th>\n<th>pH<\/th>\n<\/tr>\n<\/thead>\n<tbody>\n<tr>\n<td>STARK SAUER | pH 0-2<\/td>\n<td><\/td>\n<\/tr>\n<tr>\n<td>MITTEL SAUER | pH 2-5<\/td>\n<td><\/td>\n<\/tr>\n<tr>\n<td>NEUTRAL | pH 5-8<\/td>\n<td><\/td>\n<\/tr>\n<tr>\n<td>MITTEL ALKALISCH | pH 8-11<\/td>\n<td><\/td>\n<\/tr>\n<tr>\n<td>STARK ALKALISCH | pH 11-15<\/td>\n<td><img decoding=\"async\" class=\"sacslab-checked\" src=\"https:\/\/sacslab.com\/wp-content\/uploads\/2024\/06\/checked-black.svg\" \/><\/td>\n<\/tr>\n<\/tbody>\n<\/table>\n<\/div>\n","protected":false},"excerpt":{"rendered":"<h4><strong>Professionelles Reinigungsmittel<\/strong><\/h4>\n<h4><img fetchpriority=\"high\" decoding=\"async\" class=\"alignnone wp-image-22622 size-medium\" src=\"https:\/\/sacslab.com\/wp-content\/uploads\/2024\/04\/certificate-ISO.svg\" alt=\"\" width=\"300\" height=\"300\" \/><\/h4>\n<p><strong>FP03 Bodenreiniger Performance<\/strong> &#8211; leistungsstarke, konzentrierte und schaumfreie L\u00f6sung f\u00fcr die maschinelle Bodenreinigung. Entfernt m\u00fchelos Fett, Schmutz, Seifenr\u00fcckst\u00e4nde und Graphit \u2013 selbst in den h\u00e4rtesten Industrieumgebungen. Ideal f\u00fcr Fabriken, Lagerhallen und Werkst\u00e4tten. Die schaumfreie Formel erm\u00f6glicht eine reibungslose Maschinenreinigung und sorgt f\u00fcr maximale Effizienz bei jeder Anwendung.<\/p>\n<ul>\n<li><strong>Reinigt intensiv Schmutz und Fett<\/strong><\/li>\n<li><strong>Nicht sch\u00e4umendes Konzentrat<\/strong><\/li>\n<li><strong>Weicht Wasser auf<\/strong><\/li>\n<li><strong>Phosphatfrei<\/strong><\/li>\n<li><strong>Maximale Effizienz und Leistung<\/strong><\/li>\n<li><strong>pH \u2248 12,8<\/strong><\/li>\n<\/ul>\n","protected":false},"featured_media":23822,"template":"","meta":{"inline_featured_image":false},"product_cat":[325,401,556],"product_tag":[385,373],"class_list":{"0":"post-23547","1":"product","2":"type-product","3":"status-publish","4":"has-post-thumbnail","6":"product_cat-reinigungsmittel","7":"product_cat-spezialbereich","8":"product_cat-maschinenreinigung","9":"product_tag-kuechenbereich","10":"product_tag-waschbereich","12":"first","13":"instock","14":"taxable","15":"shipping-taxable","16":"purchasable","17":"product-type-variable"},"bundled_by":["20476"],"bundle_stock_status":"instock","bundle_stock_quantity":null,"bundle_virtual":false,"bundle_layout":"","bundle_add_to_cart_form_location":"","bundle_editable_in_cart":false,"bundle_sold_individually_context":"","bundle_item_grouping":"","bundle_min_size":"","bundle_max_size":"","bundle_price":[],"bundled_items":[],"bundle_sell_ids":[],"_links":{"self":[{"href":"https:\/\/sacslab.com\/de\/wp-json\/wp\/v2\/product\/23547","targetHints":{"allow":["GET"]}}],"collection":[{"href":"https:\/\/sacslab.com\/de\/wp-json\/wp\/v2\/product"}],"about":[{"href":"https:\/\/sacslab.com\/de\/wp-json\/wp\/v2\/types\/product"}],"wp:featuredmedia":[{"embeddable":true,"href":"https:\/\/sacslab.com\/de\/wp-json\/wp\/v2\/media\/23822"}],"wp:attachment":[{"href":"https:\/\/sacslab.com\/de\/wp-json\/wp\/v2\/media?parent=23547"}],"wp:term":[{"taxonomy":"product_cat","embeddable":true,"href":"https:\/\/sacslab.com\/de\/wp-json\/wp\/v2\/product_cat?post=23547"},{"taxonomy":"product_tag","embeddable":true,"href":"https:\/\/sacslab.com\/de\/wp-json\/wp\/v2\/product_tag?post=23547"}],"curies":[{"name":"wp","href":"https:\/\/api.w.org\/{rel}","templated":true}]}}