{"id":23572,"date":"2024-11-20T10:42:07","date_gmt":"2024-11-20T09:42:07","guid":{"rendered":"https:\/\/sacslab.com\/?post_type=product&#038;p=23572"},"modified":"2025-06-01T22:34:21","modified_gmt":"2025-06-01T20:34:21","slug":"sr09-fleckentferner","status":"publish","type":"product","link":"https:\/\/sacslab.com\/de\/sr09-fleckentferner\/","title":{"rendered":"SR09 \u2013 FLECKENTFERNER"},"content":{"rendered":"<p><strong>SR09 \u2013 Fleckenentferner<\/strong><\/p>\n<p>Professioneller Reiniger, entwickelt zur Entfernung einer Vielzahl organischer Flecken aus Textilmaterialien. Entfernt effektiv Verunreinigungen durch Lebensmittel, Fett, \u00d6l, Getr\u00e4nke, Gras, Blut oder Tinte. Ideal f\u00fcr Teppiche, Polsterm\u00f6bel, Sofas, Stoffe, Kleidung und andere abwaschbare Oberfl\u00e4chen. Sch\u00fctzt Farben vor dem Ausbleichen und stellt ihre Intensit\u00e4t wieder her. Perfekt f\u00fcr die manuelle, lokale Fleckenbehandlung.<\/p>\n<p><strong>GEBRAUCHSANWEISUNG:<\/strong><\/p>\n<ul>\n<li>Das Produkt direkt auf die verschmutzte Fl\u00e4che mit einem Spr\u00fchaufsatz auftragen.<\/li>\n<li>Mit einem sauberen, trockenen Tuch die Oberfl\u00e4che reinigen oder bei Bedarf mit Wasser absp\u00fclen.<\/li>\n<\/ul>\n<p><strong>DOSIERUNG:<\/strong><\/p>\n<p>SR09 Fleckenentferner ist f\u00fcr den direkten Einsatz mit einem Spr\u00fchaufsatz vorbereitet. Je nach Bedarf auf die Fl\u00e4che auftragen, wobei bei stark verschmutzten Bereichen eine gr\u00f6\u00dfere Menge verwendet werden sollte.<\/p>\n<p><strong>LAGERUNG:<\/strong><\/p>\n<p>Bei einer Temperatur von 5-30\u00b0C lagern. Vor direkter Sonneneinstrahlung sch\u00fctzen. Bis zum auf der Verpackung angegebenen Datum verwenden.<\/p>\n<p><strong>WARNUNG:<\/strong><\/p>\n<p>SACSLAB s. r. o. \u00fcbernimmt keine Verantwortung f\u00fcr Sch\u00e4den, einschlie\u00dflich direkter oder indirekter Sch\u00e4den, die durch unsachgem\u00e4\u00dfe Verwendung, Nichteinhaltung der Gebrauchsanweisungen oder unsachgem\u00e4\u00dfe Handhabung des Produkts verursacht werden.<\/p>\n<p>Der Benutzer ist verpflichtet, vor der Verwendung die Eignung des Produkts f\u00fcr den vorgesehenen Zweck zu \u00fcberpr\u00fcfen und die Einhaltung aller relevanten Sicherheitsvorschriften sicherzustellen, einschlie\u00dflich der Anweisungen im Sicherheitsdatenblatt (SDS).<\/p>\n<p>Diese Erkl\u00e4rung schlie\u00dft keine Haftung f\u00fcr Tod, Verletzung oder andere F\u00e4lle aus, in denen eine Haftungsausschluss nach den geltenden rechtlichen Bestimmungen unzul\u00e4ssig ist.<\/p>\n<p><strong>WICHTIG:<\/strong><\/p>\n<p>Lesen Sie vor dem Gebrauch immer das Etikett und die Produktinformationen in den beiliegenden \u201e<strong>DOWNLOAD<\/strong>\u201c-Dokumenten.<\/p>\n<div class=\"testo\">\n<h4>ANWENDUNGSBEREICHE:<\/h4>\n<table class=\"tab_application\">\n<thead>\n<tr>\n<th><strong>BEREICH<\/strong><\/th>\n<th>HAUPTNUTZUNG<\/th>\n<th>ANDERE NUTZUNGEN<\/th>\n<\/tr>\n<\/thead>\n<tbody>\n<tr>\n<td>ALLGEMEINE<\/td>\n<td><\/td>\n<td><img decoding=\"async\" class=\"sacslab-checked\" src=\"https:\/\/sacslab.com\/wp-content\/uploads\/2024\/06\/checked-blue.svg\" \/><\/td>\n<\/tr>\n<tr>\n<td>WASCHBEREICH<\/td>\n<td><\/td>\n<td><\/td>\n<\/tr>\n<tr>\n<td>SANIT\u00c4RE<\/td>\n<td><\/td>\n<td><\/td>\n<\/tr>\n<tr>\n<td>K\u00dcCHENBEREICH<\/td>\n<td><\/td>\n<td><img decoding=\"async\" class=\"sacslab-checked\" src=\"https:\/\/sacslab.com\/wp-content\/uploads\/2024\/06\/checked-green.svg\" \/><\/td>\n<\/tr>\n<tr>\n<td>DESINFEKTIONBEREICH<\/td>\n<td><\/td>\n<td><\/td>\n<\/tr>\n<tr>\n<td>SPEZIELLE<\/td>\n<td><img decoding=\"async\" class=\"sacslab-checked\" src=\"https:\/\/sacslab.com\/wp-content\/uploads\/2024\/06\/checked.svg\" \/><\/td>\n<td><\/td>\n<\/tr>\n<\/tbody>\n<\/table>\n<\/div>\n<div class=\"testo\">\n<h4>SR09 &#8211; STAIN REMOVER \u00a0pH \u2248 12<\/h4>\n<p>Der angegebene pH-Wert bezieht sich auf das jeweilige Waschmittel oder Waschmittelkonzentrat.<\/p>\n<table class=\"tab_application\">\n<thead>\n<tr>\n<th><strong>TITEL <\/strong><\/th>\n<th>pH<\/th>\n<\/tr>\n<\/thead>\n<tbody>\n<tr>\n<td>STARK SAUER | pH 0-2<\/td>\n<td><\/td>\n<\/tr>\n<tr>\n<td>MITTEL SAUER | pH 2-5<\/td>\n<td><\/td>\n<\/tr>\n<tr>\n<td>NEUTRAL | pH 5-8<\/td>\n<td><\/td>\n<\/tr>\n<tr>\n<td>MITTEL ALKALISCH | pH 8-11<\/td>\n<td><\/td>\n<\/tr>\n<tr>\n<td>STARK ALKALISCH | pH 11-15<\/td>\n<td><img decoding=\"async\" class=\"sacslab-checked\" src=\"https:\/\/sacslab.com\/wp-content\/uploads\/2024\/06\/checked-black.svg\" \/><\/td>\n<\/tr>\n<\/tbody>\n<\/table>\n<\/div>\n","protected":false},"excerpt":{"rendered":"<h4><strong>Professionelles Reinigungsmittel<\/strong><\/h4>\n<h4><img fetchpriority=\"high\" decoding=\"async\" class=\"alignnone wp-image-22622 size-medium\" src=\"https:\/\/sacslab.com\/wp-content\/uploads\/2024\/04\/certificate-ISO.svg\" alt=\"\" width=\"300\" height=\"300\" \/><\/h4>\n<p><strong>SR09 Fleckenentferner<\/strong> \u2013 ein hochwirksames und leistungsstarkes Reinigungsmittel, das speziell f\u00fcr die manuelle Reinigung lokaler Verschmutzungen auf verschiedenen Textiloberfl\u00e4chen entwickelt wurde.<\/p>\n<ul>\n<li><strong>Entfernt Flecken und Fett tief aus Textilien<\/strong><\/li>\n<li><strong>Erh\u00e4lt die Farbintensit\u00e4t<\/strong><\/li>\n<li><strong>Bietet maximale Effizienz und Leistung<\/strong><\/li>\n<li><strong>pH \u2248 12<\/strong><\/li>\n<\/ul>\n","protected":false},"featured_media":23787,"template":"","meta":{"inline_featured_image":false},"product_cat":[325,401],"product_tag":[385,373],"class_list":{"0":"post-23572","1":"product","2":"type-product","3":"status-publish","4":"has-post-thumbnail","6":"product_cat-reinigungsmittel","7":"product_cat-spezialbereich","8":"product_tag-kuechenbereich","9":"product_tag-waschbereich","11":"first","12":"instock","13":"taxable","14":"shipping-taxable","15":"purchasable","16":"product-type-variable"},"bundled_by":["20476"],"bundle_stock_status":"instock","bundle_stock_quantity":null,"bundle_virtual":false,"bundle_layout":"","bundle_add_to_cart_form_location":"","bundle_editable_in_cart":false,"bundle_sold_individually_context":"","bundle_item_grouping":"","bundle_min_size":"","bundle_max_size":"","bundle_price":[],"bundled_items":[],"bundle_sell_ids":[],"_links":{"self":[{"href":"https:\/\/sacslab.com\/de\/wp-json\/wp\/v2\/product\/23572","targetHints":{"allow":["GET"]}}],"collection":[{"href":"https:\/\/sacslab.com\/de\/wp-json\/wp\/v2\/product"}],"about":[{"href":"https:\/\/sacslab.com\/de\/wp-json\/wp\/v2\/types\/product"}],"wp:featuredmedia":[{"embeddable":true,"href":"https:\/\/sacslab.com\/de\/wp-json\/wp\/v2\/media\/23787"}],"wp:attachment":[{"href":"https:\/\/sacslab.com\/de\/wp-json\/wp\/v2\/media?parent=23572"}],"wp:term":[{"taxonomy":"product_cat","embeddable":true,"href":"https:\/\/sacslab.com\/de\/wp-json\/wp\/v2\/product_cat?post=23572"},{"taxonomy":"product_tag","embeddable":true,"href":"https:\/\/sacslab.com\/de\/wp-json\/wp\/v2\/product_tag?post=23572"}],"curies":[{"name":"wp","href":"https:\/\/api.w.org\/{rel}","templated":true}]}}