{"id":41609,"date":"2025-10-15T14:16:20","date_gmt":"2025-10-15T12:16:20","guid":{"rendered":"https:\/\/sacslab.com\/davkovaci-uzaver\/"},"modified":"2025-10-15T15:08:55","modified_gmt":"2025-10-15T13:08:55","slug":"dosierverschluss","status":"publish","type":"product","link":"https:\/\/sacslab.com\/de\/dosierverschluss\/","title":{"rendered":"Dosierverschluss"},"content":{"rendered":"","protected":false},"excerpt":{"rendered":"<p><strong>Pr\u00e4zises Dosieren, einfache Handhabung.<\/strong><\/p>\n<p>Erleichtern Sie sich die Arbeit mit professionellen Reinigungsmitteln in Betrieben, Laboren oder anderen professionellen Umgebungen. Einfach den Dosierverschluss auf die Flasche setzen und sanft dr\u00fccken \u2013 die genaue Menge der L\u00f6sung wird automatisch abgemessen.<\/p>\n<ul>\n<li><strong>Farbcodiert:<\/strong> HACCP-Kennzeichnung f\u00fcr schnelle Identifikation<\/li>\n<li><strong>Praktisch und sauber:<\/strong> vollst\u00e4ndig ausgie\u00dfbar ohne R\u00fcckst\u00e4nde, mit integriertem Spritzschutz<\/li>\n<li><strong>Wiederverwendbar:<\/strong> leicht verschlie\u00dfbar, bleibt dicht<\/li>\n<li><strong>Kompatibel mit verschiedenen Flaschengr\u00f6\u00dfen:<\/strong> geeignet f\u00fcr 600 ml, 750 ml und 1000 ml Flaschen<\/li>\n<\/ul>\n<p>Perfekte L\u00f6sung f\u00fcr Profis, die Genauigkeit, Komfort und Sauberkeit bei der Dosierung von Reinigungsmitteln ben\u00f6tigen.<\/p>\n","protected":false},"featured_media":41547,"template":"","meta":{"inline_featured_image":false},"product_cat":[552],"product_tag":[],"class_list":{"0":"post-41609","1":"product","2":"type-product","3":"status-publish","4":"has-post-thumbnail","6":"product_cat-zubehoer","7":"pa_farba-blau","8":"pa_farba-gelb","9":"pa_farba-grun","10":"pa_farba-rot","11":"pa_farba-weis","13":"first","14":"onbackorder","15":"taxable","16":"shipping-taxable","17":"purchasable","18":"product-type-variable","19":"has-default-attributes"},"bundled_by":[],"bundle_stock_status":"onbackorder","bundle_stock_quantity":null,"bundle_virtual":false,"bundle_layout":"","bundle_add_to_cart_form_location":"","bundle_editable_in_cart":false,"bundle_sold_individually_context":"","bundle_item_grouping":"","bundle_min_size":"","bundle_max_size":"","bundle_price":[],"bundled_items":[],"bundle_sell_ids":[],"_links":{"self":[{"href":"https:\/\/sacslab.com\/de\/wp-json\/wp\/v2\/product\/41609","targetHints":{"allow":["GET"]}}],"collection":[{"href":"https:\/\/sacslab.com\/de\/wp-json\/wp\/v2\/product"}],"about":[{"href":"https:\/\/sacslab.com\/de\/wp-json\/wp\/v2\/types\/product"}],"wp:featuredmedia":[{"embeddable":true,"href":"https:\/\/sacslab.com\/de\/wp-json\/wp\/v2\/media\/41547"}],"wp:attachment":[{"href":"https:\/\/sacslab.com\/de\/wp-json\/wp\/v2\/media?parent=41609"}],"wp:term":[{"taxonomy":"product_cat","embeddable":true,"href":"https:\/\/sacslab.com\/de\/wp-json\/wp\/v2\/product_cat?post=41609"},{"taxonomy":"product_tag","embeddable":true,"href":"https:\/\/sacslab.com\/de\/wp-json\/wp\/v2\/product_tag?post=41609"}],"curies":[{"name":"wp","href":"https:\/\/api.w.org\/{rel}","templated":true}]}}