{"id":16282,"date":"2024-05-29T13:05:58","date_gmt":"2024-05-29T11:05:58","guid":{"rendered":"https:\/\/sacslab.com\/nem-kategorizalt\/glazy-t-mikroszalas-nem-szott-szovet\/"},"modified":"2025-08-23T22:37:18","modified_gmt":"2025-08-23T20:37:18","slug":"glazy-t-nemszott-ultra-mikroszalas-kendo","status":"publish","type":"product","link":"https:\/\/sacslab.com\/hu\/glazy-t-nemszott-ultra-mikroszalas-kendo\/","title":{"rendered":"GLAZY-T nemsz\u0151tt ultra-mikrosz\u00e1las kend\u0151"},"content":{"rendered":"<p>&nbsp;<\/p>\n<div class=\"testo ecobox-block\">\n<p><label class=\"title-block\"><span style=\"vertical-align: inherit;\"><span style=\"vertical-align: inherit;\">ECO BOX<\/span><\/span><img decoding=\"async\" class=\"filmop-cetificates\" src=\"https:\/\/sacslab.com\/wp-content\/uploads\/2025\/02\/logo__greenEcoBox-1.svg\" alt=\"EcoBox log\u00f3\" \/><\/label><\/p>\n<div class=\"row\">\n<div class=\"col-md-auto feature-image\"><img decoding=\"async\" class=\"filmop-cetificates\" src=\"https:\/\/sacslab.com\/wp-content\/uploads\/2025\/02\/CAM_logo-2.svg\" alt=\"EcoBox log\u00f3\" \/><\/div>\n<div class=\"col-md feature-text\">\n<p><span class=\"ecobox-title\"><span style=\"vertical-align: inherit;\"><span style=\"vertical-align: inherit;\">A Z\u00d6LD TERM\u00c9KEK K\u00d6ZIGAZGAT\u00c1SBAN T\u00d6RT\u00c9N\u0150 FELHASZN\u00c1L\u00c1S\u00c1R\u00d3L SZ\u00d3L\u00d3 EUR\u00d3PAI GPP-IR\u00c1NYMUTAT\u00c1SOKKAL \u00d6SSZHANGBAN<\/span><\/span><\/span><span style=\"vertical-align: inherit;\"><span style=\"vertical-align: inherit;\">Mikrosz\u00e1las denier dTtex \u2264 1 a hat\u00e9kony v\u00edz- \u00e9s vegyszerfogyaszt\u00e1s \u00e9rdek\u00e9ben.<\/span><\/span><\/p>\n<\/div>\n<\/div>\n<div class=\"row\">\n<div class=\"col-md-auto feature-image\"><img decoding=\"async\" class=\"filmop-cetificates\" src=\"https:\/\/sacslab.com\/wp-content\/uploads\/2025\/02\/Riciclo_logo-2.svg\" alt=\"EcoBox log\u00f3\" \/><\/div>\n<div class=\"col-md feature-text\">\n<p><span class=\"ecobox-title\"><span style=\"vertical-align: inherit;\"><span style=\"vertical-align: inherit;\">ECO-FRIENDLY PRODUCT<\/span><\/span><\/span><\/p>\n<p><span style=\"vertical-align: inherit;\"><span style=\"vertical-align: inherit;\">A term\u00e9k a haszn\u00e1lat v\u00e9g\u00e9n t\u00f6rt\u00e9n\u0151 megfelel\u0151 \u00e1rtalmatlan\u00edt\u00e1s \u00e9rdek\u00e9ben a k\u00f6rnyezetv\u00e9delmi c\u00edmk\u00e9z\u00e9si k\u00f6telezetts\u00e9gr\u0151l sz\u00f3l\u00f3, 2020.09.03-i 116. sz. t\u00f6rv\u00e9nyerej\u0171 rendeletnek megfelel\u0151 csomagol\u00e1sban ker\u00fcl \u00e9rt\u00e9kes\u00edt\u00e9sre.<br \/>\nA v\u00e1llalat \u00e1ltal haszn\u00e1lt kartoncsomagol\u00e1s 99%-a \u00e1tlagosan 80%-ban \u00fajrahasznos\u00edtott pap\u00edrb\u00f3l k\u00e9sz\u00fcl. <\/span><\/span><\/p>\n<\/div>\n<\/div>\n<\/div>\n<div class=\"testo\">\n<p><label class=\"title-block\"><span style=\"vertical-align: inherit;\"><span style=\"vertical-align: inherit;\">TULAJDONS\u00c1GOK:<\/span><\/span><\/label><\/p>\n<ul>\n<li><span style=\"vertical-align: inherit;\"><span style=\"vertical-align: inherit;\">A nagyon v\u00e9kony, 0,15 dtex \u00e1tm\u00e9r\u0151j\u0171 sz\u00e1lak nyomok \u00e9s cs\u00edkok n\u00e9lk\u00fcl t\u00e1vol\u00edtj\u00e1k el a szennyez\u0151d\u00e9seket<\/span><\/span><\/li>\n<li><span style=\"vertical-align: inherit;\"><span style=\"vertical-align: inherit;\">Nedvesen vagy sz\u00e1razon haszn\u00e1lhat\u00f3<\/span><\/span><\/li>\n<li><span style=\"vertical-align: inherit;\"><span style=\"vertical-align: inherit;\">Alacsony s\u00farl\u00f3d\u00e1s<\/span><\/span><\/li>\n<li><span style=\"vertical-align: inherit;\"><span style=\"vertical-align: inherit;\">Puha \u00e9s k\u00f6nnyen \u00f6bl\u00edthet\u0151 \u00e9s kinyomhat\u00f3<\/span><\/span><\/li>\n<li><span style=\"vertical-align: inherit;\"><span style=\"vertical-align: inherit;\">Nagy mechanikai ellen\u00e1ll\u00e1s a tiszt\u00edt\u00f3- \u00e9s fert\u0151tlen\u00edt\u0151szerekkel szemben<\/span><\/span><\/li>\n<\/ul>\n<\/div>\n<p class=\"nota-prodotto\"><span style=\"vertical-align: inherit;\"><span style=\"vertical-align: inherit;\">Ide\u00e1lis \u00fcvegekhez, ablakokhoz \u00e9s ed\u00e9nyekhez.<br \/>\n&#8211; Marad\u00e9k n\u00e9lk\u00fcl tiszt\u00edt &#8211; t\u00f6meg 130 g\/m\u00b2.<\/span><\/span><\/p>\n<div class=\"testo\">\n<p><label class=\"title-block\"><span style=\"vertical-align: inherit;\"><span style=\"vertical-align: inherit;\">ANYAG:<\/span><\/span><\/label><\/p>\n<p><span style=\"vertical-align: inherit;\"><span style=\"vertical-align: inherit;\">Ultra-mikrosz\u00e1las (70% poli\u00e9szter &#8211; 30% poliamid) &#8211; decitex = 0,15<\/span><\/span><\/p>\n<\/div>\n<div class=\"testo\">\n<p><label class=\"title-block\"><span style=\"vertical-align: inherit;\"><span style=\"vertical-align: inherit;\">ABSZORPCI\u00d3:\u00a0<\/span><\/span><\/label><\/p>\n<p><span style=\"vertical-align: inherit;\"><span style=\"vertical-align: inherit;\">S\u00faly\u00e1nak 4-szerese<\/span><\/span><\/p>\n<\/div>\n<div class=\"testo\">\n<p><label class=\"title-block\"><span style=\"vertical-align: inherit;\"><span style=\"vertical-align: inherit;\">GONDOZ\u00c1S \u00c9S KARBANTART\u00c1S:<\/span><\/span><\/label><\/p>\n<div class=\"col-avvertenze\">\n<p><label class=\"subtitle-block\"><span style=\"vertical-align: inherit;\"><span style=\"vertical-align: inherit;\">K\u00d6ZLEM\u00c9NYEK:<\/span><\/span><\/label><\/p>\n<p><span style=\"vertical-align: inherit;\"><span style=\"vertical-align: inherit;\">Mos\u00e1s el\u0151tt gondosan k\u00f6vesse a mos\u00f3szer csomagol\u00e1s\u00e1n tal\u00e1lhat\u00f3 mos\u00e1si utas\u00edt\u00e1sokat \u00e9s figyelmeztet\u00e9seket (h\u0151m\u00e9rs\u00e9klet \u00e9s adagol\u00e1s). <\/span><\/span><span style=\"vertical-align: inherit;\"><span style=\"vertical-align: inherit;\">Javasoljuk, hogy norm\u00e1l mos\u00f3szert haszn\u00e1ljon, l\u00e1gy\u00edt\u00f3szer n\u00e9lk\u00fcl. <\/span><\/span><span style=\"vertical-align: inherit;\"><span style=\"vertical-align: inherit;\">A mop mos\u00e1s\u00e1hoz speci\u00e1lis h\u00e1l\u00f3s zs\u00e1kok haszn\u00e1lat\u00e1t javasoljuk<\/span><\/span><\/p>\n<\/div>\n<div class=\"col-lavaggio\">\n<p><label class=\"subtitle-block\"><span style=\"vertical-align: inherit;\"><span style=\"vertical-align: inherit;\">MOS\u00c1SI UTAS\u00cdT\u00c1SOK:<\/span><\/span><\/label><\/p>\n<p><img decoding=\"async\" src=\"https:\/\/sacslab.com\/wp-content\/uploads\/2025\/02\/logo__60gradi__.png\" alt=\"Log\u00f3\" \/><span style=\"vertical-align: inherit;\"><span style=\"vertical-align: inherit;\">AJ\u00c1NLOTT mos\u00e1si h\u0151m\u00e9rs\u00e9klet: 60\u00b0C<\/span><\/span><\/p>\n<p><img decoding=\"async\" src=\"https:\/\/sacslab.com\/wp-content\/uploads\/2025\/02\/logo__95gradi__.png\" alt=\"Log\u00f3\" \/><span style=\"vertical-align: inherit;\"><span style=\"vertical-align: inherit;\">Maxim\u00e1lis mos\u00e1si h\u0151m\u00e9rs\u00e9klet: 95\u00b0C<\/span><\/span><\/p>\n<p><img decoding=\"async\" src=\"https:\/\/sacslab.com\/wp-content\/uploads\/2025\/02\/logo__candeggio__.png\" alt=\"Log\u00f3\" \/><span style=\"vertical-align: inherit;\"><span style=\"vertical-align: inherit;\">Lehets\u00e9ges feh\u00e9r\u00edt\u00e9s &#8211; Ne haszn\u00e1ljon kl\u00f3rt vagy feh\u00e9r\u00edt\u0151t.<\/span><\/span><\/p>\n<p><img decoding=\"async\" src=\"https:\/\/sacslab.com\/wp-content\/uploads\/2025\/02\/logo__asciugatura__.png\" alt=\"Log\u00f3\" \/><span style=\"vertical-align: inherit;\"><span style=\"vertical-align: inherit;\">Mechanikus sz\u00e1r\u00edt\u00e1s alacsony, 50\u00b0C-os h\u0151m\u00e9rs\u00e9kleten<\/span><\/span><\/p>\n<p><img decoding=\"async\" src=\"https:\/\/sacslab.com\/wp-content\/uploads\/2025\/02\/logo__stiratura__.png\" alt=\"Log\u00f3\" \/><span style=\"vertical-align: inherit;\"><span style=\"vertical-align: inherit;\">Nem szabad vasalni<\/span><\/span><\/p>\n<p><img decoding=\"async\" src=\"https:\/\/sacslab.com\/wp-content\/uploads\/2025\/02\/logo__lavaggiosecco__.png\" alt=\"Log\u00f3\" \/><span style=\"vertical-align: inherit;\"><span style=\"vertical-align: inherit;\">Nem szabad vegyszeresen tiszt\u00edtani<\/span><\/span><\/p>\n<p><span style=\"vertical-align: inherit;\"><span style=\"vertical-align: inherit;\">Ne haszn\u00e1ljon l\u00e1gy\u00edt\u00f3szert.<\/span><\/span><\/p>\n<p><span style=\"vertical-align: inherit;\"><span style=\"vertical-align: inherit;\">L\u00fagos mos\u00f3szereket haszn\u00e1ljon, pH 11.<\/span><\/span><\/p>\n<\/div>\n<\/div>\n","protected":false},"excerpt":{"rendered":"<p><strong>HASZN\u00c1LAT:<\/strong><br \/>\nIde\u00e1lis kend\u0151 \u00fcveg, f\u00e9nyes fel\u00fcletek, ablakok \u00e9s ed\u00e9nyek tiszt\u00edt\u00e1s\u00e1ra. Aj\u00e1nlott olyan k\u00f6rnyezetekben, mint \u00e9ttermek, b\u00e1rok \u00e9s m\u00e1s sima fel\u00fcletek. Tiszt\u00edt cs\u00edkok n\u00e9lk\u00fcl.<\/p>\n<p><strong>T\u00d6MEG<\/strong>:\u00a0 130 g\/m\u00b2<\/p>\n<p><strong>M\u00c9RET<\/strong>: 40\u00d750 cm<\/p>\n","protected":false},"featured_media":16285,"template":"","meta":{"inline_featured_image":false},"product_cat":[230,254],"product_tag":[],"class_list":{"0":"post-16282","1":"product","2":"type-product","3":"status-publish","4":"has-post-thumbnail","6":"product_cat-takarito-eszkozok","7":"product_cat-tisztitokendok","9":"first","10":"onbackorder","11":"taxable","12":"shipping-taxable","13":"purchasable","14":"product-type-variable"},"bundled_by":[],"bundle_stock_status":"onbackorder","bundle_stock_quantity":null,"bundle_virtual":false,"bundle_layout":"","bundle_add_to_cart_form_location":"","bundle_editable_in_cart":false,"bundle_sold_individually_context":"","bundle_item_grouping":"","bundle_min_size":"","bundle_max_size":"","bundle_price":[],"bundled_items":[],"bundle_sell_ids":[],"_links":{"self":[{"href":"https:\/\/sacslab.com\/hu\/wp-json\/wp\/v2\/product\/16282","targetHints":{"allow":["GET"]}}],"collection":[{"href":"https:\/\/sacslab.com\/hu\/wp-json\/wp\/v2\/product"}],"about":[{"href":"https:\/\/sacslab.com\/hu\/wp-json\/wp\/v2\/types\/product"}],"wp:featuredmedia":[{"embeddable":true,"href":"https:\/\/sacslab.com\/hu\/wp-json\/wp\/v2\/media\/16285"}],"wp:attachment":[{"href":"https:\/\/sacslab.com\/hu\/wp-json\/wp\/v2\/media?parent=16282"}],"wp:term":[{"taxonomy":"product_cat","embeddable":true,"href":"https:\/\/sacslab.com\/hu\/wp-json\/wp\/v2\/product_cat?post=16282"},{"taxonomy":"product_tag","embeddable":true,"href":"https:\/\/sacslab.com\/hu\/wp-json\/wp\/v2\/product_tag?post=16282"}],"curies":[{"name":"wp","href":"https:\/\/api.w.org\/{rel}","templated":true}]}}