{"id":16312,"date":"2024-05-29T13:33:30","date_gmt":"2024-05-29T11:33:30","guid":{"rendered":"https:\/\/sacslab.com\/nem-kategorizalt\/ablaktorlo-hajlitott-fogantyuval\/"},"modified":"2025-04-27T22:16:07","modified_gmt":"2025-04-27T20:16:07","slug":"ablaktorlo-hajlitott-fogantyuval","status":"publish","type":"product","link":"https:\/\/sacslab.com\/hu\/ablaktorlo-hajlitott-fogantyuval\/","title":{"rendered":"GLOSS-W PRIME \u2013 K\u00f6zbens\u0151 ablakt\u00f6rl\u0151 k\u00e9k gumis \u00e9llel"},"content":{"rendered":"<div class=\"testo ecobox-block\">\n<p><label class=\"title-block\">ECO BOX<img decoding=\"async\" class=\"filmop-cetificates\" src=\"https:\/\/sacslab.com\/wp-content\/uploads\/2025\/02\/logo__greenEcoBox-1.svg\" alt=\"EcoBoxLogo\" \/><\/label><\/p>\n<div class=\"row\">\n<div class=\"col-md-auto feature-image\"><img decoding=\"async\" class=\"filmop-cetificates\" src=\"https:\/\/sacslab.com\/wp-content\/uploads\/2025\/02\/Riciclo_logo-2.svg\" alt=\"EcoBoxLogo\" \/><\/div>\n<div class=\"col-md feature-text\">\n<p><span class=\"ecobox-title\">ECO-FRIENDLY PRODUCT<\/span><\/p>\n<p>Elv\u00e1laszthat\u00f3 anyagokb\u00f3l k\u00e9sz\u00fclt term\u00e9k, k\u00f6vetkez\u00e9sk\u00e9ppen \u00e9lettartama v\u00e9g\u00e9n \u00fajrahasznos\u00edthat\u00f3.<br \/>\nA 2020. 09. 03-i 116. sz\u00e1m\u00fa t\u00f6rv\u00e9nyerej\u0171 rendeletnek megfelel\u0151 csomagol\u00e1sban \u00e9rt\u00e9kes\u00edtett term\u00e9k a haszn\u00e1lat v\u00e9g\u00e9n t\u00f6rt\u00e9n\u0151 helyes \u00e1rtalmatlan\u00edt\u00e1s \u00e9rdek\u00e9ben a k\u00f6rnyezetv\u00e9delmi c\u00edmk\u00e9z\u00e9s k\u00f6telezetts\u00e9g\u00e9r\u0151l. A c\u00e9g \u00e1ltal haszn\u00e1lt kartoncsomagol\u00e1sok 99%-a \u00e1tlagosan 80%-ban \u00fajrahasznos\u00edtott pap\u00edrb\u00f3l k\u00e9sz\u00fcl.<\/p>\n<\/div>\n<\/div>\n<\/div>\n<div class=\"testo\">\n<p><label class=\"title-block\">JELLEMZ\u0150K:<\/label><\/p>\n<ul>\n<li>\u00dct\u00e9s\u00e1ll\u00f3 m\u0171anyag markolattal \u00e9s k\u00f6nny\u0171, rozsdamentes alum\u00ednium tart\u00f3val k\u00e9sz\u00fclt.<\/li>\n<li>Kiterjesztett bimaterial gumival \u00e9s poliamid markolattal az ergonomikus, cs\u00fasz\u00e1smentes fog\u00e1s \u00e9rdek\u00e9ben.<\/li>\n<li>A bilincsnek k\u00f6sz\u00f6nhet\u0151en a csatorna r\u00f6gz\u00edt\u0151rendszere biztos\u00edtja a penge szil\u00e1rdan tart\u00e1s\u00e1t.<\/li>\n<li>Praktikus \u00e9s gyors pengecsere-rendszerrel, az ac\u00e9ltart\u00f3 kiold\u00e1sa n\u00e9lk\u00fcl.<\/li>\n<li>\u00c1ll\u00edthat\u00f3 \u00e9s z\u00e1rhat\u00f3 ablakt\u00f6rl\u0151 fejjel: a k\u00f6zponti gomb elforgat\u00e1s\u00e1val d\u00f6nthet \u00fagy, hogy szabadon csukl\u00f3san dolgozik \u00e9s\/vagy r\u00f6gz\u00edtett helyzetben r\u00f6gz\u00edti, megk\u00f6nny\u00edtve ezzel a tiszt\u00edt\u00e1st a legnehezebb helyeken is.<\/li>\n<li>A k\u00f6z\u00e9ps\u0151 helyzet gyorsan r\u00f6gz\u00edthet\u0151 a z\u00e1r gomb megnyom\u00e1s\u00e1val.<\/li>\n<li>K\u00e9k term\u00e9szetes gumi peng\u00e9vel, z\u00e1rt cell\u00e1val az optim\u00e1lis sikl\u00e1s \u00e9rdek\u00e9ben.<\/li>\n<li>A menetes csatlakoz\u00e1s szil\u00e1rdan r\u00f6gz\u00edti a term\u00e9ket a foganty\u00fahoz, elker\u00fclve a vesz\u00e9lyes kiold\u00f3d\u00e1st.<\/li>\n<li>Kompatibilis a Uni-Connect rendszerrel: a rendszer lehet\u0151v\u00e9 teszi, hogy gyorsan \u00e9s egyszer\u0171en csatlakoztassa ugyanazt a foganty\u00fat b\u00e1rmely tiszt\u00edt\u00f3szersz\u00e1mhoz, \u00e9s gyorsan v\u00e1ltson egyik eszk\u00f6zr\u0151l a m\u00e1sikra (felmos\u00f3 tart\u00f3, ablakt\u00f6rl\u0151, porsz\u00edv\u00f3&#8230;).<\/li>\n<li>Haszn\u00e1lhat\u00f3 menetes foganty\u00fakkal, Uni-Connect \u00f8 21 mm-es k\u00f3nuszos oszlopokkal \u00e9s Uni-Connect \u00f8 23 mm-es k\u00f3nuszos teleszk\u00f3pos foganty\u00fakkal.<\/li>\n<\/ul>\n<\/div>\n<p class=\"nota-prodotto\">Kompatibilis a Uni-Connect rendszerrel.<\/p>\n<div class=\"testo\">\n<p><label class=\"title-block\">ANYAG:<\/label><\/p>\n<p>Poliamid, h\u0151re l\u00e1gyul\u00f3 gumi, POM, rozsdamentes ac\u00e9l \u00e9s term\u00e9szetes gumi.<\/p>\n<\/div>\n","protected":false},"excerpt":{"rendered":"<p><strong>HASZN\u00c1LAT:<\/strong><\/p>\n<p>Teljes k\u00f3bor m\u0171anyag ablakt\u00f6rl\u0151 olasz menettel \u00e9s k\u00e9k gumis \u00e9llel. Lehet\u0151v\u00e9 teszi a fel\u00fclet t\u00f6k\u00e9letes tiszt\u00edt\u00e1s\u00e1t egyetlen h\u00faz\u00e1ssal. \u201eS\u201d mozdulattal haszn\u00e1lhat\u00f3 fentr\u0151l lefel\u00e9. Kompatibilis az Uni-Connect rendszerrel.<\/p>\n<p>Az \u00e1ll\u00edthat\u00f3 \u00e9s z\u00e1rhat\u00f3 fejjel ell\u00e1tott ablakt\u00f6rl\u0151vel d\u00f6nthet arr\u00f3l, hogy szabadon dolgozik \u2013 a csukl\u00f3n kereszt\u00fcl, vagy r\u00f6gz\u00edtheti azt egy fix poz\u00edci\u00f3ba, ez\u00e1ltal megk\u00f6nny\u00edtve a nehezen el\u00e9rhet\u0151 helyeken val\u00f3 tiszt\u00edt\u00e1st.<\/p>\n<div class=\"wrapper-img-system\"><img decoding=\"async\" src=\"https:\/\/media.filmop.com\/icons\/__logo__Uni-Connect__.png\" alt=\"Log\u00f3\" \/><\/div>\n","protected":false},"featured_media":33878,"template":"","meta":{"inline_featured_image":false},"product_cat":[230,277],"product_tag":[],"class_list":{"0":"post-16312","1":"product","2":"type-product","3":"status-publish","4":"has-post-thumbnail","6":"product_cat-takarito-eszkozok","7":"product_cat-uveg","9":"first","10":"onbackorder","11":"taxable","12":"shipping-taxable","13":"purchasable","14":"product-type-variable"},"bundled_by":[],"bundle_stock_status":"onbackorder","bundle_stock_quantity":0,"bundle_virtual":false,"bundle_layout":"","bundle_add_to_cart_form_location":"","bundle_editable_in_cart":false,"bundle_sold_individually_context":"","bundle_item_grouping":"","bundle_min_size":"","bundle_max_size":"","bundle_price":[],"bundled_items":[],"bundle_sell_ids":[],"_links":{"self":[{"href":"https:\/\/sacslab.com\/hu\/wp-json\/wp\/v2\/product\/16312","targetHints":{"allow":["GET"]}}],"collection":[{"href":"https:\/\/sacslab.com\/hu\/wp-json\/wp\/v2\/product"}],"about":[{"href":"https:\/\/sacslab.com\/hu\/wp-json\/wp\/v2\/types\/product"}],"wp:featuredmedia":[{"embeddable":true,"href":"https:\/\/sacslab.com\/hu\/wp-json\/wp\/v2\/media\/33878"}],"wp:attachment":[{"href":"https:\/\/sacslab.com\/hu\/wp-json\/wp\/v2\/media?parent=16312"}],"wp:term":[{"taxonomy":"product_cat","embeddable":true,"href":"https:\/\/sacslab.com\/hu\/wp-json\/wp\/v2\/product_cat?post=16312"},{"taxonomy":"product_tag","embeddable":true,"href":"https:\/\/sacslab.com\/hu\/wp-json\/wp\/v2\/product_tag?post=16312"}],"curies":[{"name":"wp","href":"https:\/\/api.w.org\/{rel}","templated":true}]}}