{"id":16356,"date":"2024-05-29T13:49:22","date_gmt":"2024-05-29T11:49:22","guid":{"rendered":"https:\/\/sacslab.com\/nem-kategorizalt\/ketreszes-teleszkopos-rud-olasz-menettel-az-uni-connect-rendszerhez\/"},"modified":"2025-08-24T18:45:37","modified_gmt":"2025-08-24T16:45:37","slug":"ket-reszes-teleszkopos-rud-olasz-menettel-az-uni-connect-rendszerhez","status":"publish","type":"product","link":"https:\/\/sacslab.com\/hu\/ket-reszes-teleszkopos-rud-olasz-menettel-az-uni-connect-rendszerhez\/","title":{"rendered":"K\u00e9t r\u00e9szes teleszk\u00f3pos r\u00fad olasz menettel az Uni-Connect rendszerhez"},"content":{"rendered":"<p>&nbsp;<\/p>\n<div class=\"testo ecobox-block\">\n<p><label class=\"title-block\"><span style=\"vertical-align: inherit;\"><span style=\"vertical-align: inherit;\">ECO BOX<\/span><\/span><img decoding=\"async\" class=\"filmop-cetificates\" src=\"https:\/\/sacslab.com\/wp-content\/uploads\/2025\/02\/logo__greenEcoBox-1.svg\" alt=\"EcoBox log\u00f3\" \/><\/label><\/p>\n<div class=\"row\">\n<div class=\"col-md-auto feature-image\"><img decoding=\"async\" class=\"filmop-cetificates\" src=\"https:\/\/sacslab.com\/wp-content\/uploads\/2025\/02\/Riciclo_logo-2.svg\" alt=\"EcoBox log\u00f3\" \/><\/div>\n<div class=\"col-md feature-text\">\n<p><span class=\"ecobox-title\"><span style=\"vertical-align: inherit;\"><span style=\"vertical-align: inherit;\">ECO-FRIENDLY PRODUCT<\/span><\/span><\/span><\/p>\n<p><span style=\"vertical-align: inherit;\"><span style=\"vertical-align: inherit;\">A term\u00e9k a haszn\u00e1lat v\u00e9g\u00e9n t\u00f6rt\u00e9n\u0151 megfelel\u0151 \u00e1rtalmatlan\u00edt\u00e1s \u00e9rdek\u00e9ben a k\u00f6rnyezetv\u00e9delmi c\u00edmk\u00e9z\u00e9si k\u00f6telezetts\u00e9gr\u0151l sz\u00f3l\u00f3, 2020.09.03-i 116. sz. t\u00f6rv\u00e9nyerej\u0171 rendeletnek megfelel\u0151 csomagol\u00e1sban ker\u00fcl \u00e9rt\u00e9kes\u00edt\u00e9sre.<br \/>\nA v\u00e1llalat \u00e1ltal haszn\u00e1lt kartoncsomagol\u00e1s 99%-a \u00e1tlagosan 80%-ban \u00fajrahasznos\u00edtott pap\u00edrb\u00f3l k\u00e9sz\u00fcl. <\/span><\/span><\/p>\n<\/div>\n<\/div>\n<\/div>\n<div class=\"testo\">\n<p><label class=\"title-block\"><span style=\"vertical-align: inherit;\"><span style=\"vertical-align: inherit;\">TULAJDONS\u00c1GOK:<\/span><\/span><\/label><\/p>\n<ul>\n<li>Alum\u00edniumb\u00f3l k\u00e9sz\u00fclt rozsdamentes ac\u00e9llal kombin\u00e1lva, \u00edgy rendk\u00edv\u00fcl k\u00f6nny\u0171.<\/li>\n<li><span style=\"vertical-align: inherit;\"><span style=\"vertical-align: inherit;\">K\u00f6nny\u0171 kezelhet\u0151s\u00e9g a gumi foganty\u00fanak k\u00f6sz\u00f6nhet\u0151en.<\/span><\/span><\/li>\n<li><span style=\"vertical-align: inherit;\"><span style=\"vertical-align: inherit;\">A m\u0171anyag csavarnak k\u00f6sz\u00f6nhet\u0151en a k\u00edv\u00e1nt magass\u00e1gban r\u00f6gz\u00edthet\u0151.<\/span><\/span><\/li>\n<li><span style=\"vertical-align: inherit;\"><span style=\"vertical-align: inherit;\">A k\u00fapot \u00fagy tervezt\u00e9k, hogy biztons\u00e1gosan r\u00f6gz\u00fclj\u00f6n a szersz\u00e1mokhoz, a tiszt\u00edt\u00e1si m\u0171veletek sor\u00e1n a hely\u00e9n tartja \u0151ket, \u00e9s megakad\u00e1lyozza a vesz\u00e9lyes kilazul\u00e1st.<\/span><\/span><\/li>\n<li><span style=\"vertical-align: inherit;\"><span style=\"vertical-align: inherit;\">Az Uni-Connect rendszer lehet\u0151v\u00e9 teszi, hogy gyorsan \u00e9s egyszer\u0171en csatlakoztassa ugyanazt a foganty\u00fat b\u00e1rmely tiszt\u00edt\u00f3eszk\u00f6zh\u00f6z, \u00e9s gyorsan v\u00e1ltson egyik eszk\u00f6zr\u0151l a m\u00e1sikra (keret, facsar\u00f3, porsz\u00edv\u00f3&#8230;).<\/span><\/span><\/li>\n<\/ul>\n<\/div>\n<div class=\"testo\">\n<p><label class=\"title-block\"><span style=\"vertical-align: inherit;\"><span style=\"vertical-align: inherit;\">ANYAG:<\/span><\/span><\/label><\/p>\n<p><span style=\"vertical-align: inherit;\"><span style=\"vertical-align: inherit;\">Elox\u00e1lt alum\u00ednium, polipropil\u00e9n-kopolimer, poliamid \u00e9s acet\u00e1lgyanta.<\/span><\/span><\/p>\n<\/div>\n","protected":false},"excerpt":{"rendered":"<p>Alum\u00ednium teleszk\u00f3pos r\u00fad v\u00e9gk\u00fappal \u00e9s olasz menettel az Uni-Connect rendszerhez \u2013 k\u00e9t r\u00e9szes.<\/p>\n<p><strong>HASZN\u00c1LAT:<\/strong><\/p>\n<p>K\u00fcl\u00f6nf\u00e9le tiszt\u00edt\u00f3 eszk\u00f6z\u00f6k (\u00fcveg, fel\u00fcletek \u00e9s padl\u00f3k) k\u00f6nnyen csatlakoztathat\u00f3k a r\u00fadhoz az Uni-Connect univerz\u00e1lis csatlakoz\u00e1s\u00e1nak k\u00f6sz\u00f6nhet\u0151en, \u00edgy k\u00f6nnyen tiszt\u00edthat\u00f3 b\u00e1rmely fel\u00fclet, m\u00e9g a legmagasabb \u00e9s legnehezebben el\u00e9rhet\u0151 is. Az Uni-Connect rendszer azonnal \u00e9s biztons\u00e1gosan \u00f6sszek\u00f6ti a k\u00f6rnyezet tiszt\u00edt\u00e1s\u00e1hoz sz\u00fcks\u00e9ges \u00f6sszes eszk\u00f6zt. Haszn\u00e1lhat\u00f3 nagy ablakok, mennyezetek \u00e9s magasan nehezen el\u00e9rhet\u0151 f\u00fcgg\u0151leges falak tiszt\u00edt\u00e1s\u00e1ra.<\/p>\n<div class=\"info-system\">\n<div class=\"wrapper-img-system\"><img decoding=\"async\" src=\"https:\/\/media.filmop.com\/icons\/__logo__Uni-Connect__.png\" alt=\"Log\u00f3\" \/><\/div>\n<\/div>\n","protected":false},"featured_media":41229,"template":"","meta":{"inline_featured_image":false},"product_cat":[230,231,277],"product_tag":[],"class_list":{"0":"post-16356","1":"product","2":"type-product","3":"status-publish","4":"has-post-thumbnail","6":"product_cat-takarito-eszkozok","7":"product_cat-portorlok","8":"product_cat-uveg","10":"first","11":"onbackorder","12":"taxable","13":"shipping-taxable","14":"purchasable","15":"product-type-variable"},"bundled_by":[],"bundle_stock_status":"onbackorder","bundle_stock_quantity":null,"bundle_virtual":false,"bundle_layout":"","bundle_add_to_cart_form_location":"","bundle_editable_in_cart":false,"bundle_sold_individually_context":"","bundle_item_grouping":"","bundle_min_size":"","bundle_max_size":"","bundle_price":[],"bundled_items":[],"bundle_sell_ids":[],"_links":{"self":[{"href":"https:\/\/sacslab.com\/hu\/wp-json\/wp\/v2\/product\/16356","targetHints":{"allow":["GET"]}}],"collection":[{"href":"https:\/\/sacslab.com\/hu\/wp-json\/wp\/v2\/product"}],"about":[{"href":"https:\/\/sacslab.com\/hu\/wp-json\/wp\/v2\/types\/product"}],"wp:featuredmedia":[{"embeddable":true,"href":"https:\/\/sacslab.com\/hu\/wp-json\/wp\/v2\/media\/41229"}],"wp:attachment":[{"href":"https:\/\/sacslab.com\/hu\/wp-json\/wp\/v2\/media?parent=16356"}],"wp:term":[{"taxonomy":"product_cat","embeddable":true,"href":"https:\/\/sacslab.com\/hu\/wp-json\/wp\/v2\/product_cat?post=16356"},{"taxonomy":"product_tag","embeddable":true,"href":"https:\/\/sacslab.com\/hu\/wp-json\/wp\/v2\/product_tag?post=16356"}],"curies":[{"name":"wp","href":"https:\/\/api.w.org\/{rel}","templated":true}]}}