{"id":16410,"date":"2024-06-03T10:28:33","date_gmt":"2024-06-03T08:28:33","guid":{"rendered":"https:\/\/sacslab.com\/nem-kategorizalt\/csap-a-tartalyhoz\/"},"modified":"2025-04-14T12:18:08","modified_gmt":"2025-04-14T10:18:08","slug":"muanyag-csap-menetes-kannahoz","status":"publish","type":"product","link":"https:\/\/sacslab.com\/hu\/muanyag-csap-menetes-kannahoz\/","title":{"rendered":"M\u0171anyag csap menetes kann\u00e1hoz"},"content":{"rendered":"","protected":false},"excerpt":{"rendered":"<p>Praktikus, \u00fajrat\u00f6lthet\u0151 m\u0171anyag csap 10 literes, menetes nyak\u00fa kann\u00e1khoz.<br data-start=\"864\" data-end=\"867\" \/>Lehet\u0151v\u00e9 teszi a tiszt\u00edt\u00f3szerek egyszer\u0171 \u00e9s pontos adagol\u00e1s\u00e1t <strong>munka flakonokba.<\/strong><\/p>\n","protected":false},"featured_media":16412,"template":"","meta":{"inline_featured_image":false},"product_cat":[549],"product_tag":[],"class_list":{"0":"post-16410","1":"product","2":"type-product","3":"status-publish","4":"has-post-thumbnail","6":"product_cat-tartozekok","8":"first","9":"instock","10":"taxable","11":"shipping-taxable","12":"purchasable","13":"product-type-simple"},"bundled_by":[],"bundle_stock_status":"instock","bundle_stock_quantity":268,"bundle_virtual":false,"bundle_layout":"","bundle_add_to_cart_form_location":"","bundle_editable_in_cart":false,"bundle_sold_individually_context":"","bundle_item_grouping":"","bundle_min_size":"","bundle_max_size":"","bundle_price":[],"bundled_items":[],"bundle_sell_ids":[],"_links":{"self":[{"href":"https:\/\/sacslab.com\/hu\/wp-json\/wp\/v2\/product\/16410","targetHints":{"allow":["GET"]}}],"collection":[{"href":"https:\/\/sacslab.com\/hu\/wp-json\/wp\/v2\/product"}],"about":[{"href":"https:\/\/sacslab.com\/hu\/wp-json\/wp\/v2\/types\/product"}],"wp:featuredmedia":[{"embeddable":true,"href":"https:\/\/sacslab.com\/hu\/wp-json\/wp\/v2\/media\/16412"}],"wp:attachment":[{"href":"https:\/\/sacslab.com\/hu\/wp-json\/wp\/v2\/media?parent=16410"}],"wp:term":[{"taxonomy":"product_cat","embeddable":true,"href":"https:\/\/sacslab.com\/hu\/wp-json\/wp\/v2\/product_cat?post=16410"},{"taxonomy":"product_tag","embeddable":true,"href":"https:\/\/sacslab.com\/hu\/wp-json\/wp\/v2\/product_tag?post=16410"}],"curies":[{"name":"wp","href":"https:\/\/api.w.org\/{rel}","templated":true}]}}