{"id":16417,"date":"2024-06-03T12:02:55","date_gmt":"2024-06-03T10:02:55","guid":{"rendered":"https:\/\/sacslab.com\/nem-kategorizalt\/feher-kocsi-3110-szurke-gumikerekekkel-es-lokharitokkal\/"},"modified":"2025-04-30T17:14:16","modified_gmt":"2025-04-30T15:14:16","slug":"szennyes-kocsi-3110-szurke-gumi-kerekekkel-es-utkozokel","status":"publish","type":"product","link":"https:\/\/sacslab.com\/hu\/szennyes-kocsi-3110-szurke-gumi-kerekekkel-es-utkozokel\/","title":{"rendered":"SZENNYES KOCSI 3110 \u2013 SZ\u00dcRKE, GUMI KEREKEKKEL \u00c9S \u00dcTK\u00d6Z\u0150KEL"},"content":{"rendered":"<p>&nbsp;<\/p>\n<div class=\"testo ecobox-block\">\n<p><label class=\"title-block\"><span style=\"vertical-align: inherit;\"><span style=\"vertical-align: inherit;\">ECO BOX<\/span><\/span><img decoding=\"async\" class=\"filmop-cetificates\" src=\"https:\/\/sacslab.com\/wp-content\/uploads\/2025\/02\/logo__greenEcoBox-1.svg\" alt=\"EcoBox log\u00f3\" \/><\/label><\/p>\n<div class=\"row\">\n<div class=\"col-md-auto feature-image\"><img decoding=\"async\" class=\"filmop-cetificates\" src=\"https:\/\/sacslab.com\/wp-content\/uploads\/2025\/02\/Carbon_footprint_Logo-2.svg\" alt=\"EcoBox log\u00f3\" \/><\/div>\n<div class=\"col-md feature-text\">\n<p><span class=\"ecobox-title\"><span style=\"vertical-align: inherit;\"><span style=\"vertical-align: inherit;\">CARBON FOOTPRINT<\/span><\/span><\/span><\/p>\n<p><span style=\"vertical-align: inherit;\"><span style=\"vertical-align: inherit;\">Filmop az UNI EN ISO 14067:2018 szabv\u00e1ny szerint elv\u00e9gzett Carbon Footprint Systematic Approach (Sz\u00e9nl\u00e1bnyom rendszerszeml\u00e9let\u0171 megk\u00f6zel\u00edt\u00e9s) szerint tan\u00fas\u00edtott, amely lehet\u0151v\u00e9 teszi a term\u00e9k k\u00f6rnyezeti hat\u00e1s\u00e1nak sz\u00e1mszer\u0171s\u00edt\u00e9s\u00e9t a CO <\/span><\/span><sub><span style=\"vertical-align: inherit;\"><span style=\"vertical-align: inherit;\">2<\/span><\/span><\/sub><span style=\"vertical-align: inherit;\"><span style=\"vertical-align: inherit;\"> kibocs\u00e1t\u00e1s m\u00e9rt\u00e9k\u00e9t az \u00e9letciklus minden egyes szakasz\u00e1ban.<\/span><\/span><\/p>\n<\/div>\n<\/div>\n<div class=\"row\">\n<div class=\"col-md-auto feature-image\"><img decoding=\"async\" class=\"filmop-cetificates\" src=\"https:\/\/sacslab.com\/wp-content\/uploads\/2025\/02\/Riciclo_logo-2.svg\" alt=\"EcoBox log\u00f3\" \/><\/div>\n<div class=\"col-md feature-text\">\n<p><span class=\"ecobox-title\"><span style=\"vertical-align: inherit;\"><span style=\"vertical-align: inherit;\">ECO-FRIENDLY PRODUCT<\/span><\/span><\/span><\/p>\n<p><span style=\"vertical-align: inherit;\"><span style=\"vertical-align: inherit;\">Sz\u00e9tv\u00e1laszthat\u00f3 anyagokb\u00f3l k\u00e9sz\u00fclt term\u00e9k, amely \u00e9letciklusa v\u00e9g\u00e9n \u00fajrahasznos\u00edthat\u00f3. <\/span><\/span><br \/>\n<span style=\"vertical-align: inherit;\"><span style=\"vertical-align: inherit;\">A term\u00e9k a haszn\u00e1lat v\u00e9g\u00e9n t\u00f6rt\u00e9n\u0151 megfelel\u0151 \u00e1rtalmatlan\u00edt\u00e1s \u00e9rdek\u00e9ben a k\u00f6rnyezetv\u00e9delmi c\u00edmk\u00e9z\u00e9si k\u00f6telezetts\u00e9gr\u0151l sz\u00f3l\u00f3, 2020.09.03-i 116. sz. t\u00f6rv\u00e9nyerej\u0171 rendeletnek megfelel\u0151 csomagol\u00e1sban ker\u00fcl \u00e9rt\u00e9kes\u00edt\u00e9sre.<br \/>\nA v\u00e1llalat \u00e1ltal haszn\u00e1lt kartoncsomagol\u00e1s 99%-a \u00e1tlagosan 80%-ban \u00fajrahasznos\u00edtott pap\u00edrb\u00f3l k\u00e9sz\u00fcl. <\/span><\/span><\/p>\n<\/div>\n<\/div>\n<\/div>\n<div class=\"testo\">\n<p><label class=\"title-block\"><span style=\"vertical-align: inherit;\"><span style=\"vertical-align: inherit;\">TULAJDONS\u00c1GOK:<\/span><\/span><\/label><\/p>\n<ul>\n<li><span style=\"vertical-align: inherit;\"><span style=\"vertical-align: inherit;\">Er\u0151s m\u0171anyag alap a nagy teherb\u00edr\u00e1s \u00e9rdek\u00e9ben.<\/span><\/span><\/li>\n<li><span style=\"vertical-align: inherit;\"><span style=\"vertical-align: inherit;\">\u00f8 125 mm-es kerekek \u00e9s 35 mm-es fut\u00f3fel\u00fclet r\u00f6gz\u00edt\u0151lemezzel.<\/span><\/span><\/li>\n<li>Plasztifik\u00e1lt zs\u00e1k z\u00e1r\u00f3d\u00e1ssal, amely lehet\u0151v\u00e9 teszi, hogy a koszos t\u00f6r\u00f6lk\u00f6z\u0151k elrejt\u00e9sre ker\u00fcljenek a kocsi sz\u00e1ll\u00edt\u00e1sa k\u00f6zben.<\/li>\n<li><span style=\"vertical-align: inherit;\"><span style=\"vertical-align: inherit;\">Gyors \u00e9s egyszer\u0171 \u00f6sszeszerel\u00e9s.<\/span><\/span><\/li>\n<li>K\u00f6nny\u0171 elt\u00e1vol\u00edtani a piszkos t\u00f6r\u00f6lk\u00f6z\u0151ket a zs\u00e1k keskeny oldal\u00e1n l\u00e9v\u0151 k\u00e9t cipz\u00e1rnak k\u00f6sz\u00f6nhet\u0151en.<\/li>\n<li><span style=\"vertical-align: inherit;\"><span style=\"vertical-align: inherit;\">Nagy zs\u00e1k 200L.<\/span><\/span><\/li>\n<li>K\u00f6nny\u0171 r\u00f6gz\u00edt\u00e9si rendszer az \u00f6vrendszer p\u00e1ntjainak k\u00f6sz\u00f6nhet\u0151en<\/li>\n<li>Lehet\u0151s\u00e9g az \u00f6sszek\u00f6t\u0151 mechanizmus felakaszt\u00e1s\u00e1ra az alap r\u00f6vid oldal\u00e1ra, \u00edgy t\u00f6bb kocsit lehet felakasztani, hogy egy teljes \u00e9s ide\u00e1lis rendszert hozzanak l\u00e9tre a sz\u00e1llod\u00e1k sz\u00e1m\u00e1ra.<\/li>\n<\/ul>\n<\/div>\n<div class=\"testo\">\n<p><label class=\"title-block\"><span style=\"vertical-align: inherit;\"><span style=\"vertical-align: inherit;\">ANYAG:<\/span><\/span><\/label><\/p>\n<p><span style=\"vertical-align: inherit;\"><span style=\"vertical-align: inherit;\">Polipropil\u00e9n kopolimer, Rilsan bevonat\u00fa ac\u00e9l \u00e9s m\u0171anyaggal bevont poli\u00e9szter.<\/span><\/span><\/p>\n<\/div>\n<div class=\"testo\">\n<p><label class=\"title-block\"><span style=\"vertical-align: inherit;\"><span style=\"vertical-align: inherit;\">GONDOZ\u00c1S \u00c9S KARBANTART\u00c1S:<\/span><\/span><\/label><\/p>\n<div class=\"col-avvertenze\"><\/div>\n<div class=\"col-lavaggio\">\n<p><label class=\"subtitle-block\"><span style=\"vertical-align: inherit;\"><span style=\"vertical-align: inherit;\">A ZS\u00c1K MOS\u00c1S\u00c1RA VONATKOZ\u00d3 UTAS\u00cdT\u00c1SOK:<\/span><\/span><\/label><\/p>\n<p><img decoding=\"async\" src=\"https:\/\/sacslab.com\/wp-content\/uploads\/2025\/02\/logo__lavaggioamano__.png\" alt=\"Log\u00f3\" \/><span style=\"vertical-align: inherit;\"><span style=\"vertical-align: inherit;\">K\u00e9zi mos\u00e1s, maxim\u00e1lis mos\u00e1si h\u0151m\u00e9rs\u00e9klet 40\u00b0C<\/span><\/span><\/p>\n<p><img decoding=\"async\" src=\"https:\/\/sacslab.com\/wp-content\/uploads\/2025\/02\/logo__30gradi__.png\" alt=\"Log\u00f3\" \/><span style=\"vertical-align: inherit;\"><span style=\"vertical-align: inherit;\">Maxim\u00e1lis mos\u00e1si h\u0151m\u00e9rs\u00e9klet: 30\u00b0C<\/span><\/span><\/p>\n<p><img decoding=\"async\" src=\"https:\/\/sacslab.com\/wp-content\/uploads\/2025\/02\/logo__stiratura__.png\" alt=\"Log\u00f3\" \/><span style=\"vertical-align: inherit;\"><span style=\"vertical-align: inherit;\">Nem szabad vasalni<\/span><\/span><\/p>\n<p><img decoding=\"async\" src=\"https:\/\/sacslab.com\/wp-content\/uploads\/2025\/02\/logo__lavaggiosecco__.png\" alt=\"Log\u00f3\" \/><span style=\"vertical-align: inherit;\"><span style=\"vertical-align: inherit;\">Nem szabad vegyszeresen tiszt\u00edtani<\/span><\/span><\/p>\n<p><span style=\"vertical-align: inherit;\"><span style=\"vertical-align: inherit;\">Ne haszn\u00e1ljon l\u00e1gy\u00edt\u00f3szert.<\/span><\/span><\/p>\n<p><span style=\"vertical-align: inherit;\"><span style=\"vertical-align: inherit;\">L\u00fagos mos\u00f3szereket haszn\u00e1ljon, pH 11.<\/span><\/span><\/p>\n<\/div>\n<\/div>\n","protected":false},"excerpt":{"rendered":"<p><strong data-start=\"1631\" data-end=\"1646\">ALKALMAZ\u00c1S:<\/strong><\/p>\n<p>Szennyestart\u00f3 kocsi sz\u00fcrke m\u0171anyag bevonattal \u00e9s fed\u00e9llel, amely ide\u00e1lis sz\u00e1llod\u00e1kban \u00e9s egy\u00e9b sz\u00e1ll\u00e1shelyeken a szennyes t\u00f6r\u00f6lk\u00f6z\u0151k \u00e9s \u00e1gynem\u0171k gy\u0171jt\u00e9s\u00e9re. Robusztus ac\u00e9lv\u00e1zzal k\u00e9sz\u00fclt, Rilsan bevonattal a korr\u00f3zi\u00f3- \u00e9s \u00fct\u00e9s\u00e1ll\u00f3s\u00e1g \u00e9rdek\u00e9ben, meghosszabb\u00edtva a term\u00e9k \u00e9lettartam\u00e1t. A kocsi k\u00f6nnyen kezelhet\u0151 \u00e9s napi haszn\u00e1latra alkalmas.<\/p>\n<p data-start=\"5626\" data-end=\"5646\"><strong data-start=\"5626\" data-end=\"5644\">FELSZERELTS\u00c9G:<\/strong><\/p>\n<ul>\n<li><strong>Gumi kerekek \u00f8125 mm \u00e9s \u00fctk\u00f6z\u0151k \u00f8200 mm.<\/strong><\/li>\n<li><strong>T\u00e1ska kapacit\u00e1sa: 200L<\/strong><\/li>\n<li><strong>M\u00e9retek: 101,5x64x92 cm<\/strong><\/li>\n<\/ul>\n","protected":false},"featured_media":16418,"template":"","meta":{"inline_featured_image":false},"product_cat":[230,327],"product_tag":[],"class_list":{"0":"post-16417","1":"product","2":"type-product","3":"status-publish","4":"has-post-thumbnail","6":"product_cat-takarito-eszkozok","7":"product_cat-szallodai-kocsik","9":"first","10":"onbackorder","11":"taxable","12":"shipping-taxable","13":"purchasable","14":"product-type-simple"},"bundled_by":[],"bundle_stock_status":"onbackorder","bundle_stock_quantity":0,"bundle_virtual":false,"bundle_layout":"","bundle_add_to_cart_form_location":"","bundle_editable_in_cart":false,"bundle_sold_individually_context":"","bundle_item_grouping":"","bundle_min_size":"","bundle_max_size":"","bundle_price":[],"bundled_items":[],"bundle_sell_ids":[],"_links":{"self":[{"href":"https:\/\/sacslab.com\/hu\/wp-json\/wp\/v2\/product\/16417","targetHints":{"allow":["GET"]}}],"collection":[{"href":"https:\/\/sacslab.com\/hu\/wp-json\/wp\/v2\/product"}],"about":[{"href":"https:\/\/sacslab.com\/hu\/wp-json\/wp\/v2\/types\/product"}],"wp:featuredmedia":[{"embeddable":true,"href":"https:\/\/sacslab.com\/hu\/wp-json\/wp\/v2\/media\/16418"}],"wp:attachment":[{"href":"https:\/\/sacslab.com\/hu\/wp-json\/wp\/v2\/media?parent=16417"}],"wp:term":[{"taxonomy":"product_cat","embeddable":true,"href":"https:\/\/sacslab.com\/hu\/wp-json\/wp\/v2\/product_cat?post=16417"},{"taxonomy":"product_tag","embeddable":true,"href":"https:\/\/sacslab.com\/hu\/wp-json\/wp\/v2\/product_tag?post=16417"}],"curies":[{"name":"wp","href":"https:\/\/api.w.org\/{rel}","templated":true}]}}