{"id":16460,"date":"2024-06-20T11:57:21","date_gmt":"2024-06-20T09:57:21","guid":{"rendered":"https:\/\/sacslab.com\/nem-kategorizalt\/aluminium-teleszkopos-fogantyu-ergonomikus-markolattal\/"},"modified":"2025-08-23T21:26:06","modified_gmt":"2025-08-23T19:26:06","slug":"aluminium-teleszkopos-nyel-ergonomikus-markolattal","status":"publish","type":"product","link":"https:\/\/sacslab.com\/hu\/aluminium-teleszkopos-nyel-ergonomikus-markolattal\/","title":{"rendered":"ALUM\u00cdNIUM TELESZK\u00d3POS NY\u00c9L ERGON\u00d3MIKUS MARKOLATTAL"},"content":{"rendered":"<p>&nbsp;<\/p>\n<div class=\"testo ecobox-block\">\n<p><label class=\"title-block\"><span style=\"vertical-align: inherit;\"><span style=\"vertical-align: inherit;\">ECO BOX<\/span><\/span><img decoding=\"async\" class=\"filmop-cetificates\" src=\"https:\/\/sacslab.com\/wp-content\/uploads\/2025\/02\/logo__greenEcoBox-1.svg\" alt=\"EcoBox log\u00f3\" \/><\/label><\/p>\n<div class=\"row\">\n<div class=\"col-md-auto feature-image\">\n<div class=\"row\">\n<div class=\"col-md-auto feature-image\"><img decoding=\"async\" class=\"filmop-cetificates\" src=\"https:\/\/sacslab.com\/wp-content\/uploads\/2025\/02\/Riciclo_logo-2.svg\" alt=\"Logo EcoBox\" \/><\/div>\n<div><\/div>\n<div class=\"col-md feature-text\">\n<div class=\"ecobox-title\" style=\"color: green; font-weight: bold; font-size: 16px; margin-top: 20px;\">ECO-FRIENDLY TERM\u00c9K<\/div>\n<p>A term\u00e9k elk\u00fcl\u00f6n\u00edthet\u0151 anyagokb\u00f3l k\u00e9sz\u00fclt, \u00e9s \u00e9lettartama v\u00e9g\u00e9n \u00fajrahasznos\u00edthat\u00f3.<br data-start=\"143\" data-end=\"146\" \/>A term\u00e9k olyan csomagol\u00e1sban ker\u00fcl forgalomba, amely megfelel a 2020.09.03-i 116-os sz\u00e1m\u00fa jogszab\u00e1lyban el\u0151\u00edrt k\u00f6rnyezetv\u00e9delmi jel\u00f6l\u00e9si k\u00f6telezetts\u00e9geknek a helyes hullad\u00e9kkezel\u00e9s \u00e9rdek\u00e9ben.<br data-start=\"337\" data-end=\"340\" \/>A v\u00e1llalat \u00e1ltal haszn\u00e1lt kartoncsomagol\u00e1sok 99%-a \u00e1tlagosan 80%-ban \u00fajrahasznos\u00edtott pap\u00edrb\u00f3l k\u00e9sz\u00fcl.<\/p>\n<\/div>\n<\/div>\n<div class=\"testo\">\n<p><label class=\"title-block\"><span style=\"vertical-align: inherit;\"><span style=\"vertical-align: inherit;\">JELLEMZ\u0150K:<\/span><\/span><\/label><\/p>\n<ul>\n<li data-start=\"444\" data-end=\"458\">Ergonomikus foganty\u00fa puha markolat\u00fa form\u00e1val \u00e9s puha tapint\u00e1s\u00fa anyagga.<\/li>\n<li data-start=\"444\" data-end=\"458\"><span style=\"vertical-align: inherit;\"><span style=\"vertical-align: inherit;\">\u00c1ll\u00edthat\u00f3 hossz\u00fas\u00e1g a k\u00fcl\u00f6nb\u00f6z\u0151 m\u0171k\u00f6d\u00e9si k\u00f6vetelm\u00e9nyeknek megfelel\u0151en.<\/span><\/span><\/li>\n<li data-start=\"444\" data-end=\"458\"><span style=\"vertical-align: inherit;\"><span style=\"vertical-align: inherit;\">Kompakt v\u00e1ltozatban is kaphat\u00f3 56 \u00e9s 93 cm k\u00f6z\u00f6tt, amely ide\u00e1lis a kis ter\u00fcleteken \u00e9s cs\u00f6kkentett munkater\u00fcleten t\u00f6rt\u00e9n\u0151 tiszt\u00edt\u00e1shoz.<\/span><\/span><\/li>\n<li data-start=\"444\" data-end=\"458\"><span style=\"vertical-align: inherit;\"><span style=\"vertical-align: inherit;\">A csavaros v\u00e9gk\u00fappal (0000AM3170A sz\u00e1m\u00fa foganty\u00fa) egy\u00fctt haszn\u00e1lva lehet\u0151v\u00e9 teszi az ablaktiszt\u00edt\u00f3 szersz\u00e1mok haszn\u00e1lat\u00e1t.<\/span><\/span><\/li>\n<\/ul>\n<\/div>\n<\/div>\n<\/div>\n<\/div>\n<div class=\"testo\"><\/div>\n<p class=\"nota-prodotto\"><span style=\"vertical-align: inherit;\"><span style=\"vertical-align: inherit;\">REF.:<br \/>\n0000AM3070 meghosszabb\u00edthat\u00f3 102-184 cm-ig &#8211; vol.<br \/>\n0000AM3090A meghosszabb\u00edthat\u00f3 56-t\u00f3l 93 cm-ig &#8211; K\u00fcls\u0151 cs\u0151 \u00f8 26 mm, bels\u0151 cs\u0151 \u00f8 23 mm <\/span><\/span><\/p>\n<div class=\"testo\">\n<p><label class=\"title-block\"><span style=\"vertical-align: inherit;\"><span style=\"vertical-align: inherit;\">ANYAG:<\/span><\/span><\/label><\/p>\n<p><span style=\"vertical-align: inherit;\"><span style=\"vertical-align: inherit;\">Polipropil\u00e9n kopolimer, acet\u00e1t gyanta, nejlon, h\u0151re l\u00e1gyul\u00f3 gumi \u00e9s alum\u00ednium.<\/span><\/span><\/p>\n<\/div>\n","protected":false},"excerpt":{"rendered":"<p class=\"\" data-start=\"167\" data-end=\"256\">K\u00e9tr\u00e9szes, elox\u00e1lt alum\u00ednium teleszk\u00f3pos ny\u00e9l ergonomikus markolattal \u00e9s sz\u00ednes kupakkal.<\/p>\n<p><strong data-start=\"258\" data-end=\"285\">Sokoldal\u00fa felhaszn\u00e1l\u00e1s:<\/strong><\/p>\n<ul>\n<li data-start=\"258\" data-end=\"365\">Haszn\u00e1lhat\u00f3 hagyom\u00e1nyos ny\u00e9lk\u00e9nt<\/li>\n<li data-start=\"258\" data-end=\"365\">Egyszer\u0171en kih\u00fazhat\u00f3 teleszk\u00f3pos r\u00fadd\u00e1<\/li>\n<\/ul>\n","protected":false},"featured_media":16467,"template":"","meta":{"inline_featured_image":false},"product_cat":[230,329],"product_tag":[],"class_list":{"0":"post-16460","1":"product","2":"type-product","3":"status-publish","4":"has-post-thumbnail","6":"product_cat-takarito-eszkozok","7":"product_cat-mopok","8":"pa_farba-kek","9":"pa_farba-red-hu","10":"pa_farba-sarga","11":"pa_farba-zold","13":"first","14":"onbackorder","15":"taxable","16":"shipping-taxable","17":"purchasable","18":"product-type-variable"},"bundled_by":[],"bundle_stock_status":"onbackorder","bundle_stock_quantity":null,"bundle_virtual":false,"bundle_layout":"","bundle_add_to_cart_form_location":"","bundle_editable_in_cart":false,"bundle_sold_individually_context":"","bundle_item_grouping":"","bundle_min_size":"","bundle_max_size":"","bundle_price":[],"bundled_items":[],"bundle_sell_ids":[],"_links":{"self":[{"href":"https:\/\/sacslab.com\/hu\/wp-json\/wp\/v2\/product\/16460","targetHints":{"allow":["GET"]}}],"collection":[{"href":"https:\/\/sacslab.com\/hu\/wp-json\/wp\/v2\/product"}],"about":[{"href":"https:\/\/sacslab.com\/hu\/wp-json\/wp\/v2\/types\/product"}],"wp:featuredmedia":[{"embeddable":true,"href":"https:\/\/sacslab.com\/hu\/wp-json\/wp\/v2\/media\/16467"}],"wp:attachment":[{"href":"https:\/\/sacslab.com\/hu\/wp-json\/wp\/v2\/media?parent=16460"}],"wp:term":[{"taxonomy":"product_cat","embeddable":true,"href":"https:\/\/sacslab.com\/hu\/wp-json\/wp\/v2\/product_cat?post=16460"},{"taxonomy":"product_tag","embeddable":true,"href":"https:\/\/sacslab.com\/hu\/wp-json\/wp\/v2\/product_tag?post=16460"}],"curies":[{"name":"wp","href":"https:\/\/api.w.org\/{rel}","templated":true}]}}