{"id":16508,"date":"2024-06-25T09:31:24","date_gmt":"2024-06-25T07:31:24","guid":{"rendered":"https:\/\/sacslab.com\/nem-kategorizalt\/alpha-3801000\/"},"modified":"2025-04-25T15:04:33","modified_gmt":"2025-04-25T13:04:33","slug":"tobbfunkcios-kocsi-alpha-3801000-tarolohellyel","status":"publish","type":"product","link":"https:\/\/sacslab.com\/hu\/tobbfunkcios-kocsi-alpha-3801000-tarolohellyel\/","title":{"rendered":"T\u00d6BBFUNKCI\u00d3S KOCSI ALPHA 3801000 t\u00e1rol\u00f3hellyel"},"content":{"rendered":"<div class=\"testo ecobox-block\">\n<p><label class=\"title-block\"><span style=\"vertical-align: inherit;\"><span style=\"vertical-align: inherit;\">ECO BOX<\/span><\/span><img decoding=\"async\" class=\"filmop-cetificates\" src=\"https:\/\/sacslab.com\/wp-content\/uploads\/2025\/02\/logo__greenEcoBox-1.svg\" alt=\"EcoBox log\u00f3\" \/><\/label><\/p>\n<div class=\"row\">\n<div class=\"col-md-auto feature-image\"><img decoding=\"async\" class=\"filmop-cetificates\" src=\"https:\/\/sacslab.com\/wp-content\/uploads\/2025\/02\/PSV_solo_marchio_azzurro-2.svg\" alt=\"EcoBox log\u00f3\" \/><\/div>\n<div class=\"col-md feature-text\">\n<p><span class=\"ecobox-title\"><span style=\"vertical-align: inherit;\"><span style=\"vertical-align: inherit;\">PSV PRODUCT<\/span><\/span><\/span><\/p>\n<p><span style=\"vertical-align: inherit;\"><span style=\"vertical-align: inherit;\">R\u00e9szben m\u0171anyag \u00f6sszetev\u0151kb\u0151l k\u00e9sz\u00fclt term\u00e9k, amely a PSV &#8211; Plastic Second Life tan\u00fas\u00edtv\u00e1nnyal rendelkezik: az els\u0151 olasz \u00e9s eur\u00f3pai k\u00f6rnyezetv\u00e9delmi term\u00e9ktan\u00fas\u00edt\u00f3 c\u00edmke, amely garant\u00e1lja \u00e9s megk\u00f6nny\u00edti az \u00fajrahasznos\u00edtott m\u0171anyag felhaszn\u00e1l\u00e1s\u00e1val el\u0151\u00e1ll\u00edtott term\u00e9kek azonos\u00edt\u00e1s\u00e1t.<\/span><\/span><\/p>\n<\/div>\n<\/div>\n<div class=\"row\">\n<div class=\"col-md-auto feature-image\"><img decoding=\"async\" class=\"filmop-cetificates\" src=\"https:\/\/sacslab.com\/wp-content\/uploads\/2025\/02\/Carbon_footprint_Logo-2.svg\" alt=\"EcoBox log\u00f3\" \/><\/div>\n<div class=\"col-md feature-text\">\n<p><span class=\"ecobox-title\"><span style=\"vertical-align: inherit;\"><span style=\"vertical-align: inherit;\">CARBON FOOTPRINT<\/span><\/span><\/span><\/p>\n<p><span style=\"vertical-align: inherit;\"><span style=\"vertical-align: inherit;\">Filmop az UNI EN ISO 14067:2018 szabv\u00e1ny szerint elv\u00e9gzett Carbon Footprint Systematic Approach (Sz\u00e9nl\u00e1bnyom rendszerszeml\u00e9let\u0171 megk\u00f6zel\u00edt\u00e9s) szerint tan\u00fas\u00edtott, amely lehet\u0151v\u00e9 teszi a term\u00e9k k\u00f6rnyezeti hat\u00e1s\u00e1nak sz\u00e1mszer\u0171s\u00edt\u00e9s\u00e9t a CO <\/span><\/span><sub><span style=\"vertical-align: inherit;\"><span style=\"vertical-align: inherit;\">2<\/span><\/span><\/sub><span style=\"vertical-align: inherit;\"><span style=\"vertical-align: inherit;\"> kibocs\u00e1t\u00e1s m\u00e9rt\u00e9k\u00e9t az \u00e9letciklus minden egyes szakasz\u00e1ban.<\/span><\/span><\/p>\n<\/div>\n<\/div>\n<div class=\"row\">\n<div class=\"col-md-auto feature-image\"><img decoding=\"async\" class=\"filmop-cetificates\" src=\"https:\/\/sacslab.com\/wp-content\/uploads\/2025\/02\/Riciclo_logo-2.svg\" alt=\"EcoBox log\u00f3\" \/><\/div>\n<div class=\"col-md feature-text\">\n<p><span class=\"ecobox-title\"><span style=\"vertical-align: inherit;\"><span style=\"vertical-align: inherit;\">ECO-FRIENDLY PRODUCT<\/span><\/span><\/span><\/p>\n<p><span style=\"vertical-align: inherit;\"><span style=\"vertical-align: inherit;\">Sz\u00e9tv\u00e1laszthat\u00f3 anyagokb\u00f3l k\u00e9sz\u00fclt term\u00e9k, amely \u00e9letciklusa v\u00e9g\u00e9n \u00fajrahasznos\u00edthat\u00f3. <\/span><\/span><br \/>\n<span style=\"vertical-align: inherit;\"><span style=\"vertical-align: inherit;\">A term\u00e9k a haszn\u00e1lat v\u00e9g\u00e9n t\u00f6rt\u00e9n\u0151 megfelel\u0151 \u00e1rtalmatlan\u00edt\u00e1s \u00e9rdek\u00e9ben a k\u00f6rnyezetv\u00e9delmi c\u00edmk\u00e9z\u00e9si k\u00f6telezetts\u00e9gr\u0151l sz\u00f3l\u00f3, 2020.09.03-i 116. sz. t\u00f6rv\u00e9nyerej\u0171 rendeletnek megfelel\u0151 csomagol\u00e1sban ker\u00fcl \u00e9rt\u00e9kes\u00edt\u00e9sre.<br \/>\nA v\u00e1llalat \u00e1ltal haszn\u00e1lt kartoncsomagol\u00e1s 99%-a \u00e1tlagosan 80%-ban \u00fajrahasznos\u00edtott pap\u00edrb\u00f3l k\u00e9sz\u00fcl. <\/span><\/span><\/p>\n<\/div>\n<\/div>\n<\/div>\n<div class=\"testo\">\n<p><label class=\"title-block\"><span style=\"vertical-align: inherit;\"><span style=\"vertical-align: inherit;\">TULAJDONS\u00c1GOK:<\/span><\/span><\/label><\/p>\n<ul>\n<li><span style=\"vertical-align: inherit;\"><span style=\"vertical-align: inherit;\">Kiv\u00e1l\u00f3 min\u0151s\u00e9g\u0171 polipropil\u00e9n kopolimerb\u0151l k\u00e9sz\u00fclt: k\u00f6nny\u0171, \u00fct\u00e9s\u00e1ll\u00f3, nagy terhel\u00e9snek \u00e9s alacsony h\u0151m\u00e9rs\u00e9kletnek ellen\u00e1ll\u00f3.<\/span><\/span><\/li>\n<li><span style=\"vertical-align: inherit;\"><span style=\"vertical-align: inherit;\">Er\u0151s, tart\u00f3s, ergonomikus, modul\u00e1ris, k\u00f6nnyen \u00f6sszeszerelhet\u0151 \u00e9s tiszt\u00edthat\u00f3.<\/span><\/span><\/li>\n<li><span style=\"vertical-align: inherit;\"><span style=\"vertical-align: inherit;\">Az alap felszerelhet\u0151 egy tov\u00e1bbi \u00f6t\u00f6dik ker\u00e9kkel k\u00f6z\u00e9pen, amely sokkal er\u0151sebb\u00e9 teszi azt egy nagy terhel\u00e9s\u0171 kocsi eset\u00e9n.<\/span><\/span><\/li>\n<li>A zs\u00e1ktart\u00f3 teljesen z\u00e1rt a jobb higi\u00e9nia \u00e9rdek\u00e9ben, \u00e9s az ajt\u00f3 lehet\u0151v\u00e9 teszi a kezel\u0151 sz\u00e1m\u00e1ra, hogy a zs\u00e1kot el\u00f6lr\u0151l \u00fcr\u00edtse ki.<\/li>\n<li><span style=\"vertical-align: inherit;\"><span style=\"vertical-align: inherit;\">A zs\u00e1ktart\u00f3 ergonomikus foganty\u00faval, foganty\u00fat\u00e1maszokkal, zs\u00e1kbet\u00e9ttel \u00e9s kamp\u00f3val van felszerelve. K\u00fcl\u00f6nb\u00f6z\u0151 v\u00e1ltozatokban kaphat\u00f3: 150 L, 2&#215;75 L, 1&#215;50 L + 1&#215;100 L, 3&#215;50 L. A fed\u00e9l csendes \u00e9s puha z\u00e1r\u00e1sa \u00e9rdek\u00e9ben \u00fct\u00e9scsillap\u00edt\u00f3 dugatty\u00fakkal van felszerelve. <\/span><\/span><\/li>\n<li><span style=\"vertical-align: inherit;\"><span style=\"vertical-align: inherit;\">A tart\u00f3 felszerelhet\u0151 ped\u00e1lk\u00e9szlettel, amely lehet\u0151v\u00e9 teszi, hogy a fed\u00e9l a kezel\u0151 kez\u00e9nek haszn\u00e1lata n\u00e9lk\u00fcl, l\u00e1bbal nyithat\u00f3 legyen.<\/span><\/span><\/li>\n<li><span style=\"vertical-align: inherit;\"><span style=\"vertical-align: inherit;\">K\u00f6zponti gy\u0171r\u0171 kulcsos fed\u00e9llel a biztons\u00e1g \u00e9rdek\u00e9ben, az \u00f6sszes tiszt\u00edt\u00f3szersz\u00e1mot egy teljesen z\u00e1rt kocsiban t\u00e1rolja.<\/span><\/span><\/li>\n<li><span style=\"vertical-align: inherit;\"><span style=\"vertical-align: inherit;\">4 literes v\u00f6dr\u00f6k k\u00fcl\u00f6nb\u00f6z\u0151 sz\u00ednekben a k\u00fcl\u00f6nb\u00f6z\u0151 k\u00e9miai oldatok \u00e9s eszk\u00f6z\u00f6k sz\u00e9tv\u00e1laszt\u00e1s\u00e1hoz.<\/span><\/span><\/li>\n<li><span style=\"vertical-align: inherit;\"><span style=\"vertical-align: inherit;\">A k\u00f6zponti t\u00e1rol\u00f3rekesz ajtaja kivehet\u0151 kulccsal \u00e9s foganty\u00faval felszerelt, kulcstart\u00f3 rekesszel ell\u00e1tott ajt\u00f3.<\/span><\/span><\/li>\n<li><span style=\"vertical-align: inherit;\"><span style=\"vertical-align: inherit;\">A polcok \u00e9s fi\u00f3kok t\u00f6bbf\u00e9le kombin\u00e1ci\u00f3ja kaphat\u00f3: 10 L, 22 L, 40 L fi\u00f3kok, kih\u00fazhat\u00f3 korl\u00e1toz\u00f3val felszerelve, z\u00e1rral vagy z\u00e1r n\u00e9lk\u00fcl.<\/span><\/span><\/li>\n<li><span style=\"vertical-align: inherit;\"><span style=\"vertical-align: inherit;\">A kocsi felszerelhet\u0151 kamp\u00f3kkal, elv\u00e1laszt\u00f3kosarakkal, hordoz\u00f3kosarakkal, foganty\u00fatart\u00f3kkal \u00e9s sz\u00e1mos m\u00e1s tartoz\u00e9kkal.\u00a0<\/span><\/span><\/li>\n<li><span style=\"vertical-align: inherit;\"><span style=\"vertical-align: inherit;\">Latexmentes term\u00e9k.<\/span><\/span><\/li>\n<\/ul>\n<\/div>\n<div class=\"testo\">\n<p><label class=\"title-block\"><span style=\"vertical-align: inherit;\"><span style=\"vertical-align: inherit;\">ANYAG:<\/span><\/span><\/label><\/p>\n<p><span style=\"vertical-align: inherit;\"><span style=\"vertical-align: inherit;\">Polipropil\u00e9n kopolimer<\/span><\/span><\/p>\n<\/div>\n","protected":false},"excerpt":{"rendered":"<p><strong data-start=\"2186\" data-end=\"2201\">ALKALMAZ\u00c1S:<\/strong><\/p>\n<p><strong>Kocsi, amely ide\u00e1lis hullad\u00e9kgy\u0171jt\u00e9shez \u00e9s tiszt\u00edt\u00f3szerek vagy takar\u00edt\u00f3eszk\u00f6z\u00f6k sz\u00e1ll\u00edt\u00e1s\u00e1hoz.<\/strong><\/p>\n<p>Kiv\u00e1l\u00f3 min\u0151s\u00e9g\u0171 polipropil\u00e9n kopolimerb\u0151l k\u00e9sz\u00fclt, amely k\u00f6nny\u0171 s\u00falyt, \u00fct\u00e9s\u00e1ll\u00f3s\u00e1got \u00e9s nagy teherb\u00edr\u00e1st biztos\u00edt. A kocsi praktikus t\u00e1rol\u00f3hellyel, ergonomikus foganty\u00faval, akaszt\u00f3kkal \u00e9s kosarakkal rendelkezik a tiszt\u00edt\u00f3szerek, rongyok vagy eszk\u00f6z\u00f6k k\u00e9nyelmes sz\u00e1ll\u00edt\u00e1s\u00e1hoz. A k\u00f6zponti t\u00e1rol\u00f3hely z\u00e1rhat\u00f3 rekesszel van felszerelve, amely elt\u00e1vol\u00edthat\u00f3 kulccsal \u00e9s k\u00fcl\u00f6n kulcstart\u00f3val rendelkezik.<\/p>\n<p><strong>M\u00c9RETEK: 124x58x110 cm<\/strong><\/p>\n<div class=\"info-system\">\n<div class=\"wrapper-img-system\"><img decoding=\"async\" class=\"filmop-cetificates\" src=\"https:\/\/sacslab.com\/wp-content\/uploads\/2025\/01\/Logo_Latex_free.svg\" alt=\"Logo\" \/><\/div>\n<\/div>\n","protected":false},"featured_media":16511,"template":"","meta":{"inline_featured_image":false},"product_cat":[230,318],"product_tag":[],"class_list":{"0":"post-16508","1":"product","2":"type-product","3":"status-publish","4":"has-post-thumbnail","6":"product_cat-takarito-eszkozok","7":"product_cat-tobbcelu-kocsik","9":"first","10":"onbackorder","11":"taxable","12":"shipping-taxable","13":"purchasable","14":"product-type-simple"},"bundled_by":[],"bundle_stock_status":"onbackorder","bundle_stock_quantity":0,"bundle_virtual":false,"bundle_layout":"","bundle_add_to_cart_form_location":"","bundle_editable_in_cart":false,"bundle_sold_individually_context":"","bundle_item_grouping":"","bundle_min_size":"","bundle_max_size":"","bundle_price":[],"bundled_items":[],"bundle_sell_ids":[],"_links":{"self":[{"href":"https:\/\/sacslab.com\/hu\/wp-json\/wp\/v2\/product\/16508","targetHints":{"allow":["GET"]}}],"collection":[{"href":"https:\/\/sacslab.com\/hu\/wp-json\/wp\/v2\/product"}],"about":[{"href":"https:\/\/sacslab.com\/hu\/wp-json\/wp\/v2\/types\/product"}],"wp:featuredmedia":[{"embeddable":true,"href":"https:\/\/sacslab.com\/hu\/wp-json\/wp\/v2\/media\/16511"}],"wp:attachment":[{"href":"https:\/\/sacslab.com\/hu\/wp-json\/wp\/v2\/media?parent=16508"}],"wp:term":[{"taxonomy":"product_cat","embeddable":true,"href":"https:\/\/sacslab.com\/hu\/wp-json\/wp\/v2\/product_cat?post=16508"},{"taxonomy":"product_tag","embeddable":true,"href":"https:\/\/sacslab.com\/hu\/wp-json\/wp\/v2\/product_tag?post=16508"}],"curies":[{"name":"wp","href":"https:\/\/api.w.org\/{rel}","templated":true}]}}