{"id":16601,"date":"2024-07-10T15:49:26","date_gmt":"2024-07-10T13:49:26","guid":{"rendered":"https:\/\/sacslab.com\/nem-kategorizalt\/on01-cserelheto-szorofejes-flakon-500ml\/"},"modified":"2025-11-21T15:54:42","modified_gmt":"2025-11-21T14:54:42","slug":"on01-munka-flakon-permetezovel-500ml-ures","status":"publish","type":"product","link":"https:\/\/sacslab.com\/hu\/on01-munka-flakon-permetezovel-500ml-ures\/","title":{"rendered":"ON01 &#8211; MUNKA FLAKON permetez\u0151vel 500ml \u2013 \u00fcres"},"content":{"rendered":"<p><strong>A praktikus, 500 ml-es<\/strong>\u00a0<strong>munka flakont<\/strong>\u00a0\u00fagy tervezt\u00e9k, hogy megk\u00f6nny\u00edtse a tiszt\u00edt\u00f3szerek \u00e1tt\u00f6lt\u00e9s\u00e9t egy nagy, 10 literes kann\u00e1b\u00f3l.<br \/>\nEz az \u00e1tt\u00f6lt\u0151rendszer lehet\u0151v\u00e9 teszi a flakon egyszer\u0171 \u00e9s hat\u00e9kony \u00fajrat\u00f6lt\u00e9s\u00e9t k\u00f6zvetlen\u00fcl a kann\u00e1b\u00f3l, egy\u00a0<strong>csap (tartoz\u00e9k)<\/strong>\u00a0seg\u00edts\u00e9g\u00e9vel.<\/p>\n<p>Az\u00a0<strong>Eco Dispensing Station (\u00f6koadagol\u00f3 \u00e1llom\u00e1s)<\/strong>\u00a0egy j\u00f3l bev\u00e1lt megold\u00e1s a sz\u00e1llodaiparban, vend\u00e9gl\u00e1t\u00e1sban \u00e9s minden olyan k\u00f6rnyezetben, ahol a hat\u00e9kony takar\u00edt\u00e1s elengedhetetlen.<\/p>\n<p><strong>F\u0151 el\u0151ny\u00f6k:<\/strong><\/p>\n<ul>\n<li><strong>Egyszer\u0171 ut\u00e1nt\u00f6lt\u00e9s:<\/strong>\u00a0A 10 literes kann\u00e1ra csatlakoztatott csap lehet\u0151v\u00e9 teszi a tiszt\u00edt\u00f3szerek z\u00f6kken\u0151mentes \u00e9s pontos \u00e1tt\u00f6lt\u00e9s\u00e9t a munka flakonba. Csak nyissa meg a csapot, \u00e9s t\u00f6ltse fel az \u00fcveget.<\/li>\n<li><strong>C\u00edmk\u00e9vel ell\u00e1tott:<\/strong>\u00a0A flakon mindig rendelkezik egy j\u00f3l l\u00e1that\u00f3 c\u00edmk\u00e9vel, amely egy\u00e9rtelm\u0171en jel\u00f6li a tartalm\u00e1t, ezzel minim\u00e1lisra cs\u00f6kkentve a tiszt\u00edt\u00f3szerek \u00f6sszekever\u00e9s\u00e9nek kock\u00e1zat\u00e1t.<\/li>\n<li><strong>Gyakorlati kialak\u00edt\u00e1s:<\/strong>\u00a0500 ml-es \u0171rtartalma ide\u00e1liss\u00e1 teszi a napi haszn\u00e1latra.<\/li>\n<li><strong>\u00dajrat\u00f6lthet\u0151 rendszer:<\/strong>\u00a0Lehet\u0151v\u00e9 teszi a flakon \u00fajrat\u00f6lt\u00e9s\u00e9t nagym\u00e9ret\u0171 kiszerel\u00e9sb\u0151l, cs\u00f6kkentve ezzel a csomagol\u00e1si hullad\u00e9kot.<\/li>\n<li><strong>Ide\u00e1lis professzion\u00e1lis haszn\u00e1latra:<\/strong>\u00a0A praktikus \u00e1tt\u00f6lt\u0151rendszer rendet, \u00e1tl\u00e1that\u00f3s\u00e1got \u00e9s hat\u00e9kony k\u00e9szletkezel\u00e9st biztos\u00edt.<\/li>\n<\/ul>\n<p>Tov\u00e1bbi inform\u00e1ci\u00f3 az\u00a0<strong>EDS \u2013 Eco Dispensing Station<\/strong>\u00a0rendszerr\u0151l\u00a0<a href=\"https:\/\/sacslab.com\/hu\/eds\"><strong>ITT<\/strong><\/a><strong>.<\/strong><\/p>\n","protected":false},"excerpt":{"rendered":"<p><strong>A munka flakon<\/strong>\u00a0ide\u00e1lis megold\u00e1s olyan k\u00f6rnyezetekben, ahol nagy mennyis\u00e9g\u0171 tiszt\u00edt\u00f3szerre van sz\u00fcks\u00e9g.<br \/>\n\u00dagy lett kialak\u00edtva, hogy lehet\u0151v\u00e9 tegye a tiszt\u00edt\u00f3szerek egyszer\u0171 \u00e9s biztons\u00e1gos \u00e1tt\u00f6lt\u00e9s\u00e9t egy nagy, 10 literes kann\u00e1b\u00f3l kisebb\u00a0<strong>munka flakonokba<\/strong>, megk\u00f6nny\u00edtve ezzel a takar\u00edt\u00f3szem\u00e9lyzet napi munk\u00e1j\u00e1t.<\/p>\n<p>Az adagol\u00e1s az\u00a0<strong>Eco Dispensing Station (\u00f6koadagol\u00f3 \u00e1llom\u00e1s)<\/strong>\u00a0rendszeren kereszt\u00fcl t\u00f6rt\u00e9nik.<br \/>\nA kann\u00e1ra csatlakoztatott praktikus\u00a0<strong>m\u0171anyag csap<\/strong>\u00a0(tartoz\u00e9k) seg\u00edts\u00e9g\u00e9vel k\u00e9nyelmesen \u00e9s pontosan megt\u00f6lthet\u0151k a feliratozott munka flakonok a k\u00edv\u00e1nt tiszt\u00edt\u00f3szerrel.<\/p>\n<p>Ez a rendszer\u00a0<strong>rendet, \u00e1tl\u00e1that\u00f3s\u00e1got \u00e9s hat\u00e9kony k\u00e9szletgazd\u00e1lkod\u00e1st<\/strong>\u00a0biztos\u00edt a tiszt\u00edt\u00f3szerek t\u00e1rol\u00e1s\u00e1ban.<\/p>\n","protected":false},"featured_media":40901,"template":"","meta":{"inline_featured_image":false},"product_cat":[323],"product_tag":[],"class_list":{"0":"post-16601","1":"product","2":"type-product","3":"status-publish","4":"has-post-thumbnail","6":"product_cat-munka-flakonok","8":"first","9":"instock","10":"taxable","11":"shipping-taxable","12":"purchasable","13":"product-type-simple"},"bundled_by":[],"bundle_stock_status":"instock","bundle_stock_quantity":511,"bundle_virtual":false,"bundle_layout":"","bundle_add_to_cart_form_location":"","bundle_editable_in_cart":false,"bundle_sold_individually_context":"","bundle_item_grouping":"","bundle_min_size":"","bundle_max_size":"","bundle_price":[],"bundled_items":[],"bundle_sell_ids":[],"_links":{"self":[{"href":"https:\/\/sacslab.com\/hu\/wp-json\/wp\/v2\/product\/16601","targetHints":{"allow":["GET"]}}],"collection":[{"href":"https:\/\/sacslab.com\/hu\/wp-json\/wp\/v2\/product"}],"about":[{"href":"https:\/\/sacslab.com\/hu\/wp-json\/wp\/v2\/types\/product"}],"wp:featuredmedia":[{"embeddable":true,"href":"https:\/\/sacslab.com\/hu\/wp-json\/wp\/v2\/media\/40901"}],"wp:attachment":[{"href":"https:\/\/sacslab.com\/hu\/wp-json\/wp\/v2\/media?parent=16601"}],"wp:term":[{"taxonomy":"product_cat","embeddable":true,"href":"https:\/\/sacslab.com\/hu\/wp-json\/wp\/v2\/product_cat?post=16601"},{"taxonomy":"product_tag","embeddable":true,"href":"https:\/\/sacslab.com\/hu\/wp-json\/wp\/v2\/product_tag?post=16601"}],"curies":[{"name":"wp","href":"https:\/\/api.w.org\/{rel}","templated":true}]}}