{"id":16798,"date":"2024-05-29T11:06:41","date_gmt":"2024-05-29T09:06:41","guid":{"rendered":"https:\/\/sacslab.com\/nem-kategorizalt\/uniko-antibakterialis-osszecsukhato-felmosotarto-klippel-es-lock-rendszerrel\/"},"modified":"2025-04-23T22:08:04","modified_gmt":"2025-04-23T20:08:04","slug":"uniko-antibakterialis-osszecsukhato-felmosotarto-klippel-es-lock-rendszerrel","status":"publish","type":"product","link":"https:\/\/sacslab.com\/hu\/uniko-antibakterialis-osszecsukhato-felmosotarto-klippel-es-lock-rendszerrel\/","title":{"rendered":"UNIKO &#8211; antibakteri\u00e1lis, \u00f6sszecsukhat\u00f3 felmos\u00f3tart\u00f3 klippel \u00e9s LOCK rendszerrel"},"content":{"rendered":"<p>&nbsp;<\/p>\n<div class=\"testo ecobox-block\">\n<p><label class=\"title-block\"><span style=\"vertical-align: inherit;\"><span style=\"vertical-align: inherit;\">ECO BOX<\/span><\/span><img decoding=\"async\" class=\"filmop-cetificates\" src=\"https:\/\/sacslab.com\/wp-content\/uploads\/2025\/02\/logo__greenEcoBox-1.svg\" alt=\"EcoBox log\u00f3\" \/><\/label><\/p>\n<div class=\"row\">\n<div class=\"col-md-auto feature-image\"><img decoding=\"async\" class=\"filmop-cetificates\" src=\"https:\/\/sacslab.com\/wp-content\/uploads\/2025\/02\/CAM_logo-2.svg\" alt=\"EcoBox log\u00f3\" \/><\/div>\n<div class=\"col-md feature-text\">\n<p><span class=\"ecobox-title\"><span style=\"vertical-align: inherit;\"><span style=\"vertical-align: inherit;\">A Z\u00d6LD TERM\u00c9KEK K\u00d6ZIGAZGAT\u00c1SBAN T\u00d6RT\u00c9N\u0150 FELHASZN\u00c1L\u00c1S\u00c1R\u00d3L SZ\u00d3L\u00d3 EUR\u00d3PAI GPP-IR\u00c1NYMUTAT\u00c1SOKKAL \u00d6SSZHANGBAN<\/span><\/span><\/span><\/p>\n<p>A term\u00e9k alkalmas lapos mikrosz\u00e1las mopokkal \u00e9s el\u0151nedves\u00edt\u00e9si vagy \u201eig\u00e9ny szerinti\u201c kocsin t\u00f6rt\u00e9n\u0151 nedves\u00edt\u00e9si rendszerekkel val\u00f3 haszn\u00e1latra.<\/p>\n<\/div>\n<\/div>\n<div class=\"row\">\n<div class=\"col-md-auto feature-image\"><img decoding=\"async\" class=\"filmop-cetificates\" src=\"https:\/\/sacslab.com\/wp-content\/uploads\/2025\/02\/Riciclo_logo-2.svg\" alt=\"EcoBox log\u00f3\" \/><\/div>\n<div class=\"col-md feature-text\">\n<p><span class=\"ecobox-title\"><span style=\"vertical-align: inherit;\"><span style=\"vertical-align: inherit;\">ECO-FRIENDLY PRODUCT<\/span><\/span><\/span><\/p>\n<p><span style=\"vertical-align: inherit;\"><span style=\"vertical-align: inherit;\">Sz\u00e9tv\u00e1laszthat\u00f3 anyagokb\u00f3l k\u00e9sz\u00fclt term\u00e9k, amely \u00e9letciklusa v\u00e9g\u00e9n \u00fajrahasznos\u00edthat\u00f3. <\/span><\/span><span style=\"vertical-align: inherit;\"><span style=\"vertical-align: inherit;\">A term\u00e9k a haszn\u00e1lat v\u00e9g\u00e9n t\u00f6rt\u00e9n\u0151 megfelel\u0151 \u00e1rtalmatlan\u00edt\u00e1s \u00e9rdek\u00e9ben a k\u00f6rnyezetv\u00e9delmi c\u00edmk\u00e9z\u00e9si k\u00f6telezetts\u00e9gr\u0151l sz\u00f3l\u00f3, 2020.09.03-i 116. sz. t\u00f6rv\u00e9nyerej\u0171 rendeletnek megfelel\u0151 csomagol\u00e1sban ker\u00fcl \u00e9rt\u00e9kes\u00edt\u00e9sre. A v\u00e1llalat \u00e1ltal haszn\u00e1lt kartoncsomagol\u00e1s 99%-a \u00e1tlagosan 80%-ban \u00fajrahasznos\u00edtott pap\u00edrb\u00f3l k\u00e9sz\u00fcl. <\/span><\/span><\/p>\n<\/div>\n<\/div>\n<\/div>\n<div class=\"testo\">\n<p><label class=\"title-block\"><span style=\"vertical-align: inherit;\"><span style=\"vertical-align: inherit;\">TULAJDONS\u00c1GOK:<\/span><\/span><\/label><\/p>\n<ul>\n<li><span style=\"vertical-align: inherit;\"><span style=\"vertical-align: inherit;\">Ez\u00fcstionokkal kezelt m\u0171anyagb\u00f3l k\u00e9sz\u00fclt, hogy a bakt\u00e9riumok ne szaporodjanak el.<\/span><\/span><\/li>\n<li><span style=\"vertical-align: inherit;\"><span style=\"vertical-align: inherit;\">Az ISO 22196:2011 szabv\u00e1ny szerint tesztelve: 99,9%-kal cs\u00f6kkenti az Escherichia coli fert\u0151z\u00e9st \u00e9s 99%-kal a Staphylococcus aureus fert\u0151z\u00e9st.<\/span><\/span><\/li>\n<li><span style=\"vertical-align: inherit;\"><span style=\"vertical-align: inherit;\">Az antibakteri\u00e1lis hat\u00e1s a term\u00e9k teljes \u00e9letciklusa alatt garant\u00e1lt.<\/span><\/span><\/li>\n<li><span style=\"vertical-align: inherit;\"><span style=\"vertical-align: inherit;\">Az Uniko szabadalmaztat\u00e1sra v\u00e1r.<\/span><\/span><\/li>\n<li><span style=\"vertical-align: inherit;\"><span style=\"vertical-align: inherit;\">Automatikus mopr\u00f6gz\u00edt\u0151 rendszerrel van felszerelve: a speci\u00e1lis r\u00f6gz\u00edt\u0151 bilincsnek k\u00f6sz\u00f6nhet\u0151en a mopfej szil\u00e1rdan r\u00f6gz\u00fcl a kerethez.<\/span><\/span><\/li>\n<li><span style=\"vertical-align: inherit;\"><span style=\"vertical-align: inherit;\">K\u00f6nny\u0171, praktikus, sz\u00e9les \u00e9s szab\u00e1lyos tiszt\u00edt\u00e1si fel\u00fclettel rendelkezik.<\/span><\/span><\/li>\n<li><span style=\"vertical-align: inherit;\"><span style=\"vertical-align: inherit;\">\u00dct\u00e9s\u00e1ll\u00f3.<\/span><\/span><\/li>\n<li><span style=\"vertical-align: inherit;\"><span style=\"vertical-align: inherit;\">Csukl\u00f3s csukl\u00f3 a 360\u00b0-os teljes\u00edtm\u00e9nyhez, Lock rendszerrel, amely blokkolja a moptart\u00f3 kis oldalir\u00e1ny\u00fa mozg\u00e1s\u00e1t, biztos\u00edtva a t\u00f6k\u00e9letes tapad\u00e1st a fel\u00fcleten.<\/span><\/span><\/li>\n<li><span style=\"vertical-align: inherit;\"><span style=\"vertical-align: inherit;\">Univerz\u00e1lis csavar, amely lehet\u0151v\u00e9 teszi b\u00e1rmely 20-24 mm \u00e1tm\u00e9r\u0151j\u0171 foganty\u00fa haszn\u00e1lat\u00e1t.<\/span><\/span><\/li>\n<\/ul>\n<\/div>\n<div class=\"testo\">\n<p><label class=\"title-block\"><span style=\"vertical-align: inherit;\"><span style=\"vertical-align: inherit;\">ANYAG:<\/span><\/span><\/label><\/p>\n<p><span style=\"vertical-align: inherit;\"><span style=\"vertical-align: inherit;\">Polipropil\u00e9n kopolimer, poliamid \u00e9s acet\u00e1lgyanta &#8211; ez\u00fcstionnal kezelve.<\/span><\/span><\/p>\n<\/div>\n","protected":false},"excerpt":{"rendered":"<p data-start=\"1373\" data-end=\"1493\"><strong data-start=\"1382\" data-end=\"1493\">UNIKO \u2013 \u00d6sszecsukhat\u00f3 antibakteri\u00e1lis m\u0171anyag mopfej r\u00f6gz\u00edt\u0151klipsszel \u00e9s z\u00e1r\u00f3rendszerrel (Lock System)<\/strong><\/p>\n<p class=\"\" data-start=\"1495\" data-end=\"1681\"><strong data-start=\"1495\" data-end=\"1509\">HASZN\u00c1LAT:<\/strong><br data-start=\"1509\" data-end=\"1512\" \/>A mopfej bels\u0151 padl\u00f3k fert\u0151tlen\u00edt\u00e9s\u00e9re \u00e9s nedves tiszt\u00edt\u00e1s\u00e1ra szolg\u00e1l. Az \u00faj \u201eLock System\u201d csukl\u00f3mechanizmus lehet\u0151v\u00e9 teszi a falak \u00e9s mennyezetek k\u00f6nny\u0171 tiszt\u00edt\u00e1s\u00e1t is.<\/p>\n<p class=\"\" data-start=\"1683\" data-end=\"1803\">Az Uniko kompatibilis minden Filmop m\u00e1rk\u00e1j\u00fa takar\u00edt\u00f3kocsival, amely Regular t\u00edpus\u00fa pr\u00e9ssel van felszerelve (REF. 7004A).<\/p>\n<p class=\"\" data-start=\"1805\" data-end=\"1824\"><strong data-start=\"1805\" data-end=\"1815\">M\u00c9RET:<\/strong> 40\u00d711 cm<\/p>\n<div class=\"info-system\">\n<div class=\"wrapper-img-system\"><img decoding=\"async\" class=\"filmop-cetificates\" src=\"https:\/\/sacslab.com\/wp-content\/uploads\/2025\/02\/AB-PLUS_logo.svg\" alt=\"Log\u00f3\" \/><\/div>\n<\/div>\n","protected":false},"featured_media":16800,"template":"","meta":{"inline_featured_image":false},"product_cat":[230,333],"product_tag":[],"class_list":{"0":"post-16798","1":"product","2":"type-product","3":"status-publish","4":"has-post-thumbnail","6":"product_cat-takarito-eszkozok","7":"product_cat-antibakterialis-kocsik","9":"first","10":"onbackorder","11":"taxable","12":"shipping-taxable","13":"purchasable","14":"product-type-simple"},"bundled_by":[],"bundle_stock_status":"onbackorder","bundle_stock_quantity":0,"bundle_virtual":false,"bundle_layout":"","bundle_add_to_cart_form_location":"","bundle_editable_in_cart":false,"bundle_sold_individually_context":"","bundle_item_grouping":"","bundle_min_size":"","bundle_max_size":"","bundle_price":[],"bundled_items":[],"bundle_sell_ids":[],"_links":{"self":[{"href":"https:\/\/sacslab.com\/hu\/wp-json\/wp\/v2\/product\/16798","targetHints":{"allow":["GET"]}}],"collection":[{"href":"https:\/\/sacslab.com\/hu\/wp-json\/wp\/v2\/product"}],"about":[{"href":"https:\/\/sacslab.com\/hu\/wp-json\/wp\/v2\/types\/product"}],"wp:featuredmedia":[{"embeddable":true,"href":"https:\/\/sacslab.com\/hu\/wp-json\/wp\/v2\/media\/16800"}],"wp:attachment":[{"href":"https:\/\/sacslab.com\/hu\/wp-json\/wp\/v2\/media?parent=16798"}],"wp:term":[{"taxonomy":"product_cat","embeddable":true,"href":"https:\/\/sacslab.com\/hu\/wp-json\/wp\/v2\/product_cat?post=16798"},{"taxonomy":"product_tag","embeddable":true,"href":"https:\/\/sacslab.com\/hu\/wp-json\/wp\/v2\/product_tag?post=16798"}],"curies":[{"name":"wp","href":"https:\/\/api.w.org\/{rel}","templated":true}]}}