{"id":16840,"date":"2024-05-29T11:15:47","date_gmt":"2024-05-29T09:15:47","guid":{"rendered":"https:\/\/sacslab.com\/nem-kategorizalt\/antibakterialis-aluminium-teleszkopos-nyel\/"},"modified":"2025-04-23T22:05:57","modified_gmt":"2025-04-23T20:05:57","slug":"antibakterialis-aluminium-teleszkopos-nyel","status":"publish","type":"product","link":"https:\/\/sacslab.com\/hu\/antibakterialis-aluminium-teleszkopos-nyel\/","title":{"rendered":"ANTIBAKTERI\u00c1LIS ALUM\u00cdNIUM TELESZK\u00d3POS NY\u00c9L"},"content":{"rendered":"<p>&nbsp;<\/p>\n<div class=\"testo ecobox-block\">\n<p><label class=\"title-block\"><span style=\"vertical-align: inherit;\"><span style=\"vertical-align: inherit;\">ECO BOX<\/span><\/span><img decoding=\"async\" class=\"filmop-cetificates\" src=\"https:\/\/sacslab.com\/wp-content\/uploads\/2025\/02\/logo__greenEcoBox-1.svg\" alt=\"EcoBox log\u00f3\" \/><\/label><\/p>\n<div class=\"row\">\n<div class=\"col-md-auto feature-image\"><img decoding=\"async\" class=\"filmop-cetificates\" src=\"https:\/\/sacslab.com\/wp-content\/uploads\/2025\/02\/Riciclo_logo-2.svg\" alt=\"EcoBox log\u00f3\" \/><\/div>\n<div class=\"col-md feature-text\">\n<p><span class=\"ecobox-title\"><span style=\"vertical-align: inherit;\"><span style=\"vertical-align: inherit;\">ECO-FRIENDLY PRODUCT<\/span><\/span><\/span><\/p>\n<p><span style=\"vertical-align: inherit;\"><span style=\"vertical-align: inherit;\">Sz\u00e9tv\u00e1laszthat\u00f3 anyagokb\u00f3l k\u00e9sz\u00fclt term\u00e9k, amely \u00e9letciklusa v\u00e9g\u00e9n \u00fajrahasznos\u00edthat\u00f3. <\/span><\/span><span style=\"vertical-align: inherit;\"><span style=\"vertical-align: inherit;\">A term\u00e9k a haszn\u00e1lat v\u00e9g\u00e9n t\u00f6rt\u00e9n\u0151 megfelel\u0151 \u00e1rtalmatlan\u00edt\u00e1s \u00e9rdek\u00e9ben a k\u00f6rnyezetv\u00e9delmi c\u00edmk\u00e9z\u00e9si k\u00f6telezetts\u00e9gr\u0151l sz\u00f3l\u00f3, 2020.09.03-i 116. sz. t\u00f6rv\u00e9nyerej\u0171 rendeletnek megfelel\u0151 csomagol\u00e1sban ker\u00fcl \u00e9rt\u00e9kes\u00edt\u00e9sre. A v\u00e1llalat \u00e1ltal haszn\u00e1lt kartoncsomagol\u00e1s 99%-a \u00e1tlagosan 80%-ban \u00fajrahasznos\u00edtott pap\u00edrb\u00f3l k\u00e9sz\u00fcl. <\/span><\/span><\/p>\n<\/div>\n<\/div>\n<\/div>\n<div class=\"testo\">\n<p><label class=\"title-block\"><span style=\"vertical-align: inherit;\"><span style=\"vertical-align: inherit;\">TULAJDONS\u00c1GOK:<\/span><\/span><\/label><\/p>\n<ul>\n<li><span style=\"vertical-align: inherit;\"><span style=\"vertical-align: inherit;\">Cinkpiritionnal kezelt foganty\u00fak a bakt\u00e9riumok n\u00f6veked\u00e9s\u00e9nek lass\u00edt\u00e1sa \u00e9rdek\u00e9ben.<\/span><\/span><\/li>\n<li><span style=\"vertical-align: inherit;\"><span style=\"vertical-align: inherit;\">Az antibakteri\u00e1lis hat\u00e1s a term\u00e9k teljes \u00e9letciklusa alatt garant\u00e1lt.<\/span><\/span><\/li>\n<li><span style=\"vertical-align: inherit;\"><span style=\"vertical-align: inherit;\">K\u00e9t m\u0171anyag markolattal van ell\u00e1tva a foganty\u00fan val\u00f3 jobb fog\u00e1s \u00e9s az ergon\u00f3mia jav\u00edt\u00e1sa \u00e9rdek\u00e9ben.<br \/>\nMegakad\u00e1lyozz\u00e1k az alum\u00edniummal val\u00f3 k\u00f6zvetlen \u00e9rintkez\u00e9st.<\/span><\/span><\/li>\n<li><span style=\"vertical-align: inherit;\"><span style=\"vertical-align: inherit;\">K\u00f6nny\u0171 \u00e9s rozsdamentes ac\u00e9l foganty\u00fa.<\/span><\/span><\/li>\n<li><span style=\"vertical-align: inherit;\"><span style=\"vertical-align: inherit;\">\u00c1ll\u00edthat\u00f3 hossz\u00fas\u00e1g a k\u00fcl\u00f6nb\u00f6z\u0151 \u00fczemeltet\u00e9si k\u00f6vetelm\u00e9nyeknek megfelel\u0151en.<\/span><\/span><\/li>\n<\/ul>\n<\/div>\n<p class=\"nota-prodotto\"><span style=\"vertical-align: inherit;\"><span style=\"vertical-align: inherit;\">100 \u00e9s 182 cm k\u00f6z\u00f6tt b\u0151v\u00edthet\u0151 &#8211; K\u00fcls\u0151 cs\u0151 \u00f8 26 mm, bels\u0151 cs\u0151 \u00f8 23 mm.<\/span><\/span><\/p>\n<div class=\"testo\">\n<p><label class=\"title-block\"><span style=\"vertical-align: inherit;\"><span style=\"vertical-align: inherit;\">ANYAG:<\/span><\/span><\/label><\/p>\n<p><span style=\"vertical-align: inherit;\"><span style=\"vertical-align: inherit;\">Polipropil\u00e9n kopolimer, acet\u00e1tgyanta, nejlon \u00e9s alum\u00ednium <\/span><\/span><span style=\"vertical-align: inherit;\"><span style=\"vertical-align: inherit;\">Cink-piritionnal kezelt m\u0171anyag alkatr\u00e9szek.<\/span><\/span><\/p>\n<\/div>\n","protected":false},"excerpt":{"rendered":"<p data-start=\"581\" data-end=\"674\"><strong data-start=\"590\" data-end=\"672\">K\u00e9tr\u00e9szes teleszk\u00f3pos ny\u00e9l elox\u00e1lt alum\u00edniumb\u00f3l, antibakteri\u00e1lis \u00f6sszetev\u0151kkel<\/strong><\/p>\n<p class=\"\" data-start=\"675\" data-end=\"807\"><strong data-start=\"675\" data-end=\"689\">HASZN\u00c1LAT:<\/strong><br data-start=\"689\" data-end=\"692\" \/>K\u00e9tfunkci\u00f3s \u2013 haszn\u00e1lhat\u00f3 hagyom\u00e1nyos ny\u00e9lk\u00e9nt vagy teleszk\u00f3pos hosszabb\u00edt\u00f3 r\u00fadk\u00e9nt.<br data-start=\"776\" data-end=\"779\" \/>\u00c1ll\u00edthat\u00f3 hossz: 100\u2013182 cm.<\/p>\n<div class=\"info-system\">\n<div class=\"wrapper-img-system\"><img decoding=\"async\" class=\"filmop-cetificates\" src=\"https:\/\/sacslab.com\/wp-content\/uploads\/2025\/02\/AB-PLUS_logo.svg\" alt=\"Log\u00f3\" \/><\/div>\n<\/div>\n","protected":false},"featured_media":16841,"template":"","meta":{"inline_featured_image":false},"product_cat":[230,333],"product_tag":[],"class_list":{"0":"post-16840","1":"product","2":"type-product","3":"status-publish","4":"has-post-thumbnail","6":"product_cat-takarito-eszkozok","7":"product_cat-antibakterialis-kocsik","9":"first","10":"onbackorder","11":"taxable","12":"shipping-taxable","13":"purchasable","14":"product-type-simple"},"bundled_by":[],"bundle_stock_status":"onbackorder","bundle_stock_quantity":0,"bundle_virtual":false,"bundle_layout":"","bundle_add_to_cart_form_location":"","bundle_editable_in_cart":false,"bundle_sold_individually_context":"","bundle_item_grouping":"","bundle_min_size":"","bundle_max_size":"","bundle_price":[],"bundled_items":[],"bundle_sell_ids":[],"_links":{"self":[{"href":"https:\/\/sacslab.com\/hu\/wp-json\/wp\/v2\/product\/16840","targetHints":{"allow":["GET"]}}],"collection":[{"href":"https:\/\/sacslab.com\/hu\/wp-json\/wp\/v2\/product"}],"about":[{"href":"https:\/\/sacslab.com\/hu\/wp-json\/wp\/v2\/types\/product"}],"wp:featuredmedia":[{"embeddable":true,"href":"https:\/\/sacslab.com\/hu\/wp-json\/wp\/v2\/media\/16841"}],"wp:attachment":[{"href":"https:\/\/sacslab.com\/hu\/wp-json\/wp\/v2\/media?parent=16840"}],"wp:term":[{"taxonomy":"product_cat","embeddable":true,"href":"https:\/\/sacslab.com\/hu\/wp-json\/wp\/v2\/product_cat?post=16840"},{"taxonomy":"product_tag","embeddable":true,"href":"https:\/\/sacslab.com\/hu\/wp-json\/wp\/v2\/product_tag?post=16840"}],"curies":[{"name":"wp","href":"https:\/\/api.w.org\/{rel}","templated":true}]}}