{"id":16950,"date":"2024-05-24T11:18:20","date_gmt":"2024-05-24T09:18:20","guid":{"rendered":"https:\/\/sacslab.com\/nem-kategorizalt\/onefred-muanyag-kocsi-facsaroval-es-fogantyuval\/"},"modified":"2025-04-25T18:56:49","modified_gmt":"2025-04-25T16:56:49","slug":"takarito-muanyag-kocsi-onefred-facsaroval-es-fogantyuval","status":"publish","type":"product","link":"https:\/\/sacslab.com\/hu\/takarito-muanyag-kocsi-onefred-facsaroval-es-fogantyuval\/","title":{"rendered":"TAKAR\u00cdT\u00d3 M\u0170ANYAG KOCSI ONEFRED \u2013 facsar\u00f3val \u00e9s foganty\u00faval"},"content":{"rendered":"<p>&nbsp;<\/p>\n<div class=\"testo ecobox-block\">\n<p><label class=\"title-block\"><span style=\"vertical-align: inherit;\"><span style=\"vertical-align: inherit;\">ECO BOX<\/span><\/span><img decoding=\"async\" class=\"filmop-cetificates\" src=\"https:\/\/sacslab.com\/wp-content\/uploads\/2025\/02\/logo__greenEcoBox-1.svg\" alt=\"EcoBox log\u00f3\" \/><\/label><\/p>\n<div class=\"row\">\n<div class=\"col-md-auto feature-image\"><img decoding=\"async\" class=\"filmop-cetificates\" src=\"https:\/\/sacslab.com\/wp-content\/uploads\/2025\/02\/CAM_logo-2.svg\" alt=\"EcoBox log\u00f3\" \/><\/div>\n<div class=\"col-md feature-text\">\n<p><span class=\"ecobox-title\"><span style=\"vertical-align: inherit;\"><span style=\"vertical-align: inherit;\">A Z\u00d6LD TERM\u00c9KEK K\u00d6ZIGAZGAT\u00c1SBAN T\u00d6RT\u00c9N\u0150 FELHASZN\u00c1L\u00c1S\u00c1R\u00d3L SZ\u00d3L\u00d3 EUR\u00d3PAI GPP-IR\u00c1NYMUTAT\u00c1SOKKAL \u00d6SSZHANGBAN.<\/span><\/span><\/span><\/p>\n<p><span style=\"vertical-align: inherit;\"><span style=\"vertical-align: inherit;\">Legal\u00e1bb 50%-ban \u00fajrahasznos\u00edtott m\u0171anyagb\u00f3l k\u00e9sz\u00fclt, PSF tan\u00fas\u00edtv\u00e1nnyal rendelkez\u0151 v\u00f6dr\u00f6k, amelyek a v\u00e9gfelhaszn\u00e1l\u00e1snak megfelel\u0151en k\u00fcl\u00f6nb\u00f6z\u0151 sz\u00ednekben kaphat\u00f3k. <\/span><\/span><span style=\"vertical-align: inherit;\"><span style=\"vertical-align: inherit;\">jav\u00edthat\u00f3 alkatr\u00e9szekb\u0151l k\u00e9sz\u00fcltek \u00e9s\/vagy p\u00f3talkatr\u00e9szk\u00e9nt kaphat\u00f3k a hossz\u00fa \u00e9lettartam biztos\u00edt\u00e1sa \u00e9rdek\u00e9ben.<\/span><\/span><\/p>\n<\/div>\n<\/div>\n<div class=\"row\">\n<div class=\"col-md-auto feature-image\"><img decoding=\"async\" class=\"filmop-cetificates\" src=\"https:\/\/sacslab.com\/wp-content\/uploads\/2025\/02\/PSV_solo_marchio_azzurro-2.svg\" alt=\"EcoBox log\u00f3\" \/><\/div>\n<div class=\"col-md feature-text\">\n<p><span class=\"ecobox-title\"><span style=\"vertical-align: inherit;\"><span style=\"vertical-align: inherit;\">PSV PRODUCT<\/span><\/span><\/span><\/p>\n<p><span style=\"vertical-align: inherit;\"><span style=\"vertical-align: inherit;\">R\u00e9szben m\u0171anyag \u00f6sszetev\u0151kb\u0151l k\u00e9sz\u00fclt term\u00e9k, amely a PSV &#8211; Plastic Second Life tan\u00fas\u00edtv\u00e1nnyal rendelkezik: az els\u0151 olasz \u00e9s eur\u00f3pai k\u00f6rnyezetv\u00e9delmi term\u00e9ktan\u00fas\u00edt\u00f3 c\u00edmke, amely garant\u00e1lja \u00e9s megk\u00f6nny\u00edti az \u00fajrahasznos\u00edtott m\u0171anyag felhaszn\u00e1l\u00e1s\u00e1val el\u0151\u00e1ll\u00edtott term\u00e9kek azonos\u00edt\u00e1s\u00e1t.<\/span><\/span><\/p>\n<\/div>\n<\/div>\n<div class=\"row\">\n<div class=\"col-md-auto feature-image\"><img decoding=\"async\" class=\"filmop-cetificates\" src=\"https:\/\/sacslab.com\/wp-content\/uploads\/2025\/02\/Carbon_footprint_Logo-2.svg\" alt=\"EcoBox log\u00f3\" \/><\/div>\n<div class=\"col-md feature-text\">\n<p><span class=\"ecobox-title\"><span style=\"vertical-align: inherit;\"><span style=\"vertical-align: inherit;\">CARBON FOOTPRINT<\/span><\/span><\/span><\/p>\n<p><span style=\"vertical-align: inherit;\"><span style=\"vertical-align: inherit;\">Filmop az UNI EN ISO 14067:2018 szabv\u00e1ny szerint elv\u00e9gzett Carbon Footprint Systematic Approach (Sz\u00e9nl\u00e1bnyom rendszerszeml\u00e9let\u0171 megk\u00f6zel\u00edt\u00e9s) szerint tan\u00fas\u00edtott, amely lehet\u0151v\u00e9 teszi a term\u00e9k k\u00f6rnyezeti hat\u00e1s\u00e1nak sz\u00e1mszer\u0171s\u00edt\u00e9s\u00e9t a CO <\/span><\/span><sub><span style=\"vertical-align: inherit;\"><span style=\"vertical-align: inherit;\">2<\/span><\/span><\/sub><span style=\"vertical-align: inherit;\"><span style=\"vertical-align: inherit;\"> kibocs\u00e1t\u00e1s m\u00e9rt\u00e9k\u00e9t az \u00e9letciklus minden egyes szakasz\u00e1ban.<\/span><\/span><\/p>\n<\/div>\n<\/div>\n<div class=\"row\">\n<div class=\"col-md-auto feature-image\"><img decoding=\"async\" class=\"filmop-cetificates\" src=\"https:\/\/sacslab.com\/wp-content\/uploads\/2025\/02\/Riciclo_logo-2.svg\" alt=\"EcoBox log\u00f3\" \/><\/div>\n<div class=\"col-md feature-text\">\n<p><span class=\"ecobox-title\"><span style=\"vertical-align: inherit;\"><span style=\"vertical-align: inherit;\">ECO-FRIENDLY PRODUCT<\/span><\/span><\/span><\/p>\n<p><span style=\"vertical-align: inherit;\"><span style=\"vertical-align: inherit;\">Sz\u00e9tv\u00e1laszthat\u00f3 anyagokb\u00f3l k\u00e9sz\u00fclt term\u00e9k, amely \u00e9letciklusa v\u00e9g\u00e9n \u00fajrahasznos\u00edthat\u00f3. <\/span><\/span><br \/>\n<span style=\"vertical-align: inherit;\"><span style=\"vertical-align: inherit;\">A term\u00e9k a haszn\u00e1lat v\u00e9g\u00e9n t\u00f6rt\u00e9n\u0151 megfelel\u0151 \u00e1rtalmatlan\u00edt\u00e1s \u00e9rdek\u00e9ben a k\u00f6rnyezetv\u00e9delmi c\u00edmk\u00e9z\u00e9si k\u00f6telezetts\u00e9gr\u0151l sz\u00f3l\u00f3, 2020.09.03-i 116. sz. t\u00f6rv\u00e9nyerej\u0171 rendeletnek megfelel\u0151 csomagol\u00e1sban ker\u00fcl \u00e9rt\u00e9kes\u00edt\u00e9sre.<br \/>\nA v\u00e1llalat \u00e1ltal haszn\u00e1lt kartoncsomagol\u00e1s 99%-a \u00e1tlagosan 80%-ban \u00fajrahasznos\u00edtott pap\u00edrb\u00f3l k\u00e9sz\u00fcl. <\/span><\/span><\/p>\n<\/div>\n<\/div>\n<\/div>\n<div class=\"testo\">\n<p><label class=\"title-block\"><span style=\"vertical-align: inherit;\"><span style=\"vertical-align: inherit;\">TULAJDONS\u00c1GOK:<\/span><\/span><\/label><\/p>\n<ul>\n<li><span style=\"vertical-align: inherit;\"><span style=\"vertical-align: inherit;\">Kiv\u00e1l\u00f3 min\u0151s\u00e9g\u0171 polipropil\u00e9n kopolimerb\u0151l k\u00e9sz\u00fclt: k\u00f6nny\u0171, \u00fct\u00e9s\u00e1ll\u00f3, nagy terhel\u00e9snek \u00e9s alacsony h\u0151m\u00e9rs\u00e9kletnek ellen\u00e1ll\u00f3.<\/span><\/span><\/li>\n<li><span style=\"vertical-align: inherit;\"><span style=\"vertical-align: inherit;\">K\u00f6nny\u0171, ergonomikus, kompakt \u00e9s tart\u00f3s kialak\u00edt\u00e1s\u00fa.<\/span><\/span><\/li>\n<li><span style=\"vertical-align: inherit;\"><span style=\"vertical-align: inherit;\">Egyszerre rakhat\u00f3, egy darabb\u00f3l \u00e1ll\u00f3 tart\u00f3 integr\u00e1lt \u00fctk\u00f6z\u0151elemekkel a nagyobb \u00fct\u00e9s\u00e1ll\u00f3s\u00e1g \u00e9rdek\u00e9ben.<br \/>\n15 \u00e9s 25 literes v\u00f6dr\u00f6kkel haszn\u00e1lhat\u00f3.<\/span><\/span><\/li>\n<li><span style=\"vertical-align: inherit;\"><span style=\"vertical-align: inherit;\">Praktikus \u00e9s k\u00f6nnyen felszerelhet\u0151 ergonomikus foganty\u00fa.<br \/>\nMegk\u00f6nny\u00edti a kocsi haszn\u00e1lat\u00e1t, cs\u00f6kkenti a t\u00f6meget \u00e9s megk\u00f6nny\u00edti az \u00f6bl\u00edt\u00e9st \u00e9s a csavar\u00e1st. <\/span><\/span><\/li>\n<li><span style=\"vertical-align: inherit;\"><span style=\"vertical-align: inherit;\">K\u00e9t 15\/25 literes v\u00f6d\u00f6r, amely lehet\u0151v\u00e9 teszi a tiszt\u00edt\u00f3oldat \u00e9s az \u00f6bl\u00edt\u0151v\u00edz sz\u00e9tv\u00e1laszt\u00e1s\u00e1t a jobb tiszt\u00edt\u00e1si eredm\u00e9nyek, a jobb higi\u00e9nia, a term\u00e9ktakar\u00e9koss\u00e1g, a r\u00f6videbb munkaid\u0151 \u00e9s a kevesebb kezel\u0151i er\u0151fesz\u00edt\u00e9s \u00e9rdek\u00e9ben.<\/span><\/span><\/li>\n<li><span style=\"vertical-align: inherit;\"><span style=\"vertical-align: inherit;\">Praktikus \u00e9s hasznos t\u00e1rol\u00f3dobozzal \u00e9s sepr\u0171tart\u00f3val van felszerelve, az \u00f6sszes felszerel\u00e9s biztons\u00e1gos sz\u00e1ll\u00edt\u00e1s\u00e1ra.<\/span><\/span><\/li>\n<li><span style=\"vertical-align: inherit;\"><span style=\"vertical-align: inherit;\">Wringer: ide\u00e1lis a Kentucky mopokhoz \u00e9s a Speedy mop rendszerhez.<\/span><\/span><\/li>\n<li><span style=\"vertical-align: inherit;\"><span style=\"vertical-align: inherit;\">A kocsi praktikusan \u00e9s biztons\u00e1gosan r\u00f6gz\u00edthet\u0151 az Alpha \u00e9s Morgan kocsikhoz a speci\u00e1lis kamp\u00f3k\u00e9szlet seg\u00edts\u00e9g\u00e9vel.<\/span><\/span><\/li>\n<li><span style=\"vertical-align: inherit;\"><span style=\"vertical-align: inherit;\">Latexmentes term\u00e9k.<\/span><\/span><\/li>\n<\/ul>\n<\/div>\n<div class=\"testo\">\n<p><label class=\"title-block\"><span style=\"vertical-align: inherit;\"><span style=\"vertical-align: inherit;\">ANYAG:<\/span><\/span><\/label><\/p>\n<p><span style=\"vertical-align: inherit;\"><span style=\"vertical-align: inherit;\">Polipropil\u00e9n kopolimer &#8211; PSV<\/span><\/span><\/p>\n<\/div>\n","protected":false},"excerpt":{"rendered":"<p data-start=\"61\" data-end=\"545\"><strong data-start=\"61\" data-end=\"98\">A m\u0171anyag foganty\u00fas takar\u00edt\u00f3kocsi<\/strong> kiv\u00e1l\u00f3 min\u0151s\u00e9g\u0171 polipropil\u00e9n kopolimerb\u0151l k\u00e9sz\u00fclt. K\u00f6nny\u0171, de \u00fct\u00e9s\u00e1ll\u00f3, nagy terhelhet\u0151s\u00e9g\u0171 \u00e9s alacsony h\u0151m\u00e9rs\u00e9kletekkel szemben is ellen\u00e1ll\u00f3. A rendszer k\u00e9t v\u00f6d\u00f6rb\u0151l \u00e1ll (15\/25 l) \u00e9s egy pr\u00e9sb\u0151l, amely higi\u00e9nikus tiszt\u00edt\u00e1st biztos\u00edt. A kompakt kialak\u00edt\u00e1s mop tart\u00f3val \u00e9s egy praktikus oldals\u00f3 kos\u00e1rral van ell\u00e1tva palackok, rongyok vagy egy\u00e9b tiszt\u00edt\u00f3szerek sz\u00e1m\u00e1ra. Maxim\u00e1lis felhaszn\u00e1l\u00f3bar\u00e1t megold\u00e1s \u00e9s k\u00e9nyelmes takar\u00edt\u00e1s \u00e9rdek\u00e9ben tervezve.<\/p>\n<p data-start=\"547\" data-end=\"761\"><strong data-start=\"547\" data-end=\"562\">ALKALMAZ\u00c1S:<\/strong><br data-start=\"562\" data-end=\"565\" \/>Nagy ter\u00fcletek nedves padl\u00f3tiszt\u00edt\u00e1s\u00e1ra aj\u00e1nlott. Ide\u00e1lis iskol\u00e1kba, irod\u00e1kba, sz\u00e1llod\u00e1kba vagy eg\u00e9szs\u00e9g\u00fcgyi int\u00e9zm\u00e9nyekbe. A kialak\u00edt\u00e1s k\u00f6nny\u0171s\u00e9get, kompakt m\u00e9retet \u00e9s magas tart\u00f3ss\u00e1got biztos\u00edt.<\/p>\n<p><strong>VARI\u00c1NSOK:<\/strong><\/p>\n<ul>\n<li><strong>2x15L \u2013 53x65x87 cm<\/strong><\/li>\n<li><strong>2x25L \u2013 53x73x87 cm<\/strong><\/li>\n<\/ul>\n<div class=\"info-system\">\n<div class=\"wrapper-img-system\"><img decoding=\"async\" class=\"filmop-cetificates\" src=\"https:\/\/sacslab.com\/wp-content\/uploads\/2025\/02\/Logo_Latex_free.svg\" alt=\"Log\u00f3\" \/><\/div>\n<\/div>\n","protected":false},"featured_media":16953,"template":"","meta":{"inline_featured_image":false},"product_cat":[230,354],"product_tag":[],"class_list":{"0":"post-16950","1":"product","2":"type-product","3":"status-publish","4":"has-post-thumbnail","6":"product_cat-takarito-eszkozok","7":"product_cat-takarito-kocsik-es-vodrok","9":"first","10":"onbackorder","11":"taxable","12":"shipping-taxable","13":"purchasable","14":"product-type-variable"},"bundled_by":[],"bundle_stock_status":"onbackorder","bundle_stock_quantity":0,"bundle_virtual":false,"bundle_layout":"","bundle_add_to_cart_form_location":"","bundle_editable_in_cart":false,"bundle_sold_individually_context":"","bundle_item_grouping":"","bundle_min_size":"","bundle_max_size":"","bundle_price":[],"bundled_items":[],"bundle_sell_ids":[],"_links":{"self":[{"href":"https:\/\/sacslab.com\/hu\/wp-json\/wp\/v2\/product\/16950","targetHints":{"allow":["GET"]}}],"collection":[{"href":"https:\/\/sacslab.com\/hu\/wp-json\/wp\/v2\/product"}],"about":[{"href":"https:\/\/sacslab.com\/hu\/wp-json\/wp\/v2\/types\/product"}],"wp:featuredmedia":[{"embeddable":true,"href":"https:\/\/sacslab.com\/hu\/wp-json\/wp\/v2\/media\/16953"}],"wp:attachment":[{"href":"https:\/\/sacslab.com\/hu\/wp-json\/wp\/v2\/media?parent=16950"}],"wp:term":[{"taxonomy":"product_cat","embeddable":true,"href":"https:\/\/sacslab.com\/hu\/wp-json\/wp\/v2\/product_cat?post=16950"},{"taxonomy":"product_tag","embeddable":true,"href":"https:\/\/sacslab.com\/hu\/wp-json\/wp\/v2\/product_tag?post=16950"}],"curies":[{"name":"wp","href":"https:\/\/api.w.org\/{rel}","templated":true}]}}