{"id":16956,"date":"2024-05-24T11:25:54","date_gmt":"2024-05-24T09:25:54","guid":{"rendered":"https:\/\/sacslab.com\/nem-kategorizalt\/vega-lp0307-muanyag-kocsi-25l\/"},"modified":"2025-04-08T21:27:09","modified_gmt":"2025-04-08T19:27:09","slug":"takarito-muanyag-kocsi-25l-vega-lp0307","status":"publish","type":"product","link":"https:\/\/sacslab.com\/hu\/takarito-muanyag-kocsi-25l-vega-lp0307\/","title":{"rendered":"TAKAR\u00cdT\u00d3 M\u0170ANYAG KOCSI 25L \u2013 VEGA LP0307"},"content":{"rendered":"<div class=\"testo ecobox-block\">\n<p><label class=\"title-block\"><span style=\"vertical-align: inherit;\"><span style=\"vertical-align: inherit;\">ECO BOX<\/span><\/span><img decoding=\"async\" class=\"filmop-cetificates\" src=\"https:\/\/sacslab.com\/wp-content\/uploads\/2025\/02\/logo__greenEcoBox-1.svg\" alt=\"EcoBox log\u00f3\" \/><\/label><\/p>\n<div class=\"row\">\n<div class=\"col-md-auto feature-image\"><img decoding=\"async\" class=\"filmop-cetificates\" src=\"https:\/\/sacslab.com\/wp-content\/uploads\/2025\/02\/PSV_solo_marchio_azzurro-2.svg\" alt=\"EcoBox log\u00f3\" \/><\/div>\n<div class=\"col-md feature-text\">\n<p><span class=\"ecobox-title\"><span style=\"vertical-align: inherit;\"><span style=\"vertical-align: inherit;\">PSV PRODUCT<\/span><\/span><\/span><\/p>\n<p><span style=\"vertical-align: inherit;\"><span style=\"vertical-align: inherit;\">R\u00e9szben m\u0171anyag \u00f6sszetev\u0151kb\u0151l k\u00e9sz\u00fclt term\u00e9k, amely a PSV &#8211; Plastic Second Life tan\u00fas\u00edtv\u00e1nnyal rendelkezik: az els\u0151 olasz \u00e9s eur\u00f3pai k\u00f6rnyezetv\u00e9delmi term\u00e9ktan\u00fas\u00edt\u00f3 c\u00edmke, amely garant\u00e1lja \u00e9s megk\u00f6nny\u00edti az \u00fajrahasznos\u00edtott m\u0171anyag felhaszn\u00e1l\u00e1s\u00e1val el\u0151\u00e1ll\u00edtott term\u00e9kek azonos\u00edt\u00e1s\u00e1t.<\/span><\/span><\/p>\n<\/div>\n<\/div>\n<div class=\"row\">\n<div class=\"col-md-auto feature-image\"><img decoding=\"async\" class=\"filmop-cetificates\" src=\"https:\/\/sacslab.com\/wp-content\/uploads\/2025\/02\/Carbon_footprint_Logo-2.svg\" alt=\"EcoBox log\u00f3\" \/><\/div>\n<div class=\"col-md feature-text\">\n<p><span class=\"ecobox-title\"><span style=\"vertical-align: inherit;\"><span style=\"vertical-align: inherit;\">CARBON FOOTPRINT<\/span><\/span><\/span><\/p>\n<p><span style=\"vertical-align: inherit;\"><span style=\"vertical-align: inherit;\">Filmop az UNI EN ISO 14067:2018 szabv\u00e1ny szerint elv\u00e9gzett Carbon Footprint Systematic Approach (Sz\u00e9nl\u00e1bnyom rendszerszeml\u00e9let\u0171 megk\u00f6zel\u00edt\u00e9s) szerint tan\u00fas\u00edtott, amely lehet\u0151v\u00e9 teszi a term\u00e9k k\u00f6rnyezeti hat\u00e1s\u00e1nak sz\u00e1mszer\u0171s\u00edt\u00e9s\u00e9t a CO <\/span><sub><span style=\"vertical-align: inherit;\">2<\/span><\/sub><span style=\"vertical-align: inherit;\"> kibocs\u00e1t\u00e1s m\u00e9rt\u00e9k\u00e9t az \u00e9letciklus minden egyes szakasz\u00e1ban.<\/span><\/span><\/p>\n<\/div>\n<\/div>\n<div class=\"row\">\n<div class=\"col-md-auto feature-image\"><img decoding=\"async\" class=\"filmop-cetificates\" src=\"https:\/\/sacslab.com\/wp-content\/uploads\/2025\/02\/Riciclo_logo-2.svg\" alt=\"EcoBox log\u00f3\" \/><\/div>\n<div class=\"col-md feature-text\">\n<p><span class=\"ecobox-title\"><span style=\"vertical-align: inherit;\"><span style=\"vertical-align: inherit;\">ECO-FRIENDLY PRODUCT<\/span><\/span><\/span><\/p>\n<p><span style=\"vertical-align: inherit;\"><span style=\"vertical-align: inherit;\">Sz\u00e9tv\u00e1laszthat\u00f3 anyagokb\u00f3l k\u00e9sz\u00fclt term\u00e9k, amely \u00e9letciklusa v\u00e9g\u00e9n \u00fajrahasznos\u00edthat\u00f3. <\/span><\/span><br \/>\n<span style=\"vertical-align: inherit;\"><span style=\"vertical-align: inherit;\">A term\u00e9k a haszn\u00e1lat v\u00e9g\u00e9n t\u00f6rt\u00e9n\u0151 megfelel\u0151 \u00e1rtalmatlan\u00edt\u00e1s \u00e9rdek\u00e9ben a k\u00f6rnyezetv\u00e9delmi c\u00edmk\u00e9z\u00e9si k\u00f6telezetts\u00e9gr\u0151l sz\u00f3l\u00f3, 2020.09.03-i 116. sz. t\u00f6rv\u00e9nyerej\u0171 rendeletnek megfelel\u0151 csomagol\u00e1sban ker\u00fcl \u00e9rt\u00e9kes\u00edt\u00e9sre. A\u00a0 v\u00e1llalat \u00e1ltal haszn\u00e1lt kartoncsomagol\u00e1s 99%-a \u00e1tlagosan 80%-ban \u00fajrahasznos\u00edtott pap\u00edrb\u00f3l k\u00e9sz\u00fcl. <\/span><\/span><\/p>\n<\/div>\n<\/div>\n<\/div>\n<div class=\"testo\">\n<p><label class=\"title-block\"><span style=\"vertical-align: inherit;\"><span style=\"vertical-align: inherit;\">TULAJDONS\u00c1GOK:<\/span><\/span><\/label><\/p>\n<ul>\n<li><span style=\"vertical-align: inherit;\"><span style=\"vertical-align: inherit;\">Kiv\u00e1l\u00f3 min\u0151s\u00e9g\u0171 polipropil\u00e9n kopolimerb\u0151l k\u00e9sz\u00fclt: k\u00f6nny\u0171, \u00fct\u00e9s\u00e1ll\u00f3, nagy terhel\u00e9snek \u00e9s alacsony h\u0151m\u00e9rs\u00e9kletnek ellen\u00e1ll\u00f3.<\/span><\/span><\/li>\n<li><span style=\"vertical-align: inherit;\"><span style=\"vertical-align: inherit;\">Egyr\u00e9szes keret, er\u0151s, tart\u00f3s \u00e9s k\u00f6nnyen tiszt\u00edthat\u00f3.<\/span><\/span><\/li>\n<li><span style=\"vertical-align: inherit;\"><span style=\"vertical-align: inherit;\">H\u00e1tul m\u0171anyag kos\u00e1rral van felszerelve palackok \u00e9s egy\u00e9b szersz\u00e1mok sz\u00e1ll\u00edt\u00e1s\u00e1ra.<\/span><\/span><\/li>\n<li><span style=\"vertical-align: inherit;\"><span style=\"vertical-align: inherit;\">Tol\u00f3foganty\u00fa meger\u0151s\u00edt\u00e9sekkel kieg\u00e9sz\u00edtve a kocsi k\u00f6nnyebb kezel\u00e9se \u00e9rdek\u00e9ben, kamp\u00f3val felszerelve.<\/span><\/span><\/li>\n<li><span style=\"vertical-align: inherit;\"><span style=\"vertical-align: inherit;\">Becsavarozhat\u00f3 v\u00f6d\u00f6rtart\u00f3 r\u00f6gz\u00edt\u0151csavarok n\u00e9lk\u00fcl, 2 db 4 literes v\u00f6d\u00f6rrel, kamp\u00f3s \u00e9s Flip foganty\u00fatart\u00f3val, cs\u00fasz\u00e1smentes gumig\u00f6rg\u0151vel a biztons\u00e1gos fog\u00e1s\u00e9rt b\u00e1rmilyen t\u00edpus\u00fa foganty\u00fan.<\/span><\/span><\/li>\n<li><span style=\"vertical-align: inherit;\"><span style=\"vertical-align: inherit;\">Praktikus, felpattinthat\u00f3 50 l-es zs\u00e1ktart\u00f3 r\u00f6gz\u00edt\u0151csavarok n\u00e9lk\u00fcl \u00e9s fesz\u00edt\u0151kkel.<\/span><\/span><\/li>\n<li><span style=\"vertical-align: inherit;\"><span style=\"vertical-align: inherit;\">Wringer: ide\u00e1lis a Kentucky mopokhoz \u00e9s a Speedy mop rendszerhez.<\/span><\/span><\/li>\n<\/ul>\n<\/div>\n<div class=\"testo\">\n<p><label class=\"title-block\"><span style=\"vertical-align: inherit;\"><span style=\"vertical-align: inherit;\">ANYAG:<\/span><\/span><\/label><\/p>\n<p><span style=\"vertical-align: inherit;\"><span style=\"vertical-align: inherit;\">Polipropil\u00e9n kopolimer &#8211; PSV.<\/span><\/span><\/p>\n<\/div>\n","protected":false},"excerpt":{"rendered":"<p><strong data-start=\"1789\" data-end=\"1804\">ALKALMAZ\u00c1S:<\/strong><br data-start=\"1804\" data-end=\"1807\" \/>T\u00f6bbc\u00e9l\u00fa kocsi hullad\u00e9kgy\u0171jt\u00e9shez \u00e9s nedves padl\u00f3tiszt\u00edt\u00e1shoz kisebb \u00e9s k\u00f6zepes m\u00e9ret\u0171 helyis\u00e9gekben. K\u00e9t 4 literes v\u00f6d\u00f6rrel \u00e9s egy 25 literes v\u00f6d\u00f6rrel van felszerelve, amelyhez egy pr\u00e9s tartozik, amely hat\u00e9konyan t\u00e1vol\u00edtja el a felesleges vizet a felmos\u00f3b\u00f3l, biztos\u00edtva a higi\u00e9nikus tiszt\u00edt\u00e1st. A kocsi h\u00e1toldal\u00e1n tal\u00e1lhat\u00f3 egy praktikus m\u0171anyag kos\u00e1r palackok, kend\u0151k vagy egy\u00e9b tiszt\u00edt\u00f3szerek t\u00e1rol\u00e1s\u00e1ra.<\/p>\n<p>A kocsi tart\u00f3s polipropil\u00e9n kopolimerb\u0151l k\u00e9sz\u00fclt, \u00edgy k\u00f6nny\u0171, \u00fct\u00e9s\u00e1ll\u00f3, \u00e9s ellen\u00e1ll a nagy terhel\u00e9snek \u00e9s az alacsony h\u0151m\u00e9rs\u00e9kletnek is.<\/p>\n<ul>\n<li><strong>K\u00f6nny\u0171 kezelhet\u0151s\u00e9g<\/strong><\/li>\n<li><strong>M\u00e9retek: 71x42x112 cm<\/strong><\/li>\n<\/ul>\n","protected":false},"featured_media":16959,"template":"","meta":{"inline_featured_image":false},"product_cat":[230,354],"product_tag":[],"class_list":{"0":"post-16956","1":"product","2":"type-product","3":"status-publish","4":"has-post-thumbnail","6":"product_cat-takarito-eszkozok","7":"product_cat-takarito-kocsik-es-vodrok","9":"first","10":"onbackorder","11":"taxable","12":"shipping-taxable","13":"purchasable","14":"product-type-simple"},"bundled_by":[],"bundle_stock_status":"onbackorder","bundle_stock_quantity":0,"bundle_virtual":false,"bundle_layout":"","bundle_add_to_cart_form_location":"","bundle_editable_in_cart":false,"bundle_sold_individually_context":"","bundle_item_grouping":"","bundle_min_size":"","bundle_max_size":"","bundle_price":[],"bundled_items":[],"bundle_sell_ids":[],"_links":{"self":[{"href":"https:\/\/sacslab.com\/hu\/wp-json\/wp\/v2\/product\/16956","targetHints":{"allow":["GET"]}}],"collection":[{"href":"https:\/\/sacslab.com\/hu\/wp-json\/wp\/v2\/product"}],"about":[{"href":"https:\/\/sacslab.com\/hu\/wp-json\/wp\/v2\/types\/product"}],"wp:featuredmedia":[{"embeddable":true,"href":"https:\/\/sacslab.com\/hu\/wp-json\/wp\/v2\/media\/16959"}],"wp:attachment":[{"href":"https:\/\/sacslab.com\/hu\/wp-json\/wp\/v2\/media?parent=16956"}],"wp:term":[{"taxonomy":"product_cat","embeddable":true,"href":"https:\/\/sacslab.com\/hu\/wp-json\/wp\/v2\/product_cat?post=16956"},{"taxonomy":"product_tag","embeddable":true,"href":"https:\/\/sacslab.com\/hu\/wp-json\/wp\/v2\/product_tag?post=16956"}],"curies":[{"name":"wp","href":"https:\/\/api.w.org\/{rel}","templated":true}]}}