{"id":16990,"date":"2024-05-24T11:42:16","date_gmt":"2024-05-24T09:42:16","guid":{"rendered":"https:\/\/sacslab.com\/nem-kategorizalt\/easy-wash-muanyag-vodor-15l-fogantyuval-es-szitaval\/"},"modified":"2025-08-23T20:38:13","modified_gmt":"2025-08-23T18:38:13","slug":"easy-wash-muanyag-vodor-15l-fogantyuval-es-szitaval","status":"publish","type":"product","link":"https:\/\/sacslab.com\/hu\/easy-wash-muanyag-vodor-15l-fogantyuval-es-szitaval\/","title":{"rendered":"EASY WASH &#8211; m\u0171anyag v\u00f6d\u00f6r 15L foganty\u00faval \u00e9s szit\u00e1val"},"content":{"rendered":"<p>&nbsp;<\/p>\n<div class=\"testo ecobox-block\">\n<p><label class=\"title-block\"><span style=\"vertical-align: inherit;\"><span style=\"vertical-align: inherit;\">ECO BOX<\/span><\/span><img decoding=\"async\" class=\"filmop-cetificates\" src=\"https:\/\/sacslab.com\/wp-content\/uploads\/2025\/02\/logo__greenEcoBox-1.svg\" alt=\"EcoBox log\u00f3\" \/><\/label><\/p>\n<div class=\"row\">\n<div class=\"col-md-auto feature-image\"><img decoding=\"async\" class=\"filmop-cetificates\" src=\"https:\/\/sacslab.com\/wp-content\/uploads\/2025\/02\/Riciclo_logo-2.svg\" alt=\"EcoBox log\u00f3\" \/><\/div>\n<div class=\"col-md feature-text\">\n<div class=\"ecobox-title\" style=\"color: green; font-weight: bold; font-size: 16px; margin-top: 20px;\"><span style=\"color: green;\">ECO-FRIENDLY TERM\u00c9K<\/span><\/div>\n<p><span style=\"vertical-align: inherit;\"><span style=\"vertical-align: inherit;\">A term\u00e9k a haszn\u00e1lat v\u00e9g\u00e9n t\u00f6rt\u00e9n\u0151 megfelel\u0151 \u00e1rtalmatlan\u00edt\u00e1s \u00e9rdek\u00e9ben a k\u00f6rnyezetv\u00e9delmi c\u00edmk\u00e9z\u00e9si k\u00f6telezetts\u00e9gr\u0151l sz\u00f3l\u00f3, 2020.09.03-i 116. sz. t\u00f6rv\u00e9nyerej\u0171 rendeletnek megfelel\u0151 csomagol\u00e1sban ker\u00fcl \u00e9rt\u00e9kes\u00edt\u00e9sre.<br \/>\nA v\u00e1llalat \u00e1ltal haszn\u00e1lt kartoncsomagol\u00e1s 99%-a \u00e1tlagosan 80%-ban \u00fajrahasznos\u00edtott pap\u00edrb\u00f3l k\u00e9sz\u00fcl. <\/span><\/span><\/p>\n<\/div>\n<\/div>\n<\/div>\n<div class=\"testo\">\n<p><label class=\"title-block\"><span style=\"vertical-align: inherit;\"><span style=\"vertical-align: inherit;\">TULAJDONS\u00c1GOK:<\/span><\/span><\/label><\/p>\n<ul>\n<li><span style=\"vertical-align: inherit;\"><span style=\"vertical-align: inherit;\">Kiv\u00e1l\u00f3 min\u0151s\u00e9g\u0171 polipropil\u00e9n kopolimerb\u0151l k\u00e9sz\u00fclt: k\u00f6nny\u0171, \u00fct\u00e9s\u00e1ll\u00f3, nagy terhel\u00e9snek \u00e9s alacsony h\u0151m\u00e9rs\u00e9kletnek ellen\u00e1ll\u00f3.<\/span><\/span><\/li>\n<li><span style=\"vertical-align: inherit;\"><span style=\"vertical-align: inherit;\">Speci\u00e1lisan form\u00e1zott szita a k\u00f6nnyebb csavar\u00e1s\u00e9rt a felmos\u00f3rongyon.<\/span><\/span><\/li>\n<li><span style=\"vertical-align: inherit;\"><span style=\"vertical-align: inherit;\">A m\u0171anyag szita a v\u00f6d\u00f6r sz\u00e9l\u00e9n \u00fcl, \u00edgy a kezel\u0151 er\u0151s szor\u00edt\u00e1s\u00e1t elviseli.<br \/>\nFoganty\u00fatart\u00f3val felszerelve.<\/span><\/span><\/li>\n<li><span style=\"vertical-align: inherit;\"><span style=\"vertical-align: inherit;\">Als\u00f3 v\u00e9d\u0151perem \u00e9s ergonomikus markolat a k\u00f6nnyebb \u00fcr\u00edt\u00e9s \u00e9rdek\u00e9ben.<\/span><\/span><\/li>\n<\/ul>\n<\/div>\n<div class=\"testo\">\n<p><label class=\"title-block\"><span style=\"vertical-align: inherit;\"><span style=\"vertical-align: inherit;\">ANYAG:<\/span><\/span><\/label><\/p>\n<p><span style=\"vertical-align: inherit;\"><span style=\"vertical-align: inherit;\">Polipropil\u00e9n kopolimer<\/span><\/span><\/p>\n<\/div>\n","protected":false},"excerpt":{"rendered":"<p class=\"\" data-start=\"451\" data-end=\"603\"><strong data-start=\"477\" data-end=\"491\">HASZN\u00c1LAT:<\/strong><br data-start=\"491\" data-end=\"494\" \/>Alkalmas kis fel\u00fcletek nedves t\u00f6rl\u00e9s\u00e9re. Az Easy Wash rendszerhez val\u00f3 mopfejjel \u00e9s mopny\u00e9llel haszn\u00e1lhat\u00f3.<\/p>\n<p class=\"\" data-start=\"605\" data-end=\"635\"><strong data-start=\"605\" data-end=\"617\">M\u00e9retek:<\/strong><br data-start=\"617\" data-end=\"620\" \/>37\u00d730\u00d737,5 cm<\/p>\n","protected":false},"featured_media":16995,"template":"","meta":{"inline_featured_image":false},"product_cat":[230,329],"product_tag":[],"class_list":{"0":"post-16990","1":"product","2":"type-product","3":"status-publish","4":"has-post-thumbnail","6":"product_cat-takarito-eszkozok","7":"product_cat-mopok","8":"pa_farba-kek","9":"pa_farba-red-hu","10":"pa_farba-sarga","11":"pa_farba-zold","13":"first","14":"onbackorder","15":"taxable","16":"shipping-taxable","17":"purchasable","18":"product-type-variable"},"bundled_by":[],"bundle_stock_status":"onbackorder","bundle_stock_quantity":null,"bundle_virtual":false,"bundle_layout":"","bundle_add_to_cart_form_location":"","bundle_editable_in_cart":false,"bundle_sold_individually_context":"","bundle_item_grouping":"","bundle_min_size":"","bundle_max_size":"","bundle_price":[],"bundled_items":[],"bundle_sell_ids":[],"_links":{"self":[{"href":"https:\/\/sacslab.com\/hu\/wp-json\/wp\/v2\/product\/16990","targetHints":{"allow":["GET"]}}],"collection":[{"href":"https:\/\/sacslab.com\/hu\/wp-json\/wp\/v2\/product"}],"about":[{"href":"https:\/\/sacslab.com\/hu\/wp-json\/wp\/v2\/types\/product"}],"wp:featuredmedia":[{"embeddable":true,"href":"https:\/\/sacslab.com\/hu\/wp-json\/wp\/v2\/media\/16995"}],"wp:attachment":[{"href":"https:\/\/sacslab.com\/hu\/wp-json\/wp\/v2\/media?parent=16990"}],"wp:term":[{"taxonomy":"product_cat","embeddable":true,"href":"https:\/\/sacslab.com\/hu\/wp-json\/wp\/v2\/product_cat?post=16990"},{"taxonomy":"product_tag","embeddable":true,"href":"https:\/\/sacslab.com\/hu\/wp-json\/wp\/v2\/product_tag?post=16990"}],"curies":[{"name":"wp","href":"https:\/\/api.w.org\/{rel}","templated":true}]}}