{"id":17030,"date":"2024-05-27T15:20:34","date_gmt":"2024-05-27T13:20:34","guid":{"rendered":"https:\/\/sacslab.com\/nem-kategorizalt\/energy-fur-mop-szarnyakkal-az-easy-wash-rendszerhez\/"},"modified":"2025-04-06T22:39:53","modified_gmt":"2025-04-06T20:39:53","slug":"energy-fur-mopborito-klipszekkel-a-kit-easy-wash-rendszerhez","status":"publish","type":"product","link":"https:\/\/sacslab.com\/hu\/energy-fur-mopborito-klipszekkel-a-kit-easy-wash-rendszerhez\/","title":{"rendered":"ENERGY FUR Mopbor\u00edt\u00f3 klipszekkel a Kit EASY WASH rendszerhez"},"content":{"rendered":"<p><strong>A mopbor\u00edt\u00f3 kompatibilis a Kit EASY WASH k\u00e9szlettel.<\/strong><\/p>\n<p>A speci\u00e1lis mikrokamp\u00f3k \u00fagy lettek tervezve, hogy a mop szorosan r\u00f6gz\u00fclj\u00f6n a foganty\u00fahoz, ez\u00e1ltal megakad\u00e1lyozva a v\u00e9letlen lev\u00e1l\u00e1st haszn\u00e1lat k\u00f6zben. Az ENERGY FUR mikrosz\u00e1las anyag magas kapill\u00e1ris felsz\u00edv\u00f3d\u00e1ssal rendelkezik, ami biztos\u00edtja a nagy padl\u00f3fel\u00fcletet \u00e9s a hat\u00e9kony szennyez\u0151d\u00e9selt\u00e1vol\u00edt\u00e1st.<\/p>\n<p>N\u00e9gy sz\u00edncs\u00edkkal van ell\u00e1tva, amelyek t\u00f6k\u00e9letesen illeszkednek a sz\u00ednk\u00f3dol\u00e1si rendszerhez. Ez a praktikus rendszer (SZKR) sz\u00edneket rendel a tiszt\u00edt\u00f3szerekhez \u00e9s eszk\u00f6z\u00f6kh\u00f6z, \u00edgy vil\u00e1gosan defini\u00e1lja a megfelel\u0151 felhaszn\u00e1l\u00e1si ter\u00fcletet (pl. z\u00f6ld a konyh\u00e1hoz, piros a f\u00fcrd\u0151szob\u00e1hoz), ez\u00e1ltal hat\u00e9konyan megakad\u00e1lyozza a keresztszennyez\u0151d\u00e9st bakt\u00e9riumokkal \u00e9s v\u00edrusokkal k\u00fcl\u00f6nb\u00f6z\u0151 helyis\u00e9gek k\u00f6z\u00f6tt. Ez a rendszer sz\u00e9les k\u00f6rben haszn\u00e1latos a professzion\u00e1lis k\u00f6rnyezetben, de egyre ink\u00e1bb helyet tal\u00e1l a h\u00e1ztart\u00e1sokban is.<\/p>\n<p><strong>Aj\u00e1nljuk, hogy rendszeresen cser\u00e9lje a mopbor\u00edt\u00f3t a higi\u00e9nikus tisztas\u00e1g fenntart\u00e1sa \u00e9rdek\u00e9ben.<\/strong><\/p>\n<div class=\"testo ecobox-block\">\n<p><label class=\"title-block\"><span style=\"vertical-align: inherit;\"><span style=\"vertical-align: inherit;\">ECO BOX<\/span><\/span><img decoding=\"async\" class=\"filmop-cetificates\" src=\"https:\/\/sacslab.com\/wp-content\/uploads\/2025\/02\/logo__greenEcoBox-1.svg\" alt=\"EcoBox log\u00f3\" \/><\/label><\/p>\n<div class=\"row\">\n<div class=\"col-md-auto feature-image\"><img decoding=\"async\" class=\"filmop-cetificates\" src=\"https:\/\/sacslab.com\/wp-content\/uploads\/2025\/02\/CAM_logo-2.svg\" alt=\"EcoBox log\u00f3\" \/><\/div>\n<div class=\"col-md feature-text\">\n<p><span class=\"ecobox-title\"><span style=\"vertical-align: inherit;\"><span style=\"vertical-align: inherit;\">A Z\u00d6LD TERM\u00c9KEK K\u00d6ZIGAZGAT\u00c1SBAN T\u00d6RT\u00c9N\u0150 FELHASZN\u00c1L\u00c1S\u00c1R\u00d3L SZ\u00d3L\u00d3 EUR\u00d3PAI GPP-IR\u00c1NYMUTAT\u00c1SOKKAL \u00d6SSZHANGBAN\u00da<\/p>\n<p><span style=\"vertical-align: inherit;\"><span style=\"vertical-align: inherit;\">J<\/span><\/span><span style=\"vertical-align: inherit;\"><span style=\"vertical-align: inherit;\">jrafelhaszn\u00e1lhat\u00f3 mikrosz\u00e1las &#8222;lapos&#8221; felmos\u00f3rongy <\/span><\/span><span style=\"vertical-align: inherit;\"><span style=\"vertical-align: inherit;\">Mikrosz\u00e1las. Denier dTtex \u2264 1 a hat\u00e9kony v\u00edz- \u00e9s vegyszerfogyaszt\u00e1s \u00e9rdek\u00e9ben.<\/span><\/span><\/p>\n<\/div>\n<\/div>\n<div class=\"row\">\n<div class=\"col-md-auto feature-image\"><img decoding=\"async\" class=\"filmop-cetificates\" src=\"https:\/\/sacslab.com\/wp-content\/uploads\/2025\/02\/Riciclo_logo-2.svg\" alt=\"EcoBox log\u00f3\" \/><\/div>\n<div class=\"col-md feature-text\">\n<div class=\"ecobox-title\" ><span style=\"\">ECO-FRIENDLY TERM\u00c9K<\/span><\/div>\n<p><span style=\"vertical-align: inherit;\"><span style=\"vertical-align: inherit;\">Textilgy\u00e1rt\u00e1s 100%-ban napenergi\u00e1val.<\/span><\/span><br \/>\n<span style=\"vertical-align: inherit;\"><span style=\"vertical-align: inherit;\">A term\u00e9k a haszn\u00e1lat v\u00e9g\u00e9n t\u00f6rt\u00e9n\u0151 megfelel\u0151 \u00e1rtalmatlan\u00edt\u00e1s \u00e9rdek\u00e9ben a k\u00f6rnyezetv\u00e9delmi c\u00edmk\u00e9z\u00e9si k\u00f6telezetts\u00e9gr\u0151l sz\u00f3l\u00f3, 2020.09.03-i 116. sz. t\u00f6rv\u00e9nyerej\u0171 rendeletnek megfelel\u0151 csomagol\u00e1sban ker\u00fcl \u00e9rt\u00e9kes\u00edt\u00e9sre.<br \/>\nA v\u00e1llalat \u00e1ltal haszn\u00e1lt kartoncsomagol\u00e1s 99%-a \u00e1tlagosan 80%-ban \u00fajrahasznos\u00edtott pap\u00edrb\u00f3l k\u00e9sz\u00fcl. <\/span><\/span><\/p>\n<\/div>\n<\/div>\n<\/div>\n<div class=\"testo\">\n<p><label class=\"title-block\"><span style=\"vertical-align: inherit;\"><span style=\"vertical-align: inherit;\">TULAJDONS\u00c1GOK:<\/span><\/span><\/label><\/p>\n<ul>\n<li><span style=\"vertical-align: inherit;\"><span style=\"vertical-align: inherit;\">A mikrosz\u00e1l egy olyan szintetikus sz\u00e1l, amely m\u00e9lyen behatol a padl\u00f3 bar\u00e1zd\u00e1iba \u00e9s p\u00f3rusaiba, felfogja \u00e9s elt\u00e1vol\u00edtja a port an\u00e9lk\u00fcl, hogy megkarcol\u00f3dna, \u00e9s megtartja a szennyez\u0151d\u00e9st, am\u00edg a mos\u00f3g\u00e9pben ki nem engedi.<\/span><\/span><\/li>\n<li><span style=\"vertical-align: inherit;\"><span style=\"vertical-align: inherit;\">A mikrosz\u00e1lak tiszt\u00edt\u00f3 hat\u00e1sa \u00e9s hossz\u00fa \u00e9lettartama optim\u00e1lis megtakar\u00edt\u00e1st garant\u00e1l a magas tiszt\u00edt\u00e1si sz\u00ednvonal fenntart\u00e1sa mellett.<\/span><\/span><\/li>\n<li><span style=\"vertical-align: inherit;\"><span style=\"vertical-align: inherit;\">A nagy nedvsz\u00edv\u00f3 k\u00e9pess\u00e9g a kapill\u00e1ris hat\u00e1snak k\u00f6sz\u00f6nhet\u0151en nagyszer\u0171 padl\u00f3burkolatot, gyorsan sz\u00e1rad\u00f3 padl\u00f3t \u00e9s kevesebb foltot garant\u00e1l.<\/span><\/span><\/li>\n<li><span style=\"vertical-align: inherit;\"><span style=\"vertical-align: inherit;\">Fert\u0151tlen\u00edt\u0151 rendszerekkel egy\u00fctt haszn\u00e1lhat\u00f3, \u00e9s elt\u00e1vol\u00edtja a legt\u00f6bb bakt\u00e9riumot \u00e9s bakt\u00e9riumot.<\/span><\/span><\/li>\n<li><span style=\"vertical-align: inherit;\"><span style=\"vertical-align: inherit;\">A poli\u00e9szter, horgas mikroszerkezet\u00e9nek k\u00f6sz\u00f6nhet\u0151en, nem koptat\u00f3 mechanikai hat\u00e1st fejt ki a szennyez\u0151d\u00e9sek elt\u00e1vol\u00edt\u00e1s\u00e1ra, m\u00edg a poliamid, nagy abszorpci\u00f3s k\u00e9pess\u00e9g\u00e9nek k\u00f6sz\u00f6nhet\u0151en, megtartja a vizet \u00e9s elt\u00e1vol\u00edtja a szennyez\u0151d\u00e9seket.<\/span><\/span><\/li>\n<li><span style=\"vertical-align: inherit;\"><span style=\"vertical-align: inherit;\">A k\u00e9tlyuk\u00fa patentok biztos\u00edtj\u00e1k a felmos\u00f3rongy biztons\u00e1gosabb r\u00f6gz\u00edt\u00e9s\u00e9t a felmos\u00f3rongy-tart\u00f3hoz.<\/span><\/span><\/li>\n<li><span style=\"vertical-align: inherit;\"><span style=\"vertical-align: inherit;\">Made in Italy.<\/span><\/span><\/li>\n<li><span style=\"vertical-align: inherit;\"><span style=\"vertical-align: inherit;\">Latexmentes term\u00e9k.<\/span><\/span><\/li>\n<\/ul>\n<\/div>\n<p class=\"nota-prodotto\"><span style=\"vertical-align: inherit;\"><span style=\"vertical-align: inherit;\">Ide\u00e1lis minden sima padl\u00f3ra, k\u00f6zepes szennyezetts\u00e9gi fok\u00fa szennyez\u0151d\u00e9sekhez.<\/span><\/span><\/p>\n<div class=\"testo\">\n<p><label class=\"title-block\"><span style=\"vertical-align: inherit;\"><span style=\"vertical-align: inherit;\">ANYAG:<\/span><\/span><\/label><\/p>\n<p><label class=\"subtitle-block\"><span style=\"vertical-align: inherit;\"><span style=\"vertical-align: inherit;\">TISZT\u00cdT\u00c1SI OLDAL:<\/span><\/span><\/label><\/p>\n<ul>\n<li><span style=\"vertical-align: inherit;\"><span style=\"vertical-align: inherit;\">Mikrosz\u00e1las: 80%<\/span><\/span><\/li>\n<li><span style=\"vertical-align: inherit;\"><span style=\"vertical-align: inherit;\">Mikrosz\u00e1las \u00f6sszet\u00e9tel: 100% poli\u00e9szter<\/span><\/span><\/li>\n<li><span style=\"vertical-align: inherit;\"><span style=\"vertical-align: inherit;\">Mikrosz\u00e1l denier: 0.75<\/span><\/span><\/li>\n<li><span style=\"vertical-align: inherit;\"><span style=\"vertical-align: inherit;\">Egy\u00e9b sz\u00e1lak: 20 %<\/span><\/span><\/li>\n<li><span style=\"vertical-align: inherit;\"><span style=\"vertical-align: inherit;\">Sz\u00e1l\u00f6sszet\u00e9tel: 100 % poliamid<\/span><\/span><\/li>\n<li><span style=\"vertical-align: inherit;\"><span style=\"vertical-align: inherit;\">Sz\u00f6vet s\u00falya: 704 gr\/mq<\/span><\/span><\/li>\n<\/ul>\n<p><span style=\"vertical-align: inherit;\"><span style=\"vertical-align: inherit;\">H\u00c1TOLDAL:<\/span><\/span><\/p>\n<p><span style=\"vertical-align: inherit;\"><span style=\"vertical-align: inherit;\">TNT<\/span><\/span><\/p>\n<p><label class=\"subtitle-block\"><span style=\"vertical-align: inherit;\"><span style=\"vertical-align: inherit;\">RENDSZER:<\/span><\/span><\/label><\/p>\n<p><span style=\"vertical-align: inherit;\"><span style=\"vertical-align: inherit;\">Poliuret\u00e1n sz\u00e1rnyak<\/span><\/span><\/p>\n<\/div>\n<div class=\"testo\">\n<p><label class=\"title-block\"><span style=\"vertical-align: inherit;\"><span style=\"vertical-align: inherit;\">ABSZORPCI\u00d3:\u00a0<\/span><\/span><\/label><\/p>\n<p><label class=\"title-block\"> <\/label><span style=\"vertical-align: inherit;\"><span style=\"vertical-align: inherit;\">A sz\u00e1raz felmos\u00f3rongy a saj\u00e1t s\u00faly\u00e1nak k\u00e9tszeres\u00e9t is felsz\u00edvja.<\/span><\/span><\/p>\n<\/div>\n<div class=\"testo\">\n<p><label class=\"title-block\"><span style=\"vertical-align: inherit;\"><span style=\"vertical-align: inherit;\">\u00c9LETCIKLUS:\u00a0 <\/span><\/span><\/label><\/p>\n<p><span style=\"vertical-align: inherit;\"><span style=\"vertical-align: inherit;\">Az utas\u00edt\u00e1sok \u00e9s figyelmeztet\u00e9sek betart\u00e1sa eset\u00e9n legfeljebb 400 mos\u00e1si cikluson kereszt\u00fcl moshat\u00f3.<\/span><\/span><\/p>\n<\/div>\n<div class=\"testo\">\n<p><label class=\"title-block\"><span style=\"vertical-align: inherit;\"><span style=\"vertical-align: inherit;\">GONDOZ\u00c1S \u00c9S KARBANTART\u00c1S:<\/span><\/span><\/label><\/p>\n<div class=\"col-avvertenze\">\n<p><label class=\"subtitle-block\"><span style=\"vertical-align: inherit;\"><span style=\"vertical-align: inherit;\">K\u00d6ZLEM\u00c9NYEK:\u00a0 <\/span><\/span><\/label><\/p>\n<p><span style=\"vertical-align: inherit;\"><span style=\"vertical-align: inherit;\">Mos\u00e1s el\u0151tt gondosan k\u00f6vesse a mos\u00f3szer csomagol\u00e1s\u00e1n tal\u00e1lhat\u00f3 mos\u00e1si utas\u00edt\u00e1sokat \u00e9s figyelmeztet\u00e9seket (h\u0151m\u00e9rs\u00e9klet \u00e9s adagol\u00e1s). <\/span><\/span><span style=\"vertical-align: inherit;\"><span style=\"vertical-align: inherit;\">Javasoljuk, hogy norm\u00e1l mos\u00f3szert haszn\u00e1ljon, l\u00e1gy\u00edt\u00f3szer n\u00e9lk\u00fcl. <\/span><\/span><span style=\"vertical-align: inherit;\"><span style=\"vertical-align: inherit;\">Mindig hideg v\u00edzben, mos\u00f3szer n\u00e9lk\u00fcl v\u00e9gezzen el\u0151mos\u00e1si ciklust a vegyszermaradv\u00e1nyok elt\u00e1vol\u00edt\u00e1sa \u00e9rdek\u00e9ben. <\/span><\/span><span style=\"vertical-align: inherit;\"><span style=\"vertical-align: inherit;\">oldat, a felmos\u00e1shoz speci\u00e1lis h\u00e1l\u00f3s zs\u00e1kok haszn\u00e1lat\u00e1t javasoljuk<\/span><\/span><\/p>\n<\/div>\n<div class=\"col-lavaggio\">\n<p><label class=\"subtitle-block\"><span style=\"vertical-align: inherit;\"><span style=\"vertical-align: inherit;\">MOS\u00c1SI UTAS\u00cdT\u00c1SOK:<\/span><\/span><\/label><\/p>\n<p><img decoding=\"async\" src=\"https:\/\/sacslab.com\/wp-content\/uploads\/2025\/02\/logo__60gradi__.png\" alt=\"Log\u00f3\" \/><span style=\"vertical-align: inherit;\"><span style=\"vertical-align: inherit;\">AJ\u00c1NLOTT mos\u00e1si h\u0151m\u00e9rs\u00e9klet: 60\u00b0C<\/span><\/span><\/p>\n<p><img decoding=\"async\" src=\"https:\/\/sacslab.com\/wp-content\/uploads\/2025\/02\/logo__candeggio__.png\" alt=\"Log\u00f3\" \/><span style=\"vertical-align: inherit;\"><span style=\"vertical-align: inherit;\">Lehets\u00e9ges feh\u00e9r\u00edt\u00e9s &#8211; Ne haszn\u00e1ljon kl\u00f3rt vagy feh\u00e9r\u00edt\u0151t.<\/span><\/span><\/p>\n<p><img decoding=\"async\" src=\"https:\/\/sacslab.com\/wp-content\/uploads\/2025\/02\/logo__asciugatura__.png\" alt=\"Log\u00f3\" \/><span style=\"vertical-align: inherit;\"><span style=\"vertical-align: inherit;\">Mechanikus sz\u00e1r\u00edt\u00e1s alacsony, 50\u00b0C-os h\u0151m\u00e9rs\u00e9kleten<\/span><\/span><\/p>\n<p><img decoding=\"async\" src=\"https:\/\/sacslab.com\/wp-content\/uploads\/2025\/02\/logo__stiratura__.png\" alt=\"Log\u00f3\" \/><span style=\"vertical-align: inherit;\"><span style=\"vertical-align: inherit;\">Nem szabad vasalni<\/span><\/span><\/p>\n<p><img decoding=\"async\" src=\"https:\/\/sacslab.com\/wp-content\/uploads\/2025\/02\/logo__lavaggiosecco__.png\" alt=\"Log\u00f3\" \/><span style=\"vertical-align: inherit;\"><span style=\"vertical-align: inherit;\">Ne tiszt\u00edtsa sz\u00e1razra.<\/span><\/span><\/p>\n<p><span style=\"vertical-align: inherit;\"><span style=\"vertical-align: inherit;\">Ne haszn\u00e1ljon textilpuh\u00edt\u00f3t.<\/span><\/span><span style=\"vertical-align: inherit;\"><span style=\"vertical-align: inherit;\">\u00a0Haszn\u00e1ljon l\u00fagos mos\u00f3szert pH 11<\/span><\/span><\/p>\n<\/div>\n<\/div>\n","protected":false},"excerpt":{"rendered":"<p><strong>Helyettes\u00edt\u0151 mikrofl\u00edzes mopbor\u00edt\u00f3 klipszekkel a Kit EASY WASH rendszerhez.<\/strong> Feh\u00e9r k\u00e9k cs\u00edkokkal, abraz\u00edv poli\u00e9szter anyagb\u00f3l \u00e9s sz\u00ednk\u00f3dolt c\u00edmk\u00e9kkel.<\/p>\n<p><strong>HASZN\u00c1LAT:<\/strong><\/p>\n<p>Ide\u00e1lis minden sima padl\u00f3hoz, mint p\u00e9ld\u00e1ul j\u00e1r\u00f3lapok, vinyl \u00e9s lamin\u00e1lt fel\u00fcletek.<\/p>\n<p>Kompatibilis a <strong>Kit EASY WASH<\/strong> k\u00e9szlettel<br \/>\nBels\u0151 fel\u00fcletek mos\u00e1s\u00e1ra<br \/>\n<strong>M\u00e9rete: <\/strong>35\u00d715 cm<\/p>\n<p>&nbsp;<\/p>\n<div class=\"info-system\">\n<div class=\"wrapper-img-system\"><img decoding=\"async\" class=\"filmop-cetificates\" src=\"https:\/\/sacslab.com\/wp-content\/uploads\/2025\/02\/Logo_Latex_free.svg\" alt=\"Log\u00f3\" \/><\/div>\n<\/div>\n","protected":false},"featured_media":17031,"template":"","meta":{"inline_featured_image":false},"product_cat":[230,329],"product_tag":[],"class_list":{"0":"post-17030","1":"product","2":"type-product","3":"status-publish","4":"has-post-thumbnail","6":"product_cat-takarito-eszkozok","7":"product_cat-mopok","9":"first","10":"onbackorder","11":"taxable","12":"shipping-taxable","13":"purchasable","14":"product-type-simple"},"bundled_by":[],"bundle_stock_status":"onbackorder","bundle_stock_quantity":0,"bundle_virtual":false,"bundle_layout":"","bundle_add_to_cart_form_location":"","bundle_editable_in_cart":false,"bundle_sold_individually_context":"","bundle_item_grouping":"","bundle_min_size":"","bundle_max_size":"","bundle_price":[],"bundled_items":[],"bundle_sell_ids":[],"_links":{"self":[{"href":"https:\/\/sacslab.com\/hu\/wp-json\/wp\/v2\/product\/17030","targetHints":{"allow":["GET"]}}],"collection":[{"href":"https:\/\/sacslab.com\/hu\/wp-json\/wp\/v2\/product"}],"about":[{"href":"https:\/\/sacslab.com\/hu\/wp-json\/wp\/v2\/types\/product"}],"wp:featuredmedia":[{"embeddable":true,"href":"https:\/\/sacslab.com\/hu\/wp-json\/wp\/v2\/media\/17031"}],"wp:attachment":[{"href":"https:\/\/sacslab.com\/hu\/wp-json\/wp\/v2\/media?parent=17030"}],"wp:term":[{"taxonomy":"product_cat","embeddable":true,"href":"https:\/\/sacslab.com\/hu\/wp-json\/wp\/v2\/product_cat?post=17030"},{"taxonomy":"product_tag","embeddable":true,"href":"https:\/\/sacslab.com\/hu\/wp-json\/wp\/v2\/product_tag?post=17030"}],"curies":[{"name":"wp","href":"https:\/\/api.w.org\/{rel}","templated":true}]}}