{"id":17046,"date":"2024-05-27T15:29:08","date_gmt":"2024-05-27T13:29:08","guid":{"rendered":"https:\/\/sacslab.com\/nem-kategorizalt\/25-literes-vodor-onefred-szamara\/"},"modified":"2025-04-25T21:45:04","modified_gmt":"2025-04-25T19:45:04","slug":"vodor-25-l-onefredhez","status":"publish","type":"product","link":"https:\/\/sacslab.com\/hu\/vodor-25-l-onefredhez\/","title":{"rendered":"V\u00d6D\u00d6R 25 L ONEFREDHEZ"},"content":{"rendered":"<div class=\"testo ecobox-block\">\n<p><label class=\"title-block\"><span style=\"vertical-align: inherit;\"><span style=\"vertical-align: inherit;\">ECO BOX<\/span><\/span><img decoding=\"async\" class=\"filmop-cetificates\" src=\"https:\/\/sacslab.com\/wp-content\/uploads\/2025\/02\/logo__greenEcoBox-1.svg\" alt=\"EcoBox log\u00f3\" \/><\/label><\/p>\n<div class=\"row\">\n<div class=\"col-md-auto feature-image\"><img decoding=\"async\" class=\"filmop-cetificates\" src=\"https:\/\/sacslab.com\/wp-content\/uploads\/2025\/02\/PSV_solo_marchio_azzurro-2.svg\" alt=\"EcoBox log\u00f3\" \/><\/div>\n<div class=\"col-md feature-text\">\n<p><span class=\"ecobox-title\"><span style=\"vertical-align: inherit;\"><span style=\"vertical-align: inherit;\">PSV PRODUCT<\/span><\/span><\/span><\/p>\n<p><span style=\"vertical-align: inherit;\"><span style=\"vertical-align: inherit;\">PSV &#8211; Second Life Plastic &#8211; tan\u00fas\u00edtott term\u00e9k: az els\u0151 olasz \u00e9s eur\u00f3pai k\u00f6rnyezetv\u00e9delmi term\u00e9ktan\u00fas\u00edt\u00f3 c\u00edmke, amely garant\u00e1lja \u00e9s lehet\u0151v\u00e9 teszi az \u00fajrahasznos\u00edtott m\u0171anyagb\u00f3l k\u00e9sz\u00fclt term\u00e9kek k\u00f6nny\u0171 azonos\u00edt\u00e1s\u00e1t.<\/span><\/span><\/p>\n<\/div>\n<\/div>\n<div class=\"row\">\n<div class=\"col-md-auto feature-image\"><img decoding=\"async\" class=\"filmop-cetificates\" src=\"https:\/\/sacslab.com\/wp-content\/uploads\/2025\/02\/Riciclo_logo-2.svg\" alt=\"EcoBox log\u00f3\" \/><\/div>\n<div class=\"col-md feature-text\">\n<p><span class=\"ecobox-title\"><span style=\"vertical-align: inherit;\"><span style=\"vertical-align: inherit;\">ECO-FRIENDLY PRODUCT<\/span><\/span><\/span><\/p>\n<p><span style=\"vertical-align: inherit;\"><span style=\"vertical-align: inherit;\">Olyan anyagb\u00f3l k\u00e9sz\u00fclt term\u00e9k, amely teljes m\u00e9rt\u00e9kben \u00fajrahasznos\u00edthat\u00f3 az \u00e9lettartama v\u00e9g\u00e9n. <\/span><\/span><br \/>\n<span style=\"vertical-align: inherit;\"><span style=\"vertical-align: inherit;\">A term\u00e9k a haszn\u00e1lat v\u00e9g\u00e9n t\u00f6rt\u00e9n\u0151 megfelel\u0151 \u00e1rtalmatlan\u00edt\u00e1s \u00e9rdek\u00e9ben a k\u00f6rnyezetv\u00e9delmi c\u00edmk\u00e9z\u00e9si k\u00f6telezetts\u00e9gr\u0151l sz\u00f3l\u00f3, 2020.09.03-i 116. sz. t\u00f6rv\u00e9nyerej\u0171 rendeletnek megfelel\u0151 csomagol\u00e1sban ker\u00fcl \u00e9rt\u00e9kes\u00edt\u00e9sre.<br \/>\nA v\u00e1llalat \u00e1ltal haszn\u00e1lt kartoncsomagol\u00e1s 99%-a \u00e1tlagosan 80%-ban \u00fajrahasznos\u00edtott pap\u00edrb\u00f3l k\u00e9sz\u00fcl. <\/span><\/span><\/p>\n<\/div>\n<\/div>\n<\/div>\n<div class=\"testo\">\n<p><label class=\"title-block\"><span style=\"vertical-align: inherit;\"><span style=\"vertical-align: inherit;\">TULAJDONS\u00c1GOK:<\/span><\/span><\/label><\/p>\n<ul>\n<li><span style=\"vertical-align: inherit;\"><span style=\"vertical-align: inherit;\">Als\u00f3 v\u00e9d\u0151perem a v\u00f6d\u00f6r ki\u00fcr\u00edt\u00e9s\u00e9nek megk\u00f6nny\u00edt\u00e9s\u00e9re<\/span><\/span><\/li>\n<li><span style=\"vertical-align: inherit;\"><span style=\"vertical-align: inherit;\">Ergonomikus foganty\u00fa<\/span><\/span><\/li>\n<li><span style=\"vertical-align: inherit;\"><span style=\"vertical-align: inherit;\">0-t\u00f3l 25 l-ig terjed\u0151 sk\u00e1l\u00e1n<\/span><\/span><\/li>\n<\/ul>\n<\/div>\n<div class=\"testo\">\n<p><label class=\"title-block\"><span style=\"vertical-align: inherit;\"><span style=\"vertical-align: inherit;\">ANYAG:<\/span><\/span><\/label><\/p>\n<p><span style=\"vertical-align: inherit;\"><span style=\"vertical-align: inherit;\">Polipropil\u00e9n kopolimer &#8211; PSV<\/span><\/span><\/p>\n<\/div>\n","protected":false},"excerpt":{"rendered":"<p>Sz\u00fcrke m\u0171anyag v\u00f6d\u00f6r 25 L sz\u00ednes m\u0171anyag foganty\u00faval, amely alkalmas OneFred kocsikhoz.<\/p>\n<p><strong>HASZN\u00c1LAT:<\/strong><\/p>\n<p>T\u00f6bbfunkci\u00f3s v\u00f6d\u00f6r, amely \u00f6n\u00e1ll\u00f3 v\u00f6d\u00f6rk\u00e9nt vagy k\u00fcl\u00f6nf\u00e9le kocsik kieg\u00e9sz\u00edt\u0151jek\u00e9nt haszn\u00e1lhat\u00f3.<\/p>\n<p><strong>M\u00c9RETEK: <\/strong>36,8\u00d740,5\u00d732,3 cm<\/p>\n","protected":false},"featured_media":17050,"template":"","meta":{"inline_featured_image":false},"product_cat":[230,354],"product_tag":[],"class_list":{"0":"post-17046","1":"product","2":"type-product","3":"status-publish","4":"has-post-thumbnail","6":"product_cat-takarito-eszkozok","7":"product_cat-takarito-kocsik-es-vodrok","8":"pa_farba-kek","9":"pa_farba-red-hu","11":"first","12":"onbackorder","13":"taxable","14":"shipping-taxable","15":"purchasable","16":"product-type-variable"},"bundled_by":[],"bundle_stock_status":"onbackorder","bundle_stock_quantity":0,"bundle_virtual":false,"bundle_layout":"","bundle_add_to_cart_form_location":"","bundle_editable_in_cart":false,"bundle_sold_individually_context":"","bundle_item_grouping":"","bundle_min_size":"","bundle_max_size":"","bundle_price":[],"bundled_items":[],"bundle_sell_ids":[],"_links":{"self":[{"href":"https:\/\/sacslab.com\/hu\/wp-json\/wp\/v2\/product\/17046","targetHints":{"allow":["GET"]}}],"collection":[{"href":"https:\/\/sacslab.com\/hu\/wp-json\/wp\/v2\/product"}],"about":[{"href":"https:\/\/sacslab.com\/hu\/wp-json\/wp\/v2\/types\/product"}],"wp:featuredmedia":[{"embeddable":true,"href":"https:\/\/sacslab.com\/hu\/wp-json\/wp\/v2\/media\/17050"}],"wp:attachment":[{"href":"https:\/\/sacslab.com\/hu\/wp-json\/wp\/v2\/media?parent=17046"}],"wp:term":[{"taxonomy":"product_cat","embeddable":true,"href":"https:\/\/sacslab.com\/hu\/wp-json\/wp\/v2\/product_cat?post=17046"},{"taxonomy":"product_tag","embeddable":true,"href":"https:\/\/sacslab.com\/hu\/wp-json\/wp\/v2\/product_tag?post=17046"}],"curies":[{"name":"wp","href":"https:\/\/api.w.org\/{rel}","templated":true}]}}