{"id":17048,"date":"2024-05-27T15:22:36","date_gmt":"2024-05-27T13:22:36","guid":{"rendered":"https:\/\/sacslab.com\/nem-kategorizalt\/easy-wash-mop-holder-osszecsukhato-muanyag-felmososzivacs-tarto-szurke\/"},"modified":"2025-04-06T22:32:49","modified_gmt":"2025-04-06T20:32:49","slug":"easy-wash-mop-holder-osszecsukhato-muanyag-felmososzivacs-tarto-szurke","status":"publish","type":"product","link":"https:\/\/sacslab.com\/hu\/easy-wash-mop-holder-osszecsukhato-muanyag-felmososzivacs-tarto-szurke\/","title":{"rendered":"EASY WASH MOP HOLDER &#8211; \u00f6sszecsukhat\u00f3 m\u0171anyag felmos\u00f3szivacs tart\u00f3 &#8211; sz\u00fcrke"},"content":{"rendered":"<div class=\"testo ecobox-block\">\n<p><label class=\"title-block\"><span style=\"vertical-align: inherit;\"><span style=\"vertical-align: inherit;\">ECO BOX<\/span><\/span><img decoding=\"async\" class=\"filmop-cetificates\" src=\"https:\/\/sacslab.com\/wp-content\/uploads\/2025\/02\/logo__greenEcoBox-1.svg\" alt=\"EcoBox log\u00f3\" \/><\/label><\/p>\n<div class=\"row\">\n<div class=\"col-md-auto feature-image\"><img decoding=\"async\" class=\"filmop-cetificates\" src=\"https:\/\/sacslab.com\/wp-content\/uploads\/2025\/02\/Riciclo_logo-2.svg\" alt=\"EcoBox log\u00f3\" \/><\/div>\n<div class=\"col-md feature-text\">\n<div class=\"col-md-auto feature-image\"><\/div>\n<div class=\"col-md feature-text\">\n<div class=\"ecobox-title\" style=\"color: green; font-weight: bold; font-size: 16px; margin-top: 20px;\"><span style=\"color: green;\">ECO-FRIENDLY PRODUKT<\/span><\/div>\n<p><span style=\"vertical-align: inherit;\"><span style=\"vertical-align: inherit;\">Sz\u00e9tv\u00e1laszthat\u00f3 anyagokb\u00f3l k\u00e9sz\u00fclt term\u00e9k, amely \u00e9letciklusa v\u00e9g\u00e9n \u00fajrahasznos\u00edthat\u00f3. <\/span><\/span><br \/>\n<span style=\"vertical-align: inherit;\"><span style=\"vertical-align: inherit;\">A term\u00e9k a haszn\u00e1lat v\u00e9g\u00e9n t\u00f6rt\u00e9n\u0151 megfelel\u0151 \u00e1rtalmatlan\u00edt\u00e1s \u00e9rdek\u00e9ben a k\u00f6rnyezetv\u00e9delmi c\u00edmk\u00e9z\u00e9si k\u00f6telezetts\u00e9gr\u0151l sz\u00f3l\u00f3, 2020.09.03-i 116. sz. t\u00f6rv\u00e9nyerej\u0171 rendeletnek megfelel\u0151 csomagol\u00e1sban ker\u00fcl \u00e9rt\u00e9kes\u00edt\u00e9sre.<br \/>\nA v\u00e1llalat \u00e1ltal haszn\u00e1lt kartoncsomagol\u00e1s 99%-a \u00e1tlagosan 80%-ban \u00fajrahasznos\u00edtott pap\u00edrb\u00f3l k\u00e9sz\u00fcl. <\/span><\/span><\/p>\n<\/div>\n<\/div>\n<\/div>\n<\/div>\n<div class=\"testo\">\n<p><label class=\"title-block\"><span style=\"vertical-align: inherit;\"><span style=\"vertical-align: inherit;\">TULAJDONS\u00c1GOK:<\/span><\/span><\/label><\/p>\n<ul>\n<li><span style=\"vertical-align: inherit;\"><span style=\"vertical-align: inherit;\">Pr\u00e9mium anyagb\u00f3l k\u00e9sz\u00fclt: k\u00f6nny\u0171, \u00fct\u00e9s\u00e1ll\u00f3, ellen\u00e1ll a gyakori haszn\u00e1latnak \u00e9s az alacsony h\u0151m\u00e9rs\u00e9kletnek.<\/span><\/span><\/li>\n<li><span style=\"vertical-align: inherit;\"><span style=\"vertical-align: inherit;\">Lehet\u0151v\u00e9 teszi a felmos\u00f3rongy automatikus felhelyez\u00e9s\u00e9t \u00e9s kiold\u00e1s\u00e1t, elker\u00fclve a kezel\u0151 lehajol\u00e1s\u00e1t \u00e9s k\u00f6zvetlen \u00e9rintkez\u00e9s\u00e9t a szennyezett felmos\u00f3rongyval.<\/span><\/span><\/li>\n<li><span style=\"vertical-align: inherit;\"><span style=\"vertical-align: inherit;\">A moptart\u00f3 k\u00f6z\u00e9ps\u0151 r\u00e9sz\u00e9n tal\u00e1lhat\u00f3 l\u00e1bgomb seg\u00edts\u00e9g\u00e9vel kinyithat\u00f3 \u00e9s kicsavarhat\u00f3 a mop.<\/span><\/span><\/li>\n<\/ul>\n<\/div>\n<div class=\"testo\">\n<p><label class=\"title-block\"><span style=\"vertical-align: inherit;\"><span style=\"vertical-align: inherit;\">ANYAG:<\/span><\/span><\/label><\/p>\n<p><span style=\"vertical-align: inherit;\"><span style=\"vertical-align: inherit;\">Polipropil\u00e9n \u00e9s poliamid<\/span><\/span><\/p>\n<\/div>\n","protected":false},"excerpt":{"rendered":"<p><strong data-start=\"821\" data-end=\"835\">HASZN\u00c1LAT:<\/strong><br data-start=\"835\" data-end=\"838\" \/>Az ENERGY FUR mophoz (k\u00f3d: 00PN0311N00) nedves bels\u0151 fel\u00fcletek tiszt\u00edt\u00e1s\u00e1ra. Ide\u00e1lis a megfelel\u0151 ny\u00e9llel (k\u00f3d: 1065) kombin\u00e1lva. Kiv\u00e1l\u00f3 min\u0151s\u00e9g\u0171 m\u0171anyagb\u00f3l k\u00e9sz\u00fclt.<\/p>\n<p><strong data-start=\"1005\" data-end=\"1017\">M\u00e9retek:<\/strong> 35\u00d710 cm<\/p>\n","protected":false},"featured_media":17051,"template":"","meta":{"inline_featured_image":false},"product_cat":[230,329],"product_tag":[],"class_list":{"0":"post-17048","1":"product","2":"type-product","3":"status-publish","4":"has-post-thumbnail","6":"product_cat-takarito-eszkozok","7":"product_cat-mopok","9":"first","10":"onbackorder","11":"taxable","12":"shipping-taxable","13":"purchasable","14":"product-type-simple"},"bundled_by":[],"bundle_stock_status":"onbackorder","bundle_stock_quantity":0,"bundle_virtual":false,"bundle_layout":"","bundle_add_to_cart_form_location":"","bundle_editable_in_cart":false,"bundle_sold_individually_context":"","bundle_item_grouping":"","bundle_min_size":"","bundle_max_size":"","bundle_price":[],"bundled_items":[],"bundle_sell_ids":[],"_links":{"self":[{"href":"https:\/\/sacslab.com\/hu\/wp-json\/wp\/v2\/product\/17048","targetHints":{"allow":["GET"]}}],"collection":[{"href":"https:\/\/sacslab.com\/hu\/wp-json\/wp\/v2\/product"}],"about":[{"href":"https:\/\/sacslab.com\/hu\/wp-json\/wp\/v2\/types\/product"}],"wp:featuredmedia":[{"embeddable":true,"href":"https:\/\/sacslab.com\/hu\/wp-json\/wp\/v2\/media\/17051"}],"wp:attachment":[{"href":"https:\/\/sacslab.com\/hu\/wp-json\/wp\/v2\/media?parent=17048"}],"wp:term":[{"taxonomy":"product_cat","embeddable":true,"href":"https:\/\/sacslab.com\/hu\/wp-json\/wp\/v2\/product_cat?post=17048"},{"taxonomy":"product_tag","embeddable":true,"href":"https:\/\/sacslab.com\/hu\/wp-json\/wp\/v2\/product_tag?post=17048"}],"curies":[{"name":"wp","href":"https:\/\/api.w.org\/{rel}","templated":true}]}}