{"id":17113,"date":"2024-05-27T15:51:23","date_gmt":"2024-05-27T13:51:23","guid":{"rendered":"https:\/\/sacslab.com\/nem-kategorizalt\/alpha-6103-csavarkepesseg-novelovel\/"},"modified":"2025-04-25T12:54:54","modified_gmt":"2025-04-25T10:54:54","slug":"takarito-kocsi-alpha-6103-boost-facsaroval-tobbfunkcios","status":"publish","type":"product","link":"https:\/\/sacslab.com\/hu\/takarito-kocsi-alpha-6103-boost-facsaroval-tobbfunkcios\/","title":{"rendered":"TAKAR\u00cdT\u00d3 KOCSI ALPHA 6103 \u2013 BOOST facsar\u00f3val \u2013 t\u00f6bbfunkci\u00f3s"},"content":{"rendered":"<p>&nbsp;<\/p>\n<div class=\"testo ecobox-block\">\n<p><label class=\"title-block\"><span style=\"vertical-align: inherit;\"><span style=\"vertical-align: inherit;\">ECO BOX<\/span><\/span><img decoding=\"async\" class=\"filmop-cetificates\" src=\"https:\/\/sacslab.com\/wp-content\/uploads\/2025\/02\/logo__greenEcoBox-1.svg\" alt=\"EcoBox log\u00f3\" \/><\/label><\/p>\n<div class=\"row\">\n<div class=\"col-md-auto feature-image\"><img decoding=\"async\" class=\"filmop-cetificates\" src=\"https:\/\/sacslab.com\/wp-content\/uploads\/2025\/02\/CAM_logo-2.svg\" alt=\"EcoBox log\u00f3\" \/><\/div>\n<div class=\"col-md feature-text\">\n<p><span class=\"ecobox-title\"><span style=\"vertical-align: inherit;\"><span style=\"vertical-align: inherit;\">A Z\u00d6LD TERM\u00c9KEK K\u00d6ZIGAZGAT\u00c1SBAN T\u00d6RT\u00c9N\u0150 FELHASZN\u00c1L\u00c1S\u00c1R\u00d3L SZ\u00d3L\u00d3 EUR\u00d3PAI GPP-IR\u00c1NYMUTAT\u00c1SOKKAL \u00d6SSZHANGBAN.<\/span><\/span><\/span><\/p>\n<p><span style=\"vertical-align: inherit;\"><span style=\"vertical-align: inherit;\">Legal\u00e1bb 50%-ban \u00fajrahasznos\u00edtott m\u0171anyagb\u00f3l k\u00e9sz\u00fclt, PSF tan\u00fas\u00edtv\u00e1nnyal rendelkez\u0151 v\u00f6dr\u00f6k, amelyek a v\u00e9gfelhaszn\u00e1l\u00e1snak megfelel\u0151en k\u00fcl\u00f6nb\u00f6z\u0151 sz\u00ednekben kaphat\u00f3k. <\/span><\/span><span style=\"vertical-align: inherit;\"><span style=\"vertical-align: inherit;\">jav\u00edthat\u00f3 alkatr\u00e9szekb\u0151l k\u00e9sz\u00fcltek \u00e9s\/vagy p\u00f3talkatr\u00e9szk\u00e9nt kaphat\u00f3k a hossz\u00fa \u00e9lettartam biztos\u00edt\u00e1sa \u00e9rdek\u00e9ben.<\/span><\/span><\/p>\n<\/div>\n<\/div>\n<div class=\"row\">\n<div class=\"col-md-auto feature-image\"><img decoding=\"async\" class=\"filmop-cetificates\" src=\"https:\/\/sacslab.com\/wp-content\/uploads\/2025\/02\/PSV_solo_marchio_azzurro-2.svg\" alt=\"EcoBox log\u00f3\" \/><\/div>\n<div class=\"col-md feature-text\">\n<p><span class=\"ecobox-title\"><span style=\"vertical-align: inherit;\"><span style=\"vertical-align: inherit;\">PSV PRODUCT<\/span><\/span><\/span><\/p>\n<p><span style=\"vertical-align: inherit;\"><span style=\"vertical-align: inherit;\">R\u00e9szben m\u0171anyag \u00f6sszetev\u0151kb\u0151l k\u00e9sz\u00fclt term\u00e9k, amely a PSV &#8211; Plastic Second Life tan\u00fas\u00edtv\u00e1nnyal rendelkezik: az els\u0151 olasz \u00e9s eur\u00f3pai k\u00f6rnyezetv\u00e9delmi term\u00e9ktan\u00fas\u00edt\u00f3 c\u00edmke, amely garant\u00e1lja \u00e9s megk\u00f6nny\u00edti az \u00fajrahasznos\u00edtott m\u0171anyag felhaszn\u00e1l\u00e1s\u00e1val el\u0151\u00e1ll\u00edtott term\u00e9kek azonos\u00edt\u00e1s\u00e1t.<\/span><\/span><\/p>\n<\/div>\n<\/div>\n<div class=\"row\">\n<div class=\"col-md-auto feature-image\"><img decoding=\"async\" class=\"filmop-cetificates\" src=\"https:\/\/sacslab.com\/wp-content\/uploads\/2025\/02\/Carbon_footprint_Logo-2.svg\" alt=\"EcoBox log\u00f3\" \/><\/div>\n<div class=\"col-md feature-text\">\n<p><span class=\"ecobox-title\"><span style=\"vertical-align: inherit;\"><span style=\"vertical-align: inherit;\">CARBON FOOTPRINT<\/span><\/span><\/span><\/p>\n<p><span style=\"vertical-align: inherit;\"><span style=\"vertical-align: inherit;\">A <\/span><\/span><span style=\"vertical-align: inherit;\"><span style=\"vertical-align: inherit;\">Filmop az UNI EN ISO 14067:2018 szabv\u00e1nynak megfelel\u0151en bevezetett, rendszerszeml\u00e9let\u0171 sz\u00e9nl\u00e1bnyom tan\u00fas\u00edt\u00e1ssal rendelkezik, amely lehet\u0151v\u00e9 teszi a term\u00e9k k\u00f6rnyezeti hat\u00e1s\u00e1nak sz\u00e1mszer\u0171s\u00edt\u00e9s\u00e9t CO <\/span><\/span><sub><span style=\"vertical-align: inherit;\"><span style=\"vertical-align: inherit;\">2<\/span><\/span><\/sub><span style=\"vertical-align: inherit;\"><span style=\"vertical-align: inherit;\"> kibocs\u00e1t\u00e1sban kifejezve az \u00e9letciklus minden egyes szakasz\u00e1ban.<\/span><\/span><\/p>\n<\/div>\n<\/div>\n<div class=\"row\">\n<div class=\"col-md-auto feature-image\"><img decoding=\"async\" class=\"filmop-cetificates\" src=\"https:\/\/sacslab.com\/wp-content\/uploads\/2025\/02\/Riciclo_logo-2.svg\" alt=\"EcoBox log\u00f3\" \/><\/div>\n<div class=\"col-md feature-text\">\n<p><span class=\"ecobox-title\"><span style=\"vertical-align: inherit;\"><span style=\"vertical-align: inherit;\">ECO-FRIENDLY PRODUCT<\/span><\/span><\/span><\/p>\n<p><span style=\"vertical-align: inherit;\"><span style=\"vertical-align: inherit;\">Sz\u00e9tv\u00e1laszthat\u00f3 anyagokb\u00f3l k\u00e9sz\u00fclt term\u00e9k, amely \u00e9letciklusa v\u00e9g\u00e9n \u00fajrahasznos\u00edthat\u00f3. <\/span><\/span><br \/>\n<span style=\"vertical-align: inherit;\"><span style=\"vertical-align: inherit;\">A term\u00e9k a haszn\u00e1lat v\u00e9g\u00e9n t\u00f6rt\u00e9n\u0151 megfelel\u0151 \u00e1rtalmatlan\u00edt\u00e1s \u00e9rdek\u00e9ben a k\u00f6rnyezetv\u00e9delmi c\u00edmk\u00e9z\u00e9si k\u00f6telezetts\u00e9gr\u0151l sz\u00f3l\u00f3, 2020.09.03-i 116. sz. t\u00f6rv\u00e9nyerej\u0171 rendeletnek megfelel\u0151 csomagol\u00e1sban ker\u00fcl \u00e9rt\u00e9kes\u00edt\u00e9sre.<br \/>\nA v\u00e1llalat \u00e1ltal haszn\u00e1lt kartoncsomagol\u00e1s 99%-a \u00e1tlagosan 80%-ban \u00fajrahasznos\u00edtott pap\u00edrb\u00f3l k\u00e9sz\u00fcl. <\/span><\/span><\/p>\n<\/div>\n<\/div>\n<\/div>\n<div class=\"testo\">\n<p><label class=\"title-block\"><span style=\"vertical-align: inherit;\"><span style=\"vertical-align: inherit;\">TULAJDONS\u00c1GOK:<\/span><\/span><\/label><\/p>\n<ul>\n<li><span style=\"vertical-align: inherit;\"><span style=\"vertical-align: inherit;\">Kiv\u00e1l\u00f3 min\u0151s\u00e9g\u0171 polipropil\u00e9n kopolimerb\u0151l k\u00e9sz\u00fclt: k\u00f6nny\u0171, \u00fct\u00e9s\u00e1ll\u00f3, nagy terhel\u00e9snek \u00e9s alacsony h\u0151m\u00e9rs\u00e9kletnek ellen\u00e1ll\u00f3.<\/span><\/span><\/li>\n<li><span style=\"vertical-align: inherit;\"><span style=\"vertical-align: inherit;\">Er\u0151s, tart\u00f3s, ergonomikus, modul\u00e1ris, k\u00f6nnyen \u00f6sszeszerelhet\u0151 \u00e9s tiszt\u00edthat\u00f3.<\/span><\/span><\/li>\n<li><span style=\"vertical-align: inherit;\"><span style=\"vertical-align: inherit;\">Az alap felszerelhet\u0151 egy tov\u00e1bbi \u00f6t\u00f6dik ker\u00e9kkel k\u00f6z\u00e9pen, amely sokkal er\u0151sebb\u00e9 teszi azt egy nagy terhel\u00e9s\u0171 kocsi eset\u00e9n.<\/span><\/span><\/li>\n<li><span style=\"vertical-align: inherit;\"><span style=\"vertical-align: inherit;\">A f\u00fcgg\u0151leges keretek garant\u00e1lj\u00e1k a legmagasabb higi\u00e9ni\u00e1t, mik\u00f6zben elv\u00e1lasztj\u00e1k a hullad\u00e9kgy\u0171jt\u0151 ter\u00fcletet a kocsi t\u00f6bbi r\u00e9sz\u00e9t\u0151l.<\/span><\/span><\/li>\n<li><span style=\"vertical-align: inherit;\"><span style=\"vertical-align: inherit;\">Ergonomikus foganty\u00faval, foganty\u00fatart\u00f3val \u00e9s kamp\u00f3val ell\u00e1tott zs\u00e1ktart\u00f3. K\u00fcl\u00f6nb\u00f6z\u0151 v\u00e1ltozatokban kaphat\u00f3: 120 L, 2&#215;60 L, 1&#215;40 L + 1&#215;80 L, 3&#215;40 L. <\/span><\/span><\/li>\n<li>Lehet\u0151s\u00e9g a r\u00f6gz\u00edtett zs\u00e1ktart\u00f3 cser\u00e9j\u00e9re egy \u00f6sszecsukhat\u00f3 zs\u00e1ktart\u00f3ra, amely haszn\u00e1lat ut\u00e1n cs\u00f6kkenti a kocsi teljes m\u00e9ret\u00e9t (helytakar\u00e9kos zs\u00e1ktart\u00f3).<\/li>\n<li><span style=\"vertical-align: inherit;\"><span style=\"vertical-align: inherit;\">A k\u00f6zponti t\u00e1rol\u00f3rekesz ajtaja kivehet\u0151 kulccsal \u00e9s foganty\u00faval felszerelt, kulcstart\u00f3 rekesszel ell\u00e1tott ajt\u00f3.<\/span><\/span><\/li>\n<li><span style=\"vertical-align: inherit;\"><span style=\"vertical-align: inherit;\">A t\u00f6m\u00f6r oldalfalak \u00e9s az oldals\u00f3 ajt\u00f3k teljesen simaak, \u00e9s k\u00e9r\u00e9sre rajzokkal, k\u00e9pekkel vagy log\u00f3kkal testre szabhat\u00f3k.<\/span><\/span><\/li>\n<li><span style=\"vertical-align: inherit;\"><span style=\"vertical-align: inherit;\">A k\u00f6zponti kos\u00e1r egy c\u00edmk\u00e9vel van ell\u00e1tva, amely testre szabhat\u00f3 a kezel\u0151 nev\u00e9nek, munkater\u00fclet\u00e9nek vagy m\u00e1s hasznos inform\u00e1ci\u00f3nak a fel\u00edr\u00e1s\u00e1val.<\/span><\/span><\/li>\n<li><span style=\"vertical-align: inherit;\"><span style=\"vertical-align: inherit;\">4 literes, k\u00fcl\u00f6nb\u00f6z\u0151 sz\u00edn\u0171 v\u00f6dr\u00f6k a k\u00fcl\u00f6nb\u00f6z\u0151 vegyszeroldatok, szersz\u00e1mok \u00e9s tiszt\u00edt\u00f3eszk\u00f6z\u00f6k sz\u00e9tv\u00e1laszt\u00e1s\u00e1hoz.<\/span><\/span><\/li>\n<li><span style=\"vertical-align: inherit;\"><span style=\"vertical-align: inherit;\">K\u00e9t 15 literes v\u00f6d\u00f6r a tiszt\u00edt\u00f3oldat \u00e9s az \u00f6bl\u00edt\u0151v\u00edz sz\u00e9tv\u00e1laszt\u00e1s\u00e1hoz a jobb tiszt\u00edt\u00e1si eredm\u00e9nyek \u00e9s a higi\u00e9nia \u00e9rdek\u00e9ben, v\u00edz-, tiszt\u00edt\u00f3oldat- \u00e9s munkaid\u0151-megtakar\u00edt\u00e1s, \u00e9s k\u00f6vetkez\u00e9sk\u00e9ppen minim\u00e1lis kezel\u0151i er\u0151fesz\u00edt\u00e9s.<\/span><\/span><\/li>\n<li><span style=\"vertical-align: inherit;\"><span style=\"vertical-align: inherit;\">Lapos csavar\u00f3 ide\u00e1lis minden 40 cm-es lapos mop rendszerhez.<br \/>\nA hagyom\u00e1nyos csavar\u00f3kn\u00e1l 20%-kal nagyobb csavar\u00e1si teljes\u00edtm\u00e9nyt biztos\u00edt a csavar\u00f3lemez intenz\u00edv \u00e9s egyenletes nyom\u00e1s\u00e1nak k\u00f6sz\u00f6nhet\u0151en.<br \/>\nIde\u00e1lis csavar\u00e1st biztos\u00edt egy mozdulattal, \u00e9s 50%-kal cs\u00f6kkenti az er\u0151kifejt\u00e9st. <\/span><\/span><\/li>\n<li>A kocsi felszerelhet\u0151 a &#8216;HUSH&#8217; rendszerrel: a zs\u00e1ktart\u00f3ba \u00e1gyazott \u00fct\u00e9scsillap\u00edt\u00f3 dugatty\u00fak lehet\u0151v\u00e9 teszik a fed\u00e9l puha \u00e9s nagyon csendes z\u00e1r\u00e1s\u00e1t.<\/li>\n<li><span style=\"vertical-align: inherit;\"><span style=\"vertical-align: inherit;\">A polcok \u00e9s fi\u00f3kok t\u00f6bbf\u00e9le kombin\u00e1ci\u00f3ja kaphat\u00f3: 10 L, 22 L, 40 L fi\u00f3kok, kih\u00fazhat\u00f3 korl\u00e1toz\u00f3val felszerelve, z\u00e1rral vagy z\u00e1r n\u00e9lk\u00fcl.<\/span><\/span><\/li>\n<li><span style=\"vertical-align: inherit;\"><span style=\"vertical-align: inherit;\">A kocsi felszerelhet\u0151 kamp\u00f3kkal, elv\u00e1laszt\u00f3kosarakkal, hordoz\u00f3kosarakkal, foganty\u00fatart\u00f3kkal \u00e9s sz\u00e1mos m\u00e1s tartoz\u00e9kkal: javasoljuk, hogy az Alpha kocsik v\u00e1laszt\u00e9k\u00e1nak &#8222;alkatr\u00e9szek \u00e9s tartoz\u00e9kok&#8221; r\u00e9sz\u00e9ben tal\u00e1lhat\u00f3 m\u0171szaki katal\u00f3gusunkban tekintse meg a rendelkez\u00e9sre \u00e1ll\u00f3 tartoz\u00e9kok teljes v\u00e1laszt\u00e9k\u00e1t.<\/span><\/span><\/li>\n<li><span style=\"vertical-align: inherit;\"><span style=\"vertical-align: inherit;\">Latexmentes term\u00e9k.<\/span><\/span><\/li>\n<\/ul>\n<\/div>\n<div class=\"testo\">\n<p><label class=\"title-block\"><span style=\"vertical-align: inherit;\"><span style=\"vertical-align: inherit;\">ANYAG:<\/span><\/span><\/label><\/p>\n<p><span style=\"vertical-align: inherit;\"><span style=\"vertical-align: inherit;\">Polipropil\u00e9n kopolimer \u00e9s Rilsan bevonat\u00fa ac\u00e9l.<\/span><\/span><\/p>\n<\/div>\n","protected":false},"excerpt":{"rendered":"<p data-start=\"2919\" data-end=\"3089\"><strong data-start=\"2919\" data-end=\"2934\">ALKALMAZ\u00c1S:<\/strong><\/p>\n<p data-start=\"2919\" data-end=\"3089\"><strong>Az Alpha t\u00f6bbfunkci\u00f3s takar\u00edt\u00f3kocsi ide\u00e1lis olyan helyis\u00e9gekbe, ahol port\u00f6rl\u00e9sre, hullad\u00e9kgy\u0171jt\u00e9sre, padl\u00f3tiszt\u00edt\u00e1sra \u00e9s fel\u00fclettiszt\u00edt\u00e1sra van sz\u00fcks\u00e9g.<\/strong><\/p>\n<p data-start=\"3091\" data-end=\"3401\">Kiv\u00e1l\u00f3 min\u0151s\u00e9g\u0171 polipropil\u00e9n kopolimerb\u0151l k\u00e9sz\u00fclt, ergonomikus kialak\u00edt\u00e1ssal. A f\u00fcgg\u0151leges keretek elv\u00e1lasztj\u00e1k a hullad\u00e9kgy\u0171jt\u0151 r\u00e9szt a kocsi t\u00f6bbi r\u00e9sz\u00e9t\u0151l, biztos\u00edtva ezzel a magas higi\u00e9niai szintet. A kocsi t\u00e1rol\u00f3hellyel \u00e9s praktikus kos\u00e1rral van felszerelve tiszt\u00edt\u00f3szerek, kend\u0151k vagy szersz\u00e1mok sz\u00e1m\u00e1ra.<\/p>\n<p data-start=\"3403\" data-end=\"3733\">K\u00e9t 15 literes v\u00f6d\u00f6r biztos\u00edtja a tiszt\u00edt\u00f3szer \u00e9s az \u00f6bl\u00edt\u0151v\u00edz sz\u00e9tv\u00e1laszt\u00e1s\u00e1t, ami jav\u00edtja a tiszt\u00edt\u00e1s hat\u00e9konys\u00e1g\u00e1t \u00e9s cs\u00f6kkenti az oper\u00e1tor terhel\u00e9s\u00e9t. A k\u00fcl\u00f6nb\u00f6z\u0151 sz\u00edn\u0171 4 literes v\u00f6dr\u00f6k a k\u00fcl\u00f6nb\u00f6z\u0151 vegyi oldatok elk\u00fcl\u00f6n\u00edt\u00e9s\u00e9re szolg\u00e1lnak. A pr\u00e9s lapos mopokhoz ide\u00e1lis, \u00e9s ak\u00e1r 50%-kal is cs\u00f6kkentheti a fizikai ig\u00e9nybev\u00e9telt.<\/p>\n<p data-start=\"3735\" data-end=\"3908\">Az Alpha takar\u00edt\u00f3kocsi egy komplex rendszer, amely hat\u00e9kony \u00e9s k\u00e9nyelmes napi karbantart\u00e1st biztos\u00edt, szem el\u0151tt tartva a k\u00f6rnyezetbar\u00e1t m\u0171k\u00f6d\u00e9st \u00e9s a k\u00f6nny\u0171 kezelhet\u0151s\u00e9get.<\/p>\n<p data-start=\"3735\" data-end=\"3908\"><strong data-start=\"74\" data-end=\"87\">JELLEMZ\u0150K:<\/strong><\/p>\n<ul>\n<li><strong>Hullad\u00e9kgy\u0171jt\u0151 r\u00e9sz<\/strong><\/li>\n<li><strong>T\u00e1rhely<\/strong><\/li>\n<li><strong>Kos\u00e1r a tiszt\u00edt\u00f3szerek, t\u00f6rl\u0151kend\u0151k \u00e9s eszk\u00f6z\u00f6k sz\u00e1m\u00e1ra<\/strong><\/li>\n<li><strong>4 literes v\u00f6dr\u00f6k k\u00fcl\u00f6nb\u00f6z\u0151 sz\u00ednekben<\/strong><\/li>\n<li><strong>Tiszt\u00edt\u00f3szett BOOST facsar\u00f3val (2 x 15 L)<\/strong><\/li>\n<li><strong>M\u00e9retek: 133x68x114 cm<\/strong><\/li>\n<\/ul>\n<div class=\"info-system\">\n<div class=\"wrapper-img-system\"><img decoding=\"async\" class=\"filmop-cetificates\" src=\"https:\/\/sacslab.com\/wp-content\/uploads\/2025\/01\/Logo_Latex_free.svg\" alt=\"Logo\" \/><\/div>\n<\/div>\n","protected":false},"featured_media":17115,"template":"","meta":{"inline_featured_image":false},"product_cat":[230,318],"product_tag":[],"class_list":{"0":"post-17113","1":"product","2":"type-product","3":"status-publish","4":"has-post-thumbnail","6":"product_cat-takarito-eszkozok","7":"product_cat-tobbcelu-kocsik","9":"first","10":"onbackorder","11":"taxable","12":"shipping-taxable","13":"purchasable","14":"product-type-simple"},"bundled_by":[],"bundle_stock_status":"onbackorder","bundle_stock_quantity":0,"bundle_virtual":false,"bundle_layout":"","bundle_add_to_cart_form_location":"","bundle_editable_in_cart":false,"bundle_sold_individually_context":"","bundle_item_grouping":"","bundle_min_size":"","bundle_max_size":"","bundle_price":[],"bundled_items":[],"bundle_sell_ids":[],"_links":{"self":[{"href":"https:\/\/sacslab.com\/hu\/wp-json\/wp\/v2\/product\/17113","targetHints":{"allow":["GET"]}}],"collection":[{"href":"https:\/\/sacslab.com\/hu\/wp-json\/wp\/v2\/product"}],"about":[{"href":"https:\/\/sacslab.com\/hu\/wp-json\/wp\/v2\/types\/product"}],"wp:featuredmedia":[{"embeddable":true,"href":"https:\/\/sacslab.com\/hu\/wp-json\/wp\/v2\/media\/17115"}],"wp:attachment":[{"href":"https:\/\/sacslab.com\/hu\/wp-json\/wp\/v2\/media?parent=17113"}],"wp:term":[{"taxonomy":"product_cat","embeddable":true,"href":"https:\/\/sacslab.com\/hu\/wp-json\/wp\/v2\/product_cat?post=17113"},{"taxonomy":"product_tag","embeddable":true,"href":"https:\/\/sacslab.com\/hu\/wp-json\/wp\/v2\/product_tag?post=17113"}],"curies":[{"name":"wp","href":"https:\/\/api.w.org\/{rel}","templated":true}]}}