{"id":17332,"date":"2024-04-19T14:31:41","date_gmt":"2024-04-19T12:31:41","guid":{"rendered":"https:\/\/sacslab.com\/nem-kategorizalt\/ld05-mosogel-a-kenyes-szennyeshez\/"},"modified":"2025-04-16T22:55:52","modified_gmt":"2025-04-16T20:55:52","slug":"ld05-mosogel-kimeletes-ruhazathez","status":"publish","type":"product","link":"https:\/\/sacslab.com\/hu\/ld05-mosogel-kimeletes-ruhazathez\/","title":{"rendered":"LD05 \u2013 MOS\u00d3G\u00c9L K\u00cdM\u00c9LETES RUH\u00c1ZATHEZ"},"content":{"rendered":"<p><strong>LD05 &#8211; Delicate<\/strong><\/p>\n<p>Koncentr\u00e1lt mos\u00f3g\u00e9l egyedi \u00f6sszet\u00e9tellel, amelyet kifejezetten a legfinomabb text\u00edli\u00e1k, p\u00e9ld\u00e1ul selyem \u00e9s gyapj\u00fa k\u00edm\u00e9letes mos\u00e1s\u00e1ra \u00e9s gondos \u00e1pol\u00e1s\u00e1ra terveztek. A modern technol\u00f3gi\u00e1knak \u00e9s akt\u00edv \u00f6sszetev\u0151knek k\u00f6sz\u00f6nhet\u0151en meg\u0151rzi a sz\u00e1lak puhas\u00e1g\u00e1t, simas\u00e1g\u00e1t, \u00e9s v\u00e9di azok szerkezet\u00e9t. Mos\u00e1s k\u00f6zben megsz\u00fcnteti a bolyhosod\u00e1st, mik\u00f6zben fenntartja a text\u00edli\u00e1k intenz\u00edv sz\u00edneit.<\/p>\n<p>Hat\u00e9konyan elt\u00e1vol\u00edtja a foltokat \u00e9s a szennyez\u0151d\u00e9seket. Alkalmas k\u00e9zi \u00e9s g\u00e9pi mos\u00e1shoz egyar\u00e1nt, \u00e9s megb\u00edzhat\u00f3an m\u0171k\u00f6dik 30 \u00b0C \u00e9s 95 \u00b0C k\u00f6z\u00f6tti h\u0151m\u00e9rs\u00e9kleten. Nem tartalmaz agressz\u00edv szintetikus anyagokat, \u00e9s ide\u00e1lis minden t\u00edpus\u00fa text\u00edli\u00e1hoz.<\/p>\n<p>A term\u00e9k v\u00edzl\u00e1gy\u00edt\u00f3t tartalmaz, amely jav\u00edtja a mos\u00e1si eredm\u00e9nyeket kem\u00e9ny v\u00edzben, \u00edgy cs\u00f6kkenti a mos\u00f3szer \u00e9s az energiafogyaszt\u00e1st. A term\u00e9szetes v\u00edzl\u00e1gy\u00edt\u00f3k k\u00e9pesek megk\u00f6tni az olyan \u00e1sv\u00e1nyi anyagokat, mint a kalcium \u00e9s a magn\u00e9zium, amelyek gyakran lerak\u00f3dnak a mos\u00f3g\u00e9pekben \u00e9s a text\u00edli\u00e1kban. Ez a folyamat seg\u00edt megv\u00e9deni a text\u00edli\u00e1kat \u00e9s biztos\u00edtja azok hosszabb \u00e9lettartam\u00e1t.<\/p>\n<p><strong>HASZN\u00c1LATI \u00daTMUTAT\u00d3:<\/strong><\/p>\n<p><strong>Ruh\u00e1k sz\u00e9tv\u00e1logat\u00e1sa:<\/strong><br \/>\nV\u00e1logassa sz\u00e9t a text\u00edli\u00e1kat sz\u00ednek szerint (feh\u00e9r, sz\u00ednes, s\u00f6t\u00e9t) \u00e9s az \u00e1pol\u00e1si c\u00edmk\u00e9n felt\u00fcntetett aj\u00e1nlott mos\u00e1si h\u0151m\u00e9rs\u00e9klet alapj\u00e1n.<\/p>\n<p><strong>Mos\u00f3szer adagol\u00e1sa:<\/strong><br \/>\nHaszn\u00e1ljon m\u00e9r\u0151poharat a megfelel\u0151 mennyis\u00e9g\u0171 mos\u00f3szer kim\u00e9r\u00e9s\u00e9hez. Az adagol\u00e1s a szennyez\u0151d\u00e9s m\u00e9rt\u00e9k\u00e9t\u0151l \u00e9s a v\u00edz kem\u00e9nys\u00e9g\u00e9t\u0151l f\u00fcgg.<\/p>\n<p><strong>Mos\u00f3g\u00e9p el\u0151k\u00e9sz\u00edt\u00e9se:<\/strong><br \/>\nHelyezze a ruh\u00e1kat a mos\u00f3g\u00e9p dobj\u00e1ba, \u00e9s \u00f6ntse a mos\u00f3g\u00e9lt a mos\u00f3szer-adagol\u00f3ba.<\/p>\n<p><strong>Mos\u00f3g\u00e9p be\u00e1ll\u00edt\u00e1sa:<\/strong><br \/>\nV\u00e1lassza ki a megfelel\u0151 mos\u00e1si programot, \u00e9s \u00e1ll\u00edtsa be a h\u0151m\u00e9rs\u00e9kletet a text\u00edli\u00e1k \u00e1pol\u00e1si c\u00edmk\u00e9j\u00e9n tal\u00e1lhat\u00f3 utas\u00edt\u00e1sok szerint (pl. 30 \u00b0C a k\u00e9nyes anyagokhoz).<\/p>\n<p><strong>Mos\u00e1si ciklus ind\u00edt\u00e1sa:<\/strong><br \/>\nInd\u00edtsa el a mos\u00f3g\u00e9pet, \u00e9s hagyja a mos\u00e1si ciklust v\u00e9gigfutni.<\/p>\n<p><strong>Mos\u00e1s ut\u00e1ni teend\u0151k:<\/strong><br \/>\nA mos\u00e1s v\u00e9gezt\u00e9vel vegye ki a ruh\u00e1kat a mos\u00f3g\u00e9pb\u0151l, hogy elker\u00fclje a nedvesed\u00e9st. Sz\u00fcks\u00e9g eset\u00e9n haszn\u00e1ljon sz\u00e1r\u00edt\u00f3g\u00e9pet a text\u00edli\u00e1k \u00e1pol\u00e1si c\u00edmk\u00e9j\u00e9n tal\u00e1lhat\u00f3 utas\u00edt\u00e1soknak megfelel\u0151en.<\/p>\n<p><strong>T\u00c1ROL\u00c1S: <\/strong><\/p>\n<p>T\u00e1rolja 5\u201330 \u00b0C h\u0151m\u00e9rs\u00e9kleten. V\u00e9dje a k\u00f6zvetlen napf\u00e9nyt\u0151l. Felhaszn\u00e1lhat\u00f3 a csomagol\u00e1son felt\u00fcntetett d\u00e1tumig.<\/p>\n<p><strong>FIGYELEM:<\/strong><\/p>\n<p>A SACSLAB s. r. o. nem v\u00e1llal felel\u0151ss\u00e9get semmilyen k\u00e1r\u00e9rt, bele\u00e9rtve a k\u00f6zvetlen vagy k\u00f6zvetett k\u00e1rt is, amelyet a term\u00e9k helytelen haszn\u00e1lata, a haszn\u00e1lati utas\u00edt\u00e1sok be nem tart\u00e1sa vagy a term\u00e9k nem megfelel\u0151 kezel\u00e9se okozott.<\/p>\n<p>A felhaszn\u00e1l\u00f3nak a haszn\u00e1lat el\u0151tt meg kell gy\u0151z\u0151dnie a term\u00e9k megfelel\u0151s\u00e9g\u00e9r\u0151l a konkr\u00e9t c\u00e9lra, \u00e9s biztos\u00edtania kell minden vonatkoz\u00f3 biztons\u00e1gi el\u0151\u00edr\u00e1s betart\u00e1s\u00e1t, bele\u00e9rtve a biztons\u00e1gi adatlap (SDS) utas\u00edt\u00e1sait is.<\/p>\n<p>Ez a nyilatkozat nem z\u00e1rja ki, \u00e9s nem korl\u00e1tozza a felel\u0151ss\u00e9get a hal\u00e1l, s\u00e9r\u00fcl\u00e9s vagy m\u00e1s olyan esetek vonatkoz\u00e1s\u00e1ban, amikor a felel\u0151ss\u00e9g kiz\u00e1r\u00e1sa az alkalmazand\u00f3 jogszab\u00e1lyok szerint nem megengedett.<\/p>\n<div class=\"_message__content_g10pz_53\">\n<div class=\"Text-module__container___lebzl\">\n<p class=\"Text-module__container__message___KKCte Text-module__container--user___3KXA-\"><strong>FONTOS:<\/strong><\/p>\n<\/div>\n<\/div>\n<p>Haszn\u00e1lat el\u0151tt mindig olvassa el a c\u00edmk\u00e9t \u00e9s a term\u00e9kinform\u00e1ci\u00f3kat a csatolt <strong>\u201eLET\u00d6LT\u00c9SEK\u201d <\/strong>dokumentumokban.<\/p>\n<p>K\u00e9zi adagol\u00e1s:<\/p>\n<table>\n<thead>\n<tr>\n<th>Aj\u00e1nlott adagol\u00e1s 5 kg-ra<\/th>\n<th>K\u00f6nny\u0171 szennyez\u0151d\u00e9s<\/th>\n<th>Norm\u00e1l szennyez\u0151d\u00e9s<\/th>\n<th>Er\u0151s szennyez\u0151d\u00e9s<\/th>\n<th>El\u0151\u00e1ztat\u00e1s<\/th>\n<\/tr>\n<\/thead>\n<tbody>\n<tr>\n<td>1. szint (&lt; 1,5 mmol\/l)<\/td>\n<td>40 ml<\/td>\n<td>50 ml<\/td>\n<td>80 ml<\/td>\n<td>40 ml<\/td>\n<\/tr>\n<tr>\n<td>2. szint (1,5 \u2013 2,5 mmol\/l)<\/td>\n<td>60 ml<\/td>\n<td>80 ml<\/td>\n<td>100 ml<\/td>\n<td>60 ml<\/td>\n<\/tr>\n<tr>\n<td>3. szint (&gt; 2,5 mmol\/l)<\/td>\n<td>80 ml<\/td>\n<td>100 ml<\/td>\n<td>120 ml<\/td>\n<td>80 ml<\/td>\n<\/tr>\n<\/tbody>\n<\/table>\n<p><strong>Adjon hozz\u00e1 h\u00edg\u00edtatlan term\u00e9ket az el\u0151mos\u00e1s vagy a f\u0151 mos\u00e1s adagol\u00f3 fi\u00f3kj\u00e1hoz.<\/strong><\/p>\n","protected":false},"excerpt":{"rendered":"<p><strong style=\"font-size: 1.41575em;\">Professzion\u00e1lis <strong>mos\u00f3szer<\/strong><\/strong><\/p>\n<p><img decoding=\"async\" class=\"alignnone wp-image-22626 size-full\" src=\"https:\/\/sacslab.com\/wp-content\/uploads\/2024\/04\/certificate-ISO.svg\" alt=\"\" \/><\/p>\n<div class=\"e18-eigenschaften\">\n<p><strong>LD05 Delicate<\/strong> \u2013 koncentr\u00e1lt mos\u00f3g\u00e9l egyedi \u00f6sszet\u00e9tellel, amelyet kifejezetten a legfinomabb text\u00edli\u00e1k, p\u00e9ld\u00e1ul selyem \u00e9s gyapj\u00fa k\u00edm\u00e9letes mos\u00e1s\u00e1ra \u00e9s gondos \u00e1pol\u00e1s\u00e1ra terveztek. A modern technol\u00f3gi\u00e1knak \u00e9s akt\u00edv \u00f6sszetev\u0151knek k\u00f6sz\u00f6nhet\u0151en meg\u0151rzi a sz\u00e1lak puhas\u00e1g\u00e1t, simas\u00e1g\u00e1t, \u00e9s v\u00e9di azok szerkezet\u00e9t. Mos\u00e1s k\u00f6zben megsz\u00fcnteti a bolyhosod\u00e1st, mik\u00f6zben fenntartja a text\u00edli\u00e1k intenz\u00edv sz\u00edneit.<\/p>\n<p>Hat\u00e9konyan t\u00e1vol\u00edtja el a foltokat \u00e9s a szennyez\u0151d\u00e9seket. Alkalmas k\u00e9zi \u00e9s g\u00e9pi mos\u00e1shoz egyar\u00e1nt, \u00e9s megb\u00edzhat\u00f3an m\u0171k\u00f6dik 30 \u00b0C \u00e9s 95 \u00b0C k\u00f6z\u00f6tti h\u0151m\u00e9rs\u00e9kleten. Nem tartalmaz agressz\u00edv szintetikus anyagokat, \u00e9s ide\u00e1lis minden t\u00edpus\u00fa text\u00edli\u00e1hoz.<\/p>\n<ul>\n<li><strong>Kifejezetten a finom ruh\u00e1khoz tervezve<\/strong><\/li>\n<li><strong>Meg\u0151rzi az anyagok puhas\u00e1g\u00e1t<\/strong><\/li>\n<li><strong>Megsz\u00fcnteti a bolyhosod\u00e1st<\/strong><\/li>\n<li><strong>Fenntartja az intenz\u00edv sz\u00edneket<\/strong><\/li>\n<li><strong>Hat\u00e9konyan elt\u00e1vol\u00edtja a foltokat<\/strong><\/li>\n<li><strong>Friss illatot hagy maga ut\u00e1n<\/strong><\/li>\n<\/ul>\n<\/div>\n","protected":false},"featured_media":22694,"template":"","meta":{"inline_featured_image":false},"product_cat":[359],"product_tag":[],"class_list":{"0":"post-17332","1":"product","2":"type-product","3":"status-publish","4":"has-post-thumbnail","6":"product_cat-mososzerek","8":"first","9":"instock","10":"taxable","11":"shipping-taxable","12":"purchasable","13":"product-type-variable"},"bundled_by":["20475"],"bundle_stock_status":"instock","bundle_stock_quantity":20,"bundle_virtual":false,"bundle_layout":"","bundle_add_to_cart_form_location":"","bundle_editable_in_cart":false,"bundle_sold_individually_context":"","bundle_item_grouping":"","bundle_min_size":"","bundle_max_size":"","bundle_price":[],"bundled_items":[],"bundle_sell_ids":[],"_links":{"self":[{"href":"https:\/\/sacslab.com\/hu\/wp-json\/wp\/v2\/product\/17332","targetHints":{"allow":["GET"]}}],"collection":[{"href":"https:\/\/sacslab.com\/hu\/wp-json\/wp\/v2\/product"}],"about":[{"href":"https:\/\/sacslab.com\/hu\/wp-json\/wp\/v2\/types\/product"}],"wp:featuredmedia":[{"embeddable":true,"href":"https:\/\/sacslab.com\/hu\/wp-json\/wp\/v2\/media\/22694"}],"wp:attachment":[{"href":"https:\/\/sacslab.com\/hu\/wp-json\/wp\/v2\/media?parent=17332"}],"wp:term":[{"taxonomy":"product_cat","embeddable":true,"href":"https:\/\/sacslab.com\/hu\/wp-json\/wp\/v2\/product_cat?post=17332"},{"taxonomy":"product_tag","embeddable":true,"href":"https:\/\/sacslab.com\/hu\/wp-json\/wp\/v2\/product_tag?post=17332"}],"curies":[{"name":"wp","href":"https:\/\/api.w.org\/{rel}","templated":true}]}}