{"id":17418,"date":"2024-05-09T02:02:45","date_gmt":"2024-05-09T00:02:45","guid":{"rendered":"https:\/\/sacslab.com\/nem-kategorizalt\/sc01-vizkooldo-tisztito\/"},"modified":"2025-06-01T17:31:05","modified_gmt":"2025-06-01T15:31:05","slug":"sc01-vizkooldo-tisztito","status":"publish","type":"product","link":"https:\/\/sacslab.com\/hu\/sc01-vizkooldo-tisztito\/","title":{"rendered":"SC01 &#8211; V\u00cdZK\u0150OLD\u00d3 TISZT\u00cdT\u00d3SZER"},"content":{"rendered":"<p><strong>SC01 &#8211; V\u00edzk\u0151old\u00f3 tiszt\u00edt\u00f3szer<\/strong><\/p>\n<p>Egy er\u0151teljes tiszt\u00edt\u00f3szer, amelyet kifejezetten \u00e1ltal\u00e1nos tiszt\u00edt\u00e1sra \u00e9s minden mosd\u00f3- \u00e9s szaniterfel\u00fclet tiszt\u00edt\u00e1s\u00e1ra terveztek.<br \/>\nEz a tiszt\u00edt\u00f3szer rendk\u00edv\u00fcl hat\u00e9konyan t\u00e1vol\u00edtja el a v\u00edzk\u00f6vet, rozsd\u00e1t, olajat, vizeletet \u00e9s egy\u00e9b lerak\u00f3d\u00e1sokat, m\u00e9lytiszt\u00edt\u00e1st biztos\u00edtva, \u00e9s visszaadja a fel\u00fcletek eredeti f\u00e9ny\u00e9t.<br \/>\nA fel\u00fcletek sz\u00e9les sk\u00e1l\u00e1j\u00e1nak tiszt\u00edt\u00e1s\u00e1ra alkalmas, bele\u00e9rtve a ker\u00e1mi\u00e1kat, csemp\u00e9ket, mosd\u00f3kat, k\u00e1dakat, csapokat, WC-kagyl\u00f3kat, piszo\u00e1rokat, zuhanyt\u00e1lc\u00e1kat \u00e9s -r\u00e1csokat, rozsdamentes ac\u00e9l alkatr\u00e9szeket \u00e9s egy\u00e9b berendez\u00e9si t\u00e1rgyakat.<br \/>\nEz a term\u00e9k ide\u00e1lis professzion\u00e1lis \u00e9s otthoni haszn\u00e1latra egyar\u00e1nt, ahol nagy hat\u00e9konys\u00e1gra \u00e9s megb\u00edzhat\u00f3s\u00e1gra van sz\u00fcks\u00e9g a legkem\u00e9nyebb szennyez\u0151d\u00e9sek elt\u00e1vol\u00edt\u00e1s\u00e1hoz.<\/p>\n<p><strong>MEGJEGYZ\u00c9S<\/strong>:<\/p>\n<p>Az SC01 nem alkalmas kev\u00e9sb\u00e9 sav\u00e1ll\u00f3 fel\u00fcletekhez. Javasoljuk, hogy \u00faj vagy ismeretlen fel\u00fcleten t\u00f6rt\u00e9n\u0151 haszn\u00e1lat el\u0151tt egy kis, nem felt\u0171n\u0151 ter\u00fcleten tesztelje.<\/p>\n<p><strong>HASZN\u00c1LATI \u00daTMUTAT\u00d3:<\/strong><\/p>\n<ul>\n<li>Permetezze a term\u00e9ket a szennyezett fel\u00fcletre egy sz\u00f3r\u00f3fejes flakonb\u00f3l.<\/li>\n<li>Hagyja hatni 1\u201310 percig a szennyez\u0151d\u00e9s m\u00e9rt\u00e9k\u00e9t\u0151l f\u00fcgg\u0151en<\/li>\n<li>Tiszt\u00edtsa meg a fel\u00fcletet egy puha szivaccsal.<\/li>\n<li>\u00d6bl\u00edtse le tiszta v\u00edzzel.<\/li>\n<\/ul>\n<p><strong>ADAGOL\u00c1S:<\/strong><\/p>\n<p>Haszn\u00e1lja sz\u00fcks\u00e9g szerint, a szennyez\u0151d\u00e9s m\u00e9rt\u00e9k\u00e9nek megfelel\u0151en.A term\u00e9ket nem kell h\u00edg\u00edtani, k\u00f6zvetlen\u00fcl vigye fel a fel\u00fcletre.<\/p>\n<p><strong>T\u00c1ROL\u00c1S:<\/strong><\/p>\n<p>T\u00e1rolja 5\u201330 \u00b0C h\u0151m\u00e9rs\u00e9kleten. V\u00e9dje a k\u00f6zvetlen napf\u00e9nyt\u0151l. Felhaszn\u00e1lhat\u00f3 a csomagol\u00e1son felt\u00fcntetett d\u00e1tumig.<\/p>\n<p><strong>FIGYELEM:<\/strong><\/p>\n<p>A SACSLAB s. r. o. nem v\u00e1llal felel\u0151ss\u00e9get semmilyen k\u00e1r\u00e9rt, bele\u00e9rtve a k\u00f6zvetlen vagy k\u00f6zvetett k\u00e1rt is, amelyet a term\u00e9k helytelen haszn\u00e1lata, a haszn\u00e1lati utas\u00edt\u00e1sok be nem tart\u00e1sa vagy a term\u00e9k nem megfelel\u0151 kezel\u00e9se okozott.<\/p>\n<p>A felhaszn\u00e1l\u00f3nak a haszn\u00e1lat el\u0151tt meg kell gy\u0151z\u0151dnie a term\u00e9k megfelel\u0151s\u00e9g\u00e9r\u0151l a konkr\u00e9t c\u00e9lra, \u00e9s biztos\u00edtania kell minden vonatkoz\u00f3 biztons\u00e1gi el\u0151\u00edr\u00e1s betart\u00e1s\u00e1t, bele\u00e9rtve a biztons\u00e1gi adatlap (SDS) utas\u00edt\u00e1sait is.<\/p>\n<p>Ez a nyilatkozat nem z\u00e1rja ki, \u00e9s nem korl\u00e1tozza a felel\u0151ss\u00e9get a hal\u00e1l, s\u00e9r\u00fcl\u00e9s vagy m\u00e1s olyan esetek vonatkoz\u00e1s\u00e1ban, amikor a felel\u0151ss\u00e9g kiz\u00e1r\u00e1sa az alkalmazand\u00f3 jogszab\u00e1lyok szerint nem megengedett.<\/p>\n<div class=\"_message__content_g10pz_53\">\n<div class=\"Text-module__container___lebzl\">\n<p class=\"Text-module__container__message___KKCte Text-module__container--user___3KXA-\"><strong>FONTOS:<\/strong><\/p>\n<\/div>\n<\/div>\n<p>Haszn\u00e1lat el\u0151tt mindig olvassa el a c\u00edmk\u00e9t \u00e9s a term\u00e9kinform\u00e1ci\u00f3kat a csatolt\u00a0<strong>\u201eLET\u00d6LT\u00c9SEK\u201d\u00a0<\/strong>dokumentumokban.<\/p>\n<div class=\"testo\">\n<h4>ALKALMAZ\u00c1SI TER\u00dcLETEK:<\/h4>\n<table class=\"tab_application\">\n<thead>\n<tr>\n<th>TER\u00dcLET<\/th>\n<th>F\u0150 FELHASZN\u00c1L\u00c1S<\/th>\n<th>EGY\u00c9B HASZN\u00c1LAT<\/th>\n<\/tr>\n<\/thead>\n<tbody>\n<tr>\n<td>\u00c1LTAL\u00c1NOS<\/td>\n<td><\/td>\n<td><\/td>\n<\/tr>\n<tr>\n<td>MOSD\u00d3<\/td>\n<td><img decoding=\"async\" class=\"sacslab-checked\" src=\"https:\/\/sacslab.com\/wp-content\/uploads\/2024\/06\/checked-yellow.svg\" \/><\/td>\n<td><\/td>\n<\/tr>\n<tr>\n<td>HIGI\u00c9NIAI<\/td>\n<td><\/td>\n<td><img decoding=\"async\" class=\"sacslab-checked\" src=\"https:\/\/sacslab.com\/wp-content\/uploads\/2024\/06\/checked-red.svg\" \/><\/td>\n<\/tr>\n<tr>\n<td>KONYHAI<\/td>\n<td><\/td>\n<td><img decoding=\"async\" class=\"sacslab-checked\" src=\"https:\/\/sacslab.com\/wp-content\/uploads\/2024\/06\/checked-green.svg\" \/><\/td>\n<\/tr>\n<tr>\n<td>DEZINFEKT\u00c1L\u00d3<\/td>\n<td><\/td>\n<td><\/td>\n<\/tr>\n<tr>\n<td>SPECI\u00c1LIS<\/td>\n<td><\/td>\n<td><\/td>\n<\/tr>\n<\/tbody>\n<\/table>\n<\/div>\n<div class=\"testo\">\n<h4>SC01 &#8211; SCALE CLEANER \u00a0pH &lt; 1,0<\/h4>\n<p>A megadott pH-\u00e9rt\u00e9k az adott mos\u00f3szerre vagy mos\u00f3szer-koncentr\u00e1tumra vonatkozik.<\/p>\n<table class=\"tab_application\">\n<thead>\n<tr>\n<th><strong>TITLE <\/strong><\/th>\n<th>pH<\/th>\n<\/tr>\n<\/thead>\n<tbody>\n<tr>\n<td>ER\u0150SEN SAVAS | pH 0-2<\/td>\n<td><img decoding=\"async\" class=\"sacslab-checked\" src=\"https:\/\/sacslab.com\/wp-content\/uploads\/2024\/06\/checked-black.svg\" \/><\/td>\n<\/tr>\n<tr>\n<td>K\u00d6ZEPESEN SAVAS | pH 2-5<\/td>\n<td><\/td>\n<\/tr>\n<tr>\n<td>SEMLEGES | pH 5-8<\/td>\n<td><\/td>\n<\/tr>\n<tr>\n<td>K\u00d6ZEPESEN L\u00daGOS | pH 8-11<\/td>\n<td><\/td>\n<\/tr>\n<tr>\n<td>ER\u0150SEN L\u00daGOS | pH 11-15<\/td>\n<td><\/td>\n<\/tr>\n<\/tbody>\n<\/table>\n<\/div>\n","protected":false},"excerpt":{"rendered":"<p><strong style=\"font-size: 1.41575em;\">Professzion\u00e1lis tiszt\u00edt\u00f3szer<\/strong><\/p>\n<p><img fetchpriority=\"high\" decoding=\"async\" class=\"alignnone wp-image-22622 size-medium\" src=\"https:\/\/sacslab.com\/wp-content\/uploads\/2024\/04\/certificate-ISO.svg\" alt=\"\" width=\"300\" height=\"300\" \/><\/p>\n<div class=\"e18-eigenschaften\">\n<p><strong>SC01 V\u00edzk\u0151 tiszt\u00edt\u00f3szer <\/strong>\u2013 nagy hat\u00e9konys\u00e1g\u00fa v\u00edzk\u0151-, rozsda- \u00e9s lerak\u00f3d\u00e1selt\u00e1vol\u00edt\u00f3. Alkalmas szaniter ker\u00e1mi\u00e1k, WC-k, csemp\u00e9k, mosd\u00f3k, k\u00e1dak, zuhanyz\u00f3k, csaptelepek \u00e9s rozsdamentes ac\u00e9l tiszt\u00edt\u00e1s\u00e1ra. Haszn\u00e1latra tervezve szaniter \u00e9s mos\u00f3ter\u00fcleteken. Hosszan tart\u00f3 tisztas\u00e1got \u00e9s frissess\u00e9get biztos\u00edt.<\/p>\n<ul>\n<li data-start=\"309\" data-end=\"446\"><strong>Mosd\u00f3k, k\u00e1dak<\/strong><\/li>\n<li data-start=\"309\" data-end=\"446\"><strong>Zuhanykabinok<\/strong><\/li>\n<li data-start=\"309\" data-end=\"446\"><strong>Csaptelepek<\/strong><\/li>\n<li data-start=\"309\" data-end=\"446\"><strong>Csemp\u00e9k<\/strong><\/li>\n<li data-start=\"309\" data-end=\"446\"><strong>Intenz\u00edv \u00e9s m\u00e9lytiszt\u00edt\u00e1s<\/strong><\/li>\n<li data-start=\"309\" data-end=\"446\"><strong>Kiemelked\u0151 hat\u00e9konys\u00e1g v\u00edzk\u0151 \u00e9s rozsda ellen<\/strong><\/li>\n<li><strong><strong>pH &lt; 1,0\u00a0<\/strong><\/strong><\/li>\n<\/ul>\n<\/div>\n","protected":false},"featured_media":22367,"template":"","meta":{"inline_featured_image":false},"product_cat":[322,368],"product_tag":[382,369],"class_list":{"0":"post-17418","1":"product","2":"type-product","3":"status-publish","4":"has-post-thumbnail","6":"product_cat-tisztitoszerek","7":"product_cat-higieniai-terulet","8":"product_tag-konyhaterulet","9":"product_tag-mosdo-terulet","11":"first","12":"instock","13":"featured","14":"taxable","15":"shipping-taxable","16":"purchasable","17":"product-type-variable"},"bundled_by":["20475"],"bundle_stock_status":"instock","bundle_stock_quantity":null,"bundle_virtual":false,"bundle_layout":"","bundle_add_to_cart_form_location":"","bundle_editable_in_cart":false,"bundle_sold_individually_context":"","bundle_item_grouping":"","bundle_min_size":"","bundle_max_size":"","bundle_price":[],"bundled_items":[],"bundle_sell_ids":[],"_links":{"self":[{"href":"https:\/\/sacslab.com\/hu\/wp-json\/wp\/v2\/product\/17418","targetHints":{"allow":["GET"]}}],"collection":[{"href":"https:\/\/sacslab.com\/hu\/wp-json\/wp\/v2\/product"}],"about":[{"href":"https:\/\/sacslab.com\/hu\/wp-json\/wp\/v2\/types\/product"}],"wp:featuredmedia":[{"embeddable":true,"href":"https:\/\/sacslab.com\/hu\/wp-json\/wp\/v2\/media\/22367"}],"wp:attachment":[{"href":"https:\/\/sacslab.com\/hu\/wp-json\/wp\/v2\/media?parent=17418"}],"wp:term":[{"taxonomy":"product_cat","embeddable":true,"href":"https:\/\/sacslab.com\/hu\/wp-json\/wp\/v2\/product_cat?post=17418"},{"taxonomy":"product_tag","embeddable":true,"href":"https:\/\/sacslab.com\/hu\/wp-json\/wp\/v2\/product_tag?post=17418"}],"curies":[{"name":"wp","href":"https:\/\/api.w.org\/{rel}","templated":true}]}}