{"id":17461,"date":"2024-05-09T02:10:00","date_gmt":"2024-05-09T00:10:00","guid":{"rendered":"https:\/\/sacslab.com\/nem-kategorizalt\/ac01-alkoholtisztito\/"},"modified":"2025-05-31T10:52:49","modified_gmt":"2025-05-31T08:52:49","slug":"ac01-alkoholos-tisztitoszer","status":"publish","type":"product","link":"https:\/\/sacslab.com\/hu\/ac01-alkoholos-tisztitoszer\/","title":{"rendered":"AC01 &#8211; ALKOHOLOS TISZT\u00cdT\u00d3SZER"},"content":{"rendered":"<p><strong>AC01 &#8211; Alkoholos tiszt\u00edt\u00f3szer<\/strong><\/p>\n<p>Univerz\u00e1lis \u00e9s sokoldal\u00fa alkoholos tiszt\u00edt\u00f3szer, amelyet a k\u00fcl\u00f6nb\u00f6z\u0151 moshat\u00f3 fel\u00fcletek gyors \u00e9s alapos tiszt\u00edt\u00e1s\u00e1ra terveztek. Ez a szer ide\u00e1lis sz\u00e9les anyagv\u00e1laszt\u00e9khoz, bele\u00e9rtve a m\u0171anyagot, \u00fcveget, ker\u00e1mi\u00e1t, t\u00fckr\u00f6ket, lamin\u00e1lt fel\u00fcleteket, lakkozott f\u00e1t \u00e9s b\u00fatort. K\u00fcl\u00f6n\u00f6sen alkalmas adminisztrat\u00edv, irodai, lak\u00f3- \u00e9s sz\u00e1llodai k\u00f6rnyezetben, ahol rendszeres \u00e9s hat\u00e9kony takar\u00edt\u00e1s sz\u00fcks\u00e9ges.<\/p>\n<p>Ez a term\u00e9k nem alkalmas fel\u00fcletkezel\u00e9s n\u00e9lk\u00fcli f\u00e1ra. Er\u0151s tiszt\u00edt\u00f3 tulajdons\u00e1gai k\u00e1ros\u00edthatj\u00e1k az ilyen fel\u00fcleteket.<\/p>\n<p><strong>HASZN\u00c1LATI \u00daTMUTAT\u00d3:\u00a0<\/strong><\/p>\n<p>Permetezze a term\u00e9ket egy sz\u00e1raz kend\u0151re egy sz\u00f3r\u00f3fejes flakon seg\u00edts\u00e9g\u00e9vel, majd tiszt\u00edtsa meg a szennyezett fel\u00fcletet. Alternat\u00edv megold\u00e1sk\u00e9nt permetezze k\u00f6zvetlen\u00fcl a fel\u00fcletre, majd t\u00f6r\u00f6lje sz\u00e1razra.<\/p>\n<p><strong>AJ\u00c1NLOTT FELHASZN\u00c1L\u00c1S:<\/strong><\/p>\n<p>Permetezze a megfelel\u0151 mennyis\u00e9g\u0171 term\u00e9ket a szennyez\u0151d\u00e9s m\u00e9rt\u00e9k\u00e9nek megfelel\u0151en.<\/p>\n<p><strong>T\u00c1ROL\u00c1S:<\/strong><\/p>\n<p>T\u00e1rolja 5\u201330 \u00b0C h\u0151m\u00e9rs\u00e9kleten. V\u00e9dje a k\u00f6zvetlen napf\u00e9nyt\u0151l. Felhaszn\u00e1lhat\u00f3 a csomagol\u00e1son felt\u00fcntetett d\u00e1tumig.<\/p>\n<p><strong>FIGYELEM:<\/strong><\/p>\n<p>A SACSLAB s. r. o. nem v\u00e1llal felel\u0151ss\u00e9get semmilyen k\u00e1r\u00e9rt, bele\u00e9rtve a k\u00f6zvetlen vagy k\u00f6zvetett k\u00e1rt is, amelyet a term\u00e9k helytelen haszn\u00e1lata, a haszn\u00e1lati utas\u00edt\u00e1sok be nem tart\u00e1sa vagy a term\u00e9k nem megfelel\u0151 kezel\u00e9se okozott.<\/p>\n<p>A felhaszn\u00e1l\u00f3nak a haszn\u00e1lat el\u0151tt meg kell gy\u0151z\u0151dnie a term\u00e9k megfelel\u0151s\u00e9g\u00e9r\u0151l a konkr\u00e9t c\u00e9lra, \u00e9s biztos\u00edtania kell minden vonatkoz\u00f3 biztons\u00e1gi el\u0151\u00edr\u00e1s betart\u00e1s\u00e1t, bele\u00e9rtve a biztons\u00e1gi adatlap (SDS) utas\u00edt\u00e1sait is.<\/p>\n<p>Ez a nyilatkozat nem z\u00e1rja ki, \u00e9s nem korl\u00e1tozza a felel\u0151ss\u00e9get a hal\u00e1l, s\u00e9r\u00fcl\u00e9s vagy m\u00e1s olyan esetek vonatkoz\u00e1s\u00e1ban, amikor a felel\u0151ss\u00e9g kiz\u00e1r\u00e1sa az alkalmazand\u00f3 jogszab\u00e1lyok szerint nem megengedett.<\/p>\n<div class=\"_message__content_g10pz_53\">\n<div class=\"Text-module__container___lebzl\">\n<p class=\"Text-module__container__message___KKCte Text-module__container--user___3KXA-\"><strong>FONTOS:<\/strong><\/p>\n<\/div>\n<\/div>\n<p>Haszn\u00e1lat el\u0151tt mindig olvassa el a c\u00edmk\u00e9t \u00e9s a term\u00e9kinform\u00e1ci\u00f3kat a csatolt\u00a0<strong>\u201eLET\u00d6LT\u00c9SEK\u201d\u00a0<\/strong>dokumentumokban.<\/p>\n<div class=\"testo\">\n<h4>ALKALMAZ\u00c1SI TER\u00dcLETEK:<\/h4>\n<table class=\"tab_application\">\n<thead>\n<tr>\n<th>TER\u00dcLET<\/th>\n<th>F\u0150 FELHASZN\u00c1L\u00c1S<\/th>\n<th>EGY\u00c9B HASZN\u00c1LAT<\/th>\n<\/tr>\n<\/thead>\n<tbody>\n<tr>\n<td>\u00c1LTAL\u00c1NOS<\/td>\n<td><img decoding=\"async\" class=\"sacslab-checked\" src=\"https:\/\/sacslab.com\/wp-content\/uploads\/2024\/06\/checked-blue.svg\" \/><\/td>\n<td><\/td>\n<\/tr>\n<tr>\n<td>MOSD\u00d3<\/td>\n<td><\/td>\n<td><img decoding=\"async\" class=\"sacslab-checked\" src=\"https:\/\/sacslab.com\/wp-content\/uploads\/2024\/06\/checked-yellow.svg\" \/><\/td>\n<\/tr>\n<tr>\n<td>HIGI\u00c9NIAI<\/td>\n<td><\/td>\n<td><\/td>\n<\/tr>\n<tr>\n<td>KONYHA<\/td>\n<td><\/td>\n<td><img decoding=\"async\" class=\"sacslab-checked\" src=\"https:\/\/sacslab.com\/wp-content\/uploads\/2024\/06\/checked-green.svg\" \/><\/td>\n<\/tr>\n<tr>\n<td>DEZINFECT\u00c1L\u00d3<\/td>\n<td><\/td>\n<td><\/td>\n<\/tr>\n<tr>\n<td>SPECI\u00c1LIS<\/td>\n<td><\/td>\n<td><img decoding=\"async\" class=\"sacslab-checked\" src=\"https:\/\/sacslab.com\/wp-content\/uploads\/2024\/06\/checked.svg\" \/><\/td>\n<\/tr>\n<\/tbody>\n<\/table>\n<\/div>\n<div class=\"testo\">\n<h4>AC01 &#8211; ALCOHOL CLEANER\u00a0 pH \u2248 11<\/h4>\n<p>A megadott pH-\u00e9rt\u00e9k az adott mos\u00f3szerre vagy mos\u00f3szer-koncentr\u00e1tumra vonatkozik.<\/p>\n<table class=\"tab_application\">\n<thead>\n<tr>\n<th><strong>TITLE <\/strong><\/th>\n<th>pH<\/th>\n<\/tr>\n<\/thead>\n<tbody>\n<tr>\n<td>ER\u0150SEN SAVAS | pH 0-2<\/td>\n<td><\/td>\n<\/tr>\n<tr>\n<td>K\u00d6ZEPESEN SAVAS | pH 2-5<\/td>\n<td><\/td>\n<\/tr>\n<tr>\n<td>SEMLEGES | pH 5-8<\/td>\n<td><\/td>\n<\/tr>\n<tr>\n<td>K\u00d6ZEPESEN L\u00daGOS | pH 8-11<\/td>\n<td><img decoding=\"async\" class=\"sacslab-checked\" src=\"https:\/\/sacslab.com\/wp-content\/uploads\/2024\/06\/checked-black.svg\" \/><\/td>\n<\/tr>\n<tr>\n<td>ER\u0150SEN L\u00daGOS | pH 11-15<\/td>\n<td><\/td>\n<\/tr>\n<\/tbody>\n<\/table>\n<\/div>\n","protected":false},"excerpt":{"rendered":"<h4><strong>Professzion\u00e1lis tiszt\u00edt\u00f3szer<\/strong><\/h4>\n<h3><img fetchpriority=\"high\" decoding=\"async\" class=\"alignnone wp-image-22622 size-medium\" src=\"https:\/\/sacslab.com\/wp-content\/uploads\/2024\/04\/certificate-ISO.svg\" alt=\"\" width=\"300\" height=\"300\" \/><\/h3>\n<p><strong>AC01 Alkoholos tiszt\u00edt\u00f3szer<\/strong>\u00a0\u2013 univerz\u00e1lis, alkoholalap\u00fa tiszt\u00edt\u00f3szer, amely gyors \u00e9s alapos tiszt\u00edt\u00e1st biztos\u00edt k\u00fcl\u00f6nb\u00f6z\u0151 moshat\u00f3 fel\u00fcleteken (\u00fcveg, m\u0171anyag, ker\u00e1mia, t\u00fckr\u00f6k, lakkozott fa, b\u00fator). Hat\u00e9konyan t\u00e1vol\u00edtja el a mindennapi szennyez\u0151d\u00e9seket, p\u00e9ld\u00e1ul az ujjlenyomatokat, port, maszatokat \u00e9s egy\u00e9b szennyez\u0151d\u00e9seket.<\/p>\n<ul>\n<li><strong>Tiszt\u00edt\u00e1s<\/strong><\/li>\n<li><strong>F\u00e9nyes\u00edt\u00e9s<\/strong><\/li>\n<li><strong>Szennyez\u0151d\u00e9sek, ujjlenyomatok, por \u00e9s foltok elt\u00e1vol\u00edt\u00e1sa<\/strong><\/li>\n<li><strong>Univerz\u00e1lis felhaszn\u00e1l\u00e1s<\/strong><\/li>\n<li><strong>\u00c9rint\u00e9si fel\u00fcletek<\/strong><\/li>\n<li><strong>pH \u2248 11,0<\/strong><\/li>\n<\/ul>\n","protected":false},"featured_media":22269,"template":"","meta":{"inline_featured_image":false},"product_cat":[322,388],"product_tag":[382,369,393],"class_list":{"0":"post-17461","1":"product","2":"type-product","3":"status-publish","4":"has-post-thumbnail","6":"product_cat-tisztitoszerek","7":"product_cat-altalanos-terulet","8":"product_tag-konyhaterulet","9":"product_tag-mosdo-terulet","10":"product_tag-specialis-terulet","12":"first","13":"instock","14":"taxable","15":"shipping-taxable","16":"purchasable","17":"product-type-variable"},"bundled_by":["20475"],"bundle_stock_status":"instock","bundle_stock_quantity":null,"bundle_virtual":false,"bundle_layout":"","bundle_add_to_cart_form_location":"","bundle_editable_in_cart":false,"bundle_sold_individually_context":"","bundle_item_grouping":"","bundle_min_size":"","bundle_max_size":"","bundle_price":[],"bundled_items":[],"bundle_sell_ids":[],"_links":{"self":[{"href":"https:\/\/sacslab.com\/hu\/wp-json\/wp\/v2\/product\/17461","targetHints":{"allow":["GET"]}}],"collection":[{"href":"https:\/\/sacslab.com\/hu\/wp-json\/wp\/v2\/product"}],"about":[{"href":"https:\/\/sacslab.com\/hu\/wp-json\/wp\/v2\/types\/product"}],"wp:featuredmedia":[{"embeddable":true,"href":"https:\/\/sacslab.com\/hu\/wp-json\/wp\/v2\/media\/22269"}],"wp:attachment":[{"href":"https:\/\/sacslab.com\/hu\/wp-json\/wp\/v2\/media?parent=17461"}],"wp:term":[{"taxonomy":"product_cat","embeddable":true,"href":"https:\/\/sacslab.com\/hu\/wp-json\/wp\/v2\/product_cat?post=17461"},{"taxonomy":"product_tag","embeddable":true,"href":"https:\/\/sacslab.com\/hu\/wp-json\/wp\/v2\/product_tag?post=17461"}],"curies":[{"name":"wp","href":"https:\/\/api.w.org\/{rel}","templated":true}]}}