{"id":17531,"date":"2024-05-09T09:43:53","date_gmt":"2024-05-09T07:43:53","guid":{"rendered":"https:\/\/sacslab.com\/nem-kategorizalt\/hd01-fertotlenito-hab\/"},"modified":"2025-11-05T14:38:44","modified_gmt":"2025-11-05T13:38:44","slug":"hs01-kezfertolenito-hab","status":"publish","type":"product","link":"https:\/\/sacslab.com\/hu\/hs01-kezfertolenito-hab\/","title":{"rendered":"HS01 &#8211; K\u00c9ZFERT\u0150LEN\u00cdT\u0150 HAB"},"content":{"rendered":"<p><strong>HS01 &#8211; K\u00e9zfert\u0151tlen\u00edt\u0151 hab<\/strong><\/p>\n<div class=\"flex max-w-full flex-col flex-grow\">\n<div class=\"min-h-8 text-message flex w-full flex-col items-end gap-2 whitespace-normal break-words [.text-message+&amp;]:mt-5\" dir=\"auto\" data-message-author-role=\"assistant\" data-message-id=\"fe9aba8e-67f6-465a-ba5e-7c3901556ba9\" data-message-model-slug=\"gpt-4o-mini\">\n<div class=\"flex w-full flex-col gap-1 empty:hidden first:pt-[3px]\">\n<div class=\"markdown prose w-full break-words dark:prose-invert light\">\n<p class=\"\" data-start=\"3416\" data-end=\"3708\">Ez a nagy hat\u00e9konys\u00e1g\u00fa, \u00faj gener\u00e1ci\u00f3s k\u00e9sz\u00edtm\u00e9ny virucid hat\u00e1ssal rendelkezik a burkos v\u00edrusokkal szemben, biztos\u00edtva a magas szint\u0171 higi\u00e9ni\u00e1t \u00e9s v\u00e9delmet. Rendk\u00edv\u00fcl gyors, mind\u00f6ssze 30 m\u00e1sodperces behat\u00e1si ideje miatt a HS01 ide\u00e1lis v\u00e1laszt\u00e1s professzion\u00e1lis \u00e9s otthoni haszn\u00e1latra egyar\u00e1nt.<\/p>\n<p class=\"\" data-start=\"3710\" data-end=\"4039\">K\u00f6zvetlen, napi haszn\u00e1latra alkalmas, gyors k\u00e9z- \u00e9s csukl\u00f3fert\u0151tlen\u00edt\u00e9st biztos\u00edt, mik\u00f6zben tiszta \u00e9s friss b\u0151r\u00e9rzetet hagy maga ut\u00e1n. Formul\u00e1ja maxim\u00e1lis v\u00e9delmet ny\u00fajt, ugyanakkor b\u0151rbar\u00e1t. A HS01 alacsony adagol\u00e1s mellett is hat\u00e9kony, \u00edgy gazdas\u00e1gos \u00e9s hat\u00e9kony megold\u00e1st k\u00edn\u00e1l a mindennapi higi\u00e9ni\u00e1hoz. Habadagol\u00f3hoz k\u00e9sz\u00fclt.<\/p>\n<p><strong>HASZN\u00c1LATI \u00daTMUTAT\u00d3:<\/strong><\/p>\n<ul>\n<li>Vigye fel a tenyer\u00e9re, majd alaposan oszlassa el a k\u00e9zen \u00e9s a csukl\u00f3n.<\/li>\n<li>D\u00f6rzs\u00f6lje be, am\u00edg a b\u0151r meg nem sz\u00e1rad.<\/li>\n<li>Hat\u00f3id\u0151: 30 m\u00e1sodperc.<\/li>\n<li>Alternat\u00edvak\u00e9nt a k\u00e9z 30 m\u00e1sodperc ut\u00e1ni le\u00f6bl\u00edt\u00e9se \u00e9s megmos\u00e1sa is lehets\u00e9ges.<\/li>\n<li>Professzion\u00e1lis \u00e9s otthoni haszn\u00e1latra egyar\u00e1nt alkalmas.<\/li>\n<\/ul>\n<p><strong>ADAGOL\u00c1S:<\/strong><\/p>\n<p class=\"\" data-start=\"4350\" data-end=\"4448\">K\u00f6zvetlen felhaszn\u00e1l\u00e1sra k\u00e9sz. Haszn\u00e1lja elegend\u0151 mennyis\u00e9gben (legal\u00e1bb 2\u00d7 3 ml).<\/p>\n<p><strong>T\u00c1ROL\u00c1S: <\/strong><\/p>\n<p>T\u00e1rolja 5\u201330 \u00b0C h\u0151m\u00e9rs\u00e9kleten. V\u00e9dje a k\u00f6zvetlen napf\u00e9nyt\u0151l. Felhaszn\u00e1lhat\u00f3 a csomagol\u00e1son felt\u00fcntetett d\u00e1tumig.<\/p>\n<p><strong>FIGYELEM:<\/strong><br \/>\nA SACSLAB s. r. o. nem v\u00e1llal felel\u0151ss\u00e9get semmilyen k\u00e1r\u00e9rt, bele\u00e9rtve a k\u00f6zvetlen vagy k\u00f6zvetett k\u00e1rt is, amelyet a term\u00e9k helytelen haszn\u00e1lata, a haszn\u00e1lati utas\u00edt\u00e1sok be nem tart\u00e1sa vagy a term\u00e9k nem megfelel\u0151 kezel\u00e9se okozott.<\/p>\n<p>A felhaszn\u00e1l\u00f3nak a haszn\u00e1lat el\u0151tt meg kell gy\u0151z\u0151dnie a term\u00e9k megfelel\u0151s\u00e9g\u00e9r\u0151l a konkr\u00e9t c\u00e9lra, \u00e9s biztos\u00edtania kell minden vonatkoz\u00f3 biztons\u00e1gi el\u0151\u00edr\u00e1s betart\u00e1s\u00e1t, bele\u00e9rtve a biztons\u00e1gi adatlap (SDS) utas\u00edt\u00e1sait is.<\/p>\n<p>Ez a nyilatkozat nem z\u00e1rja ki, \u00e9s nem korl\u00e1tozza a felel\u0151ss\u00e9get a hal\u00e1l, s\u00e9r\u00fcl\u00e9s vagy m\u00e1s olyan esetek vonatkoz\u00e1s\u00e1ban, amikor a felel\u0151ss\u00e9g kiz\u00e1r\u00e1sa az alkalmazand\u00f3 jogszab\u00e1lyok szerint nem megengedett.<\/p>\n<div class=\"_message__content_g10pz_53\">\n<div class=\"Text-module__container___lebzl\">\n<p class=\"Text-module__container__message___KKCte Text-module__container--user___3KXA-\"><strong>FONTOS:<\/strong><\/p>\n<\/div>\n<\/div>\n<p>Haszn\u00e1lat el\u0151tt mindig olvassa el a c\u00edmk\u00e9t \u00e9s a term\u00e9kinform\u00e1ci\u00f3kat a csatolt <strong>\u201eLET\u00d6LT\u00c9SEK\u201d <\/strong>dokumentumokban.<\/p>\n<table>\n<tbody>\n<tr>\n<td colspan=\"2\" width=\"302\"><strong>\u00a0 \u00a0 \u00a0 \u00a0 \u00a0 \u00a0 \u00a0 \u00a0 \u00a0 \u00a0 \u00a0 \u00a0 \u00a0 \u00a0 \u00a0 \u00a0 \u00a0 \u00a0 \u00a0 \u00a0 \u00a0 \u00a0 \u00a0 \u00a0 \u00a0 \u00a0 \u00a0 \u00a0 \u00a0 \u00a0 \u00a0 \u00a0 \u00a0 \u00a0 \u00a0 \u00a0 \u00a0 \u00a0 \u00a0 \u00a0 \u00a0 \u00a0 \u00a0 \u00a0 \u00a0 \u00a0 \u00a0 \u00a0 \u00a0 \u00a0 \u00a0 \u00a0 \u00a0 \u00a0 \u00a0 \u00a0 \u00a0 \u00a0 \u00a0 \u00a0 \u00a0 \u00a0 \u00a0 \u00a0 \u00a0 \u00a0 \u00a0 \u00a0 \u00a0 \u00a0 \u00a0 \u00a0 \u00a0 \u00a0 \u00a0 \u00a0 \u00a0 \u00a0HS01 &#8211; HAND SANITIZER FOAM<\/strong><\/td>\n<\/tr>\n<tr>\n<td width=\"151\">hat\u00e1sok<\/td>\n<td width=\"151\"><strong>V\u00edrus\u00f6l\u0151<\/strong><\/td>\n<\/tr>\n<tr>\n<td width=\"151\"><strong>behat\u00e1si id\u0151<\/strong><\/td>\n<td width=\"151\"><strong>30 sec.<\/strong><\/td>\n<\/tr>\n<tr>\n<td width=\"151\">ellen<\/td>\n<td width=\"151\">burkolt v\u00edrusok<\/td>\n<\/tr>\n<tr>\n<td width=\"151\">szerint tesztelve<\/td>\n<td width=\"151\">\u010cSN EN 14476+A2<\/td>\n<\/tr>\n<tr>\n<td width=\"151\">k\u00f6r\u00fclm\u00e9nyek<\/td>\n<td width=\"151\">nagyobb szennyez\u00e9s<\/td>\n<\/tr>\n<tr>\n<td width=\"151\"><\/td>\n<td width=\"151\"><\/td>\n<\/tr>\n<\/tbody>\n<\/table>\n<\/div>\n<\/div>\n<\/div>\n<\/div>\n<div class=\"testo\">\n<h4>ALKALMAZ\u00c1SI TER\u00dcLETEK:<\/h4>\n<table class=\"tab_application\">\n<thead>\n<tr>\n<th>TER\u00dcLET<\/th>\n<th>F\u0150 FELHASZN\u00c1L\u00c1S<\/th>\n<th>EGY\u00c9B HASZN\u00c1LAT<\/th>\n<\/tr>\n<\/thead>\n<tbody>\n<tr>\n<td>\u00c1LTAL\u00c1NOS<\/td>\n<td><\/td>\n<td><img decoding=\"async\" class=\"sacslab-checked\" src=\"https:\/\/sacslab.com\/wp-content\/uploads\/2024\/06\/checked-blue.svg\" \/><\/td>\n<\/tr>\n<tr>\n<td>MOSD\u00d3<\/td>\n<td><\/td>\n<td><img decoding=\"async\" class=\"sacslab-checked\" src=\"https:\/\/sacslab.com\/wp-content\/uploads\/2024\/06\/checked-yellow.svg\" \/><\/td>\n<\/tr>\n<tr>\n<td>HIGI\u00c9NIAI<\/td>\n<td><\/td>\n<td><img decoding=\"async\" class=\"sacslab-checked\" src=\"https:\/\/sacslab.com\/wp-content\/uploads\/2024\/06\/checked-red.svg\" \/><\/td>\n<\/tr>\n<tr>\n<td>KONYHAI<\/td>\n<td><\/td>\n<td><img decoding=\"async\" class=\"sacslab-checked\" src=\"https:\/\/sacslab.com\/wp-content\/uploads\/2024\/06\/checked-green.svg\" \/><\/td>\n<\/tr>\n<tr>\n<td>DEZINFEKT\u00c1L\u00d3<\/td>\n<td><img decoding=\"async\" class=\"sacslab-checked\" src=\"https:\/\/sacslab.com\/wp-content\/uploads\/2024\/06\/checked-gray.svg\" \/><\/td>\n<td><\/td>\n<\/tr>\n<tr>\n<td>SPECI\u00c1LIS<\/td>\n<td><\/td>\n<td><img decoding=\"async\" class=\"sacslab-checked\" src=\"https:\/\/sacslab.com\/wp-content\/uploads\/2024\/06\/checked.svg\" \/><\/td>\n<\/tr>\n<\/tbody>\n<\/table>\n<\/div>\n<div class=\"testo\">\n<h4>HS01 &#8211; HAND SANITIZER \u00a0pH \u2248 10,3<\/h4>\n<p>A megadott pH-\u00e9rt\u00e9k az adott mos\u00f3szerre vagy mos\u00f3szer-koncentr\u00e1tumra vonatkozik.<\/p>\n<table class=\"tab_application\">\n<thead>\n<tr>\n<th><strong>TITLE <\/strong><\/th>\n<th>pH<\/th>\n<\/tr>\n<\/thead>\n<tbody>\n<tr>\n<td>ER\u0150SEN SAVAS | pH 0-2<\/td>\n<td><\/td>\n<\/tr>\n<tr>\n<td>K\u00d6ZEPESEN SAVAS | pH 2-5<\/td>\n<td><\/td>\n<\/tr>\n<tr>\n<td>SEMLEGES | pH 5-8<\/td>\n<td><\/td>\n<\/tr>\n<tr>\n<td>K\u00d6ZEPESEN L\u00daGOS | pH 8-11<\/td>\n<td><img decoding=\"async\" class=\"sacslab-checked\" src=\"https:\/\/sacslab.com\/wp-content\/uploads\/2024\/06\/checked-black.svg\" \/><\/td>\n<\/tr>\n<tr>\n<td>ER\u0150SEN L\u00daGOS | pH 11-15<\/td>\n<td><\/td>\n<\/tr>\n<\/tbody>\n<\/table>\n<\/div>\n","protected":false},"excerpt":{"rendered":"<p><img fetchpriority=\"high\" decoding=\"async\" class=\"alignnone wp-image-22622 size-medium\" src=\"https:\/\/sacslab.com\/wp-content\/uploads\/2024\/04\/certificate-ISO.svg\" alt=\"\" width=\"300\" height=\"300\" \/><\/p>\n<div class=\"e18-eigenschaften\">\n<div class=\"flex max-w-full flex-col flex-grow\">\n<div class=\"min-h-8 text-message flex w-full flex-col items-end gap-2 whitespace-normal break-words [.text-message+&amp;]:mt-5\" dir=\"auto\" data-message-author-role=\"assistant\" data-message-id=\"c73185c2-d89c-4f5b-9c64-29cb83f56455\" data-message-model-slug=\"gpt-4o-mini\">\n<div class=\"flex w-full flex-col gap-1 empty:hidden first:pt-[3px]\">\n<div class=\"markdown prose w-full break-words dark:prose-invert light\">\n<p><strong>HS01 K\u00e9zfert\u0151tlen\u00edt\u0151 hab<\/strong> \u2013 \u00faj gener\u00e1ci\u00f3s fert\u0151tlen\u00edt\u0151szer, amely hat\u00e9konyan elpuszt\u00edtja a burkos v\u00edrusokat mind\u00f6ssze 30 m\u00e1sodperc alatt. Habadagol\u00f3hoz k\u00e9sz\u00fclt.<\/p>\n<ul>\n<li><strong>Gyors k\u00e9zfert\u0151tlen\u00edt\u00e9s<\/strong><\/li>\n<li><strong>Hat\u00f3id\u0151: 30 m\u00e1sodperc<\/strong><\/li>\n<li class=\"\" data-start=\"1595\" data-end=\"1640\"><strong>Tiszta \u00e9s friss b\u0151r\u00e9rzetet hagy maga ut\u00e1n<\/strong><\/li>\n<li><strong>pH \u2248 10,3<\/strong><\/li>\n<\/ul>\n<\/div>\n<\/div>\n<\/div>\n<\/div>\n<div class=\"mb-2 flex gap-3 empty:hidden -ml-2\">\n<div class=\"items-center justify-start rounded-xl p-1 flex\"><\/div>\n<\/div>\n<\/div>\n","protected":false},"featured_media":40400,"template":"","meta":{"inline_featured_image":false},"product_cat":[322,407],"product_tag":[408,389,382,369,393],"class_list":{"0":"post-17531","1":"product","2":"type-product","3":"status-publish","4":"has-post-thumbnail","6":"product_cat-tisztitoszerek","7":"product_cat-fertotlenito-terulet","8":"product_tag-altalanos-terulet","9":"product_tag-higieniai-terulet","10":"product_tag-konyhaterulet","11":"product_tag-mosdo-terulet","12":"product_tag-specialis-terulet","14":"first","15":"onbackorder","16":"taxable","17":"shipping-taxable","18":"purchasable","19":"product-type-variable"},"bundled_by":["20475"],"bundle_stock_status":"onbackorder","bundle_stock_quantity":null,"bundle_virtual":false,"bundle_layout":"","bundle_add_to_cart_form_location":"","bundle_editable_in_cart":false,"bundle_sold_individually_context":"","bundle_item_grouping":"","bundle_min_size":"","bundle_max_size":"","bundle_price":[],"bundled_items":[],"bundle_sell_ids":[],"_links":{"self":[{"href":"https:\/\/sacslab.com\/hu\/wp-json\/wp\/v2\/product\/17531","targetHints":{"allow":["GET"]}}],"collection":[{"href":"https:\/\/sacslab.com\/hu\/wp-json\/wp\/v2\/product"}],"about":[{"href":"https:\/\/sacslab.com\/hu\/wp-json\/wp\/v2\/types\/product"}],"wp:featuredmedia":[{"embeddable":true,"href":"https:\/\/sacslab.com\/hu\/wp-json\/wp\/v2\/media\/40400"}],"wp:attachment":[{"href":"https:\/\/sacslab.com\/hu\/wp-json\/wp\/v2\/media?parent=17531"}],"wp:term":[{"taxonomy":"product_cat","embeddable":true,"href":"https:\/\/sacslab.com\/hu\/wp-json\/wp\/v2\/product_cat?post=17531"},{"taxonomy":"product_tag","embeddable":true,"href":"https:\/\/sacslab.com\/hu\/wp-json\/wp\/v2\/product_tag?post=17531"}],"curies":[{"name":"wp","href":"https:\/\/api.w.org\/{rel}","templated":true}]}}