{"id":17564,"date":"2024-05-09T09:53:09","date_gmt":"2024-05-09T07:53:09","guid":{"rendered":"https:\/\/sacslab.com\/nem-kategorizalt\/dc01-fertotlenito-tisztitas\/"},"modified":"2025-06-01T20:55:47","modified_gmt":"2025-06-01T18:55:47","slug":"dc01-fertotlenito-tisztitoszer","status":"publish","type":"product","link":"https:\/\/sacslab.com\/hu\/dc01-fertotlenito-tisztitoszer\/","title":{"rendered":"DC01 &#8211; FERT\u0150TLEN\u00cdT\u0150 TISZT\u00cdT\u00d3SZER"},"content":{"rendered":"<p><strong>DC01 &#8211; Fert\u0151tlen\u00edt\u0151 tiszt\u00edt\u00f3szer<\/strong><\/p>\n<p>Fejlett k\u00e9sz\u00edtm\u00e9ny, amelyet a takar\u00edt\u00e1s minden ter\u00fclet\u00e9re terveztek, bele\u00e9rtve az adminisztrat\u00edv, irodai, lak\u00f3- \u00e9s sz\u00e1llodai helyis\u00e9geket, ahol alapos higi\u00e9nia \u00e9s tisztas\u00e1g sz\u00fcks\u00e9ges. Ennek a term\u00e9knek az univerz\u00e1lis tulajdons\u00e1gai lehet\u0151v\u00e9 teszik a mindennapi takar\u00edt\u00e1s sor\u00e1n val\u00f3 praktikus \u00e9s sokoldal\u00fa felhaszn\u00e1l\u00e1s\u00e1t.<\/p>\n<p><strong>JELLEMZ\u0150K:<\/strong><\/p>\n<p>Gyors hat\u00e1s: A DC01 csak 30 m\u00e1sodperces hat\u00f3id\u0151vel rendelkezik, ami lehet\u0151v\u00e9 teszi a gyors \u00e9s hat\u00e9kony fel\u00fcleti fert\u0151tlen\u00edt\u00e9st.<br \/>\nSz\u00e9les hat\u00e1sspektrum: V\u00edrus\u00f6l\u0151, bakt\u00e9rium\u00f6l\u0151 \u00e9s gomba\u00f6l\u0151 hat\u00e1s\u00e1nak k\u00f6sz\u00f6nhet\u0151en hat\u00e9konyan elpuszt\u00edtja a v\u00edrusokat, bakt\u00e9riumokat \u00e9s gomb\u00e1kat, ez\u00e1ltal hozz\u00e1j\u00e1rul a higi\u00e9nia \u00e9s tisztas\u00e1g fenntart\u00e1s\u00e1hoz.<\/p>\n<p><strong>HASZN\u00c1LATI \u00daTMUTAT\u00d3:<\/strong><\/p>\n<ul>\n<li>Vigyen fel elegend\u0151 mennyis\u00e9get k\u00f6zvetlen\u00fcl a tiszt\u00edtand\u00f3 fel\u00fcletre (permetez\u00e9s, t\u00f6rl\u00e9s, nedves\u00edt\u00e9s, k\u00f6zvetlen felhord\u00e1s), \u00e9s tiszt\u00edtsa meg sz\u00fcks\u00e9g \u00e9s a szennyez\u0151d\u00e9sek szerint.<\/li>\n<li>A behat\u00e1si id\u0151 30 m\u00e1sodperc.<\/li>\n<li>30 m\u00e1sodperc ut\u00e1n \u00f6bl\u00edtse le \u00e9s t\u00f6r\u00f6lje le.<\/li>\n<li>Professzion\u00e1lis \u00e9s nem professzion\u00e1lis haszn\u00e1latra egyar\u00e1nt.<\/li>\n<\/ul>\n<p><strong>AJ\u00c1NLOTT FELHASZN\u00c1L\u00c1S:\u00a0<\/strong><\/p>\n<p>K\u00f6zvetlen haszn\u00e1latra.<\/p>\n<p><strong>T\u00c1ROL\u00c1S: <\/strong><\/p>\n<p>T\u00e1rolja 5\u201330 \u00b0C h\u0151m\u00e9rs\u00e9kleten. V\u00e9dje a k\u00f6zvetlen napf\u00e9nyt\u0151l. Felhaszn\u00e1lhat\u00f3 a csomagol\u00e1son felt\u00fcntetett d\u00e1tumig.<\/p>\n<p><strong>FIGYELEM:<\/strong><br \/>\nA SACSLAB s. r. o. nem v\u00e1llal felel\u0151ss\u00e9get semmilyen k\u00e1r\u00e9rt, bele\u00e9rtve a k\u00f6zvetlen vagy k\u00f6zvetett k\u00e1rt is, amelyet a term\u00e9k helytelen haszn\u00e1lata, a haszn\u00e1lati utas\u00edt\u00e1sok be nem tart\u00e1sa vagy a term\u00e9k nem megfelel\u0151 kezel\u00e9se okozott.<\/p>\n<p>A felhaszn\u00e1l\u00f3nak a haszn\u00e1lat el\u0151tt meg kell gy\u0151z\u0151dnie a term\u00e9k megfelel\u0151s\u00e9g\u00e9r\u0151l a konkr\u00e9t c\u00e9lra, \u00e9s biztos\u00edtania kell minden vonatkoz\u00f3 biztons\u00e1gi el\u0151\u00edr\u00e1s betart\u00e1s\u00e1t, bele\u00e9rtve a biztons\u00e1gi adatlap (SDS) utas\u00edt\u00e1sait is.<\/p>\n<p>Ez a nyilatkozat nem z\u00e1rja ki, \u00e9s nem korl\u00e1tozza a felel\u0151ss\u00e9get a hal\u00e1l, s\u00e9r\u00fcl\u00e9s vagy m\u00e1s olyan esetek vonatkoz\u00e1s\u00e1ban, amikor a felel\u0151ss\u00e9g kiz\u00e1r\u00e1sa az alkalmazand\u00f3 jogszab\u00e1lyok szerint nem megengedett.<\/p>\n<div class=\"_message__content_g10pz_53\">\n<div class=\"Text-module__container___lebzl\">\n<p class=\"Text-module__container__message___KKCte Text-module__container--user___3KXA-\"><strong>FONTOS:<\/strong><\/p>\n<\/div>\n<\/div>\n<p>Haszn\u00e1lat el\u0151tt mindig olvassa el a c\u00edmk\u00e9t \u00e9s a term\u00e9kinform\u00e1ci\u00f3kat a csatolt <strong>\u201eLET\u00d6LT\u00c9SEK\u201d <\/strong>dokumentumokban.<\/p>\n<table style=\"font-weight: 400;\">\n<tbody>\n<tr>\n<td colspan=\"4\" width=\"604\">\n<p style=\"text-align: center;\"><strong>DC01 &#8211; DISINFECTING CLEANING<\/strong><\/p>\n<\/td>\n<\/tr>\n<tr>\n<td width=\"151\">hat\u00e1sok<\/td>\n<td width=\"151\"><strong>V\u00cdRUS\u00d6L\u0150<\/strong><\/td>\n<td width=\"161\"><strong>BAKT\u00c9RIUM\u00d6L\u0150<\/strong><\/td>\n<td width=\"141\"><strong>GOMBA\u00d6L\u0150<\/strong><\/td>\n<\/tr>\n<tr>\n<td width=\"151\"><strong>behat\u00e1si id\u0151<\/strong><\/td>\n<td width=\"151\"><strong>30 sec.<\/strong><\/td>\n<td width=\"161\"><strong>30 sec.<\/strong><\/td>\n<td width=\"141\"><strong>30 sec.<\/strong><\/td>\n<\/tr>\n<tr>\n<td width=\"151\">ellen<\/td>\n<td width=\"151\">burkolt v\u00edrusok<\/td>\n<td width=\"161\">Staphylococcus aureus, Escherichia coli, Enterococcus hirae<\/td>\n<td width=\"141\">\u00c9leszt\u0151gomba<\/td>\n<\/tr>\n<tr>\n<td width=\"151\">szerint tesztelve<\/td>\n<td width=\"151\">\u010cSN EN 14476+A2<\/td>\n<td width=\"161\">EN 13697+A1<\/td>\n<td width=\"141\">EN 13697+A1<\/td>\n<\/tr>\n<tr>\n<td width=\"151\">k\u00f6r\u00fclm\u00e9nyek<\/td>\n<td width=\"151\">nagyobb szennyez\u00e9s<\/td>\n<td width=\"161\">kevesebb szennyez\u00e9s<\/td>\n<td width=\"141\">kevesebb szennyez\u00e9s<\/td>\n<\/tr>\n<tr>\n<td width=\"151\">eg\u00e9szs\u00e9g\u00fcgyi ell\u00e1t\u00e1s<\/td>\n<td width=\"151\">igen<\/td>\n<td width=\"161\">nem<\/td>\n<td width=\"141\">nem<\/td>\n<\/tr>\n<\/tbody>\n<\/table>\n<div class=\"testo\">\n<h4><\/h4>\n<h4>ALKALMAZ\u00c1SI TER\u00dcLETEK:<\/h4>\n<table class=\"tab_application\">\n<thead>\n<tr>\n<th>TER\u00dcLET<\/th>\n<th>F\u0150 FELHASZN\u00c1L\u00c1S<\/th>\n<th>EGY\u00c9B HASZN\u00c1LAT<\/th>\n<\/tr>\n<\/thead>\n<tbody>\n<tr>\n<td>\u00c1LTAL\u00c1NOS<\/td>\n<td><\/td>\n<td><img decoding=\"async\" class=\"sacslab-checked\" src=\"https:\/\/sacslab.com\/wp-content\/uploads\/2024\/06\/checked-blue.svg\" \/><\/td>\n<\/tr>\n<tr>\n<td>MOSD\u00d3<\/td>\n<td><\/td>\n<td><img decoding=\"async\" class=\"sacslab-checked\" src=\"https:\/\/sacslab.com\/wp-content\/uploads\/2024\/06\/checked-yellow.svg\" \/><\/td>\n<\/tr>\n<tr>\n<td>HIGI\u00c9NIAI<\/td>\n<td><\/td>\n<td><img decoding=\"async\" class=\"sacslab-checked\" src=\"https:\/\/sacslab.com\/wp-content\/uploads\/2024\/06\/checked-red.svg\" \/><\/td>\n<\/tr>\n<tr>\n<td>KONYHAI<\/td>\n<td><\/td>\n<td><img decoding=\"async\" class=\"sacslab-checked\" src=\"https:\/\/sacslab.com\/wp-content\/uploads\/2024\/06\/checked-green.svg\" \/><\/td>\n<\/tr>\n<tr>\n<td>DEZINFEKT\u00c1L\u00d3<\/td>\n<td><img decoding=\"async\" class=\"sacslab-checked\" src=\"https:\/\/sacslab.com\/wp-content\/uploads\/2024\/06\/checked-gray.svg\" \/><\/td>\n<td><\/td>\n<\/tr>\n<tr>\n<td>SPECI\u00c1LIS<\/td>\n<td><\/td>\n<td><img decoding=\"async\" class=\"sacslab-checked\" src=\"https:\/\/sacslab.com\/wp-content\/uploads\/2024\/06\/checked.svg\" \/><\/td>\n<\/tr>\n<\/tbody>\n<\/table>\n<\/div>\n<div class=\"testo\">\n<h4>DC01 &#8211; DISINFECTING CLEANING \u00a0pH \u2248 10,6<\/h4>\n<p>A megadott pH-\u00e9rt\u00e9k az adott mos\u00f3szerre vagy mos\u00f3szer-koncentr\u00e1tumra vonatkozik.<\/p>\n<table class=\"tab_application\">\n<thead>\n<tr>\n<th><strong>TITLE <\/strong><\/th>\n<th>pH<\/th>\n<\/tr>\n<\/thead>\n<tbody>\n<tr>\n<td>ER\u0150SEN SAVAS | pH 0-2<\/td>\n<td><\/td>\n<\/tr>\n<tr>\n<td>K\u00d6ZEPESEN SAVAS | pH 2-5<\/td>\n<td><\/td>\n<\/tr>\n<tr>\n<td>SEMLEGES | pH 5-8<\/td>\n<td><\/td>\n<\/tr>\n<tr>\n<td>K\u00d6ZEPESEN L\u00daGOS | pH 8-11<\/td>\n<td><img decoding=\"async\" class=\"sacslab-checked\" src=\"https:\/\/sacslab.com\/wp-content\/uploads\/2024\/06\/checked-black.svg\" \/><\/td>\n<\/tr>\n<tr>\n<td>ER\u0150SEN L\u00daGOS | pH 11-15<\/td>\n<td><\/td>\n<\/tr>\n<\/tbody>\n<\/table>\n<\/div>\n","protected":false},"excerpt":{"rendered":"<p><strong style=\"font-size: 1.41575em;\">Professzion\u00e1lis tiszt\u00edt\u00f3szer<\/strong><\/p>\n<p><img fetchpriority=\"high\" decoding=\"async\" class=\"alignnone wp-image-22622 size-medium\" src=\"https:\/\/sacslab.com\/wp-content\/uploads\/2024\/04\/certificate-ISO.svg\" alt=\"\" width=\"300\" height=\"300\" \/><\/p>\n<div class=\"e19-anwendungsbereiche\">\n<p><strong>DC01 Fert\u0151tlen\u00edt\u0151 tiszt\u00edt\u00f3szer<\/strong>\u2013 \u00faj gener\u00e1ci\u00f3s foly\u00e9kony fert\u0151tlen\u00edt\u0151szer, amely egy l\u00e9p\u00e9sben tiszt\u00edt \u00e9s fert\u0151tlen\u00edt. Haszn\u00e1lhat\u00f3 minden takar\u00edt\u00e1si ter\u00fcleten. V\u00edrus-, bakt\u00e9rium- \u00e9s gomba\u00f6l\u0151 hat\u00e1s. Hat\u00f3id\u0151: 30 m\u00e1sodperc. Univerz\u00e1lisan alkalmazhat\u00f3 \u00e9rintkez\u00e9si \u00e9s kem\u00e9ny fel\u00fcleteken.<\/p>\n<ul>\n<li><strong>Hat\u00f3id\u0151: <\/strong>30 m\u00e1sodperc<\/li>\n<li><strong>Hat\u00e1s: <\/strong>V\u00edrus\u00f6l\u0151, bakt\u00e9rium\u00f6l\u0151, gomba\u00f6l\u0151<\/li>\n<li><strong>Alkalmaz\u00e1s: <\/strong>B\u00fatorok, kem\u00e9ny fel\u00fcletek, \u00e9rint\u00e9si fel\u00fcletek<\/li>\n<li><strong>pH \u2248 10,6<\/strong><\/li>\n<\/ul>\n<p>&nbsp;<\/p>\n<\/div>\n","protected":false},"featured_media":35455,"template":"","meta":{"inline_featured_image":false},"product_cat":[322,407],"product_tag":[408,389,382,369,393],"class_list":{"0":"post-17564","1":"product","2":"type-product","3":"status-publish","4":"has-post-thumbnail","6":"product_cat-tisztitoszerek","7":"product_cat-fertotlenito-terulet","8":"product_tag-altalanos-terulet","9":"product_tag-higieniai-terulet","10":"product_tag-konyhaterulet","11":"product_tag-mosdo-terulet","12":"product_tag-specialis-terulet","14":"first","15":"instock","16":"taxable","17":"shipping-taxable","18":"purchasable","19":"product-type-variable"},"bundled_by":["20475"],"bundle_stock_status":"instock","bundle_stock_quantity":null,"bundle_virtual":false,"bundle_layout":"","bundle_add_to_cart_form_location":"","bundle_editable_in_cart":false,"bundle_sold_individually_context":"","bundle_item_grouping":"","bundle_min_size":"","bundle_max_size":"","bundle_price":[],"bundled_items":[],"bundle_sell_ids":[],"_links":{"self":[{"href":"https:\/\/sacslab.com\/hu\/wp-json\/wp\/v2\/product\/17564","targetHints":{"allow":["GET"]}}],"collection":[{"href":"https:\/\/sacslab.com\/hu\/wp-json\/wp\/v2\/product"}],"about":[{"href":"https:\/\/sacslab.com\/hu\/wp-json\/wp\/v2\/types\/product"}],"wp:featuredmedia":[{"embeddable":true,"href":"https:\/\/sacslab.com\/hu\/wp-json\/wp\/v2\/media\/35455"}],"wp:attachment":[{"href":"https:\/\/sacslab.com\/hu\/wp-json\/wp\/v2\/media?parent=17564"}],"wp:term":[{"taxonomy":"product_cat","embeddable":true,"href":"https:\/\/sacslab.com\/hu\/wp-json\/wp\/v2\/product_cat?post=17564"},{"taxonomy":"product_tag","embeddable":true,"href":"https:\/\/sacslab.com\/hu\/wp-json\/wp\/v2\/product_tag?post=17564"}],"curies":[{"name":"wp","href":"https:\/\/api.w.org\/{rel}","templated":true}]}}