{"id":18230,"date":"2024-05-09T02:24:43","date_gmt":"2024-05-09T00:24:43","guid":{"rendered":"https:\/\/sacslab.com\/nem-kategorizalt\/on01-szagsemlegesito\/"},"modified":"2025-06-01T22:25:12","modified_gmt":"2025-06-01T20:25:12","slug":"on01-szagsemlegesito","status":"publish","type":"product","link":"https:\/\/sacslab.com\/hu\/on01-szagsemlegesito\/","title":{"rendered":"ON01 \u2013 SZAGNEUTRALIZ\u00c1L\u00d3"},"content":{"rendered":"<p><strong>ON01 &#8211; SZAGNEUTRALIZ\u00c1L\u00d3<\/strong><\/p>\n<p class=\"\" data-start=\"1645\" data-end=\"1974\">Magas hat\u00e9konys\u00e1g\u00fa \u00e9s hosszantart\u00f3 l\u00e9gfriss\u00edt\u0151 szagsemleges\u00edt\u0151vel, amely friss \u00e9s tiszta k\u00f6rnyezetet biztos\u00edt. K\u00e9pes nemcsak kellemes illatot \u00e1rasztani, hanem el is nyeli a kellemetlen szagokat, \u00edgy ide\u00e1lis f\u00fcrd\u0151szob\u00e1kba, mosd\u00f3kba, WC-kbe, irod\u00e1kba, lak\u00e1sokba, k\u00f6z\u00f6ss\u00e9gi terekbe, folyos\u00f3kra, termekbe, tantermekbe \u00e9s t\u00e1rgyal\u00f3kba.<\/p>\n<p class=\"\" data-start=\"1976\" data-end=\"2068\">Az ON01 hosszantart\u00f3 frissess\u00e9g\u00e9rzetet ny\u00fajt, \u00e9s tisztas\u00e1got \u00e1raszt\u00f3 l\u00e9gk\u00f6rt hagy maga ut\u00e1n.<\/p>\n<p><strong>HASZN\u00c1LAT:<\/strong><\/p>\n<p>Permetezze a term\u00e9ket a leveg\u0151be vagy egy nem felt\u0171n\u0151 helyre ig\u00e9ny szerint.T\u00c1ROL\u00c1S:<\/p>\n<p><strong>T\u00c1ROL\u00c1S:<\/strong><\/p>\n<p>T\u00e1rolja 5\u201330 \u00b0C h\u0151m\u00e9rs\u00e9kleten. V\u00e9dje a k\u00f6zvetlen napf\u00e9nyt\u0151l. Felhaszn\u00e1lhat\u00f3 a csomagol\u00e1son felt\u00fcntetett d\u00e1tumig.<\/p>\n<p><strong>FIGYELEM:<\/strong><br \/>\nA SACSLAB s. r. o. nem v\u00e1llal felel\u0151ss\u00e9get semmilyen k\u00e1r\u00e9rt, bele\u00e9rtve a k\u00f6zvetlen vagy k\u00f6zvetett k\u00e1rt is, amelyet a term\u00e9k helytelen haszn\u00e1lata, a haszn\u00e1lati utas\u00edt\u00e1sok be nem tart\u00e1sa vagy a term\u00e9k nem megfelel\u0151 kezel\u00e9se okozott.<\/p>\n<p>A felhaszn\u00e1l\u00f3nak a haszn\u00e1lat el\u0151tt meg kell gy\u0151z\u0151dnie a term\u00e9k megfelel\u0151s\u00e9g\u00e9r\u0151l a konkr\u00e9t c\u00e9lra, \u00e9s biztos\u00edtania kell minden vonatkoz\u00f3 biztons\u00e1gi el\u0151\u00edr\u00e1s betart\u00e1s\u00e1t, bele\u00e9rtve a biztons\u00e1gi adatlap (SDS) utas\u00edt\u00e1sait is.<\/p>\n<p>Ez a nyilatkozat nem z\u00e1rja ki, \u00e9s nem korl\u00e1tozza a felel\u0151ss\u00e9get a hal\u00e1l, s\u00e9r\u00fcl\u00e9s vagy m\u00e1s olyan esetek vonatkoz\u00e1s\u00e1ban, amikor a felel\u0151ss\u00e9g kiz\u00e1r\u00e1sa az alkalmazand\u00f3 jogszab\u00e1lyok szerint nem megengedett.<\/p>\n<div class=\"_message__content_g10pz_53\">\n<div class=\"Text-module__container___lebzl\">\n<p class=\"Text-module__container__message___KKCte Text-module__container--user___3KXA-\"><strong>FONTOS:<\/strong><\/p>\n<\/div>\n<\/div>\n<p>Haszn\u00e1lat el\u0151tt mindig olvassa el a c\u00edmk\u00e9t \u00e9s a term\u00e9kinform\u00e1ci\u00f3kat a csatolt\u00a0<strong>\u201eLET\u00d6LT\u00c9SEK\u201d\u00a0<\/strong>dokumentumokban.<\/p>\n<div class=\"testo\">\n<h4>ALKALMAZ\u00c1SI TER\u00dcLETEK:<\/h4>\n<table class=\"tab_application\">\n<thead>\n<tr>\n<th>TER\u00dcLET<\/th>\n<th>F\u0150 FELHASZN\u00c1L\u00c1S<\/th>\n<th>EGY\u00c9B HASZN\u00c1LAT<\/th>\n<\/tr>\n<\/thead>\n<tbody>\n<tr>\n<td>\u00c1LTAL\u00c1NOS<\/td>\n<td><\/td>\n<td><img decoding=\"async\" class=\"sacslab-checked\" src=\"https:\/\/sacslab.com\/wp-content\/uploads\/2024\/06\/checked-blue.svg\" \/><\/td>\n<\/tr>\n<tr>\n<td>MOSD\u00d3<\/td>\n<td><\/td>\n<td><img decoding=\"async\" class=\"sacslab-checked\" src=\"https:\/\/sacslab.com\/wp-content\/uploads\/2024\/06\/checked-yellow.svg\" \/><\/td>\n<\/tr>\n<tr>\n<td>HIGI\u00c9NIAI<\/td>\n<td><\/td>\n<td><img decoding=\"async\" class=\"sacslab-checked\" src=\"https:\/\/sacslab.com\/wp-content\/uploads\/2024\/06\/checked-red.svg\" \/><\/td>\n<\/tr>\n<tr>\n<td>KONYHAI<\/td>\n<td><\/td>\n<td><\/td>\n<\/tr>\n<tr>\n<td>DEZINFEKT\u00c1L\u00d3<\/td>\n<td><\/td>\n<td><\/td>\n<\/tr>\n<tr>\n<td>SPECI\u00c1LIS<\/td>\n<td><img decoding=\"async\" class=\"sacslab-checked\" src=\"https:\/\/sacslab.com\/wp-content\/uploads\/2024\/06\/checked.svg\" \/><\/td>\n<td><\/td>\n<\/tr>\n<\/tbody>\n<\/table>\n<\/div>\n<div class=\"testo\">\n<h4>ON01 &#8211; ODOR NEUTRALIZER \u00a0pH \u2248 3,3<\/h4>\n<p>A megadott pH-\u00e9rt\u00e9k az adott mos\u00f3szerre vagy mos\u00f3szer-koncentr\u00e1tumra vonatkozik.<\/p>\n<table class=\"tab_application\">\n<thead>\n<tr>\n<th><strong>TITLE <\/strong><\/th>\n<th>pH<\/th>\n<\/tr>\n<\/thead>\n<tbody>\n<tr>\n<td>ER\u0150SEN SAVAS | pH 0-2<\/td>\n<td><\/td>\n<\/tr>\n<tr>\n<td>K\u00d6ZEPESEN SAVAS | pH 2-5<\/td>\n<td><img decoding=\"async\" class=\"sacslab-checked\" src=\"https:\/\/sacslab.com\/wp-content\/uploads\/2024\/06\/checked-black.svg\" \/><\/td>\n<\/tr>\n<tr>\n<td>SEMLEGES | pH 5-8<\/td>\n<td><\/td>\n<\/tr>\n<tr>\n<td>K\u00d6ZEPESEN L\u00daGOS | pH 8-11<\/td>\n<td><\/td>\n<\/tr>\n<tr>\n<td>ER\u0150SEN L\u00daGOS | pH 11-15<\/td>\n<td><\/td>\n<\/tr>\n<\/tbody>\n<\/table>\n<\/div>\n","protected":false},"excerpt":{"rendered":"<p><strong style=\"font-size: 1.41575em;\">Professzion\u00e1lis tiszt\u00edt\u00f3szer<\/strong><\/p>\n<p><img fetchpriority=\"high\" decoding=\"async\" class=\"alignnone wp-image-22622 size-medium\" src=\"https:\/\/sacslab.com\/wp-content\/uploads\/2024\/04\/certificate-ISO.svg\" alt=\"\" width=\"300\" height=\"300\" \/><\/p>\n<div class=\"e18-eigenschaften\">\n<p><strong>ON01 Szagneutraliz\u00e1l\u00f3<\/strong> \u2013 innovat\u00edv l\u00e9gfriss\u00edt\u0151 szagsemleges\u00edt\u0151vel \u00e9s szagelnyel\u0151vel, amely hosszantart\u00f3 hat\u00e1st \u00e9s kellemes illatot biztos\u00edt.<\/p>\n<ul>\n<li><strong>Elnyeli a kellemetlen szagokat<\/strong><\/li>\n<li data-start=\"1326\" data-end=\"1398\"><strong>Illatos\u00edtja a bels\u0151 tereket, irod\u00e1kat, lak\u00e1sokat \u00e9s nyilv\u00e1nos helyeket<\/strong><\/li>\n<li data-start=\"1326\" data-end=\"1398\"><strong>Hosszantart\u00f3 illat<\/strong><\/li>\n<li data-start=\"1326\" data-end=\"1398\"><strong>Szagsemleges\u00edt\u0151t \u00e9s szagelnyel\u0151t tartalmaz<\/strong><\/li>\n<li><strong>pH \u2248 3,3<\/strong><\/li>\n<li class=\"\" data-start=\"1324\" data-end=\"1398\"><\/li>\n<\/ul>\n<\/div>\n","protected":false},"featured_media":22487,"template":"","meta":{"inline_featured_image":false},"product_cat":[322,413],"product_tag":[408,389,369],"class_list":{"0":"post-18230","1":"product","2":"type-product","3":"status-publish","4":"has-post-thumbnail","6":"product_cat-tisztitoszerek","7":"product_cat-specialis-terulet","8":"product_tag-altalanos-terulet","9":"product_tag-higieniai-terulet","10":"product_tag-mosdo-terulet","12":"first","13":"instock","14":"taxable","15":"shipping-taxable","16":"purchasable","17":"product-type-variable"},"bundled_by":["20475"],"bundle_stock_status":"instock","bundle_stock_quantity":null,"bundle_virtual":false,"bundle_layout":"","bundle_add_to_cart_form_location":"","bundle_editable_in_cart":false,"bundle_sold_individually_context":"","bundle_item_grouping":"","bundle_min_size":"","bundle_max_size":"","bundle_price":[],"bundled_items":[],"bundle_sell_ids":[],"_links":{"self":[{"href":"https:\/\/sacslab.com\/hu\/wp-json\/wp\/v2\/product\/18230","targetHints":{"allow":["GET"]}}],"collection":[{"href":"https:\/\/sacslab.com\/hu\/wp-json\/wp\/v2\/product"}],"about":[{"href":"https:\/\/sacslab.com\/hu\/wp-json\/wp\/v2\/types\/product"}],"wp:featuredmedia":[{"embeddable":true,"href":"https:\/\/sacslab.com\/hu\/wp-json\/wp\/v2\/media\/22487"}],"wp:attachment":[{"href":"https:\/\/sacslab.com\/hu\/wp-json\/wp\/v2\/media?parent=18230"}],"wp:term":[{"taxonomy":"product_cat","embeddable":true,"href":"https:\/\/sacslab.com\/hu\/wp-json\/wp\/v2\/product_cat?post=18230"},{"taxonomy":"product_tag","embeddable":true,"href":"https:\/\/sacslab.com\/hu\/wp-json\/wp\/v2\/product_tag?post=18230"}],"curies":[{"name":"wp","href":"https:\/\/api.w.org\/{rel}","templated":true}]}}