{"id":18267,"date":"2024-05-27T15:56:24","date_gmt":"2024-05-27T13:56:24","guid":{"rendered":"https:\/\/sacslab.com\/nem-kategorizalt\/alpha-ab-plus-0603700-muanyag-antibakterialis-kocsi\/"},"modified":"2025-04-22T13:24:31","modified_gmt":"2025-04-22T11:24:31","slug":"alpha-ab-plus-0603700-muanyag-antibakterialis-kocsi","status":"publish","type":"product","link":"https:\/\/sacslab.com\/hu\/alpha-ab-plus-0603700-muanyag-antibakterialis-kocsi\/","title":{"rendered":"ALPHA AB PLUS 0603700 &#8211; m\u0171anyag antibakteri\u00e1lis kocsi"},"content":{"rendered":"<p>&nbsp;<\/p>\n<div class=\"testo ecobox-block\">\n<p><label class=\"title-block\"><span style=\"vertical-align: inherit;\"><span style=\"vertical-align: inherit;\">ECO BOX<\/span><\/span><img decoding=\"async\" class=\"filmop-cetificates\" src=\"https:\/\/sacslab.com\/wp-content\/uploads\/2025\/02\/logo__greenEcoBox-1.svg\" alt=\"EcoBox log\u00f3\" \/><\/label><\/p>\n<div class=\"row\">\n<div class=\"col-md-auto feature-image\"><img decoding=\"async\" class=\"filmop-cetificates\" src=\"https:\/\/sacslab.com\/wp-content\/uploads\/2025\/02\/CAM_logo-2.svg\" alt=\"EcoBox log\u00f3\" \/><\/div>\n<div class=\"col-md feature-text\">\n<p><span class=\"ecobox-title\"><span style=\"vertical-align: inherit;\"><span style=\"vertical-align: inherit;\">A Z\u00d6LD TERM\u00c9KEK K\u00d6ZIGAZGAT\u00c1SBAN T\u00d6RT\u00c9N\u0150 FELHASZN\u00c1L\u00c1S\u00c1R\u00d3L SZ\u00d3L\u00d3 EUR\u00d3PAI GPP-IR\u00c1NYMUTAT\u00c1SOKKAL \u00d6SSZHANGBAN<\/span><\/span><\/span><\/p>\n<p><span style=\"vertical-align: inherit;\"><span style=\"vertical-align: inherit;\">A Top-Down v\u00f6dr\u00f6kkel ell\u00e1tott el\u0151\u00e1ztat\u00e1si rendszer kik\u00fcsz\u00f6b\u00f6li a kezel\u0151 szubjektivit\u00e1s\u00e1t a felmos\u00f3rongyok nedvess\u00e9gfok\u00e1t illet\u0151en, \u00e9s biztos\u00edtja a v\u00edz- \u00e9s vegyszerfogyaszt\u00e1s cs\u00f6kkent\u00e9s\u00e9t. <\/span><\/span><span style=\"vertical-align: inherit;\"><span style=\"vertical-align: inherit;\">Jav\u00edthat\u00f3 alkatr\u00e9szekkel gy\u00e1rtott \u00e9s\/vagy p\u00f3talkatr\u00e9szk\u00e9nt rendelkez\u00e9sre \u00e1ll\u00f3 alkatr\u00e9szek a hossz\u00fa \u00e9lettartam biztos\u00edt\u00e1sa \u00e9rdek\u00e9ben.<\/span><\/span><\/p>\n<\/div>\n<\/div>\n<div class=\"row\">\n<div class=\"col-md-auto feature-image\"><img decoding=\"async\" class=\"filmop-cetificates\" src=\"https:\/\/sacslab.com\/wp-content\/uploads\/2025\/02\/PSV_solo_marchio_azzurro-2.svg\" alt=\"EcoBox log\u00f3\" \/><\/div>\n<div class=\"col-md feature-text\">\n<p><span class=\"ecobox-title\"><span style=\"vertical-align: inherit;\"><span style=\"vertical-align: inherit;\">PSV PRODUCT<\/span><\/span><\/span><\/p>\n<p><span style=\"vertical-align: inherit;\"><span style=\"vertical-align: inherit;\">R\u00e9szben m\u0171anyag \u00f6sszetev\u0151kb\u0151l k\u00e9sz\u00fclt term\u00e9k, amely a PSV &#8211; Plastic Second Life tan\u00fas\u00edtv\u00e1nnyal rendelkezik: az els\u0151 olasz \u00e9s eur\u00f3pai k\u00f6rnyezetv\u00e9delmi term\u00e9ktan\u00fas\u00edt\u00f3 c\u00edmke, amely garant\u00e1lja \u00e9s megk\u00f6nny\u00edti az \u00fajrahasznos\u00edtott m\u0171anyag felhaszn\u00e1l\u00e1s\u00e1val el\u0151\u00e1ll\u00edtott term\u00e9kek azonos\u00edt\u00e1s\u00e1t.<\/span><\/span><\/p>\n<\/div>\n<\/div>\n<div class=\"row\">\n<div class=\"col-md-auto feature-image\"><img decoding=\"async\" class=\"filmop-cetificates\" src=\"https:\/\/sacslab.com\/wp-content\/uploads\/2025\/02\/Carbon_footprint_Logo-2.svg\" alt=\"EcoBox log\u00f3\" \/><\/div>\n<div class=\"col-md feature-text\">\n<p><span class=\"ecobox-title\"><span style=\"vertical-align: inherit;\"><span style=\"vertical-align: inherit;\">CARBON FOOTPRINT<\/span><\/span><\/span><\/p>\n<p><span style=\"vertical-align: inherit;\"><span style=\"vertical-align: inherit;\">A Filmop az UNI EN ISO 14067:2018 szabv\u00e1nynak megfelel\u0151en bevezetett, rendszerszeml\u00e9let\u0171 sz\u00e9nl\u00e1bnyom tan\u00fas\u00edt\u00e1ssal rendelkezik, amely lehet\u0151v\u00e9 teszi a term\u00e9k k\u00f6rnyezeti hat\u00e1s\u00e1nak sz\u00e1mszer\u0171s\u00edt\u00e9s\u00e9t CO <\/span><\/span><sub><span style=\"vertical-align: inherit;\"><span style=\"vertical-align: inherit;\">2<\/span><\/span><\/sub><span style=\"vertical-align: inherit;\"><span style=\"vertical-align: inherit;\"> kibocs\u00e1t\u00e1sban kifejezve az \u00e9letciklus minden egyes szakasz\u00e1ban.<\/span><\/span><\/p>\n<\/div>\n<\/div>\n<div class=\"row\">\n<div class=\"col-md-auto feature-image\"><img decoding=\"async\" class=\"filmop-cetificates\" src=\"https:\/\/sacslab.com\/wp-content\/uploads\/2025\/02\/Riciclo_logo-2.svg\" alt=\"EcoBox log\u00f3\" \/><\/div>\n<div class=\"col-md feature-text\">\n<p><span class=\"ecobox-title\"><span style=\"vertical-align: inherit;\"><span style=\"vertical-align: inherit;\">ECO-FRIENDLY PRODUCT<\/span><\/span><\/span><\/p>\n<p><span style=\"vertical-align: inherit;\"><span style=\"vertical-align: inherit;\">Sz\u00e9tv\u00e1laszthat\u00f3 anyagokb\u00f3l k\u00e9sz\u00fclt term\u00e9k, amely \u00e9letciklusa v\u00e9g\u00e9n \u00fajrahasznos\u00edthat\u00f3. <\/span><\/span><br \/>\n<span style=\"vertical-align: inherit;\"><span style=\"vertical-align: inherit;\">A term\u00e9k a haszn\u00e1lat v\u00e9g\u00e9n t\u00f6rt\u00e9n\u0151 megfelel\u0151 \u00e1rtalmatlan\u00edt\u00e1s \u00e9rdek\u00e9ben a k\u00f6rnyezetv\u00e9delmi c\u00edmk\u00e9z\u00e9si k\u00f6telezetts\u00e9gr\u0151l sz\u00f3l\u00f3, 2020.09.03-i 116. sz. t\u00f6rv\u00e9nyerej\u0171 rendeletnek megfelel\u0151 csomagol\u00e1sban ker\u00fcl \u00e9rt\u00e9kes\u00edt\u00e9sre.<br \/>\nA v\u00e1llalat \u00e1ltal haszn\u00e1lt kartoncsomagol\u00e1s 99%-a \u00e1tlagosan 80%-ban \u00fajrahasznos\u00edtott pap\u00edrb\u00f3l k\u00e9sz\u00fcl. <\/span><\/span><\/p>\n<\/div>\n<\/div>\n<\/div>\n<div class=\"testo\">\n<p><label class=\"title-block\"><span style=\"vertical-align: inherit;\"><span style=\"vertical-align: inherit;\">JELLEMZ\u0150K:<\/span><\/span><\/label><\/p>\n<ul>\n<li><span style=\"vertical-align: inherit;\"><span style=\"vertical-align: inherit;\">Antibakteri\u00e1lis, kiv\u00e1l\u00f3 min\u0151s\u00e9g\u0171 polipropil\u00e9n kopolimerb\u0151l k\u00e9sz\u00fclt: k\u00f6nny\u0171, \u00fct\u00e9s\u00e1ll\u00f3, nagy teherb\u00edr\u00e1s\u00fa \u00e9s alacsony h\u0151m\u00e9rs\u00e9kletnek ellen\u00e1ll\u00f3.<\/span><\/span><\/li>\n<li><span style=\"vertical-align: inherit;\"><span style=\"vertical-align: inherit;\">Ezt a m\u0171anyagot cinkpiritionnal kezelt\u00e9k a bakt\u00e9riumok szaporod\u00e1s\u00e1nak lass\u00edt\u00e1sa \u00e9rdek\u00e9ben.<\/span><\/span><\/li>\n<li><span style=\"vertical-align: inherit;\"><span style=\"vertical-align: inherit;\">Az ISO 22196:2011 szabv\u00e1ny szerint tesztelve: 99,9%-kal cs\u00f6kkenti az Escherichia coli fert\u0151z\u00e9st \u00e9s 99,99%-kal a Staphylococcus aureus fert\u0151z\u00e9st.<\/span><\/span><\/li>\n<li><span style=\"vertical-align: inherit;\"><span style=\"vertical-align: inherit;\">Az antibakteri\u00e1lis hat\u00e1s a term\u00e9k teljes \u00e9letciklusa alatt garant\u00e1lt.<\/span><\/span><\/li>\n<li><span style=\"vertical-align: inherit;\"><span style=\"vertical-align: inherit;\">Er\u0151s, tart\u00f3s, ergonomikus, modul\u00e1ris, k\u00f6nnyen \u00f6sszeszerelhet\u0151 \u00e9s tiszt\u00edthat\u00f3.<\/span><\/span><\/li>\n<li><span style=\"vertical-align: inherit;\"><span style=\"vertical-align: inherit;\">Nem jel\u00f6l\u0151 \u00e9s csendes kerekek.<\/span><\/span><\/li>\n<li><span style=\"vertical-align: inherit;\"><span style=\"vertical-align: inherit;\">A f\u00fcgg\u0151leges keretek garant\u00e1lj\u00e1k a legmagasabb higi\u00e9ni\u00e1t, mik\u00f6zben elv\u00e1lasztj\u00e1k a hullad\u00e9kgy\u0171jt\u0151 ter\u00fcletet a kocsi t\u00f6bbi r\u00e9sz\u00e9t\u0151l.<\/span><\/span><\/li>\n<li><span style=\"vertical-align: inherit;\"><span style=\"vertical-align: inherit;\">2&#215;60 L zs\u00e1ktart\u00f3 a piszkos felmos\u00f3fejek \u00e9s a norm\u00e1l hullad\u00e9k elk\u00fcl\u00f6n\u00edt\u00e9s\u00e9hez; zs\u00e1kfesz\u00edt\u0151kkel, ergonomikus foganty\u00faval \u00e9s meger\u0151s\u00edt\u00e9sekkel a hossz\u00fa \u00e9lettartam \u00e9rdek\u00e9ben.<\/span><\/span><\/li>\n<li><span style=\"vertical-align: inherit;\"><span style=\"vertical-align: inherit;\">Top-Down <\/span><\/span><sup><span style=\"vertical-align: inherit;\"><span style=\"vertical-align: inherit;\">\u00ae<\/span><\/span><\/sup><span style=\"vertical-align: inherit;\"><span style=\"vertical-align: inherit;\"> 20 literes v\u00f6dr\u00f6k hermetikus fed\u00e9llel \u00e9s m\u0171anyag foganty\u00faval.<br \/>\nIde\u00e1lis mopok &#8222;el\u0151\u00e1ztat\u00e1sra&#8221; \u00e9s a munkahelyre t\u00f6rt\u00e9n\u0151 sz\u00e1ll\u00edt\u00e1sra. <\/span><\/span><\/li>\n<li><span style=\"vertical-align: inherit;\"><span style=\"vertical-align: inherit;\">4 literes v\u00f6dr\u00f6k k\u00fcl\u00f6nb\u00f6z\u0151 sz\u00ednekben a k\u00fcl\u00f6nb\u00f6z\u0151 k\u00e9miai oldatok \u00e9s eszk\u00f6z\u00f6k sz\u00e9tv\u00e1laszt\u00e1s\u00e1hoz.<\/span><\/span><\/li>\n<li><span style=\"vertical-align: inherit;\"><span style=\"vertical-align: inherit;\">A k\u00f6zponti t\u00e1rol\u00f3rekesz ajtaja kivehet\u0151 kulccsal \u00e9s foganty\u00faval felszerelt, kulcstart\u00f3 rekesszel ell\u00e1tott ajt\u00f3.<\/span><\/span><\/li>\n<li><span style=\"vertical-align: inherit;\"><span style=\"vertical-align: inherit;\">A kocsi felszerelhet\u0151 a &#8222;HUSH&#8221; rendszerrel: a t\u00e1skatart\u00f3ba \u00e1gyazott \u00fct\u00e9scsillap\u00edt\u00f3 dugatty\u00fak lehet\u0151v\u00e9 teszik a fed\u00e9l puha \u00e9s nagyon csendes z\u00e1r\u00e1s\u00e1t.<\/span><\/span><\/li>\n<li><span style=\"vertical-align: inherit;\"><span style=\"vertical-align: inherit;\">A 22 literes \u00e9s 40 literes fi\u00f3kok t\u00f6bbf\u00e9le kombin\u00e1ci\u00f3ja lehets\u00e9ges hosszabb\u00edt\u00e1skorl\u00e1toz\u00f3val, z\u00e1rral vagy z\u00e1r n\u00e9lk\u00fcl.<\/span><\/span><\/li>\n<li><span style=\"vertical-align: inherit;\"><span style=\"vertical-align: inherit;\">A kocsi felszerelhet\u0151 kamp\u00f3kkal, elv\u00e1laszt\u00f3kosarakkal, hordoz\u00f3kosarakkal, foganty\u00fatart\u00f3kkal \u00e9s sz\u00e1mos m\u00e1s tartoz\u00e9kkal.<\/span><\/span><\/li>\n<li><span style=\"vertical-align: inherit;\"><span style=\"vertical-align: inherit;\">Latexmentes term\u00e9k<\/span><\/span><\/li>\n<\/ul>\n<\/div>\n<div class=\"testo\">\n<p><label class=\"title-block\"><span style=\"vertical-align: inherit;\"><span style=\"vertical-align: inherit;\">ANYAG:<\/span><\/span><\/label><\/p>\n<p><span style=\"vertical-align: inherit;\"><span style=\"vertical-align: inherit;\">Cink-piritionnal kezelt polipropil\u00e9n kopolimer.<\/span><\/span><\/p>\n<\/div>\n","protected":false},"excerpt":{"rendered":"<p data-start=\"4706\" data-end=\"5047\"><strong data-start=\"4706\" data-end=\"4721\">ALKALMAZ\u00c1S:<\/strong><\/p>\n<p data-start=\"4706\" data-end=\"5047\"><strong>Antibakteri\u00e1lis kocsi, amelyet kifejezetten magas kock\u00e1zat\u00fa ter\u00fcletekre terveztek,<\/strong> p\u00e9ld\u00e1ul k\u00f3rh\u00e1zakba, m\u0171t\u0151kbe, intenz\u00edv oszt\u00e1lyokra, klinik\u00e1kra \u00e9s orvosi rendel\u0151kbe. Ugyanakkor alkalmas alacsonyabb kock\u00e1zat\u00fa helyekre is, p\u00e9ld\u00e1ul id\u0151sek otthonaiba, az \u00e9lelmiszeriparba vagy k\u00f6zint\u00e9zm\u00e9nyekbe (iskol\u00e1kba, rep\u00fcl\u0151terekre stb.).<\/p>\n<p data-start=\"5049\" data-end=\"5582\"><strong>Maxim\u00e1lis higi\u00e9ni\u00e1t \u00e9s eg\u00e9szs\u00e9gv\u00e9delmet biztos\u00edt:<\/strong> k\u00e9t hermetikus Top-Down\u00ae v\u00f6d\u00f6r az el\u0151\u00e1ztat\u00e1shoz\/el\u0151impregn\u00e1l\u00e1shoz lehet\u0151v\u00e9 teszi k\u00fcl\u00f6nb\u00f6z\u0151 helyis\u00e9gek tiszt\u00edt\u00e1s\u00e1t k\u00fcl\u00f6nf\u00e9le mopokkal. (T\u00f6ltse fel a v\u00f6dr\u00f6ket tiszt\u00edt\u00f3szerrel, helyezze bele a sz\u00fcks\u00e9ges sz\u00e1m\u00fa mopot, z\u00e1rja le \u00e9s hagyja egyenletesen \u00e1zni). A t\u00f6k\u00e9letes higi\u00e9nia \u00e9s a keresztfert\u0151z\u00e9s elker\u00fcl\u00e9se \u00e9rdek\u00e9ben javasoljuk az 1 mop \/ 1 helyis\u00e9g rendszert. Az el\u0151k\u00e9sz\u00edtett mopok cs\u00f6kkentik a szerhaszn\u00e1latot \u00e9s gyors\u00edtj\u00e1k a takar\u00edt\u00e1st. A haszn\u00e1lt mopok a mopgy\u0171jt\u0151 zs\u00e1kba dobhat\u00f3k.<\/p>\n<p data-start=\"5584\" data-end=\"5624\">A kocsi k\u00f6nny\u0171, ergonomikus \u00e9s \u00fct\u00e9s\u00e1ll\u00f3.<\/p>\n<p data-start=\"5626\" data-end=\"5646\"><strong data-start=\"5626\" data-end=\"5644\">FELSZERELTS\u00c9G:<\/strong><\/p>\n<ul data-start=\"5647\" data-end=\"5865\">\n<li data-start=\"5647\" data-end=\"5660\"><strong>Zs\u00e1ktart\u00f3<\/strong><\/li>\n<li data-start=\"5661\" data-end=\"5733\"><strong>T\u00e1rol\u00f3hely tiszt\u00edt\u00f3szerek, eszk\u00f6z\u00f6k vagy egy\u00e9b felszerel\u00e9sek sz\u00e1m\u00e1ra<\/strong><\/li>\n<li data-start=\"5734\" data-end=\"5838\"><strong>Antibakteri\u00e1lis adal\u00e9kokkal kezelt fel\u00fclet a bakt\u00e9riumok, pen\u00e9sz \u00e9s gomb\u00e1k n\u00f6veked\u00e9s\u00e9nek lass\u00edt\u00e1s\u00e1ra<\/strong><\/li>\n<li data-start=\"5839\" data-end=\"5865\"><strong>M\u00e9ret: 118 \u00d7 66 \u00d7 112 cm<\/strong><\/li>\n<\/ul>\n<div class=\"info-system\">\n<div class=\"wrapper-img-system\"><img decoding=\"async\" class=\"filmop-cetificates\" src=\"https:\/\/sacslab.com\/wp-content\/uploads\/2025\/02\/Logo_Latex_free.svg\" alt=\"Log\u00f3\" \/><\/div>\n<div class=\"wrapper-img-system\"><img decoding=\"async\" class=\"filmop-cetificates\" src=\"https:\/\/sacslab.com\/wp-content\/uploads\/2025\/02\/AB-PLUS_logo.svg\" alt=\"Log\u00f3\" \/><\/div>\n<\/div>\n","protected":false},"featured_media":18269,"template":"","meta":{"inline_featured_image":false},"product_cat":[230,333],"product_tag":[],"class_list":{"0":"post-18267","1":"product","2":"type-product","3":"status-publish","4":"has-post-thumbnail","6":"product_cat-takarito-eszkozok","7":"product_cat-antibakterialis-kocsik","9":"first","10":"onbackorder","11":"taxable","12":"shipping-taxable","13":"purchasable","14":"product-type-simple"},"bundled_by":[],"bundle_stock_status":"onbackorder","bundle_stock_quantity":0,"bundle_virtual":false,"bundle_layout":"","bundle_add_to_cart_form_location":"","bundle_editable_in_cart":false,"bundle_sold_individually_context":"","bundle_item_grouping":"","bundle_min_size":"","bundle_max_size":"","bundle_price":[],"bundled_items":[],"bundle_sell_ids":[],"_links":{"self":[{"href":"https:\/\/sacslab.com\/hu\/wp-json\/wp\/v2\/product\/18267","targetHints":{"allow":["GET"]}}],"collection":[{"href":"https:\/\/sacslab.com\/hu\/wp-json\/wp\/v2\/product"}],"about":[{"href":"https:\/\/sacslab.com\/hu\/wp-json\/wp\/v2\/types\/product"}],"wp:featuredmedia":[{"embeddable":true,"href":"https:\/\/sacslab.com\/hu\/wp-json\/wp\/v2\/media\/18269"}],"wp:attachment":[{"href":"https:\/\/sacslab.com\/hu\/wp-json\/wp\/v2\/media?parent=18267"}],"wp:term":[{"taxonomy":"product_cat","embeddable":true,"href":"https:\/\/sacslab.com\/hu\/wp-json\/wp\/v2\/product_cat?post=18267"},{"taxonomy":"product_tag","embeddable":true,"href":"https:\/\/sacslab.com\/hu\/wp-json\/wp\/v2\/product_tag?post=18267"}],"curies":[{"name":"wp","href":"https:\/\/api.w.org\/{rel}","templated":true}]}}